{"id":3019,"date":"2022-08-31T08:26:38","date_gmt":"2022-08-31T08:26:38","guid":{"rendered":"http:\/\/site2.easyceotech.com\/?post_type=product&#038;p=3019"},"modified":"2024-06-12T05:31:40","modified_gmt":"2024-06-12T05:31:40","slug":"titanium-dioxide-blr-886","status":"publish","type":"product","link":"https:\/\/wpachem.com\/vi\/product\/titanium-dioxide-blr-886\/","title":{"rendered":"Titan dioxit BLR-886"},"content":{"rendered":"<p>S\u1eafc t\u1ed1 BILLIONS\u2122 BLR-886 l\u00e0 s\u1eafc t\u1ed1 titanium dioxide rutil d\u00e0nh cho nh\u1ef1a, \u0111\u01b0\u1ee3c s\u1ea3n xu\u1ea5t b\u1eb1ng clorua<\/p>\n<p>qu\u00e1 tr\u00ecnh. \u0110\u01b0\u1ee3c thi\u1ebft k\u1ebf \u0111\u1ec3 mang l\u1ea1i m\u00e0u tr\u1eafng s\u00e1ng v\u1edbi kh\u1ea3 n\u0103ng x\u1eed l\u00fd v\u00e0 ch\u1ed1ng r\u00e1ch tuy\u1ec7t v\u1eddi.<\/p>\n<p>&nbsp;<\/p>\n<table>\n<tbody>\n<tr>\n<td width=\"252\">TH\u00d4NG S\u1ed0<\/td>\n<td width=\"252\">GI\u00c1 TR\u1eca<\/td>\n<td width=\"252\">PH\u01af\u01a0NG PH\u00c1P KI\u1ec2M TRA<\/td>\n<\/tr>\n<tr>\n<td width=\"252\">H\u00e0m l\u01b0\u1ee3ng Tio2<\/td>\n<td width=\"252\">96.5%<\/td>\n<td width=\"252\">X-quang<\/td>\n<\/tr>\n<tr>\n<td width=\"252\">L\u1edbp ph\u1ee7 v\u00f4 c\u01a1<\/td>\n<td width=\"252\">Nh\u00f4m oxit<\/td>\n<td width=\"252\">&#8211;<\/td>\n<\/tr>\n<tr>\n<td width=\"252\">X\u1eed l\u00fd h\u1eefu c\u01a1<\/td>\n<td width=\"252\">Hi\u1ec7n t\u1ea1i<\/td>\n<td width=\"252\">&#8211;<\/td>\n<\/tr>\n<tr>\n<td width=\"252\">\u0110\u1ed9 \u1ea9m khi \u0111\u00f3ng g\u00f3i*<\/td>\n<td width=\"252\">0.4 % t\u1ed1i \u0111a<\/td>\n<td width=\"252\">Ti\u00eau chu\u1ea9n ISO787-2<\/td>\n<\/tr>\n<tr>\n<td width=\"252\">Kh\u1ed1i l\u01b0\u1ee3ng ri\u00eang (\u0111\u00e3 n\u00e9n ch\u1eb7t)<\/td>\n<td width=\"252\">1,4g\/cm3<\/td>\n<td width=\"252\">Ti\u00eau chu\u1ea9n ISO787-11<\/td>\n<\/tr>\n<tr>\n<td width=\"252\">H\u1ea5p th\u1ee5 d\u1ea7u<\/td>\n<td width=\"252\">13g\/100g<\/td>\n<td width=\"252\">Ti\u00eau chu\u1ea9n ISO787-5<\/td>\n<\/tr>\n<tr>\n<td width=\"252\">\u0111\u1ed9 pH<\/td>\n<td width=\"252\">7.9<\/td>\n<td width=\"252\">Ti\u00eau chu\u1ea9n ISO787-9<\/td>\n<\/tr>\n<tr>\n<td width=\"252\">Tr\u1ecdng l\u01b0\u1ee3ng ri\u00eang<\/td>\n<td width=\"252\">4,1g\/cm3<\/td>\n<td width=\"252\">Ti\u00eau chu\u1ea9n ISO787-10<\/td>\n<\/tr>\n<tr>\n<td width=\"252\">Ph\u00e2n lo\u1ea1i ISO 591<\/td>\n<td width=\"252\">R2<\/td>\n<td width=\"252\">&#8211;<\/td>\n<\/tr>\n<tr>\n<td width=\"252\">S\u1ed1 CAS<\/td>\n<td width=\"252\">13463-67-7<\/td>\n<td width=\"252\">&#8211;<\/td>\n<\/tr>\n<tr>\n<td width=\"252\">Ch\u1ec9 s\u1ed1 m\u00e0u<\/td>\n<td width=\"252\">S\u1eafc t\u1ed1 tr\u1eafng 6<\/td>\n<td width=\"252\">&#8211;<\/td>\n<\/tr>\n<\/tbody>\n<\/table>\n<p>&nbsp;<\/p>\n<p>C\u00e1c t\u00ednh n\u0103ng ch\u00ednh:<\/p>\n<p>1: Ph\u00e2n t\u00e1n tuy\u1ec7t v\u1eddi<\/p>\n<p>2: X\u1eed l\u00fd t\u1ed1t, \u1ea3nh h\u01b0\u1edfng t\u1ed1i thi\u1ec3u \u0111\u1ebfn d\u00f2ng ch\u1ea3y n\u00f3ng ch\u1ea3y<\/p>\n<p>&nbsp;<\/p>\n<p>\u1ee8ng d\u1ee5ng:<\/p>\n<p>1: H\u1ea1t nh\u1ef1a t\u1ed5ng h\u1ee3p polyolefin<\/p>\n<p>2: L\u1edbp ph\u1ee7 \u0111\u00f9n nhi\u1ec7t \u0111\u1ed9 cao &amp; m\u00e0ng \u0111\u00fac<\/p>\n<p>3: Nh\u1ef1a k\u1ef9 thu\u1eadt<\/p>\n<p>&nbsp;<\/p>\n<p>\u0110\u00f3ng g\u00f3i: Bao 25 kg, bao 500 kg, bao 1000 kg.<\/p>","protected":false},"excerpt":{"rendered":"<p>T\u00ean s\u1ea3n ph\u1ea9m: Titan dioxit BLR-886<\/p>\n<p>S\u1ed1 CAS: 1317-80-2<\/p>\n<p>MF: Tio2<\/p>\n<p>S\u1ed1 EINECS: 215-282-2<\/p>\n<p>Ngo\u1ea1i quan: B\u1ed9t m\u00e0u tr\u1eafng<\/p>","protected":false},"featured_media":3005,"template":"","meta":{"_acf_changed":false,"_gspb_post_css":""},"product_brand":[],"product_cat":[67,54,66,68],"product_tag":[],"class_list":{"0":"post-3019","1":"product","2":"type-product","3":"status-publish","4":"has-post-thumbnail","6":"product_cat-sulfate-process","7":"product_cat-inorganic-pigments","8":"product_cat-titanium-dioxide","9":"product_cat-chloride-process","11":"first","12":"instock","13":"shipping-taxable","14":"product-type-simple"},"acf":[],"_links":{"self":[{"href":"https:\/\/wpachem.com\/vi\/wp-json\/wp\/v2\/product\/3019","targetHints":{"allow":["GET"]}}],"collection":[{"href":"https:\/\/wpachem.com\/vi\/wp-json\/wp\/v2\/product"}],"about":[{"href":"https:\/\/wpachem.com\/vi\/wp-json\/wp\/v2\/types\/product"}],"version-history":[{"count":0,"href":"https:\/\/wpachem.com\/vi\/wp-json\/wp\/v2\/product\/3019\/revisions"}],"wp:featuredmedia":[{"embeddable":true,"href":"https:\/\/wpachem.com\/vi\/wp-json\/wp\/v2\/media\/3005"}],"wp:attachment":[{"href":"https:\/\/wpachem.com\/vi\/wp-json\/wp\/v2\/media?parent=3019"}],"wp:term":[{"taxonomy":"product_brand","embeddable":true,"href":"https:\/\/wpachem.com\/vi\/wp-json\/wp\/v2\/product_brand?post=3019"},{"taxonomy":"product_cat","embeddable":true,"href":"https:\/\/wpachem.com\/vi\/wp-json\/wp\/v2\/product_cat?post=3019"},{"taxonomy":"product_tag","embeddable":true,"href":"https:\/\/wpachem.com\/vi\/wp-json\/wp\/v2\/product_tag?post=3019"}],"curies":[{"name":"wp","href":"https:\/\/api.w.org\/{rel}","templated":true}]}}