{"id":3021,"date":"2022-08-31T08:36:03","date_gmt":"2022-08-31T08:36:03","guid":{"rendered":"http:\/\/site2.easyceotech.com\/?post_type=product&#038;p=3021"},"modified":"2024-06-12T05:31:40","modified_gmt":"2024-06-12T05:31:40","slug":"titanium-dioxide-lr-108","status":"publish","type":"product","link":"https:\/\/wpachem.com\/vi\/product\/titanium-dioxide-lr-108\/","title":{"rendered":"Titan dioxit LR-108"},"content":{"rendered":"<p>B\u1ed9t m\u00e0u BILLIONS\u2122 LR-108 l\u00e0 b\u1ed9t m\u00e0u titanium dioxide rutile \u0111\u01b0\u1ee3c x\u1eed l\u00fd b\u1eb1ng alumina \u0111\u01b0\u1ee3c t\u1ea1o ra b\u1eb1ng quy tr\u00ecnh sunfat. N\u00f3 \u0111\u01b0\u1ee3c thi\u1ebft k\u1ebf \u0111\u1eb7c bi\u1ec7t cho c\u00e1c \u1ee9ng d\u1ee5ng masterbatch v\u00e0 ph\u1ed1i tr\u1ed9n. B\u1ed9t m\u00e0u BILLIONS\u2122 LR-108 ph\u00e2n t\u00e1n d\u1ec5 d\u00e0ng trong polyolefin, v\u1edbi t\u00e1c \u0111\u1ed9ng t\u1ed1i thi\u1ec3u \u0111\u1ebfn ch\u1ec9 s\u1ed1 d\u00f2ng ch\u1ea3y n\u00f3ng ch\u1ea3y, do \u0111\u00f3 ngay c\u1ea3 masterbatch c\u00f3 n\u1ed3ng \u0111\u1ed9 TiO2 cao c\u0169ng c\u00f3 th\u1ec3 t\u1ea1o ra m\u00e0ng c\u00f3 \u0111\u1ed9 m\u1edd \u0111\u1ee5c v\u00e0 \u0111\u1ed9 tr\u1eafng cao.<\/p>\n<p>B\u1ed9t m\u00e0u BILLIONS\u2122 LR-108 \u0111\u01b0\u1ee3c khuy\u1ebfn ngh\u1ecb cho c\u00e1c \u1ee9ng d\u1ee5ng nh\u1ef1a \u0111\u00f2i h\u1ecfi \u0111\u1ed9 \u1ed5n \u0111\u1ecbnh nhi\u1ec7t cao. N\u00f3 \u0111\u01b0\u1ee3c thi\u1ebft k\u1ebf v\u1edbi b\u1ec1 m\u1eb7t k\u1ef5 n\u01b0\u1edbc \u0111\u00f3ng vai tr\u00f2 nh\u01b0 m\u1ed9t r\u00e0o c\u1ea3n gi\u00fap ng\u0103n b\u1ed9t m\u00e0u h\u1ea5p th\u1ee5 \u0111\u1ed9 \u1ea9m t\u1eeb kh\u00f4ng kh\u00ed.<\/p>\n<p>&nbsp;<\/p>\n<table>\n<tbody>\n<tr>\n<td width=\"252\">TH\u00d4NG S\u1ed0<\/td>\n<td width=\"252\">GI\u00c1 TR\u1eca<\/td>\n<td width=\"252\">PH\u01af\u01a0NG PH\u00c1P KI\u1ec2M TRA<\/td>\n<\/tr>\n<tr>\n<td width=\"252\">H\u00e0m l\u01b0\u1ee3ng Tio2<\/td>\n<td width=\"252\">98%<\/td>\n<td width=\"252\">X-quang<\/td>\n<\/tr>\n<tr>\n<td width=\"252\">L\u1edbp ph\u1ee7 v\u00f4 c\u01a1<\/td>\n<td width=\"252\">Nh\u00f4m oxit<\/td>\n<td width=\"252\">&#8211;<\/td>\n<\/tr>\n<tr>\n<td width=\"252\">X\u1eed l\u00fd h\u1eefu c\u01a1<\/td>\n<td width=\"252\">Hi\u1ec7n t\u1ea1i<\/td>\n<td width=\"252\">&#8211;<\/td>\n<\/tr>\n<tr>\n<td width=\"252\">\u0110\u1ed9 \u1ea9m khi \u0111\u00f3ng g\u00f3i*<\/td>\n<td width=\"252\">0.4 % t\u1ed1i \u0111a<\/td>\n<td width=\"252\">Ti\u00eau chu\u1ea9n ISO787-2<\/td>\n<\/tr>\n<tr>\n<td width=\"252\">Kh\u1ed1i l\u01b0\u1ee3ng ri\u00eang (\u0111\u00e3 n\u00e9n ch\u1eb7t)<\/td>\n<td width=\"252\">1,1g\/cm3<\/td>\n<td width=\"252\">Ti\u00eau chu\u1ea9n ISO787-11<\/td>\n<\/tr>\n<tr>\n<td width=\"252\">H\u1ea5p th\u1ee5 d\u1ea7u<\/td>\n<td width=\"252\">15g\/100g<\/td>\n<td width=\"252\">Ti\u00eau chu\u1ea9n ISO787-5<\/td>\n<\/tr>\n<tr>\n<td width=\"252\">Tr\u1ecdng l\u01b0\u1ee3ng ri\u00eang<\/td>\n<td width=\"252\">4,1g\/cm3<\/td>\n<td width=\"252\">Ti\u00eau chu\u1ea9n ISO787-10<\/td>\n<\/tr>\n<tr>\n<td width=\"252\">Ph\u00e2n lo\u1ea1i ISO 591<\/td>\n<td width=\"252\">R2<\/td>\n<td width=\"252\">&#8211;<\/td>\n<\/tr>\n<tr>\n<td width=\"252\">S\u1ed1 CAS<\/td>\n<td width=\"252\">13463-67-7<\/td>\n<td width=\"252\">&#8211;<\/td>\n<\/tr>\n<tr>\n<td width=\"252\">Ch\u1ec9 s\u1ed1 m\u00e0u<\/td>\n<td width=\"252\">S\u1eafc t\u1ed1 tr\u1eafng 6<\/td>\n<td width=\"252\">&#8211;<\/td>\n<\/tr>\n<\/tbody>\n<\/table>\n<p>&nbsp;<\/p>\n<p><b>\u1ee8NG D\u1ee4NG \u0110\u01af\u1ee2C KHUY\u1ebeN NGH\u1eca <\/b><\/p>\n<ol>\n<li>Masterbatch &amp; h\u1ee3p ch\u1ea5t<\/li>\n<li>M\u00e0ng polyolefin v\u00e0 PVC<\/li>\n<li>Nh\u1ef1a c\u00f3 \u0111\u1ed9 \u1ed5n \u0111\u1ecbnh nhi\u1ec7t cao<\/li>\n<\/ol>\n<p>&nbsp;<\/p>\n<p><b>\u0110\u1eb6C \u0110I\u1ec2M CH\u00cdNH <\/b><\/p>\n<ol>\n<li>\u0110\u1ed9 \u1ed5n \u0111\u1ecbnh nhi\u1ec7t cao<\/li>\n<li>\u0110\u1ed9 m\u1edd \u0111\u1ee5c v\u00e0 \u0111\u1ed9 tr\u1eafng cao<\/li>\n<li>\u0110\u1ed9 h\u1ea5p th\u1ee5 \u0111\u1ed9 \u1ea9m th\u1ea5p<\/li>\n<li>H\u1ea5p th\u1ee5 d\u1ea7u th\u1ea5p<\/li>\n<li>Ph\u1ea3n \u1ee9ng th\u1ea5p v\u1edbi ch\u1ea5t ch\u1ed1ng oxy h\u00f3a<\/li>\n<li>Kh\u1ea3 n\u0103ng t\u01b0\u01a1ng th\u00edch tuy\u1ec7t v\u1eddi v\u1edbi nh\u1ef1a resin<\/li>\n<li>Ph\u00e2n t\u00e1n nhanh v\u00e0 ho\u00e0n to\u00e0n<\/li>\n<\/ol>\n<p>&nbsp;<\/p>\n<p><strong>B\u01afU KI\u1ec6N : <\/strong>Bao 25kg, bao 500kg, bao 1000kg.<\/p>","protected":false},"excerpt":{"rendered":"<p>T\u00ean s\u1ea3n ph\u1ea9m: Titan dioxit LR-108<\/p>\n<p>S\u1ed1 CAS: 1317-80-2<\/p>\n<p>MF: Tio2<\/p>\n<p>S\u1ed1 EINECS: 215-282-2<\/p>\n<p>Ngo\u1ea1i quan: B\u1ed9t m\u00e0u tr\u1eafng<\/p>","protected":false},"featured_media":3005,"template":"","meta":{"_acf_changed":false,"_gspb_post_css":""},"product_brand":[],"product_cat":[67,54,66],"product_tag":[],"class_list":{"0":"post-3021","1":"product","2":"type-product","3":"status-publish","4":"has-post-thumbnail","6":"product_cat-sulfate-process","7":"product_cat-inorganic-pigments","8":"product_cat-titanium-dioxide","10":"first","11":"instock","12":"shipping-taxable","13":"product-type-simple"},"acf":[],"_links":{"self":[{"href":"https:\/\/wpachem.com\/vi\/wp-json\/wp\/v2\/product\/3021","targetHints":{"allow":["GET"]}}],"collection":[{"href":"https:\/\/wpachem.com\/vi\/wp-json\/wp\/v2\/product"}],"about":[{"href":"https:\/\/wpachem.com\/vi\/wp-json\/wp\/v2\/types\/product"}],"version-history":[{"count":0,"href":"https:\/\/wpachem.com\/vi\/wp-json\/wp\/v2\/product\/3021\/revisions"}],"wp:featuredmedia":[{"embeddable":true,"href":"https:\/\/wpachem.com\/vi\/wp-json\/wp\/v2\/media\/3005"}],"wp:attachment":[{"href":"https:\/\/wpachem.com\/vi\/wp-json\/wp\/v2\/media?parent=3021"}],"wp:term":[{"taxonomy":"product_brand","embeddable":true,"href":"https:\/\/wpachem.com\/vi\/wp-json\/wp\/v2\/product_brand?post=3021"},{"taxonomy":"product_cat","embeddable":true,"href":"https:\/\/wpachem.com\/vi\/wp-json\/wp\/v2\/product_cat?post=3021"},{"taxonomy":"product_tag","embeddable":true,"href":"https:\/\/wpachem.com\/vi\/wp-json\/wp\/v2\/product_tag?post=3021"}],"curies":[{"name":"wp","href":"https:\/\/api.w.org\/{rel}","templated":true}]}}