{"id":3024,"date":"2022-08-31T09:27:18","date_gmt":"2022-08-31T09:27:18","guid":{"rendered":"http:\/\/site2.easyceotech.com\/?post_type=product&#038;p=3024"},"modified":"2024-06-12T05:31:39","modified_gmt":"2024-06-12T05:31:39","slug":"titanium-dioxide-na-100","status":"publish","type":"product","link":"https:\/\/wpachem.com\/vi\/product\/titanium-dioxide-na-100\/","title":{"rendered":"Titan dioxit Anatase NA 100"},"content":{"rendered":"<p style=\"text-align: center;\"><strong>Titan Dioxide Anatase NA100<\/strong><\/p>\n<p><b>C\u00f4ng th\u1ee9c ph\u00e2n t\u1eed<\/b><b>\uff1a<\/b>TiO2<\/p>\n<p><b>Tr\u1ecdng l\u01b0\u1ee3ng ph\u00e2n t\u1eed <\/b><b>\uff1a<\/b>79.9<\/p>\n<p><b>Nh\u00e2n v\u1eadt<\/b><b>\uff1a<\/b>S\u1ea3n ph\u1ea9m m\u1ee5c \u0111\u00edch chung c\u00f3 \u0111\u1ed9 tinh khi\u1ebft cao v\u00e0 ph\u00e2n b\u1ed1 k\u00edch th\u01b0\u1edbc h\u1ea1t t\u1ed1t. C\u00f3 \u0111\u1eb7c t\u00ednh t\u1ed1t v\u1ec1 \u0111\u1ed9 tr\u1eafng t\u1ed1t, kh\u1ea3 n\u0103ng che ph\u1ee7 m\u1ea1nh, gi\u1ea3m m\u00e0u cao v\u00e0 d\u1ec5 ph\u00e2n t\u00e1n.<\/p>\n<p><b>Ti\u00eau chu\u1ea9n ch\u1ea5t l\u01b0\u1ee3ng<\/b><b>\uff1a<\/b>Q\/320116 NJTB 002-2017<\/p>\n<p>&nbsp;<\/p>\n<p><b>Th\u00f4ng s\u1ed1 k\u1ef9 thu\u1eadt s\u1ea3n ph\u1ea9m<\/b><\/p>\n<table>\n<tbody>\n<tr>\n<td colspan=\"2\" width=\"450\"><strong><b>N\u00f3<\/b><\/strong><strong><b>b\u1ec7nh \u0111a x\u01a1 c\u1ee9ng<\/b><\/strong><\/td>\n<td width=\"155\"><strong><b>C\u1ee5 th\u1ec3<\/b><\/strong><strong><b>ion<\/b><\/strong><\/td>\n<td width=\"127\"><strong><b>T<\/b><\/strong><strong><b>th\u01b0\u1eddng l\u1ec7<\/b><\/strong>\u00a0<strong><b>M\u1ed8T<\/b><\/strong><strong><b>ph\u00e2n t\u00edch<\/b><\/strong><\/td>\n<td width=\"255\"><strong><b>B\u00e0i ki\u1ec3m tra<\/b><\/strong>\u00a0<strong><b>\u0110\u00e3 g\u1eb7p<\/b><\/strong><strong><b>kho ch\u1ee9a<\/b><\/strong><\/td>\n<\/tr>\n<tr>\n<td width=\"287\">H\u00e0m l\u01b0\u1ee3ng TiO2 (wt %)<\/td>\n<td width=\"162\">ph\u00fat<\/td>\n<td width=\"155\">98.0<\/td>\n<td width=\"127\">98.4<\/td>\n<td width=\"255\">GB\/T 1706-2006-7. 1<\/td>\n<\/tr>\n<tr>\n<td colspan=\"2\" width=\"450\">V\u1eadt ch\u1ea5t d\u1ec5 bay h\u01a1i \u1edf 105\u2103 (wt %) t\u1ed1i \u0111a.<\/td>\n<td width=\"155\">0.5<\/td>\n<td width=\"127\">0.2<\/td>\n<td width=\"255\">GB\/T 5211.3- 1985(2004)<\/td>\n<\/tr>\n<tr>\n<td colspan=\"2\" width=\"450\">Ch\u1ea5t tan trong n\u01b0\u1edbc (wt %) t\u1ed1i \u0111a.<\/td>\n<td width=\"155\">0.5<\/td>\n<td width=\"127\">0.3<\/td>\n<td width=\"255\">GB\/T 5211.2-2003<\/td>\n<\/tr>\n<tr>\n<td colspan=\"2\" width=\"450\">L\u01b0\u1ee3ng c\u1eb7n c\u00f2n l\u1ea1i tr\u00ean s\u00e0ng (45\u03bcm) (wt %) t\u1ed1i \u0111a.<\/td>\n<td width=\"155\">0.05<\/td>\n<td width=\"127\">0.02<\/td>\n<td width=\"255\">GB\/T 5211. 14- 1988(2004)<\/td>\n<\/tr>\n<tr>\n<td width=\"287\">M\u00e0u s\u1eafc ( L* )<\/td>\n<td width=\"162\">ph\u00fat<\/td>\n<td width=\"155\">95.0<\/td>\n<td width=\"127\">96.0<\/td>\n<td width=\"255\">GB\/T 1706-2006-7.5.2 M\u1ed9t<\/td>\n<\/tr>\n<tr>\n<td colspan=\"2\" width=\"450\">C\u00f4ng su\u1ea5t t\u00e1n x\u1ea1 (%) t\u1ed1i thi\u1ec3u.<\/td>\n<td width=\"155\">100<\/td>\n<td width=\"127\">102<\/td>\n<td width=\"255\">Ti\u00eau chu\u1ea9n GB\/T 1706-2006-7.6<\/td>\n<\/tr>\n<tr>\n<td colspan=\"2\" width=\"450\">pH c\u1ee7a dung d\u1ecbch n\u01b0\u1edbc<\/td>\n<td width=\"155\">6.5 ~ 8.5<\/td>\n<td width=\"127\">7.5<\/td>\n<td width=\"255\">GB\/T 1717-1986(2004)<\/td>\n<\/tr>\n<tr>\n<td colspan=\"2\" width=\"450\">\u0110\u1ed9 h\u1ea5p th\u1ee5 d\u1ea7u (g\/100g) t\u1ed1i \u0111a.<\/td>\n<td width=\"155\">26<\/td>\n<td width=\"127\">24<\/td>\n<td width=\"255\">GB\/T 5211. 15-2014<\/td>\n<\/tr>\n<tr>\n<td colspan=\"2\" width=\"450\">\u0110i\u1ec7n tr\u1edf su\u1ea5t c\u1ee7a d\u1ecbch chi\u1ebft n\u01b0\u1edbc (\u03a9 \u00b7m) min.<\/td>\n<td width=\"155\">20<\/td>\n<td width=\"127\">25<\/td>\n<td width=\"255\">GB\/T 5211. 12-2007<\/td>\n<\/tr>\n<\/tbody>\n<\/table>\n<p>&nbsp;<\/p>\n<p><strong><b>\u1ee8ng d\u1ee5ng<\/b><\/strong><strong><b>:<\/b><\/strong>\u00a0\u0110\u01b0\u1ee3c s\u1eed d\u1ee5ng \u0111\u1ec3 ph\u1ee7 t\u01b0\u1eddng n\u1ed9i th\u1ea5t, \u1ed1ng nh\u1ef1a trong nh\u00e0, m\u00e0ng phim, s\u1ee3i latex, men, s\u1ea3n xu\u1ea5t gi\u1ea5y, v.v.<\/p>\n<p>&nbsp;<\/p>\n<p><strong>B\u01b0u ki\u1ec7n: <\/strong>Bao 25kg, bao 500kg, bao 1000kg.<\/p>\n<p>&nbsp;<\/p>","protected":false},"excerpt":{"rendered":"<p>T\u00ean s\u1ea3n ph\u1ea9m: Titan dioxit Anatase NA 100<\/p>\n<p>S\u1ed1 CAS: 1317-80-2<\/p>\n<p>MF: Tio2<\/p>\n<p>S\u1ed1 EINECS: 215-282-2<\/p>\n<p>Ngo\u1ea1i quan: B\u1ed9t m\u00e0u tr\u1eafng<\/p>","protected":false},"featured_media":3027,"template":"","meta":{"_acf_changed":false,"_gspb_post_css":""},"product_brand":[],"product_cat":[67,54,66],"product_tag":[],"class_list":{"0":"post-3024","1":"product","2":"type-product","3":"status-publish","4":"has-post-thumbnail","6":"product_cat-sulfate-process","7":"product_cat-inorganic-pigments","8":"product_cat-titanium-dioxide","10":"first","11":"instock","12":"shipping-taxable","13":"product-type-simple"},"acf":[],"_links":{"self":[{"href":"https:\/\/wpachem.com\/vi\/wp-json\/wp\/v2\/product\/3024","targetHints":{"allow":["GET"]}}],"collection":[{"href":"https:\/\/wpachem.com\/vi\/wp-json\/wp\/v2\/product"}],"about":[{"href":"https:\/\/wpachem.com\/vi\/wp-json\/wp\/v2\/types\/product"}],"version-history":[{"count":0,"href":"https:\/\/wpachem.com\/vi\/wp-json\/wp\/v2\/product\/3024\/revisions"}],"wp:featuredmedia":[{"embeddable":true,"href":"https:\/\/wpachem.com\/vi\/wp-json\/wp\/v2\/media\/3027"}],"wp:attachment":[{"href":"https:\/\/wpachem.com\/vi\/wp-json\/wp\/v2\/media?parent=3024"}],"wp:term":[{"taxonomy":"product_brand","embeddable":true,"href":"https:\/\/wpachem.com\/vi\/wp-json\/wp\/v2\/product_brand?post=3024"},{"taxonomy":"product_cat","embeddable":true,"href":"https:\/\/wpachem.com\/vi\/wp-json\/wp\/v2\/product_cat?post=3024"},{"taxonomy":"product_tag","embeddable":true,"href":"https:\/\/wpachem.com\/vi\/wp-json\/wp\/v2\/product_tag?post=3024"}],"curies":[{"name":"wp","href":"https:\/\/api.w.org\/{rel}","templated":true}]}}