{"id":3028,"date":"2022-09-01T07:53:22","date_gmt":"2022-09-01T07:53:22","guid":{"rendered":"http:\/\/site2.easyceotech.com\/?post_type=product&#038;p=3028"},"modified":"2024-06-12T05:31:38","modified_gmt":"2024-06-12T05:31:38","slug":"titanium-dioxide-rutile-nr956","status":"publish","type":"product","link":"https:\/\/wpachem.com\/vi\/product\/titanium-dioxide-rutile-nr956\/","title":{"rendered":"Titan Dioxide Rutile NR956"},"content":{"rendered":"<p style=\"text-align: center;\"><strong>Titan Dioxide Rutile NR956<\/strong><\/p>\n<p><b>C\u00f4ng th\u1ee9c ph\u00e2n t\u1eed<\/b><b>\uff1a<\/b>TiO2<\/p>\n<p><b>Tr\u1ecdng l\u01b0\u1ee3ng ph\u00e2n t\u1eed <\/b><b>\uff1a<\/b>79.9<\/p>\n<p><b>Nh\u00e2n v\u1eadt<\/b><b>\uff1a<\/b>\u0110\u01b0\u1ee3c ph\u1ee7 d\u00e0y \u0111\u1eb7c b\u1eb1ng c\u00e1c h\u1ee3p ch\u1ea5t v\u00f4 c\u01a1 c\u1ee7a nh\u00f4m phosphat v\u00e0 nh\u00f4m oxit, c\u00f3 hi\u1ec7u su\u1ea5t t\u1ea1o s\u1eafc t\u1ed1 tuy\u1ec7t v\u1eddi.<\/p>\n<p><b>Ti\u00eau chu\u1ea9n ch\u1ea5t l\u01b0\u1ee3ng<\/b><b>\uff1a<\/b>Q\/320116 NJTB 003-2017<\/p>\n<p>&nbsp;<\/p>\n<table>\n<tbody>\n<tr>\n<td colspan=\"2\" width=\"586\"><strong><b>N\u00f3<\/b><\/strong><strong><b>b\u1ec7nh \u0111a x\u01a1 c\u1ee9ng<\/b><\/strong><\/td>\n<td width=\"202\"><strong><b>C\u1ee5 th\u1ec3<\/b><\/strong><strong><b>ion<\/b><\/strong><\/td>\n<td width=\"166\"><strong><b>T<\/b><\/strong><strong><b>th\u01b0\u1eddng l\u1ec7<\/b><\/strong>\u00a0<strong><b>M\u1ed8T<\/b><\/strong><strong><b>ph\u00e2n t\u00edch<\/b><\/strong><\/td>\n<\/tr>\n<tr>\n<td width=\"374\">H\u00e0m l\u01b0\u1ee3ng TiO2 (wt %)<\/td>\n<td width=\"212\">ph\u00fat<\/td>\n<td width=\"202\">88.0<\/td>\n<td width=\"166\">92<\/td>\n<\/tr>\n<tr>\n<td colspan=\"2\" width=\"586\">V\u1eadt ch\u1ea5t d\u1ec5 bay h\u01a1i \u1edf 105\u2103 (wt %) t\u1ed1i \u0111a.<\/td>\n<td width=\"202\">0.8<\/td>\n<td width=\"166\">0.6<\/td>\n<\/tr>\n<tr>\n<td colspan=\"2\" width=\"586\">Ch\u1ea5t tan trong n\u01b0\u1edbc (wt %) t\u1ed1i \u0111a.<\/td>\n<td width=\"202\">0.5<\/td>\n<td width=\"166\">0.4<\/td>\n<\/tr>\n<tr>\n<td colspan=\"2\" width=\"586\">L\u01b0\u1ee3ng c\u1eb7n c\u00f2n l\u1ea1i tr\u00ean s\u00e0ng (45\u03bcm) (wt %) t\u1ed1i \u0111a.<\/td>\n<td width=\"202\">0.05<\/td>\n<td width=\"166\">0.03<\/td>\n<\/tr>\n<tr>\n<td colspan=\"2\" width=\"586\">pH c\u1ee7a dung d\u1ecbch n\u01b0\u1edbc<\/td>\n<td width=\"202\">5.5-7.5<\/td>\n<td width=\"166\">6.5<\/td>\n<\/tr>\n<tr>\n<td width=\"374\">M\u00e0u s\u1eafc ( L* )<\/td>\n<td width=\"212\">ph\u00fat<\/td>\n<td width=\"202\">94.5<\/td>\n<td width=\"166\">94.8<\/td>\n<\/tr>\n<tr>\n<td colspan=\"2\" width=\"586\">\u00a0\u00a0H\u00e0m l\u01b0\u1ee3ng Rutile(%) t\u1ed1i thi\u1ec3u.<\/td>\n<td width=\"202\">98<\/td>\n<td width=\"166\">99<\/td>\n<\/tr>\n<tr>\n<td colspan=\"2\" width=\"586\">\u0110\u1ed9 b\u1ec1n \u00e1nh s\u00e1ng (%) t\u1ed1i thi\u1ec3u.<\/td>\n<td width=\"202\">6<\/td>\n<td width=\"166\">6.5<\/td>\n<\/tr>\n<tr>\n<td colspan=\"2\" width=\"586\">X\u1eed l\u00fd h\u1eefu c\u01a1<\/td>\n<td colspan=\"2\" width=\"368\">KH\u00d4NG<\/td>\n<\/tr>\n<tr>\n<td colspan=\"2\" width=\"586\">L\u1edbp ph\u1ee7 v\u00f4 c\u01a1<\/td>\n<td colspan=\"2\" width=\"368\">P &amp; Al<\/td>\n<\/tr>\n<\/tbody>\n<\/table>\n<p>&nbsp;<\/p>\n<p><b>\u1ee8ng d\u1ee5ng: <\/b>D\u00f9ng cho gi\u1ea5y trang tr\u00ed c\u00f3 \u0111\u1ed9 b\u1ec1n \u00e1nh s\u00e1ng cao.<\/p>\n<p>&nbsp;<\/p>\n<p><strong>B\u01b0u ki\u1ec7n:<\/strong> Bao 25kg, bao 500kg, bao 1000kg.<\/p>","protected":false},"excerpt":{"rendered":"<p>T\u00ean s\u1ea3n ph\u1ea9m: Titan dioxit Rutile NR956<\/p>\n<p>S\u1ed1 CAS: 1317-80-2<\/p>\n<p>MF: Tio2<\/p>\n<p>S\u1ed1 EINECS: 215-282-2<\/p>\n<p>Ngo\u1ea1i quan: B\u1ed9t m\u00e0u tr\u1eafng<\/p>","protected":false},"featured_media":3027,"template":"","meta":{"_acf_changed":false,"_gspb_post_css":""},"product_brand":[],"product_cat":[67,54],"product_tag":[],"class_list":{"0":"post-3028","1":"product","2":"type-product","3":"status-publish","4":"has-post-thumbnail","6":"product_cat-sulfate-process","7":"product_cat-inorganic-pigments","9":"first","10":"instock","11":"shipping-taxable","12":"product-type-simple"},"acf":[],"_links":{"self":[{"href":"https:\/\/wpachem.com\/vi\/wp-json\/wp\/v2\/product\/3028","targetHints":{"allow":["GET"]}}],"collection":[{"href":"https:\/\/wpachem.com\/vi\/wp-json\/wp\/v2\/product"}],"about":[{"href":"https:\/\/wpachem.com\/vi\/wp-json\/wp\/v2\/types\/product"}],"version-history":[{"count":0,"href":"https:\/\/wpachem.com\/vi\/wp-json\/wp\/v2\/product\/3028\/revisions"}],"wp:featuredmedia":[{"embeddable":true,"href":"https:\/\/wpachem.com\/vi\/wp-json\/wp\/v2\/media\/3027"}],"wp:attachment":[{"href":"https:\/\/wpachem.com\/vi\/wp-json\/wp\/v2\/media?parent=3028"}],"wp:term":[{"taxonomy":"product_brand","embeddable":true,"href":"https:\/\/wpachem.com\/vi\/wp-json\/wp\/v2\/product_brand?post=3028"},{"taxonomy":"product_cat","embeddable":true,"href":"https:\/\/wpachem.com\/vi\/wp-json\/wp\/v2\/product_cat?post=3028"},{"taxonomy":"product_tag","embeddable":true,"href":"https:\/\/wpachem.com\/vi\/wp-json\/wp\/v2\/product_tag?post=3028"}],"curies":[{"name":"wp","href":"https:\/\/api.w.org\/{rel}","templated":true}]}}