{"id":3035,"date":"2022-09-02T02:58:13","date_gmt":"2022-09-02T02:58:13","guid":{"rendered":"http:\/\/site2.easyceotech.com\/?post_type=product&#038;p=3035"},"modified":"2024-06-12T05:31:36","modified_gmt":"2024-06-12T05:31:36","slug":"titanium-dioxide-r-219","status":"publish","type":"product","link":"https:\/\/wpachem.com\/vi\/product\/titanium-dioxide-r-219\/","title":{"rendered":"Titan dioxit R-219"},"content":{"rendered":"<p style=\"text-align: center;\"><strong>Titan dioxit R-219<\/strong><\/p>\n<p>&nbsp;<\/p>\n<p>R-219 l\u00e0 ch\u1ea5t t\u1ea1o m\u00e0u Tio2 \u0111\u01b0\u1ee3c thi\u1ebft k\u1ebf \u0111\u1ec3 mang l\u1ea1i \u0111\u1ed9 m\u1edd \u0111\u1ee5c cao trong c\u00e1c \u1ed1ng v\u00e0 thanh PVC, s\u01a1n ph\u1ee7 b\u1ed9t, s\u01a1n \u0111\u01b0\u1eddng v\u00e0 c\u00e1c s\u1ea3n ph\u1ea9m nh\u1ef1a b\u1ec1n v\u1edbi th\u1eddi ti\u1ebft.<\/p>\n<p><strong>T<\/strong><strong>Thu\u1ed9c t\u00ednh ypical<\/strong><\/p>\n<table>\n<tbody>\n<tr>\n<td width=\"484\">Ph\u01b0\u01a1ng ph\u00e1p ch\u1ebf bi\u1ebfn<\/td>\n<td width=\"353\">Sunfat<\/td>\n<\/tr>\n<tr>\n<td width=\"484\">C\u1ea5u tr\u00fac tinh th\u1ec3<\/td>\n<td width=\"353\">Rutil<\/td>\n<\/tr>\n<tr>\n<td width=\"484\">X\u1eed l\u00fd b\u1ec1 m\u1eb7t<\/td>\n<td width=\"353\">SiO<sub>2<\/sub>,Al<sub>2<\/sub>\u1ed2<sub>3<\/sub><\/td>\n<\/tr>\n<tr>\n<td width=\"484\">X\u1eed l\u00fd h\u1eefu c\u01a1<\/td>\n<td width=\"353\">\u0110\u00fang<\/td>\n<\/tr>\n<tr>\n<td width=\"484\">Ph\u00e2n lo\u1ea1i (ISO 591-1)<\/td>\n<td width=\"353\">R2<\/td>\n<\/tr>\n<tr>\n<td width=\"484\">M\u00e0u s\u1eafc (ISO 787-25)<\/td>\n<td width=\"353\">\u25b3E\u22640,5<\/td>\n<\/tr>\n<tr>\n<td width=\"484\">L\u1ef1c t\u00e1n x\u1ea1 t\u01b0\u01a1ng \u0111\u1ed1i (ISO 787-24)<\/td>\n<td width=\"353\">95%-105%<\/td>\n<\/tr>\n<tr>\n<td width=\"484\">M\u1eadt \u0111\u1ed9 (ISO 787-10)<\/td>\n<td width=\"353\">4,0g\/cm<sup>3<\/sup><\/td>\n<\/tr>\n<\/tbody>\n<\/table>\n<p>&nbsp;<\/p>\n<p><strong>C\u00e1c t\u00ednh n\u0103ng ch\u00ednh<\/strong><\/p>\n<ul>\n<li>\u0110\u1ed9 ch\u1ea3y kh\u00f4 tuy\u1ec7t v\u1eddi<\/li>\n<li>Kh\u1ea3 n\u0103ng ch\u1ed1ng ch\u1ecbu nhi\u1ec7t \u0111\u1ed9 cao v\u00e0 \u1ed1 v\u00e0ng tuy\u1ec7t v\u1eddi<\/li>\n<li>Kh\u1ea3 n\u0103ng ch\u1ed1ng ch\u1ecbu th\u1eddi ti\u1ebft tuy\u1ec7t v\u1eddi<\/li>\n<\/ul>\n<p><strong>D\u1eef li\u1ec7u k\u1ef9 thu\u1eadt<\/strong><\/p>\n<table>\n<tbody>\n<tr>\n<td width=\"494\">TiO<sub>2<\/sub>%\uff08ISO 591-1\uff09<\/td>\n<td width=\"360\">93%<\/td>\n<\/tr>\n<tr>\n<td width=\"494\">CIE\uff08L<sup>*<\/sup>)(GB\/T 1864-2012)<\/td>\n<td width=\"360\">95.4<\/td>\n<\/tr>\n<tr>\n<td width=\"494\">C\u00f4ng su\u1ea5t gi\u1ea3m (TCS)<\/td>\n<td width=\"360\">2000<\/td>\n<\/tr>\n<tr>\n<td width=\"494\">Gi\u00e1 tr\u1ecb PH\uff08ISO 787-9\uff09<\/td>\n<td width=\"360\">7.2<\/td>\n<\/tr>\n<tr>\n<td width=\"494\">H\u1ea5p th\u1ee5 d\u1ea7u (ISO 787-5)<\/td>\n<td width=\"360\">19g\/100g<\/td>\n<\/tr>\n<tr>\n<td width=\"494\">D\u01b0 l\u01b0\u1ee3ng \u1edf 45\u03bcm\uff08ISO 787-18\uff09<\/td>\n<td width=\"360\">0.01%<\/td>\n<\/tr>\n<tr>\n<td width=\"494\">\u0110i\u1ec7n tr\u1edf su\u1ea5t (ISO 787-14)<\/td>\n<td width=\"360\">100\u03a9\u00b7m<\/td>\n<\/tr>\n<tr>\n<td width=\"494\">Ch\u1ea5t d\u1ec5 bay h\u01a1i \u1edf 105\u2103\uff08ISO 787-2\uff09<\/td>\n<td width=\"360\">0.4%<\/td>\n<\/tr>\n<\/tbody>\n<\/table>\n<p><strong>S\u1ee9c kh\u1ecfe v\u00e0 <\/strong><strong>Bi\u1ec7n ph\u00e1p ph\u00f2ng ng\u1eeba an to\u00e0n<\/strong><strong>\u00a0(Chi ti\u1ebft trong MSDS)<\/strong><\/p>\n<p>R-219 l\u00e0 s\u1ea3n ph\u1ea9m an to\u00e0n, kh\u00f4ng \u0111\u1ed9c h\u1ea1i v\u00e0 v\u00f4 h\u1ea1i, tu\u00e2n th\u1ee7 c\u00e1c ti\u00eau chu\u1ea9n qu\u1ed1c t\u1ebf c\u00f3 li\u00ean quan.<\/p>\n<p>Trong tr\u01b0\u1eddng h\u1ee3p th\u00f4ng gi\u00f3 kh\u00f4ng \u0111\u1ee7 ho\u1eb7c c\u00f3 nguy c\u01a1 h\u00edt ph\u1ea3i b\u1ee5i, h\u00e3y s\u1eed d\u1ee5ng thi\u1ebft b\u1ecb h\u00f4 h\u1ea5p ph\u00f9 h\u1ee3p c\u00f3 b\u1ed9 l\u1ecdc h\u1ea1t. \u0110eo g\u0103ng tay ph\u00f9 h\u1ee3p \u0111\u1ec3 b\u1ea3o v\u1ec7 tay. \u0110eo k\u00ednh b\u1ea3o h\u1ed9 ch\u1ed1ng b\u1ee5i \u1edf nh\u1eefng n\u01a1i c\u00f3 nguy c\u01a1 ti\u1ebfp x\u00fac v\u1edbi m\u1eaft. Lu\u00f4n tu\u00e2n th\u1ee7 c\u00e1c bi\u1ec7n ph\u00e1p v\u1ec7 sinh c\u00e1 nh\u00e2n t\u1ed1t.<\/p>\n<p><strong>B\u01b0u ki\u1ec7n: <\/strong>R-219 \u0111\u01b0\u1ee3c \u0111\u00f3ng g\u00f3i trong bao 25 kg, th\u00f9ng 500 kg v\u00e0 1000 kg.<\/p>","protected":false},"excerpt":{"rendered":"<p>T\u00ean s\u1ea3n ph\u1ea9m: Titan dioxit R-219<\/p>\n<p>S\u1ed1 CAS: 1317-80-2<\/p>\n<p>MF: Tio2<\/p>\n<p>S\u1ed1 EINECS: 215-282-2<\/p>\n<p>Ngo\u1ea1i quan: B\u1ed9t m\u00e0u tr\u1eafng<\/p>","protected":false},"featured_media":3006,"template":"","meta":{"_acf_changed":false,"_gspb_post_css":""},"product_brand":[],"product_cat":[67,54,66],"product_tag":[],"class_list":{"0":"post-3035","1":"product","2":"type-product","3":"status-publish","4":"has-post-thumbnail","6":"product_cat-sulfate-process","7":"product_cat-inorganic-pigments","8":"product_cat-titanium-dioxide","10":"first","11":"instock","12":"shipping-taxable","13":"product-type-simple"},"acf":[],"_links":{"self":[{"href":"https:\/\/wpachem.com\/vi\/wp-json\/wp\/v2\/product\/3035","targetHints":{"allow":["GET"]}}],"collection":[{"href":"https:\/\/wpachem.com\/vi\/wp-json\/wp\/v2\/product"}],"about":[{"href":"https:\/\/wpachem.com\/vi\/wp-json\/wp\/v2\/types\/product"}],"version-history":[{"count":0,"href":"https:\/\/wpachem.com\/vi\/wp-json\/wp\/v2\/product\/3035\/revisions"}],"wp:featuredmedia":[{"embeddable":true,"href":"https:\/\/wpachem.com\/vi\/wp-json\/wp\/v2\/media\/3006"}],"wp:attachment":[{"href":"https:\/\/wpachem.com\/vi\/wp-json\/wp\/v2\/media?parent=3035"}],"wp:term":[{"taxonomy":"product_brand","embeddable":true,"href":"https:\/\/wpachem.com\/vi\/wp-json\/wp\/v2\/product_brand?post=3035"},{"taxonomy":"product_cat","embeddable":true,"href":"https:\/\/wpachem.com\/vi\/wp-json\/wp\/v2\/product_cat?post=3035"},{"taxonomy":"product_tag","embeddable":true,"href":"https:\/\/wpachem.com\/vi\/wp-json\/wp\/v2\/product_tag?post=3035"}],"curies":[{"name":"wp","href":"https:\/\/api.w.org\/{rel}","templated":true}]}}