{"id":3038,"date":"2022-09-02T03:12:23","date_gmt":"2022-09-02T03:12:23","guid":{"rendered":"http:\/\/site2.easyceotech.com\/?post_type=product&#038;p=3038"},"modified":"2024-06-12T05:31:35","modified_gmt":"2024-06-12T05:31:35","slug":"titanium-dioxide-r-213","status":"publish","type":"product","link":"https:\/\/wpachem.com\/vi\/product\/titanium-dioxide-r-213\/","title":{"rendered":"Titan dioxit R-213"},"content":{"rendered":"<p style=\"text-align: center;\"><strong>Titan dioxit R-213<\/strong><\/p>\n<p>&nbsp;<\/p>\n<p><strong>Kh\u1ea3 n\u0103ng ph\u00e2n t\u00e1n tuy\u1ec7t v\u1eddi, d\u00f2ng ch\u1ea3y n\u00f3ng ch\u1ea3y v\u00e0 kh\u1ea3 n\u0103ng ch\u1ed1ng ren<\/strong><\/p>\n<p>R-213 l\u00e0 lo\u1ea1i Tio2 \u0111\u1eb7c bi\u1ec7t c\u00f3 \u0111\u1ed9 tr\u1eafng cao v\u00e0 t\u00f4ng m\u00e0u xanh lam, \u0111\u01b0\u1ee3c d\u00f9ng cho h\u1ed7n h\u1ee3p m\u00e0u v\u00e0 t\u1ea5m m\u00e0u ch\u1ea5t l\u01b0\u1ee3ng cao.<\/p>\n<p><strong>T<\/strong><strong>Thu\u1ed9c t\u00ednh ypical<\/strong><\/p>\n<table>\n<tbody>\n<tr>\n<td width=\"484\">Ph\u01b0\u01a1ng ph\u00e1p ch\u1ebf bi\u1ebfn<\/td>\n<td width=\"353\">Sunfat<\/td>\n<\/tr>\n<tr>\n<td width=\"484\">C\u1ea5u tr\u00fac tinh th\u1ec3<\/td>\n<td width=\"353\">Rutil<\/td>\n<\/tr>\n<tr>\n<td width=\"484\">X\u1eed l\u00fd b\u1ec1 m\u1eb7t<\/td>\n<td width=\"353\">Al<sub>2<\/sub>\u1ed2<sub>3<\/sub><\/td>\n<\/tr>\n<tr>\n<td width=\"484\">X\u1eed l\u00fd h\u1eefu c\u01a1<\/td>\n<td width=\"353\">\u0110\u00fang<\/td>\n<\/tr>\n<tr>\n<td width=\"484\">Ph\u00e2n lo\u1ea1i (ISO 591-1)<\/td>\n<td width=\"353\">R1<\/td>\n<\/tr>\n<tr>\n<td width=\"484\">M\u00e0u s\u1eafc (ISO 787-25)<\/td>\n<td width=\"353\">\u25b3E\u22640,5<\/td>\n<\/tr>\n<tr>\n<td width=\"484\">L\u1ef1c t\u00e1n x\u1ea1 t\u01b0\u01a1ng \u0111\u1ed1i (ISO 787-24)<\/td>\n<td width=\"353\">95%-105%<\/td>\n<\/tr>\n<tr>\n<td width=\"484\">M\u1eadt \u0111\u1ed9 (ISO 787-10)<\/td>\n<td width=\"353\">4,2g\/cm3<sup>3<\/sup><\/td>\n<\/tr>\n<\/tbody>\n<\/table>\n<p>&nbsp;<\/p>\n<p><strong>C\u00e1c t\u00ednh n\u0103ng ch\u00ednh<\/strong><\/p>\n<ul>\n<li>R-213 tu\u00e2n th\u1ee7 c\u00e1c quy \u0111\u1ecbnh c\u1ee7a FDA \u0111\u1ed1i v\u1edbi v\u1eadt li\u1ec7u ti\u1ebfp x\u00fac v\u1edbi th\u1ef1c ph\u1ea9m.<\/li>\n<li>R-213 c\u00f3 t\u00ednh k\u1ef5 n\u01b0\u1edbc v\u00e0 \u00edt ch\u1ea5t d\u1ec5 bay h\u01a1i gi\u00fap t\u0103ng kh\u1ea3 n\u0103ng ch\u1ed1ng b\u00e1m b\u1ea9n trong qu\u00e1 tr\u00ecnh x\u1eed l\u00fd nh\u1ef1a.<\/li>\n<li>R-213 c\u00f3 \u0111\u1ed9 tr\u1eafng v\u00e0 t\u00f4ng m\u00e0u xanh tuy\u1ec7t \u0111\u1eb9p.<\/li>\n<li>R-213 c\u00f3 kh\u1ea3 n\u0103ng ph\u00e2n t\u00e1n v\u00e0 ch\u1ea3y n\u00f3ng ch\u1ea3y cao.<\/li>\n<\/ul>\n<p><strong>D\u1eef li\u1ec7u k\u1ef9 thu\u1eadt<\/strong><\/p>\n<table>\n<tbody>\n<tr>\n<td width=\"494\">TiO<sub>2<\/sub>%\uff08ISO 591-1\uff09<\/td>\n<td width=\"360\">97%<\/td>\n<\/tr>\n<tr>\n<td width=\"494\">CIE\uff08L<sup>*<\/sup>)(GB\/T 1864-2012)<\/td>\n<td width=\"360\">98.0<\/td>\n<\/tr>\n<tr>\n<td width=\"494\">B\u1ed9t ph\u00e2n t\u00e1n t\u01b0\u01a1ng \u0111\u1ed1i (ISO 787-24)<\/td>\n<td width=\"360\">95-100%<\/td>\n<\/tr>\n<tr>\n<td width=\"494\">H\u1ea5p th\u1ee5 d\u1ea7u (ISO 787-5)<\/td>\n<td width=\"360\">15g\/100g<\/td>\n<\/tr>\n<tr>\n<td width=\"494\">Ch\u1ea5t d\u1ec5 bay h\u01a1i \u1edf 105\u2103\uff08ISO 787-2\uff09<\/td>\n<td width=\"360\">0.2%<\/td>\n<\/tr>\n<\/tbody>\n<\/table>\n<p><strong>S\u1ee9c kh\u1ecfe v\u00e0 <\/strong><strong>Bi\u1ec7n ph\u00e1p ph\u00f2ng ng\u1eeba an to\u00e0n<\/strong><strong>\u00a0(Chi ti\u1ebft trong MSDS)<\/strong><\/p>\n<p>C\u1ea7n tu\u00e2n th\u1ee7 c\u00e1c h\u01b0\u1edbng d\u1eabn v\u1ec1 s\u1ee9c kh\u1ecfe v\u00e0 an to\u00e0n t\u1ea1i \u0111\u1ecba ph\u01b0\u01a1ng c\u00f3 li\u00ean quan. C\u1ea7n \u0111eo g\u0103ng tay, k\u00ednh b\u1ea3o h\u1ed9 v\u00e0 m\u1eb7t n\u1ea1 ph\u00f2ng \u0111\u1ed9c c\u00f3 b\u1ed9 l\u1ecdc h\u1ea1t d\u01b0\u1edbi micron, MSDS c\u00f3 th\u1ec3 \u0111\u01b0\u1ee3c cung c\u1ea5p theo y\u00eau c\u1ea7u.<\/p>\n<p><strong>Bao b\u00ec: <\/strong>R-213 \u0111\u01b0\u1ee3c \u0111\u00f3ng g\u00f3i trong bao 25 kg, th\u00f9ng 500 kg v\u00e0 1000 kg.<\/p>\n<p>&nbsp;<\/p>","protected":false},"excerpt":{"rendered":"<p>T\u00ean s\u1ea3n ph\u1ea9m: Titan dioxit R-213<\/p>\n<p>S\u1ed1 CAS: 1317-80-2<\/p>\n<p>MF: Tio2<\/p>\n<p>S\u1ed1 EINECS: 215-282-2<\/p>\n<p>Ngo\u1ea1i quan: B\u1ed9t m\u00e0u tr\u1eafng<\/p>","protected":false},"featured_media":3006,"template":"","meta":{"_acf_changed":false,"_gspb_post_css":""},"product_brand":[],"product_cat":[67,54,66],"product_tag":[],"class_list":{"0":"post-3038","1":"product","2":"type-product","3":"status-publish","4":"has-post-thumbnail","6":"product_cat-sulfate-process","7":"product_cat-inorganic-pigments","8":"product_cat-titanium-dioxide","10":"first","11":"instock","12":"shipping-taxable","13":"product-type-simple"},"acf":[],"_links":{"self":[{"href":"https:\/\/wpachem.com\/vi\/wp-json\/wp\/v2\/product\/3038","targetHints":{"allow":["GET"]}}],"collection":[{"href":"https:\/\/wpachem.com\/vi\/wp-json\/wp\/v2\/product"}],"about":[{"href":"https:\/\/wpachem.com\/vi\/wp-json\/wp\/v2\/types\/product"}],"version-history":[{"count":0,"href":"https:\/\/wpachem.com\/vi\/wp-json\/wp\/v2\/product\/3038\/revisions"}],"wp:featuredmedia":[{"embeddable":true,"href":"https:\/\/wpachem.com\/vi\/wp-json\/wp\/v2\/media\/3006"}],"wp:attachment":[{"href":"https:\/\/wpachem.com\/vi\/wp-json\/wp\/v2\/media?parent=3038"}],"wp:term":[{"taxonomy":"product_brand","embeddable":true,"href":"https:\/\/wpachem.com\/vi\/wp-json\/wp\/v2\/product_brand?post=3038"},{"taxonomy":"product_cat","embeddable":true,"href":"https:\/\/wpachem.com\/vi\/wp-json\/wp\/v2\/product_cat?post=3038"},{"taxonomy":"product_tag","embeddable":true,"href":"https:\/\/wpachem.com\/vi\/wp-json\/wp\/v2\/product_tag?post=3038"}],"curies":[{"name":"wp","href":"https:\/\/api.w.org\/{rel}","templated":true}]}}