{"id":3040,"date":"2022-09-02T03:23:32","date_gmt":"2022-09-02T03:23:32","guid":{"rendered":"http:\/\/site2.easyceotech.com\/?post_type=product&#038;p=3040"},"modified":"2024-06-12T05:31:35","modified_gmt":"2024-06-12T05:31:35","slug":"titanium-dioxide-rutile-r818","status":"publish","type":"product","link":"https:\/\/wpachem.com\/vi\/product\/titanium-dioxide-rutile-r818\/","title":{"rendered":"Titan dioxit Rutil R818"},"content":{"rendered":"<p style=\"text-align: center;\"><strong>Titan dioxit Rutil R818<\/strong><\/p>\n<p>&nbsp;<\/p>\n<p><strong>M\u00f4 t\u1ea3 s\u1ea3n ph\u1ea9m<\/strong><\/p>\n<p>R818 \u0111\u01b0\u1ee3c s\u1ea3n xu\u1ea5t b\u1eb1ng ph\u01b0\u01a1ng ph\u00e1p sunfat, l\u00e0 m\u1ed9t TiO rutil<sub>2<\/sub> s\u1eafc t\u1ed1 l\u00e0 b\u1ec1 m\u1eb7t h\u1eefu c\u01a1 \u0111\u01b0\u1ee3c x\u1eed l\u00fd b\u1eb1ng l\u1edbp ph\u1ee7 b\u1ec1 m\u1eb7t Si, Al v\u00f4 c\u01a1. N\u00f3 cho th\u1ea5y hi\u1ec7u su\u1ea5t v\u01b0\u1ee3t tr\u1ed9i trong c\u00e1c \u1ee9ng d\u1ee5ng trong nh\u00e0, ngo\u00e0i tr\u1eddi v\u00e0 c\u00f4ng nghi\u1ec7p, l\u00e0 TiO c\u1ea5p \u0111\u1ed9 ph\u1ed5 qu\u00e1t<sub>2 <\/sub>s\u1eafc t\u1ed1 ch\u1ea5t l\u01b0\u1ee3ng cao.<\/p>\n<p><strong>T\u00ednh n\u0103ng s\u1ea3n ph\u1ea9m<\/strong><\/p>\n<ul>\n<li>\u0110\u1ed9 tr\u1eafng tuy\u1ec7t v\u1eddi, kh\u1ea3 n\u0103ng che ph\u1ee7 v\u00e0 t\u1ea1o m\u00e0u cao.<\/li>\n<li>Kh\u1ea3 n\u0103ng ch\u1ed1ng ch\u1ecbu th\u1eddi ti\u1ebft v\u00e0 \u1ed5n \u0111\u1ecbnh h\u00f3a h\u1ecdc cao, kh\u1ea3 n\u0103ng ch\u1ed1ng b\u1ed9t t\u1ed1t.<\/li>\n<li>T\u00ednh l\u01b0u \u0111\u1ed9ng v\u00e0 kh\u1ea3 n\u0103ng ch\u1ecbu th\u1eddi ti\u1ebft t\u1ed1t, \u0111\u1ed9 ph\u00e2n t\u00e1n cao v\u00e0 hi\u1ec7u su\u1ea5t \u1ee9ng d\u1ee5ng tuy\u1ec7t v\u1eddi trong ng\u00e0nh nh\u1ef1a v\u00e0 s\u01a1n.<\/li>\n<\/ul>\n<table>\n<tbody>\n<tr>\n<td width=\"348\">M\u1ee5c<\/td>\n<td width=\"125\">\u0110\u1eb7c \u0111i\u1ec3m k\u1ef9 thu\u1eadt<\/td>\n<\/tr>\n<tr>\n<td width=\"348\">\u0110\u1ed9 tinh khi\u1ebft TiO2 % N<\/td>\n<td width=\"125\">94<\/td>\n<\/tr>\n<tr>\n<td width=\"348\">V\u1eadt ch\u1ea5t d\u1ec5 bay h\u01a1i \u1edf 105 t% w<\/td>\n<td width=\"125\">0.8<\/td>\n<\/tr>\n<tr>\n<td width=\"348\">Hydrotrope % v\u1edbi<\/td>\n<td width=\"125\">0.5<\/td>\n<\/tr>\n<tr>\n<td width=\"348\">C\u1eb7n c\u00f2n l\u1ea1i tr\u00ean s\u00e0ng 45\u5369m % w<\/td>\n<td width=\"125\">0.05<\/td>\n<\/tr>\n<tr>\n<td width=\"348\">M\u00e0u s\u1eafc so s\u00e1nh v\u1edbi ti\u00eau chu\u1ea9n<\/td>\n<td width=\"125\">Kh\u00f4ng th\u1ea5p h\u01a1n<\/td>\n<\/tr>\n<tr>\n<td width=\"348\">\u0110\u1ed9 b\u1ec1n m\u00e0u so v\u1edbi ti\u00eau chu\u1ea9n % &gt;<\/td>\n<td width=\"125\">112<\/td>\n<\/tr>\n<tr>\n<td width=\"348\">PH c\u1ee7a huy\u1ec1n ph\u00f9, dung d\u1ecbch n\u01b0\u1edbc \u0111\u01b0\u1ee3c gi\u1eef l\u1ea1i<\/td>\n<td width=\"125\">6.5-8.5<\/td>\n<\/tr>\n<tr>\n<td width=\"348\">\u0110\u1ed9 h\u1ea5p th\u1ee5 d\u1ea7u g\/1 OOg w<\/td>\n<td width=\"125\">22<\/td>\n<\/tr>\n<tr>\n<td width=\"348\">\u0110i\u1ec7n tr\u1edf su\u1ea5t c\u1ee7a d\u1ecbch chi\u1ebft n\u01b0\u1edbc Qm N<\/td>\n<td width=\"125\">50<\/td>\n<\/tr>\n<tr>\n<td width=\"348\">Chuy\u1ec3n \u0111\u1ed5i d\u1ea1ng tinh th\u1ec3 rutile % N<\/td>\n<td width=\"125\">98.0<\/td>\n<\/tr>\n<tr>\n<td width=\"348\">\u0110\u01b0\u1eddng k\u00ednh h\u1ea1t trung b\u00ecnh pm<\/td>\n<td width=\"125\">0.22-0.26<\/td>\n<\/tr>\n<tr>\n<td width=\"348\">Ch\u1ea5t h\u1eefu c\u01a1<\/td>\n<td width=\"125\">\u0110\u00fang<\/td>\n<\/tr>\n<\/tbody>\n<\/table>\n<p>&nbsp;<\/p>\n<p><strong>\u1ee8ng d\u1ee5ng:<\/strong> H\u1ed3 s\u01a1 c\u1ea5p \u0111\u1ed9 ph\u1ed5 th\u00f4ng, L\u1edbp ph\u1ee7 x\u00e2y d\u1ef1ng \u0111\u01b0\u1eddng \u1ed1ng L\u1edbp ph\u1ee7 cu\u1ed9n L\u1edbp ph\u1ee7 m\u1ef1c in L\u1edbp ph\u1ee7 b\u1ed9t.<\/p>\n<p>&nbsp;<\/p>\n<p><strong>B\u01b0u ki\u1ec7n:<\/strong> Bao PE nhi\u1ec1u l\u1edbp 25kg, bao PP 500kg v\u00e0 1000kg<\/p>","protected":false},"excerpt":{"rendered":"<p>T\u00ean s\u1ea3n ph\u1ea9m: Titan dioxit Rutile R818<\/p>\n<p>S\u1ed1 CAS: 1317-80-2<\/p>\n<p>MF: Tio2<\/p>\n<p>S\u1ed1 EINECS: 215-282-2<\/p>\n<p>Ngo\u1ea1i quan: B\u1ed9t m\u00e0u tr\u1eafng<\/p>","protected":false},"featured_media":3003,"template":"","meta":{"_acf_changed":false,"_gspb_post_css":""},"product_brand":[],"product_cat":[67,54,66],"product_tag":[],"class_list":{"0":"post-3040","1":"product","2":"type-product","3":"status-publish","4":"has-post-thumbnail","6":"product_cat-sulfate-process","7":"product_cat-inorganic-pigments","8":"product_cat-titanium-dioxide","10":"first","11":"instock","12":"shipping-taxable","13":"product-type-simple"},"acf":[],"_links":{"self":[{"href":"https:\/\/wpachem.com\/vi\/wp-json\/wp\/v2\/product\/3040","targetHints":{"allow":["GET"]}}],"collection":[{"href":"https:\/\/wpachem.com\/vi\/wp-json\/wp\/v2\/product"}],"about":[{"href":"https:\/\/wpachem.com\/vi\/wp-json\/wp\/v2\/types\/product"}],"version-history":[{"count":0,"href":"https:\/\/wpachem.com\/vi\/wp-json\/wp\/v2\/product\/3040\/revisions"}],"wp:featuredmedia":[{"embeddable":true,"href":"https:\/\/wpachem.com\/vi\/wp-json\/wp\/v2\/media\/3003"}],"wp:attachment":[{"href":"https:\/\/wpachem.com\/vi\/wp-json\/wp\/v2\/media?parent=3040"}],"wp:term":[{"taxonomy":"product_brand","embeddable":true,"href":"https:\/\/wpachem.com\/vi\/wp-json\/wp\/v2\/product_brand?post=3040"},{"taxonomy":"product_cat","embeddable":true,"href":"https:\/\/wpachem.com\/vi\/wp-json\/wp\/v2\/product_cat?post=3040"},{"taxonomy":"product_tag","embeddable":true,"href":"https:\/\/wpachem.com\/vi\/wp-json\/wp\/v2\/product_tag?post=3040"}],"curies":[{"name":"wp","href":"https:\/\/api.w.org\/{rel}","templated":true}]}}