{"id":3042,"date":"2022-09-02T03:30:09","date_gmt":"2022-09-02T03:30:09","guid":{"rendered":"http:\/\/site2.easyceotech.com\/?post_type=product&#038;p=3042"},"modified":"2024-06-12T05:31:34","modified_gmt":"2024-06-12T05:31:34","slug":"titanium-dioxide-rutile-r-2295","status":"publish","type":"product","link":"https:\/\/wpachem.com\/vi\/product\/titanium-dioxide-rutile-r-2295\/","title":{"rendered":"Titan Dioxide Rutile R-2295"},"content":{"rendered":"<p style=\"text-align: center;\"><strong>Titan Dioxide Rutile R-2295<\/strong><\/p>\n<p>&nbsp;<\/p>\n<p><b><\/b><strong><b>S\u1ea3n ph\u1ea9m <\/b><\/strong><strong><b>gi\u1edbi thi\u1ec7u<\/b><\/strong><\/p>\n<p>S\u1ea3n ph\u1ea9m l\u00e0 b\u1ed9t m\u00e0u titan dioxit Rutile v\u1edbi Zirconium, x\u1eed l\u00fd b\u1ec1 m\u1eb7t v\u00f4 c\u01a1 nh\u00f4m, x\u1eed l\u00fd b\u1ec1 m\u1eb7t h\u1eefu c\u01a1, c\u00f3 t\u00f4ng m\u00e0u xanh, \u0111\u1ed9 tr\u1eafng cao, kh\u1ea3 n\u0103ng ph\u00e2n t\u00e1n t\u1ed1t, c\u01b0\u1eddng \u0111\u1ed9 pha m\u00e0u t\u1ed1t, v.v.<\/p>\n<p><strong><b>\u1ee8ng d\u1ee5ng <\/b><\/strong><strong><b>c\u00e1nh \u0111\u1ed3ng<\/b><\/strong><\/p>\n<p>S\u1ea3n ph\u1ea9m ph\u00f9 h\u1ee3p cho s\u01a1n ph\u1ee7 trong nh\u00e0 v\u00e0 ngo\u00e0i tr\u1eddi, s\u01a1n latex, m\u1ef1c, gi\u1ea5y, nh\u1ef1a, h\u1ea1t m\u00e0u, v.v.<\/p>\n<p><strong><b>R<\/b><\/strong><strong><b>-2295 <\/b><\/strong><strong><b>Rutil<\/b><\/strong>\u00a0<strong><b>Titan<\/b><\/strong>\u00a0<strong><b>\u0110i\u00f4x\u00edt<\/b><\/strong>\u00a0<strong><b>k\u1ef9 thu\u1eadt<\/b><\/strong>\u00a0<strong><b>th\u00f4ng s\u1ed1 k\u1ef9 thu\u1eadt<\/b><\/strong><\/p>\n<table>\n<tbody>\n<tr>\n<td width=\"319\">H\u00e0m l\u01b0\u1ee3ng TiO2<\/td>\n<td width=\"429\">\u226594,0%<\/td>\n<\/tr>\n<tr>\n<td width=\"319\">T\u1ed1c \u0111\u1ed9 bi\u1ebfn \u0111\u1ed5i rutil<\/td>\n<td width=\"429\">\u226597,0%<\/td>\n<\/tr>\n<tr>\n<td width=\"319\">L\u1edbp ph\u1ee7 v\u00f4 c\u01a1<\/td>\n<td width=\"429\">Zr, AL<\/td>\n<\/tr>\n<tr>\n<td width=\"319\">X\u1eed l\u00fd h\u1eefu c\u01a1<\/td>\n<td width=\"429\">\u0110\u00daNG<\/td>\n<\/tr>\n<tr>\n<td width=\"319\">K\u00edch th\u01b0\u1edbc h\u1ea1t<\/td>\n<td width=\"429\">0,25 \u03bcm<\/td>\n<\/tr>\n<tr>\n<td width=\"319\">T\u1ec9 tr\u1ecdng<\/td>\n<td width=\"429\">4,0g\/m3<\/td>\n<\/tr>\n<tr>\n<td width=\"319\">S\u1ef1 h\u1ea5p th\u1ee5 n\u01b0\u1edbc<\/td>\n<td width=\"429\">28<\/td>\n<\/tr>\n<tr>\n<td width=\"319\">M\u00e0u s\u1eafc<\/td>\n<td width=\"429\">\u226594,5<\/td>\n<\/tr>\n<tr>\n<td width=\"319\">H\u1ea5p th\u1ee5 d\u1ea7u<\/td>\n<td width=\"429\">20-22<\/td>\n<\/tr>\n<tr>\n<td width=\"319\">Kh\u1ea3 n\u0103ng ch\u1ed1ng ch\u1ecbu th\u1eddi ti\u1ebft<\/td>\n<td width=\"429\">\u1edf gi\u1eefa<\/td>\n<\/tr>\n<tr>\n<td width=\"319\">Ph\u00e2n lo\u1ea1i ti\u00eau chu\u1ea9n (ISO)<\/p>\n<p>591)<\/td>\n<td width=\"429\">R2<\/td>\n<\/tr>\n<tr>\n<td width=\"319\">Ti\u00eau chu\u1ea9n ASTMD476<\/td>\n<td width=\"429\">\u2162 V \u2165<\/td>\n<\/tr>\n<\/tbody>\n<\/table>\n<p>&nbsp;<\/p>\n<p><strong><b>B\u01b0u ki\u1ec7n<\/b><\/strong>\uff1a25 kg Nh\u1ef1a v\u00e0 gi\u1ea5y, bao 500 kg\/ 1000 kg T\u1ea5n<\/p>","protected":false},"excerpt":{"rendered":"<p>T\u00ean s\u1ea3n ph\u1ea9m: Titan dioxit Rutile R-2295<\/p>\n<p>S\u1ed1 CAS: 1317-80-2<\/p>\n<p>MF: Tio2<\/p>\n<p>S\u1ed1 EINECS: 215-282-2<\/p>\n<p>Ngo\u1ea1i quan: B\u1ed9t m\u00e0u tr\u1eafng<\/p>","protected":false},"featured_media":3004,"template":"","meta":{"_acf_changed":false,"_gspb_post_css":""},"product_brand":[],"product_cat":[67,54,66],"product_tag":[],"class_list":{"0":"post-3042","1":"product","2":"type-product","3":"status-publish","4":"has-post-thumbnail","6":"product_cat-sulfate-process","7":"product_cat-inorganic-pigments","8":"product_cat-titanium-dioxide","10":"first","11":"instock","12":"shipping-taxable","13":"product-type-simple"},"acf":[],"_links":{"self":[{"href":"https:\/\/wpachem.com\/vi\/wp-json\/wp\/v2\/product\/3042","targetHints":{"allow":["GET"]}}],"collection":[{"href":"https:\/\/wpachem.com\/vi\/wp-json\/wp\/v2\/product"}],"about":[{"href":"https:\/\/wpachem.com\/vi\/wp-json\/wp\/v2\/types\/product"}],"version-history":[{"count":0,"href":"https:\/\/wpachem.com\/vi\/wp-json\/wp\/v2\/product\/3042\/revisions"}],"wp:featuredmedia":[{"embeddable":true,"href":"https:\/\/wpachem.com\/vi\/wp-json\/wp\/v2\/media\/3004"}],"wp:attachment":[{"href":"https:\/\/wpachem.com\/vi\/wp-json\/wp\/v2\/media?parent=3042"}],"wp:term":[{"taxonomy":"product_brand","embeddable":true,"href":"https:\/\/wpachem.com\/vi\/wp-json\/wp\/v2\/product_brand?post=3042"},{"taxonomy":"product_cat","embeddable":true,"href":"https:\/\/wpachem.com\/vi\/wp-json\/wp\/v2\/product_cat?post=3042"},{"taxonomy":"product_tag","embeddable":true,"href":"https:\/\/wpachem.com\/vi\/wp-json\/wp\/v2\/product_tag?post=3042"}],"curies":[{"name":"wp","href":"https:\/\/api.w.org\/{rel}","templated":true}]}}