{"id":3047,"date":"2022-09-02T06:32:03","date_gmt":"2022-09-02T06:32:03","guid":{"rendered":"http:\/\/site2.easyceotech.com\/?post_type=product&#038;p=3047"},"modified":"2024-06-12T05:31:33","modified_gmt":"2024-06-12T05:31:33","slug":"titanium-dioxide-food-grade","status":"publish","type":"product","link":"https:\/\/wpachem.com\/vi\/product\/titanium-dioxide-food-grade\/","title":{"rendered":"Titan Dioxide c\u1ea5p th\u1ef1c ph\u1ea9m"},"content":{"rendered":"<p style=\"text-align: center;\"><strong>Titan Dioxide c\u1ea5p th\u1ef1c ph\u1ea9m<\/strong><\/p>\n<p>&nbsp;<\/p>\n<p><strong>\u0110\u1eb7c tr\u01b0ng<\/strong><\/p>\n<p>S\u1ea3n ph\u1ea9m n\u00e0y l\u00e0 ph\u1ee5 gia th\u1ef1c ph\u1ea9m chuy\u00ean d\u1ee5ng \u0111\u01b0\u1ee3c ch\u1ebf bi\u1ebfn t\u1eeb titanium dioxide anatase chuy\u00ean d\u1ee5ng cho th\u1ef1c ph\u1ea9m. S\u1ea3n ph\u1ea9m kh\u00f4ng \u0111\u1ed9c h\u1ea1i v\u00e0 kh\u00f4ng v\u1ecb, d\u1ea1ng b\u1ed9t m\u00e0u tr\u1eafng v\u00e0 \u1ed5n \u0111\u1ecbnh v\u1ec1 t\u00ednh ch\u1ea5t h\u00f3a h\u1ecdc. N\u00f3 c\u00f3 t\u00e1c d\u1ee5ng l\u00e0m tr\u1eafng th\u1ef1c ph\u1ea9m v\u00e0 c\u0169ng c\u00f3 th\u1ec3 \u0111\u01b0\u1ee3c s\u1eed d\u1ee5ng k\u1ebft h\u1ee3p v\u1edbi c\u00e1c s\u1eafc t\u1ed1 kh\u00e1c \u0111\u1ec3 t\u1ea1o ra m\u00e0u s\u1eafc d\u1ecbu nh\u1eb9. Ngo\u00e0i ra, n\u00f3 c\u00f3 th\u1ec3 che ch\u1eafn tia c\u1ef1c t\u00edm v\u00e0 gi\u00fap c\u1ea3i thi\u1ec7n th\u1eddi h\u1ea1n s\u1eed d\u1ee5ng c\u1ee7a th\u1ef1c ph\u1ea9m.<\/p>\n<p>&nbsp;<\/p>\n<p><strong>\u1ee8ng d\u1ee5ng<\/strong><\/p>\n<p>D\u00f9ng l\u00e0m ch\u1ea5t ph\u1ee7, ch\u1ea5t ph\u1ee5 gia, ch\u1ea5t t\u1ea1o m\u00e0u tr\u1eafng, v.v. trong ch\u1ebf bi\u1ebfn th\u1ef1c ph\u1ea9m. Ch\u1ee7 y\u1ebfu d\u00f9ng trong k\u1eb9o s\u00f4 c\u00f4 la, tr\u00e1i c\u00e2y m\u00e1t, \u0111\u1ed3 \u0103n li\u1ec1n, th\u1ea1ch, m\u1ee9t, n\u01b0\u1edbc s\u1ed1t tr\u1ed9n salad, s\u1ed1t mayonnaise, \u0111\u1ed3 \u0103n ph\u1ed3ng, k\u1eb9o cao su v\u00e0 \u0111\u1ed3 u\u1ed1ng r\u1eafn kh\u00f4ng ch\u1ea5t t\u1ea1o ng\u1ecdt, \u0111\u1ed3 u\u1ed1ng r\u1eafn c\u00f4 \u0111\u1eb7c, \u0111\u1ed3 u\u1ed1ng c\u00f3 ch\u1ee9a nh\u0169 t\u01b0\u01a1ng, v.v.<\/p>\n<p>&nbsp;<\/p>\n<table>\n<tbody>\n<tr>\n<td width=\"426\"><strong><b>M\u1ee5c<\/b><\/strong><\/td>\n<td width=\"426\"><strong><b>M\u1ee5c l\u1ee5c<\/b><\/strong><\/td>\n<\/tr>\n<tr>\n<td width=\"426\">H\u00e0m l\u01b0\u1ee3ng Tio2 (%) ,\u2265<\/td>\n<td width=\"426\">99<\/td>\n<\/tr>\n<tr>\n<td width=\"426\">H\u00e0m l\u01b0\u1ee3ng kim lo\u1ea1i n\u1eb7ng<\/p>\n<p>(t\u00ednh b\u1eb1ng Pb, mg\/kg),\u2264<\/td>\n<td width=\"426\">10<\/td>\n<\/tr>\n<tr>\n<td width=\"426\">Theo h\u00e0m l\u01b0\u1ee3ng (mg\/kg), \uff1c<\/td>\n<td width=\"426\">3<\/td>\n<\/tr>\n<tr>\n<td width=\"426\">Ch\u1ea5t tan trong n\u01b0\u1edbc %, \u2264<\/td>\n<td width=\"426\">0.4<\/td>\n<\/tr>\n<tr>\n<td width=\"426\">Ch\u1ea5t tan trong axit %, \uff1c<\/td>\n<td width=\"426\">0.5<\/td>\n<\/tr>\n<tr>\n<td width=\"426\">T\u1ed5n th\u1ea5t khi s\u1ea5y %, \uff1c<\/td>\n<td width=\"426\">0.5<\/td>\n<\/tr>\n<tr>\n<td width=\"426\">T\u1ed5n th\u1ea5t khi \u0111\u00e1nh l\u1eeda %, \uff1c<\/td>\n<td width=\"426\">0.5<\/td>\n<\/tr>\n<tr>\n<td width=\"426\">\u0110\u1ed9 \u0111\u1ee5c ( NTU ),\u2265<\/td>\n<td width=\"426\">2000<\/td>\n<\/tr>\n<\/tbody>\n<\/table>\n<p>&nbsp;<\/p>\n<p><strong>B\u01b0u ki\u1ec7n:<\/strong> Bao 25kg, bao 500kg, bao 1000kg.<\/p>","protected":false},"excerpt":{"rendered":"<p>T\u00ean s\u1ea3n ph\u1ea9m: Titanium Dioxide c\u1ea5p th\u1ef1c ph\u1ea9m<\/p>\n<p>S\u1ed1 CAS: 1317-80-2<\/p>\n<p>MF: Tio2<\/p>\n<p>S\u1ed1 EINECS: 215-282-2<\/p>\n<p>Ngo\u1ea1i quan: B\u1ed9t m\u00e0u tr\u1eafng<\/p>","protected":false},"featured_media":2179,"template":"","meta":{"_acf_changed":false,"_gspb_post_css":""},"product_brand":[],"product_cat":[67,54,66],"product_tag":[],"class_list":{"0":"post-3047","1":"product","2":"type-product","3":"status-publish","4":"has-post-thumbnail","6":"product_cat-sulfate-process","7":"product_cat-inorganic-pigments","8":"product_cat-titanium-dioxide","10":"first","11":"instock","12":"shipping-taxable","13":"product-type-simple"},"acf":[],"_links":{"self":[{"href":"https:\/\/wpachem.com\/vi\/wp-json\/wp\/v2\/product\/3047","targetHints":{"allow":["GET"]}}],"collection":[{"href":"https:\/\/wpachem.com\/vi\/wp-json\/wp\/v2\/product"}],"about":[{"href":"https:\/\/wpachem.com\/vi\/wp-json\/wp\/v2\/types\/product"}],"version-history":[{"count":0,"href":"https:\/\/wpachem.com\/vi\/wp-json\/wp\/v2\/product\/3047\/revisions"}],"wp:featuredmedia":[{"embeddable":true,"href":"https:\/\/wpachem.com\/vi\/wp-json\/wp\/v2\/media\/2179"}],"wp:attachment":[{"href":"https:\/\/wpachem.com\/vi\/wp-json\/wp\/v2\/media?parent=3047"}],"wp:term":[{"taxonomy":"product_brand","embeddable":true,"href":"https:\/\/wpachem.com\/vi\/wp-json\/wp\/v2\/product_brand?post=3047"},{"taxonomy":"product_cat","embeddable":true,"href":"https:\/\/wpachem.com\/vi\/wp-json\/wp\/v2\/product_cat?post=3047"},{"taxonomy":"product_tag","embeddable":true,"href":"https:\/\/wpachem.com\/vi\/wp-json\/wp\/v2\/product_tag?post=3047"}],"curies":[{"name":"wp","href":"https:\/\/api.w.org\/{rel}","templated":true}]}}