{"id":3056,"date":"2022-09-13T08:17:50","date_gmt":"2022-09-13T08:17:50","guid":{"rendered":"http:\/\/site2.easyceotech.com\/?post_type=product&#038;p=3056"},"modified":"2024-03-12T08:09:06","modified_gmt":"2024-03-12T08:09:06","slug":"rubber-accelerator-cbs%ef%bc%88cz%ef%bc%89","status":"publish","type":"product","link":"https:\/\/wpachem.com\/vi\/product\/rubber-accelerator-cbs%ef%bc%88cz%ef%bc%89\/","title":{"rendered":"M\u00e1y gia t\u1ed1c cao su -CBS\uff08CZ\uff09"},"content":{"rendered":"<p><strong>T\u00ean h\u00f3a h\u1ecdc: <\/strong>N-Cyclohexyl-2-benzothiazol sulfenamide<br \/>\nCAS: 95-33-0<\/p>\n<p>C\u00f4ng su\u1ea5t = 264,42<\/p>\n<table>\n<tbody>\n<tr>\n<td width=\"276\"><strong>\u0110\u1eb7c \u0111i\u1ec3m k\u1ef9 thu\u1eadt<\/strong><strong>N<\/strong><\/td>\n<td width=\"473\"><\/td>\n<\/tr>\n<tr>\n<td width=\"276\">V\u1ebb b\u1ec1 ngo\u00e0i<\/td>\n<td width=\"473\">B\u1ed9t m\u00e0u tr\u1eafng x\u00e1m ho\u1eb7c v\u00e0ng nh\u1ea1t<\/td>\n<\/tr>\n<tr>\n<td width=\"276\">\u0110i\u1ec3m n\u00f3ng ch\u1ea3y ban \u0111\u1ea7u<\/td>\n<td width=\"473\">98.0\u2103 ph\u00fat<\/td>\n<\/tr>\n<tr>\n<td width=\"276\">M\u1ea5t nhi\u1ec7t<\/td>\n<td width=\"473\">0,30% t\u1ed1i \u0111a<\/td>\n<\/tr>\n<tr>\n<td width=\"276\">Tro<\/td>\n<td width=\"473\">0,30% t\u1ed1i \u0111a<\/td>\n<\/tr>\n<tr>\n<td width=\"276\">C\u1eb7n c\u00f2n l\u1ea1i tr\u00ean s\u00e0ng 150um<\/td>\n<td width=\"473\">0,10% t\u1ed1i \u0111a<\/td>\n<\/tr>\n<tr>\n<td width=\"276\">Amin t\u1ef1 do<\/td>\n<td width=\"473\">0,40% t\u1ed1i \u0111a<\/td>\n<\/tr>\n<\/tbody>\n<\/table>\n<p>&nbsp;<\/p>\n<p><strong><b>S\u1ef1 mi\u00eau t\u1ea3:<\/b><\/strong> M\u00f9i nh\u1eb9, kh\u00f4ng \u0111\u1ed9c, T\u1ef7 tr\u1ecdng ri\u00eang: 1,31-1,34. Tan trong benzen, metylbenzen, clorofom, cacbon disulfua, cacbon tetraclorua, metylen clorua, axeton v\u00e0 etyl axetat kh\u00f4ng d\u1ec5 tan trong c\u1ed3n etylic; kh\u00f4ng tan trong n\u01b0\u1edbc, axit lo\u00e3ng, axit lo\u00e3ng, ki\u1ec1m lo\u00e3ng v\u00e0 x\u0103ng.<\/p>\n<p><strong>S\u1eed d\u1ee5ng<\/strong><strong>: <\/strong>CBS(CZ) l\u00e0 ch\u1ea5t x\u00fac t\u00e1c c\u00f3 ho\u1ea1t t\u00ednh cao v\u00e0 t\u00e1c d\u1ee5ng ch\u1eadm h\u01a1n nhi\u1ec1u. Ch\u1ee7 y\u1ebfu \u0111\u01b0\u1ee3c s\u1eed d\u1ee5ng trong s\u1ea3n xu\u1ea5t l\u1ed1p xe, gi\u00e0y cao su, \u1ed1ng cao su, c\u00e1p v\u00e0 c\u00e1c s\u1ea3n ph\u1ea9m cao su k\u1ef9 thu\u1eadt kh\u00e1c.<\/p>\n<p><strong>\u0110\u00f3ng g\u00f3i<\/strong><strong>:<\/strong>25kgs r\u00f2ng trong bao d\u1ec7t ph\u00fac m\u1ea1c in m\u00e0u c\u00f3 l\u00f3t t\u00fai polyethylene. (12mt\/FCL)<\/p>","protected":false},"excerpt":{"rendered":"<p>T\u00ean s\u1ea3n ph\u1ea9m: Ch\u1ea5t t\u0103ng t\u1ed1c cao su -CBS\uff08CZ\uff09<\/p>\n<p>S\u1ed1 CAS: 95-33-0<\/p>\n<p>MF: C13H16N2S2<\/p>\n<p>S\u1ed1 EINECS: 202-411-2<\/p>\n<p>Ngo\u1ea1i quan: B\u1ed9t m\u00e0u tr\u1eafng x\u00e1m ho\u1eb7c v\u00e0ng nh\u1ea1t<\/p>","protected":false},"featured_media":2105,"template":"","meta":{"_acf_changed":false,"_gspb_post_css":""},"product_brand":[],"product_cat":[62,72],"product_tag":[],"class_list":{"0":"post-3056","1":"product","2":"type-product","3":"status-publish","4":"has-post-thumbnail","6":"product_cat-rubberplastic-ingredients","7":"product_cat-rubber-accelerator","9":"first","10":"instock","11":"shipping-taxable","12":"product-type-simple"},"acf":[],"_links":{"self":[{"href":"https:\/\/wpachem.com\/vi\/wp-json\/wp\/v2\/product\/3056","targetHints":{"allow":["GET"]}}],"collection":[{"href":"https:\/\/wpachem.com\/vi\/wp-json\/wp\/v2\/product"}],"about":[{"href":"https:\/\/wpachem.com\/vi\/wp-json\/wp\/v2\/types\/product"}],"version-history":[{"count":0,"href":"https:\/\/wpachem.com\/vi\/wp-json\/wp\/v2\/product\/3056\/revisions"}],"wp:featuredmedia":[{"embeddable":true,"href":"https:\/\/wpachem.com\/vi\/wp-json\/wp\/v2\/media\/2105"}],"wp:attachment":[{"href":"https:\/\/wpachem.com\/vi\/wp-json\/wp\/v2\/media?parent=3056"}],"wp:term":[{"taxonomy":"product_brand","embeddable":true,"href":"https:\/\/wpachem.com\/vi\/wp-json\/wp\/v2\/product_brand?post=3056"},{"taxonomy":"product_cat","embeddable":true,"href":"https:\/\/wpachem.com\/vi\/wp-json\/wp\/v2\/product_cat?post=3056"},{"taxonomy":"product_tag","embeddable":true,"href":"https:\/\/wpachem.com\/vi\/wp-json\/wp\/v2\/product_tag?post=3056"}],"curies":[{"name":"wp","href":"https:\/\/api.w.org\/{rel}","templated":true}]}}