{"id":3058,"date":"2022-09-13T08:59:22","date_gmt":"2022-09-13T08:59:22","guid":{"rendered":"http:\/\/site2.easyceotech.com\/?post_type=product&#038;p=3058"},"modified":"2024-03-12T08:09:00","modified_gmt":"2024-03-12T08:09:00","slug":"rubber-accelerator-mbtm","status":"publish","type":"product","link":"https:\/\/wpachem.com\/vi\/product\/rubber-accelerator-mbtm\/","title":{"rendered":"M\u00e1y gia t\u1ed1c cao su MBT(M)"},"content":{"rendered":"<p><strong><b>T\u00ean h\u00f3a h\u1ecdc:<\/b><\/strong><strong><b>\u00a0<\/b><\/strong>2-Mercaptobenzothiazol<\/p>\n<p>S\u1ed0 CAS: 149-30-4<\/p>\n<p>(MW=167,26)<\/p>\n<p>&nbsp;<\/p>\n<p><strong><b>S\u1ef1 mi\u00eau t\u1ea3<\/b><\/strong><strong><b>;<\/b><\/strong>\u00a0M\u00f9i h\u01a1i kh\u00f3 ch\u1ecbu v\u00e0 v\u1ecb \u0111\u1eafng, kh\u00f4ng \u0111\u1ed9c. T\u1ef7 tr\u1ecdng ri\u00eang: 1,42-1,52. D\u1ec5 tan trong etyl axeton, dung d\u1ecbch lo\u00e3ng c\u1ee7a natri hi\u0111roxit v\u00e0 natri cacbonat, tan trong c\u1ed3n etylic, kh\u00f4ng d\u1ec5 tan trong benzen, kh\u00f4ng tan trong n\u01b0\u1edbc v\u00e0 x\u0103ng.<\/p>\n<table>\n<tbody>\n<tr>\n<td colspan=\"2\" width=\"750\">\u0110\u1eb7c \u0111i\u1ec3m k\u1ef9 thu\u1eadt<\/td>\n<\/tr>\n<tr>\n<td width=\"271\">V\u1ebb b\u1ec1 ngo\u00e0i<\/td>\n<td width=\"478\">H\u1ea1t b\u1ed9t m\u00e0u tr\u1eafng x\u00e1m ho\u1eb7c v\u00e0ng nh\u1ea1t<\/td>\n<\/tr>\n<tr>\n<td width=\"271\">\u0110i\u1ec3m n\u00f3ng ch\u1ea3y \u0111\u1ea7u ti\u00ean<\/td>\n<td width=\"478\">171.0\u2103 ph\u00fat<\/td>\n<\/tr>\n<tr>\n<td width=\"271\">M\u1ea5t nhi\u1ec7t<\/td>\n<td width=\"478\">0,40% t\u1ed1i \u0111a<\/td>\n<\/tr>\n<tr>\n<td width=\"271\">Tro<\/td>\n<td width=\"478\">0,30% t\u1ed1i \u0111a<\/td>\n<\/tr>\n<tr>\n<td width=\"271\">C\u1eb7n c\u00f2n l\u1ea1i tr\u00ean s\u00e0ng 150um<\/td>\n<td width=\"478\">0,10% t\u1ed1i \u0111a<\/td>\n<\/tr>\n<\/tbody>\n<\/table>\n<p>&nbsp;<\/p>\n<p><strong><b>C\u00f4ng d\u1ee5ng:<\/b><\/strong><strong><b>\u00a0<\/b><\/strong>S\u1ea3n ph\u1ea9m l\u00e0 ch\u1ea5t t\u0103ng t\u1ed1c b\u00e1n si\u00eau, \u0111\u01b0\u1ee3c s\u1eed d\u1ee5ng r\u1ed9ng r\u00e3i trong qu\u00e1 tr\u00ecnh l\u01b0u h\u00f3a cao su thi\u00ean nhi\u00ean v\u00e0 t\u1ed5ng h\u1ee3p. Ch\u1ee7 y\u1ebfu \u0111\u01b0\u1ee3c s\u1eed d\u1ee5ng trong s\u1ea3n xu\u1ea5t l\u1ed1p cao su, d\u00e2y \u0111ai cao su, gi\u00e0y cao su v\u00e0 c\u00e1c s\u1ea3n ph\u1ea9m cao su k\u1ef9 thu\u1eadt kh\u00e1c.<\/p>\n<p><strong><b>\u0110\u00f3ng g\u00f3i:<\/b><\/strong> 25kgs r\u00f2ng trong bao d\u1ec7t ph\u00fac m\u1ea1c in m\u00e0u c\u00f3 l\u00f3t t\u00fai polyethylene. (12MT\/20FCL)<\/p>\n<p>&nbsp;<\/p>","protected":false},"excerpt":{"rendered":"<p>T\u00ean s\u1ea3n ph\u1ea9m: M\u00e1y gia t\u1ed1c cao su MBT(M)<\/p>\n<p>S\u1ed1 CAS: 149-30-4<\/p>\n<p>Nguy\u00ean t\u1eed: C7H5NS2<\/p>\n<p>S\u1ed1 EINECS: 205-736-8<\/p>\n<p>Ngo\u1ea1i quan: H\u1ea1t b\u1ed9t m\u00e0u tr\u1eafng x\u00e1m ho\u1eb7c v\u00e0ng nh\u1ea1t<\/p>","protected":false},"featured_media":2096,"template":"","meta":{"_acf_changed":false,"_gspb_post_css":""},"product_brand":[],"product_cat":[62,72],"product_tag":[],"class_list":{"0":"post-3058","1":"product","2":"type-product","3":"status-publish","4":"has-post-thumbnail","6":"product_cat-rubberplastic-ingredients","7":"product_cat-rubber-accelerator","9":"first","10":"instock","11":"shipping-taxable","12":"product-type-simple"},"acf":[],"_links":{"self":[{"href":"https:\/\/wpachem.com\/vi\/wp-json\/wp\/v2\/product\/3058","targetHints":{"allow":["GET"]}}],"collection":[{"href":"https:\/\/wpachem.com\/vi\/wp-json\/wp\/v2\/product"}],"about":[{"href":"https:\/\/wpachem.com\/vi\/wp-json\/wp\/v2\/types\/product"}],"version-history":[{"count":0,"href":"https:\/\/wpachem.com\/vi\/wp-json\/wp\/v2\/product\/3058\/revisions"}],"wp:featuredmedia":[{"embeddable":true,"href":"https:\/\/wpachem.com\/vi\/wp-json\/wp\/v2\/media\/2096"}],"wp:attachment":[{"href":"https:\/\/wpachem.com\/vi\/wp-json\/wp\/v2\/media?parent=3058"}],"wp:term":[{"taxonomy":"product_brand","embeddable":true,"href":"https:\/\/wpachem.com\/vi\/wp-json\/wp\/v2\/product_brand?post=3058"},{"taxonomy":"product_cat","embeddable":true,"href":"https:\/\/wpachem.com\/vi\/wp-json\/wp\/v2\/product_cat?post=3058"},{"taxonomy":"product_tag","embeddable":true,"href":"https:\/\/wpachem.com\/vi\/wp-json\/wp\/v2\/product_tag?post=3058"}],"curies":[{"name":"wp","href":"https:\/\/api.w.org\/{rel}","templated":true}]}}