{"id":3060,"date":"2022-09-13T09:32:26","date_gmt":"2022-09-13T09:32:26","guid":{"rendered":"http:\/\/site2.easyceotech.com\/?post_type=product&#038;p=3060"},"modified":"2024-03-12T08:08:17","modified_gmt":"2024-03-12T08:08:17","slug":"rubber-accelerator-dcbs-dz","status":"publish","type":"product","link":"https:\/\/wpachem.com\/vi\/product\/rubber-accelerator-dcbs-dz\/","title":{"rendered":"M\u00e1y gia t\u1ed1c cao su DCBS (DZ)"},"content":{"rendered":"<p><strong>T\u00ean h\u00f3a h\u1ecdc: <\/strong>N, N-Dicyclohexyl-2-Benzothiazol sulfenamide<\/p>\n<p><strong>C\u00f4ng th\u1ee9c ph\u00e2n t\u1eed<\/strong>C<sub>19<\/sub>H<sub>26<\/sub>N<sub>2<\/sub>S<sub>2<\/sub><\/p>\n<p><strong>Tr\u1ecdng l\u01b0\u1ee3ng ph\u00e2n t\u1eed: <\/strong>346.56<\/p>\n<p><strong>Ti\u00eau chu\u1ea9n ch\u1ea5t l\u01b0\u1ee3ng: <\/strong>Q\/SH001-2000<\/p>\n<p><strong>S\u1ed0 CAS:<\/strong>4979-32-2<\/p>\n<p>&nbsp;<\/p>\n<p><strong>\u0110\u1eb7c \u0111i\u1ec3m k\u1ef9 thu\u1eadt:<\/strong><\/p>\n<table>\n<tbody>\n<tr>\n<td width=\"288\"><strong>M\u1ee5c<\/strong><\/td>\n<td width=\"133\">B\u1ed9t<\/td>\n<td width=\"154\">B\u1ed9t d\u1ea7u<\/td>\n<td width=\"148\">H\u1ea1t<\/td>\n<\/tr>\n<tr>\n<td width=\"288\"><strong>V\u1ebb b\u1ec1 ngo\u00e0i<\/strong><\/td>\n<td colspan=\"3\" width=\"436\">H\u1ea1t m\u00e0u kem<\/td>\n<\/tr>\n<tr>\n<td width=\"288\"><strong>MP ban \u0111\u1ea7u \u2103 \u2265<\/strong><\/td>\n<td width=\"133\">97.0<\/td>\n<td width=\"154\">97.0<\/td>\n<td width=\"148\">97.0<\/td>\n<\/tr>\n<tr>\n<td width=\"288\"><strong>T\u1ed5n th\u1ea5t khi s\u1ea5y % \u2264<\/strong><\/td>\n<td width=\"133\">0.30<\/td>\n<td width=\"154\">0.50<\/td>\n<td width=\"148\">0.30<\/td>\n<\/tr>\n<tr>\n<td width=\"288\"><strong>Tro % \u2264<\/strong><\/td>\n<td width=\"133\">0.30<\/td>\n<td width=\"154\">0.30<\/td>\n<td width=\"148\">0.30<\/td>\n<\/tr>\n<tr>\n<td width=\"288\"><strong>D\u01b0 l\u01b0\u1ee3ng tr\u00ean s\u00e0ng 150\u03bcm % \u2264<\/strong><\/td>\n<td width=\"133\">0.10<\/td>\n<td width=\"154\">0.10<\/td>\n<td width=\"148\">\\<\/td>\n<\/tr>\n<tr>\n<td width=\"288\"><strong>Ph\u1ee5 gia %<\/strong><\/td>\n<td width=\"133\">\\<\/td>\n<td width=\"154\">1.0-2.0<\/td>\n<td width=\"148\">\\<\/td>\n<\/tr>\n<tr>\n<td width=\"288\"><strong>\u0110\u01b0\u1eddng k\u00ednh h\u1ea1t mm<\/strong><\/td>\n<td width=\"133\">\\<\/td>\n<td width=\"154\">\\<\/td>\n<td width=\"148\">1.0-3.0<\/td>\n<\/tr>\n<\/tbody>\n<\/table>\n<p>&nbsp;<\/p>\n<p><strong>C\u1ee7a c\u1ea3i:<\/strong>\u00a0H\u1ea1t m\u00e0u kem c\u00f3 v\u1ecb \u0111\u1eafng. T\u1ef7 tr\u1ecdng l\u00e0 1,26, tan trong acetone, ch\u1ea5t l\u1ecfng h\u1eefu c\u01a1, bao g\u1ed3m ch\u1ea5t b\u00e9o v\u00e0 d\u1ea7u, kh\u00f4ng tan trong n\u01b0\u1edbc.<\/p>\n<p><strong>\u1ee8ng d\u1ee5ng:<\/strong>\u00a0DCBS l\u00e0 ch\u1ea5t x\u00fac t\u00e1c sulfenamide c\u00f3 \u0111\u1eb7c t\u00ednh ch\u1ed1ng ch\u00e1y tuy\u1ec7t v\u1eddi v\u00e0 l\u00e0m ch\u1eadm qu\u00e1 tr\u00ecnh \u0111\u00f3ng r\u1eafn. N\u00f3 t\u01b0\u01a1ng th\u00edch v\u1edbi cao su t\u1ef1 nhi\u00ean v\u00e0 t\u1ed5ng h\u1ee3p, th\u00edch h\u1ee3p cho l\u1ed1p xe c\u00f3 l\u1edbp ph\u1ee7 h\u01b0\u1edbng t\u00e2m, \u0111ai cao su v\u00e0 b\u1ed9 gi\u1ea3m x\u00f3c, v.v. \u0110\u1eb7c bi\u1ec7t n\u00f3 t\u1ea1o ra \u0111\u1ed9 b\u00e1m d\u00ednh t\u1ed1t v\u1edbi kim lo\u1ea1i.<\/p>\n<p><strong>Bao b\u00ec:<\/strong>\u00a0Bao d\u1ec7t b\u1eb1ng nh\u1ef1a 25kg, bao gi\u1ea5y c\u00f3 m\u00e0ng nh\u1ef1a, th\u00f9ng phuy 25kg.<\/p>\n<p><strong>Kho:<\/strong>\u00a0S\u1ea3n ph\u1ea9m n\u00ean \u0111\u01b0\u1ee3c b\u1ea3o qu\u1ea3n \u1edf n\u01a1i kh\u00f4 r\u00e1o, tho\u00e1ng m\u00e1t, th\u00f4ng gi\u00f3 t\u1ed1t, tr\u00e1nh \u0111\u1ec3 s\u1ea3n ph\u1ea9m \u0111\u00f3ng g\u00f3i ti\u1ebfp x\u00fac tr\u1ef1c ti\u1ebfp v\u1edbi \u00e1nh n\u1eafng m\u1eb7t tr\u1eddi. Th\u1eddi h\u1ea1n s\u1eed d\u1ee5ng l\u00e0 1 n\u0103m.<\/p>\n<p>Ghi ch\u00fa S\u1ea3n ph\u1ea9m c\u00f3 th\u1ec3 \u1edf d\u1ea1ng b\u1ed9t si\u00eau m\u1ecbn t\u00f9y theo y\u00eau c\u1ea7u ch\u00ednh x\u00e1c c\u1ee7a kh\u00e1ch h\u00e0ng.<\/p>\n<p>&nbsp;<\/p>","protected":false},"excerpt":{"rendered":"<p>T\u00ean s\u1ea3n ph\u1ea9m: M\u00e1y gia t\u1ed1c cao su DCBS (DZ)<\/p>\n<p>S\u1ed1 CAS: 4979-32-2<\/p>\n<p>M\u1ea0NG L\u01af\u1ee2NG: C19H26N2S2<\/p>\n<p>S\u1ed1 EINECS: 225-625-8<\/p>\n<p>Ngo\u1ea1i quan: H\u1ea1t m\u00e0u kem<\/p>","protected":false},"featured_media":3062,"template":"","meta":{"_acf_changed":false,"_gspb_post_css":""},"product_brand":[],"product_cat":[62,72],"product_tag":[],"class_list":{"0":"post-3060","1":"product","2":"type-product","3":"status-publish","4":"has-post-thumbnail","6":"product_cat-rubberplastic-ingredients","7":"product_cat-rubber-accelerator","9":"first","10":"instock","11":"shipping-taxable","12":"product-type-simple"},"acf":[],"_links":{"self":[{"href":"https:\/\/wpachem.com\/vi\/wp-json\/wp\/v2\/product\/3060","targetHints":{"allow":["GET"]}}],"collection":[{"href":"https:\/\/wpachem.com\/vi\/wp-json\/wp\/v2\/product"}],"about":[{"href":"https:\/\/wpachem.com\/vi\/wp-json\/wp\/v2\/types\/product"}],"version-history":[{"count":0,"href":"https:\/\/wpachem.com\/vi\/wp-json\/wp\/v2\/product\/3060\/revisions"}],"wp:featuredmedia":[{"embeddable":true,"href":"https:\/\/wpachem.com\/vi\/wp-json\/wp\/v2\/media\/3062"}],"wp:attachment":[{"href":"https:\/\/wpachem.com\/vi\/wp-json\/wp\/v2\/media?parent=3060"}],"wp:term":[{"taxonomy":"product_brand","embeddable":true,"href":"https:\/\/wpachem.com\/vi\/wp-json\/wp\/v2\/product_brand?post=3060"},{"taxonomy":"product_cat","embeddable":true,"href":"https:\/\/wpachem.com\/vi\/wp-json\/wp\/v2\/product_cat?post=3060"},{"taxonomy":"product_tag","embeddable":true,"href":"https:\/\/wpachem.com\/vi\/wp-json\/wp\/v2\/product_tag?post=3060"}],"curies":[{"name":"wp","href":"https:\/\/api.w.org\/{rel}","templated":true}]}}