{"id":3063,"date":"2022-09-14T03:08:29","date_gmt":"2022-09-14T03:08:29","guid":{"rendered":"http:\/\/site2.easyceotech.com\/?post_type=product&#038;p=3063"},"modified":"2024-03-12T08:08:13","modified_gmt":"2024-03-12T08:08:13","slug":"rubber-accelerator-mbtsdm","status":"publish","type":"product","link":"https:\/\/wpachem.com\/vi\/product\/rubber-accelerator-mbtsdm\/","title":{"rendered":"M\u00e1y gia t\u1ed1c cao su MBTS(DM)"},"content":{"rendered":"<p><strong><b>T\u00ean h\u00f3a h\u1ecdc<\/b><\/strong>: Dibenzothiazole disulfide<br \/>\nS\u1ed0 CAS: 120-78-5<br \/>\n(MW=332,50)<\/p>\n<p><strong><b>C\u1ee7a c\u1ea3i<\/b><\/strong>: V\u1ecb h\u01a1i \u0111\u1eafng, kh\u00f4ng \u0111\u1ed9c. T\u1ef7 tr\u1ecdng ri\u00eang: 1,45-1,54. Tan trong clorofom, tan \u00edt trong benzen, etanol v\u00e0 cacbon tetraclorua. Kh\u00f4ng tan trong x\u0103ng, n\u01b0\u1edbc v\u00e0 etyl axetat.<\/p>\n<p>&nbsp;<\/p>\n<table>\n<tbody>\n<tr>\n<td colspan=\"2\" width=\"750\"><strong><b>\u0110\u1eb7c \u0111i\u1ec3m k\u1ef9 thu\u1eadt<\/b><\/strong><\/td>\n<\/tr>\n<tr>\n<td width=\"312\">V\u1ebb b\u1ec1 ngo\u00e0i<\/td>\n<td width=\"437\">B\u1ed9t m\u00e0u tr\u1eafng ho\u1eb7c v\u00e0ng nh\u1ea1t<\/td>\n<\/tr>\n<tr>\n<td width=\"312\">\u0110i\u1ec3m n\u00f3ng ch\u1ea3y \u0111\u1ea7u ti\u00ean<\/td>\n<td width=\"437\">166.0\u2103 ph\u00fat<\/td>\n<\/tr>\n<tr>\n<td width=\"312\">M\u1ea5t nhi\u1ec7t<\/td>\n<td width=\"437\">0,40% t\u1ed1i \u0111a<\/td>\n<\/tr>\n<tr>\n<td width=\"312\">Tro<\/td>\n<td width=\"437\">0,50% t\u1ed1i \u0111a<\/td>\n<\/tr>\n<tr>\n<td width=\"312\">C\u1eb7n c\u00f2n l\u1ea1i tr\u00ean s\u00e0ng 150um<\/td>\n<td width=\"437\">0,10% t\u1ed1i \u0111a<\/td>\n<\/tr>\n<\/tbody>\n<\/table>\n<p>&nbsp;<\/p>\n<p><strong><b>\u1ee8ng d\u1ee5ng<\/b><\/strong>: Th\u01b0\u1eddng \u0111\u01b0\u1ee3c s\u1eed d\u1ee5ng cho cao su thi\u00ean nhi\u00ean v\u00e0 nhi\u1ec1u lo\u1ea1i cao su t\u1ed5ng h\u1ee3p. \u0110\u01b0\u1ee3c s\u1eed d\u1ee5ng trong s\u1ea3n xu\u1ea5t l\u1ed1p xe, \u1ed1ng cao su, gi\u00e0y cao su, v\u1ea3i cao su v\u00e0 c\u00e1c s\u1ea3n ph\u1ea9m cao su k\u1ef9 thu\u1eadt kh\u00e1c, Accelerator MBTS ho\u1ea1t \u0111\u1ed9ng nh\u01b0 ch\u1ea5t h\u00f3a d\u1ebbo v\u00e0 ch\u1ea5t ho\u1ea1t h\u00f3a cation ch\u1eadm trong polychoroprene.<\/p>\n<p><strong><b>G\u00f3i h\u00e0ng<\/b><\/strong>:20kgs r\u00f2ng trong bao d\u1ec7t ph\u00fac m\u1ea1c in m\u00e0u l\u00f3t b\u1eb1ng t\u00fai polyethylene. 12MT\/20&#039;FCL<\/p>\n<p><strong><b>Kho<\/b><\/strong>: \u1ed4n \u0111\u1ecbnh v\u00f4 th\u1eddi h\u1ea1n trong \u0111i\u1ec1u ki\u1ec7n b\u1ea3o qu\u1ea3n b\u00ecnh th\u01b0\u1eddng.<\/p>","protected":false},"excerpt":{"rendered":"<p>T\u00ean s\u1ea3n ph\u1ea9m: M\u00e1y gia t\u1ed1c cao su MBTS(DM)<\/p>\n<p>S\u1ed1 CAS: 120-78-5<\/p>\n<p>MF: C14H8N2S4<\/p>\n<p>S\u1ed1 EINECS: 204-424-9<\/p>\n<p>Ngo\u1ea1i quan: B\u1ed9t m\u00e0u tr\u1eafng ho\u1eb7c v\u00e0ng nh\u1ea1t, d\u1ea1ng h\u1ea1t<\/p>","protected":false},"featured_media":3012,"template":"","meta":{"_acf_changed":false,"_gspb_post_css":""},"product_brand":[],"product_cat":[62,72],"product_tag":[],"class_list":{"0":"post-3063","1":"product","2":"type-product","3":"status-publish","4":"has-post-thumbnail","6":"product_cat-rubberplastic-ingredients","7":"product_cat-rubber-accelerator","9":"first","10":"instock","11":"shipping-taxable","12":"product-type-simple"},"acf":[],"_links":{"self":[{"href":"https:\/\/wpachem.com\/vi\/wp-json\/wp\/v2\/product\/3063","targetHints":{"allow":["GET"]}}],"collection":[{"href":"https:\/\/wpachem.com\/vi\/wp-json\/wp\/v2\/product"}],"about":[{"href":"https:\/\/wpachem.com\/vi\/wp-json\/wp\/v2\/types\/product"}],"version-history":[{"count":0,"href":"https:\/\/wpachem.com\/vi\/wp-json\/wp\/v2\/product\/3063\/revisions"}],"wp:featuredmedia":[{"embeddable":true,"href":"https:\/\/wpachem.com\/vi\/wp-json\/wp\/v2\/media\/3012"}],"wp:attachment":[{"href":"https:\/\/wpachem.com\/vi\/wp-json\/wp\/v2\/media?parent=3063"}],"wp:term":[{"taxonomy":"product_brand","embeddable":true,"href":"https:\/\/wpachem.com\/vi\/wp-json\/wp\/v2\/product_brand?post=3063"},{"taxonomy":"product_cat","embeddable":true,"href":"https:\/\/wpachem.com\/vi\/wp-json\/wp\/v2\/product_cat?post=3063"},{"taxonomy":"product_tag","embeddable":true,"href":"https:\/\/wpachem.com\/vi\/wp-json\/wp\/v2\/product_tag?post=3063"}],"curies":[{"name":"wp","href":"https:\/\/api.w.org\/{rel}","templated":true}]}}