{"id":3065,"date":"2022-09-14T03:28:09","date_gmt":"2022-09-14T03:28:09","guid":{"rendered":"http:\/\/site2.easyceotech.com\/?post_type=product&#038;p=3065"},"modified":"2024-03-12T08:08:08","modified_gmt":"2024-03-12T08:08:08","slug":"rubber-accelerator-tmtd","status":"publish","type":"product","link":"https:\/\/wpachem.com\/vi\/product\/rubber-accelerator-tmtd\/","title":{"rendered":"M\u00e1y gia t\u1ed1c cao su TMTD"},"content":{"rendered":"<p><strong><b>T\u00ean h\u00f3a h\u1ecdc<\/b><\/strong><strong><b>:\u00a0\u00a0<\/b><\/strong>\u00a0Tetramethylthiuram disulfide<br \/>\n<strong><b>C\u00f4ng th\u1ee9c:<\/b><\/strong>\u00a0C6H12N2S4<br \/>\n<strong><b>S\u1ed1 CAS<\/b><\/strong>:\u00a0\u00a0\u00a0137-26-8<\/p>\n<table>\n<tbody>\n<tr>\n<td colspan=\"3\" width=\"794\"><strong><b>\u0110\u1eb7c \u0111i\u1ec3m k\u1ef9 thu\u1eadt<\/b><\/strong><\/td>\n<\/tr>\n<tr>\n<td width=\"517\">V\u1ebb b\u1ec1 ngo\u00e0i<\/td>\n<td width=\"277\">B\u1ed9t tr\u1eafng<\/td>\n<td width=\"0\"><\/td>\n<\/tr>\n<tr>\n<td width=\"517\">\u0110i\u1ec3m n\u00f3ng ch\u1ea3y ban \u0111\u1ea7u<\/td>\n<td width=\"277\">142\u2103 ph\u00fat<\/td>\n<td width=\"0\"><\/td>\n<\/tr>\n<tr>\n<td width=\"517\">M\u1ea5t m\u00e1t khi s\u01b0\u1edfi \u1ea5m<\/td>\n<td width=\"277\">0,40% t\u1ed1i \u0111a<\/td>\n<td width=\"0\"><\/td>\n<\/tr>\n<tr>\n<td width=\"517\">H\u00e0m l\u01b0\u1ee3ng tro<\/td>\n<td width=\"277\">0,30% t\u1ed1i \u0111a<\/td>\n<td width=\"0\"><\/td>\n<\/tr>\n<tr>\n<td width=\"517\">C\u1eb7n tr\u00ean s\u00e0ng (100 l\u01b0\u1edbi)<\/td>\n<td width=\"277\">0,10% t\u1ed1i \u0111a<\/td>\n<td width=\"0\"><\/td>\n<\/tr>\n<\/tbody>\n<\/table>\n<p>&nbsp;<\/p>\n<p><strong><b>\u1ee8ng d\u1ee5ng<\/b><\/strong><strong><b>:<\/b><\/strong><strong><b> TMTD <\/b><\/strong>c\u00f3 th\u1ec3 \u0111\u01b0\u1ee3c s\u1eed d\u1ee5ng nh\u01b0 m\u1ed9t ch\u1ea5t t\u0103ng t\u1ed1c \u0111\u01a1n, nh\u01b0 m\u1ed9t ch\u1ea5t t\u0103ng t\u1ed1c th\u1ee9 c\u1ea5p ho\u1eb7c nh\u01b0 m\u1ed9t ch\u1ea5t cho l\u01b0u hu\u1ef3nh trong h\u1ea7u h\u1ebft c\u00e1c ch\u1ea5t \u0111\u00e0n h\u1ed3i l\u01b0u h\u00f3a l\u01b0u hu\u1ef3nh. Ch\u00e1y v\u00e0 cho t\u1ed1c \u0111\u1ed9 l\u01b0u h\u00f3a nhanh. T\u1ea1o ra m\u1ed9t m\u1eb7t b\u1eb1ng l\u01b0u h\u00f3a tuy\u1ec7t v\u1eddi v\u1edbi kh\u1ea3 n\u0103ng ch\u1ed1ng l\u00e3o h\u00f3a nhi\u1ec7t v\u00e0 n\u00e9n t\u1ed1t trong c\u00e1c h\u1ec7 th\u1ed1ng l\u01b0u h\u00f3a kh\u00f4ng l\u01b0u hu\u1ef3nh v\u00e0 EV, gi\u1eef m\u00e0u t\u1ed1t trong l\u01b0u h\u00f3a kh\u00f4ng \u0111en. M\u1ed9t ch\u1ea5t t\u0103ng t\u1ed1c th\u1ee9 c\u1ea5p c\u00f3 gi\u00e1 tr\u1ecb cho EPDM. C\u00f3 th\u1ec3 \u0111\u01b0\u1ee3c s\u1eed d\u1ee5ng nh\u01b0 m\u1ed9t ch\u1ea5t l\u00e0m ch\u1eadm trong qu\u00e1 tr\u00ecnh l\u01b0u h\u00f3a cao su polychloroprene v\u1edbi ETU v\u00e0 c\u0169ng \u0111\u01b0\u1ee3c s\u1eed d\u1ee5ng nh\u01b0 thu\u1ed1c di\u1ec7t khu\u1ea9n v\u00e0 thu\u1ed1c tr\u1eeb s\u00e2u<\/p>\n<p><strong><b>B\u01b0u ki\u1ec7n<\/b><\/strong>:<strong><b>\u00a0<\/b><\/strong>Bao gi\u1ea5y 25kg ho\u1eb7c bao d\u1ec7t PP l\u00f3t b\u1eb1ng t\u00fai nilon. Ho\u1eb7c \u0111\u00f3ng g\u00f3i theo y\u00eau c\u1ea7u. (12MT\/20&#039;FCL)<\/p>","protected":false},"excerpt":{"rendered":"<p>T\u00ean s\u1ea3n ph\u1ea9m: Ch\u1ea5t t\u0103ng t\u1ed1c cao su TMTD<\/p>\n<p>S\u1ed1 CAS: 137-26-8<\/p>\n<p>Nguy\u00ean t\u1eed: C6H12N2S4<\/p>\n<p>S\u1ed1 EINECS: 205-286-2<\/p>\n<p>Ngo\u1ea1i quan: B\u1ed9t m\u00e0u tr\u1eafng<\/p>","protected":false},"featured_media":2217,"template":"","meta":{"_acf_changed":false,"_gspb_post_css":""},"product_brand":[],"product_cat":[62,72],"product_tag":[],"class_list":{"0":"post-3065","1":"product","2":"type-product","3":"status-publish","4":"has-post-thumbnail","6":"product_cat-rubberplastic-ingredients","7":"product_cat-rubber-accelerator","9":"first","10":"instock","11":"shipping-taxable","12":"product-type-simple"},"acf":[],"_links":{"self":[{"href":"https:\/\/wpachem.com\/vi\/wp-json\/wp\/v2\/product\/3065","targetHints":{"allow":["GET"]}}],"collection":[{"href":"https:\/\/wpachem.com\/vi\/wp-json\/wp\/v2\/product"}],"about":[{"href":"https:\/\/wpachem.com\/vi\/wp-json\/wp\/v2\/types\/product"}],"version-history":[{"count":0,"href":"https:\/\/wpachem.com\/vi\/wp-json\/wp\/v2\/product\/3065\/revisions"}],"wp:featuredmedia":[{"embeddable":true,"href":"https:\/\/wpachem.com\/vi\/wp-json\/wp\/v2\/media\/2217"}],"wp:attachment":[{"href":"https:\/\/wpachem.com\/vi\/wp-json\/wp\/v2\/media?parent=3065"}],"wp:term":[{"taxonomy":"product_brand","embeddable":true,"href":"https:\/\/wpachem.com\/vi\/wp-json\/wp\/v2\/product_brand?post=3065"},{"taxonomy":"product_cat","embeddable":true,"href":"https:\/\/wpachem.com\/vi\/wp-json\/wp\/v2\/product_cat?post=3065"},{"taxonomy":"product_tag","embeddable":true,"href":"https:\/\/wpachem.com\/vi\/wp-json\/wp\/v2\/product_tag?post=3065"}],"curies":[{"name":"wp","href":"https:\/\/api.w.org\/{rel}","templated":true}]}}