{"id":3073,"date":"2022-09-14T05:38:23","date_gmt":"2022-09-14T05:38:23","guid":{"rendered":"http:\/\/site2.easyceotech.com\/?post_type=product&#038;p=3073"},"modified":"2024-03-12T08:08:03","modified_gmt":"2024-03-12T08:08:03","slug":"rubber-accelerator-mbs","status":"publish","type":"product","link":"https:\/\/wpachem.com\/vi\/product\/rubber-accelerator-mbs\/","title":{"rendered":"M\u00e1y gia t\u1ed1c cao su MBS"},"content":{"rendered":"<p><strong>T\u00ean h\u00f3a h\u1ecdc:<\/strong><strong>\u00a0<\/strong>N-Oxydiethylene-2-benzothiazole sulfonamid<\/p>\n<p><strong>C\u00f4ng th\u1ee9c ph\u00e2n t\u1eed: <\/strong>C<sub>11<\/sub>H<sub>12<\/sub>N<sub>2<\/sub>S<sub>2<\/sub>\u1ed2<\/p>\n<p><strong>Tr\u1ecdng l\u01b0\u1ee3ng ph\u00e2n t\u1eed:<\/strong>253.35<\/p>\n<p><strong>S\u1ed0 CAS:<\/strong>102-77-2<\/p>\n<p>&nbsp;<\/p>\n<p><strong>\u0110\u1eb7c \u0111i\u1ec3m k\u1ef9 thu\u1eadt:<\/strong><\/p>\n<table>\n<tbody>\n<tr>\n<td width=\"250\">M\u1ee5c<\/td>\n<td width=\"288\">Pha l\u00ea<\/td>\n<td width=\"254\">H\u1ea1t<\/td>\n<\/tr>\n<tr>\n<td width=\"250\">V\u1ebb b\u1ec1 ngo\u00e0i<\/td>\n<td colspan=\"2\" width=\"542\">Tinh th\u1ec3 m\u00e0u v\u00e0ng nh\u1ea1t ho\u1eb7c m\u00e0u cam (h\u1ea1t)<\/td>\n<\/tr>\n<tr>\n<td width=\"250\">MP ban \u0111\u1ea7u<sup>\u00f4i<\/sup>C\u2265<\/td>\n<td width=\"288\">80.0<\/td>\n<td width=\"254\">80.0<\/td>\n<\/tr>\n<tr>\n<td width=\"250\">T\u1ed5n th\u1ea5t khi s\u1ea5y%\u2264<\/td>\n<td width=\"288\">0.30<\/td>\n<td width=\"254\">0.30<\/td>\n<\/tr>\n<tr>\n<td width=\"250\">Tro%\u2264<\/td>\n<td width=\"288\">0.30<\/td>\n<td width=\"254\">0.30<\/td>\n<\/tr>\n<tr>\n<td width=\"250\">\u0110\u01b0\u1eddng k\u00ednh h\u1ea1t, mm<\/td>\n<td width=\"288\">\\<\/td>\n<td width=\"254\">1.50<\/td>\n<\/tr>\n<\/tbody>\n<\/table>\n<p>&nbsp;<\/p>\n<p><strong>C\u1ee7a c\u1ea3i:<\/strong>\u00a0Tinh th\u1ec3 m\u00e0u v\u00e0ng nh\u1ea1t ho\u1eb7c m\u00e0u cam (h\u1ea1t). Kh\u00f4ng \u0111\u1ed9c, c\u00f3 m\u00f9i amoniac nh\u1eb9. T\u1ef7 tr\u1ecdng 1,34-1,40. Tan trong benzen, axeton, clorofom, kh\u00f4ng tan trong n\u01b0\u1edbc, axit v\u00e0 ki\u1ec1m c\u00f3 n\u1ed3ng \u0111\u1ed9 th\u1ea5p h\u01a1n.<\/p>\n<p><strong>\u1ee8ng d\u1ee5ng: <\/strong>M\u1ed9t ch\u1ea5t t\u0103ng t\u1ed1c ch\u1eadm tuy\u1ec7t v\u1eddi. Hi\u1ec7u su\u1ea5t t\u01b0\u01a1ng t\u1ef1 nh\u01b0 CZ v\u1edbi \u0111\u1ed9 an to\u00e0n ch\u00e1y x\u00e9m t\u1ed1t h\u01a1n \u0110\u01b0\u1ee3c s\u1eed d\u1ee5ng r\u1ed9ng r\u00e3i trong NR, IR, SBR, NBR v\u00e0 EPDM. C\u00f3 th\u1ec3 s\u1eed d\u1ee5ng ri\u00eang ho\u1eb7c v\u1edbi c\u00e1c ch\u1ea5t t\u0103ng t\u1ed1c l\u01b0u h\u00f3a kh\u00e1c nh\u01b0 thiuram, guanidine v\u00e0 dithiocarbamate \u0111\u1ec3 c\u1ea3i thi\u1ec7n ho\u1ea1t \u0111\u1ed9ng. Ch\u1ee7 y\u1ebfu \u0111\u01b0\u1ee3c s\u1eed d\u1ee5ng trong s\u1ea3n xu\u1ea5t l\u1ed1p xe, gi\u00e0y d\u00e9p v\u00e0 d\u00e2y \u0111ai.<\/p>\n<p><strong>Bao b\u00ec:<\/strong>\u00a0Bao d\u1ec7t b\u1eb1ng nh\u1ef1a 25kg, bao gi\u1ea5y c\u00f3 m\u00e0ng nh\u1ef1a, bao gi\u1ea5y kraft ho\u1eb7c bao jumbo.<\/p>\n<p>&nbsp;<\/p>\n<p><strong>Kho: <\/strong>S\u1ea3n ph\u1ea9m n\u00ean \u0111\u01b0\u1ee3c b\u1ea3o qu\u1ea3n \u1edf n\u01a1i kh\u00f4 r\u00e1o, tho\u00e1ng m\u00e1t, th\u00f4ng gi\u00f3 t\u1ed1t, tr\u00e1nh \u0111\u1ec3 s\u1ea3n ph\u1ea9m \u0111\u00f3ng g\u00f3i ti\u1ebfp x\u00fac tr\u1ef1c ti\u1ebfp v\u1edbi \u00e1nh n\u1eafng m\u1eb7t tr\u1eddi. Th\u1eddi h\u1ea1n s\u1eed d\u1ee5ng l\u00e0 1 n\u0103m.<\/p>\n<p>&nbsp;<\/p>","protected":false},"excerpt":{"rendered":"<p>T\u00ean s\u1ea3n ph\u1ea9m: Ch\u1ea5t t\u0103ng t\u1ed1c cao su MBS<\/p>\n<p>S\u1ed1 CAS: 102-77-2<\/p>\n<p>MF: C11H12N2OS2<\/p>\n<p>S\u1ed1 EINECS: 203-052-4<\/p>\n<p>Ngo\u1ea1i quan: Tinh th\u1ec3 m\u00e0u v\u00e0ng nh\u1ea1t ho\u1eb7c m\u00e0u cam (d\u1ea1ng h\u1ea1t)<\/p>","protected":false},"featured_media":3079,"template":"","meta":{"_acf_changed":false,"_gspb_post_css":""},"product_brand":[],"product_cat":[62,72],"product_tag":[],"class_list":{"0":"post-3073","1":"product","2":"type-product","3":"status-publish","4":"has-post-thumbnail","6":"product_cat-rubberplastic-ingredients","7":"product_cat-rubber-accelerator","9":"first","10":"instock","11":"shipping-taxable","12":"product-type-simple"},"acf":[],"_links":{"self":[{"href":"https:\/\/wpachem.com\/vi\/wp-json\/wp\/v2\/product\/3073","targetHints":{"allow":["GET"]}}],"collection":[{"href":"https:\/\/wpachem.com\/vi\/wp-json\/wp\/v2\/product"}],"about":[{"href":"https:\/\/wpachem.com\/vi\/wp-json\/wp\/v2\/types\/product"}],"version-history":[{"count":0,"href":"https:\/\/wpachem.com\/vi\/wp-json\/wp\/v2\/product\/3073\/revisions"}],"wp:featuredmedia":[{"embeddable":true,"href":"https:\/\/wpachem.com\/vi\/wp-json\/wp\/v2\/media\/3079"}],"wp:attachment":[{"href":"https:\/\/wpachem.com\/vi\/wp-json\/wp\/v2\/media?parent=3073"}],"wp:term":[{"taxonomy":"product_brand","embeddable":true,"href":"https:\/\/wpachem.com\/vi\/wp-json\/wp\/v2\/product_brand?post=3073"},{"taxonomy":"product_cat","embeddable":true,"href":"https:\/\/wpachem.com\/vi\/wp-json\/wp\/v2\/product_cat?post=3073"},{"taxonomy":"product_tag","embeddable":true,"href":"https:\/\/wpachem.com\/vi\/wp-json\/wp\/v2\/product_tag?post=3073"}],"curies":[{"name":"wp","href":"https:\/\/api.w.org\/{rel}","templated":true}]}}