{"id":3085,"date":"2022-09-14T05:42:05","date_gmt":"2022-09-14T05:42:05","guid":{"rendered":"http:\/\/site2.easyceotech.com\/?post_type=product&#038;p=3085"},"modified":"2024-03-12T08:07:58","modified_gmt":"2024-03-12T08:07:58","slug":"rubber-accelerator-etu","status":"publish","type":"product","link":"https:\/\/wpachem.com\/vi\/product\/rubber-accelerator-etu\/","title":{"rendered":"M\u00e1y gia t\u1ed1c cao su ETU"},"content":{"rendered":"<p><strong>T\u00ean h\u00f3a h\u1ecdc: <\/strong>1,3-Ethylene thiourea<\/p>\n<p><strong>C\u00f4ng th\u1ee9c ph\u00e2n t\u1eed: <\/strong>C<sub>3<\/sub>H<sub>6<\/sub>N<sub>2<\/sub>S<\/p>\n<p><strong>Tr\u1ecdng l\u01b0\u1ee3ng ph\u00e2n t\u1eed: <\/strong>102.17<\/p>\n<p><strong>S\u1ed0 CAS: <\/strong>96-45-7<\/p>\n<p>&nbsp;<\/p>\n<p><strong>\u0110\u1eb7c \u0111i\u1ec3m k\u1ef9 thu\u1eadt:<\/strong><\/p>\n<table>\n<tbody>\n<tr>\n<td width=\"413\"><strong>M\u1ee5c<\/strong><\/td>\n<td width=\"192\"><strong>B\u1ed9t<\/strong><\/td>\n<td width=\"233\"><strong>B\u1ed9t d\u1ea7u<\/strong><\/td>\n<\/tr>\n<tr>\n<td width=\"413\"><strong>V\u1ebb b\u1ec1 ngo\u00e0i<\/strong><\/td>\n<td colspan=\"2\" width=\"426\">B\u1ed9t tr\u1eafng<\/td>\n<\/tr>\n<tr>\n<td width=\"413\"><strong>MP ban \u0111\u1ea7u\u2103\u2265<\/strong><\/td>\n<td width=\"192\">195.0<\/td>\n<td width=\"233\">195.0<\/td>\n<\/tr>\n<tr>\n<td width=\"413\"><strong>T\u1ed5n th\u1ea5t khi s\u1ea5y % \u2264<\/strong><\/td>\n<td width=\"192\">0.30<\/td>\n<td width=\"233\">0.50<\/td>\n<\/tr>\n<tr>\n<td width=\"413\"><strong>Tro % \u2264<\/strong><\/td>\n<td width=\"192\">0.30<\/td>\n<td width=\"233\">0.30<\/td>\n<\/tr>\n<tr>\n<td width=\"413\"><strong>D\u01b0 l\u01b0\u1ee3ng tr\u00ean s\u00e0ng 150\u03bcm, % \u2264<\/strong><\/td>\n<td width=\"192\">0.10<\/td>\n<td width=\"233\">0.10<\/td>\n<\/tr>\n<tr>\n<td width=\"413\"><strong>D\u01b0 l\u01b0\u1ee3ng tr\u00ean 63\u03bcm), % \u2264<\/strong><\/td>\n<td width=\"192\">0.50<\/td>\n<td width=\"233\">0.50<\/td>\n<\/tr>\n<tr>\n<td width=\"413\"><strong>Ph\u1ee5 gia, %<\/strong><\/td>\n<td width=\"192\">\\<\/td>\n<td width=\"233\">0.1-2.0<\/td>\n<\/tr>\n<\/tbody>\n<\/table>\n<p>&nbsp;<\/p>\n<p><strong>C\u1ee7a c\u1ea3i: <\/strong>B\u1ed9t m\u00e0u tr\u1eafng. V\u1ecb h\u01a1i \u0111\u1eafng. T\u1ef7 tr\u1ecdng l\u00e0 2,00. Tan trong c\u1ed3n, tan \u00edt trong n\u01b0\u1edbc. Kh\u00f4ng g\u00e2y \u00f4 nhi\u1ec5m cho s\u1ea3n ph\u1ea9m cu\u1ed1i c\u00f9ng. B\u1ea3o qu\u1ea3n \u1ed5n \u0111\u1ecbnh<\/p>\n<p><strong>\u1ee8ng d\u1ee5ng: <\/strong>ETU c\u00f3 xu h\u01b0\u1edbng ch\u00e1y x\u00e9m \u00edt, m\u1ee9c \u0111\u1ed9 an to\u00e0n x\u1eed l\u00fd cao v\u00e0 cho ph\u00e9p l\u01b0u h\u00f3a th\u00edch h\u1ee3p \u0111\u1ea1t \u0111\u01b0\u1ee3c nhanh ch\u00f3ng \u1edf nhi\u1ec7t \u0111\u1ed9 l\u01b0u h\u00f3a th\u00f4ng th\u01b0\u1eddng. Th\u1ec3 hi\u1ec7n \u0111\u1eb7c \u0111i\u1ec3m \u0111\u1ed9ng h\u1ecdc l\u01b0u h\u00f3a v\u00e0 mang l\u1ea1i cho l\u01b0u h\u00f3a c\u00e1c t\u00ednh ch\u1ea5t v\u1eadt l\u00fd tuy\u1ec7t v\u1eddi (\u0111\u1ed9 b\u1ec1n k\u00e9o cao, \u0111\u1ed9 n\u00e9n th\u1ea5p, \u0111\u1ed9 d\u1ebbo l\u1edbn v\u00e0 kh\u1ea3 n\u0103ng ch\u1ecbu nhi\u1ec7t t\u1ed1t)<\/p>\n<p><strong>Bao b\u00ec:<\/strong>\u00a0Bao d\u1ec7t nh\u1ef1a 25kg, bao gi\u1ea5y c\u00f3 m\u00e0ng nh\u1ef1a, bao gi\u1ea5y kraft<\/p>\n<p><strong>Kho:<\/strong> S\u1ea3n ph\u1ea9m n\u00ean \u0111\u01b0\u1ee3c b\u1ea3o qu\u1ea3n \u1edf n\u01a1i kh\u00f4 r\u00e1o, tho\u00e1ng m\u00e1t, th\u00f4ng gi\u00f3 t\u1ed1t, tr\u00e1nh \u0111\u1ec3 s\u1ea3n ph\u1ea9m \u0111\u00f3ng g\u00f3i ti\u1ebfp x\u00fac tr\u1ef1c ti\u1ebfp v\u1edbi \u00e1nh n\u1eafng m\u1eb7t tr\u1eddi. Th\u1eddi h\u1ea1n s\u1eed d\u1ee5ng l\u00e0 1 n\u0103m trong \u0111i\u1ec1u ki\u1ec7n b\u00ecnh th\u01b0\u1eddng.<\/p>","protected":false},"excerpt":{"rendered":"<p>T\u00ean s\u1ea3n ph\u1ea9m: M\u00e1y gia t\u1ed1c cao su ETU<\/p>\n<p>S\u1ed1 CAS: 96-45-7<\/p>\n<p>Nguy\u00ean t\u1eed: C3H6N2S<\/p>\n<p>S\u1ed1 EINECS: 202-506-9<\/p>\n<p>Ngo\u1ea1i quan: B\u1ed9t m\u00e0u tr\u1eafng<\/p>","protected":false},"featured_media":2176,"template":"","meta":{"_acf_changed":false,"_gspb_post_css":""},"product_brand":[],"product_cat":[62,72],"product_tag":[],"class_list":{"0":"post-3085","1":"product","2":"type-product","3":"status-publish","4":"has-post-thumbnail","6":"product_cat-rubberplastic-ingredients","7":"product_cat-rubber-accelerator","9":"first","10":"instock","11":"shipping-taxable","12":"product-type-simple"},"acf":[],"_links":{"self":[{"href":"https:\/\/wpachem.com\/vi\/wp-json\/wp\/v2\/product\/3085","targetHints":{"allow":["GET"]}}],"collection":[{"href":"https:\/\/wpachem.com\/vi\/wp-json\/wp\/v2\/product"}],"about":[{"href":"https:\/\/wpachem.com\/vi\/wp-json\/wp\/v2\/types\/product"}],"version-history":[{"count":0,"href":"https:\/\/wpachem.com\/vi\/wp-json\/wp\/v2\/product\/3085\/revisions"}],"wp:featuredmedia":[{"embeddable":true,"href":"https:\/\/wpachem.com\/vi\/wp-json\/wp\/v2\/media\/2176"}],"wp:attachment":[{"href":"https:\/\/wpachem.com\/vi\/wp-json\/wp\/v2\/media?parent=3085"}],"wp:term":[{"taxonomy":"product_brand","embeddable":true,"href":"https:\/\/wpachem.com\/vi\/wp-json\/wp\/v2\/product_brand?post=3085"},{"taxonomy":"product_cat","embeddable":true,"href":"https:\/\/wpachem.com\/vi\/wp-json\/wp\/v2\/product_cat?post=3085"},{"taxonomy":"product_tag","embeddable":true,"href":"https:\/\/wpachem.com\/vi\/wp-json\/wp\/v2\/product_tag?post=3085"}],"curies":[{"name":"wp","href":"https:\/\/api.w.org\/{rel}","templated":true}]}}