{"id":3087,"date":"2022-09-14T05:50:27","date_gmt":"2022-09-14T05:50:27","guid":{"rendered":"http:\/\/site2.easyceotech.com\/?post_type=product&#038;p=3087"},"modified":"2024-03-12T08:07:54","modified_gmt":"2024-03-12T08:07:54","slug":"rubber-accelerator-zdbc","status":"publish","type":"product","link":"https:\/\/wpachem.com\/vi\/product\/rubber-accelerator-zdbc\/","title":{"rendered":"M\u00e1y gia t\u1ed1c cao su ZDBC"},"content":{"rendered":"<p><strong>T\u00ean h\u00f3a h\u1ecdc:<\/strong>\u00a0K\u1ebdm dibutyl dithiocarbamate<\/p>\n<p><strong>C\u00f4ng th\u1ee9c ph\u00e2n t\u1eed:<\/strong>\u00a0C<sub>18<\/sub>H<sub>36<\/sub>N<sub>2<\/sub>S<sub>4<\/sub>K\u1ebdm<\/p>\n<p><strong>Tr\u1ecdng l\u01b0\u1ee3ng ph\u00e2n t\u1eed:<\/strong>\u00a0474.1<\/p>\n<p><strong>S\u1ed0 CAS:<\/strong>\u00a0136-23-2<\/p>\n<p>&nbsp;<\/p>\n<p><strong>\u0110\u1eb7c \u0111i\u1ec3m k\u1ef9 thu\u1eadt:<\/strong><\/p>\n<table>\n<tbody>\n<tr>\n<td width=\"322\">M\u1ee5c<\/td>\n<td width=\"150\">B\u1ed9t<\/td>\n<td width=\"172\">B\u1ed9t d\u1ea7u<\/td>\n<td width=\"163\">H\u1ea1t<\/td>\n<\/tr>\n<tr>\n<td width=\"322\">V\u1ebb b\u1ec1 ngo\u00e0i<\/td>\n<td colspan=\"3\" width=\"485\">B\u1ed9t m\u00e0u tr\u1eafng (h\u1ea1t)<\/td>\n<\/tr>\n<tr>\n<td width=\"322\">MP ban \u0111\u1ea7u \u2103 \u2265<\/td>\n<td width=\"150\">104.0<\/td>\n<td width=\"172\">104.0<\/td>\n<td width=\"163\">104.0<\/td>\n<\/tr>\n<tr>\n<td width=\"322\">T\u1ed5n th\u1ea5t khi s\u1ea5y % \u2264<\/td>\n<td width=\"150\">0.30<\/td>\n<td width=\"172\">0.50<\/td>\n<td width=\"163\">0.30<\/td>\n<\/tr>\n<tr>\n<td width=\"322\">H\u00e0m l\u01b0\u1ee3ng k\u1ebdm %<\/td>\n<td width=\"150\">13.0-15.0<\/td>\n<td width=\"172\">13.0-15.0<\/td>\n<td width=\"163\">13.0-15.0<\/td>\n<\/tr>\n<tr>\n<td width=\"322\">D\u01b0 l\u01b0\u1ee3ng tr\u00ean s\u00e0ng 150\u03bcm % \u2264<\/td>\n<td width=\"150\">0.10<\/td>\n<td width=\"172\">0.10<\/td>\n<td width=\"163\">\\<\/td>\n<\/tr>\n<tr>\n<td width=\"322\">D\u01b0 l\u01b0\u1ee3ng tr\u00ean s\u00e0ng 63 \u03bcm % \u2264<\/td>\n<td width=\"150\">0.50<\/td>\n<td width=\"172\">0.50<\/td>\n<td width=\"163\">\\<\/td>\n<\/tr>\n<tr>\n<td width=\"322\">H\u00e0m l\u01b0\u1ee3ng k\u1ebdm h\u00f2a tan % \u2264<\/td>\n<td width=\"150\">0.01<\/td>\n<td width=\"172\">0.01<\/td>\n<td width=\"163\">0.01<\/td>\n<\/tr>\n<tr>\n<td width=\"322\">Ph\u1ee5 gia %<\/td>\n<td width=\"150\">\\<\/td>\n<td width=\"172\">0.1-2.0<\/td>\n<td width=\"163\">\\<\/td>\n<\/tr>\n<tr>\n<td width=\"322\">\u0110\u01b0\u1eddng k\u00ednh h\u1ea1t mm<\/td>\n<td width=\"150\">\\<\/td>\n<td width=\"172\">\\<\/td>\n<td width=\"163\">1.50<\/td>\n<\/tr>\n<\/tbody>\n<\/table>\n<p>&nbsp;<\/p>\n<p><strong>C\u1ee7a c\u1ea3i: <\/strong>B\u1ed9t m\u00e0u tr\u1eafng (h\u1ea1t). T\u1ef7 tr\u1ecdng l\u00e0 1,24. Tan trong CS2. benzen, clorofom, r\u01b0\u1ee3u, diethyl ete, kh\u00f4ng tan trong n\u01b0\u1edbc v\u00e0 ki\u1ec1m n\u1ed3ng \u0111\u1ed9 th\u1ea5p. \u0110\u1ed9 \u1ed5n \u0111\u1ecbnh l\u01b0u tr\u1eef t\u1ed1t.<\/p>\n<p><strong>\u1ee8ng d\u1ee5ng: <\/strong>\u0110\u01b0\u1ee3c s\u1eed d\u1ee5ng cho ch\u1ea5t t\u0103ng t\u1ed1c si\u00eau c\u1ea5p ch\u00ednh ho\u1eb7c ph\u1ee5 trong NR. IR, BR, SBR, NBR, HR. EPDM v\u00e0 c\u00e1c lo\u1ea1i m\u1ee7 c\u1ee7a ch\u00fang. T\u00ednh ch\u1ea5t t\u01b0\u01a1ng t\u1ef1 nh\u01b0 PZ v\u00e0 EZ. \u00cdt t\u00e1c \u0111\u1ed9ng t\u0103ng t\u1ed1c h\u01a1n PZ v\u00e0 EZ \u0111\u1ed1i v\u1edbi cao su kh\u00f4. \u0110\u01b0\u1ee3c s\u1eed d\u1ee5ng hi\u1ec7u qu\u1ea3 trong c\u1ea3 m\u1ee7 t\u1ef1 nhi\u00ean v\u00e0 t\u1ed5ng h\u1ee3p \u0111\u1ec3 \u0111\u00f3ng r\u1eafn nhanh h\u01a1n \u1edf nhi\u1ec7t \u0111\u1ed9 b\u00ecnh th\u01b0\u1eddng (th\u1ea5p) so v\u1edbi PZ v\u00e0 EZ, v\u00e0 \u00edt b\u1ecb ch\u00e1y x\u00e9m v\u00e0 n\u1edf hoa h\u01a1n<\/p>\n<p><strong>Bao b\u00ec:<\/strong>Bao d\u1ec7t b\u1eb1ng nh\u1ef1a 25kg, bao gi\u1ea5y c\u00f3 m\u00e0ng nh\u1ef1a, bao gi\u1ea5y kraft ho\u1eb7c bao jumbo<\/p>\n<p><strong>Kho: <\/strong>S\u1ea3n ph\u1ea9m n\u00ean \u0111\u01b0\u1ee3c b\u1ea3o qu\u1ea3n \u1edf n\u01a1i kh\u00f4 r\u00e1o, tho\u00e1ng m\u00e1t, th\u00f4ng gi\u00f3 t\u1ed1t, tr\u00e1nh \u0111\u1ec3 s\u1ea3n ph\u1ea9m \u0111\u00f3ng g\u00f3i ti\u1ebfp x\u00fac tr\u1ef1c ti\u1ebfp v\u1edbi \u00e1nh n\u1eafng m\u1eb7t tr\u1eddi. Th\u1eddi h\u1ea1n s\u1eed d\u1ee5ng l\u00e0 2 n\u0103m.<\/p>\n<p>&nbsp;<\/p>","protected":false},"excerpt":{"rendered":"<p>T\u00ean s\u1ea3n ph\u1ea9m: Ch\u1ea5t t\u0103ng t\u1ed1c cao su ZDBC<\/p>\n<p>S\u1ed1 CAS: 136-23-2<\/p>\n<p>Ch\u1ea5t: C18H36N2S4Zn<\/p>\n<p>S\u1ed1 EINECS: 205-232-8<\/p>\n<p>Ngo\u1ea1i quan: B\u1ed9t m\u00e0u tr\u1eafng (h\u1ea1t)<\/p>","protected":false},"featured_media":2182,"template":"","meta":{"_acf_changed":false,"_gspb_post_css":""},"product_brand":[],"product_cat":[62,72],"product_tag":[],"class_list":{"0":"post-3087","1":"product","2":"type-product","3":"status-publish","4":"has-post-thumbnail","6":"product_cat-rubberplastic-ingredients","7":"product_cat-rubber-accelerator","9":"first","10":"instock","11":"shipping-taxable","12":"product-type-simple"},"acf":[],"_links":{"self":[{"href":"https:\/\/wpachem.com\/vi\/wp-json\/wp\/v2\/product\/3087","targetHints":{"allow":["GET"]}}],"collection":[{"href":"https:\/\/wpachem.com\/vi\/wp-json\/wp\/v2\/product"}],"about":[{"href":"https:\/\/wpachem.com\/vi\/wp-json\/wp\/v2\/types\/product"}],"version-history":[{"count":0,"href":"https:\/\/wpachem.com\/vi\/wp-json\/wp\/v2\/product\/3087\/revisions"}],"wp:featuredmedia":[{"embeddable":true,"href":"https:\/\/wpachem.com\/vi\/wp-json\/wp\/v2\/media\/2182"}],"wp:attachment":[{"href":"https:\/\/wpachem.com\/vi\/wp-json\/wp\/v2\/media?parent=3087"}],"wp:term":[{"taxonomy":"product_brand","embeddable":true,"href":"https:\/\/wpachem.com\/vi\/wp-json\/wp\/v2\/product_brand?post=3087"},{"taxonomy":"product_cat","embeddable":true,"href":"https:\/\/wpachem.com\/vi\/wp-json\/wp\/v2\/product_cat?post=3087"},{"taxonomy":"product_tag","embeddable":true,"href":"https:\/\/wpachem.com\/vi\/wp-json\/wp\/v2\/product_tag?post=3087"}],"curies":[{"name":"wp","href":"https:\/\/api.w.org\/{rel}","templated":true}]}}