{"id":3089,"date":"2022-09-14T06:11:26","date_gmt":"2022-09-14T06:11:26","guid":{"rendered":"http:\/\/site2.easyceotech.com\/?post_type=product&#038;p=3089"},"modified":"2024-03-12T08:07:51","modified_gmt":"2024-03-12T08:07:51","slug":"rubber-accelerator-zdec-ez","status":"publish","type":"product","link":"https:\/\/wpachem.com\/vi\/product\/rubber-accelerator-zdec-ez\/","title":{"rendered":"Ch\u1ea5t t\u0103ng t\u1ed1c cao su ZDEC (EZ)"},"content":{"rendered":"<p><strong>T\u00ean h\u00f3a h\u1ecdc:\u00a0<\/strong>K\u1ebdm diethyl dithiocarbamat<\/p>\n<p><strong>C\u00f4ng th\u1ee9c ph\u00e2n t\u1eed:<\/strong>C<sub>10<\/sub>H<sub>2<\/sub>0N<sub>2<\/sub>S<sub>4<\/sub>K\u1ebdm<\/p>\n<p><strong>Tr\u1ecdng l\u01b0\u1ee3ng ph\u00e2n t\u1eed:<\/strong>361.9<\/p>\n<p><strong>S\u1ed0 CAS:<\/strong>14324-55-1<\/p>\n<p>&nbsp;<\/p>\n<p><strong>\u0110\u1eb7c \u0111i\u1ec3m k\u1ef9 thu\u1eadt:<\/strong><\/p>\n<table>\n<tbody>\n<tr>\n<td width=\"311\">M\u1ee5c<\/td>\n<td width=\"114\">B\u1ed9t<\/td>\n<td width=\"213\">B\u1ed9t d\u1ea7u<\/td>\n<td width=\"213\">H\u1ea1t<\/td>\n<\/tr>\n<tr>\n<td width=\"311\">V\u1ebb b\u1ec1 ngo\u00e0i<\/td>\n<td colspan=\"3\" width=\"540\">B\u1ed9t m\u00e0u tr\u1eafng (h\u1ea1t)<\/td>\n<\/tr>\n<tr>\n<td width=\"311\">MP\u03bfC ban \u0111\u1ea7u\u2265<\/td>\n<td width=\"114\">174.0<\/td>\n<td width=\"213\">174.0<\/td>\n<td width=\"213\">174.0<\/td>\n<\/tr>\n<tr>\n<td width=\"311\">T\u1ed5n th\u1ea5t khi s\u1ea5y%\u2264<\/td>\n<td width=\"114\">0.30<\/td>\n<td width=\"213\">0.50<\/td>\n<td width=\"213\">0.30<\/td>\n<\/tr>\n<tr>\n<td width=\"311\">H\u00e0m l\u01b0\u1ee3ng k\u1ebdm%<\/td>\n<td width=\"114\">17.0-19.0<\/td>\n<td width=\"213\">17.0-19.0<\/td>\n<td width=\"213\">17.0-19.0<\/td>\n<\/tr>\n<tr>\n<td width=\"311\">D\u01b0 l\u01b0\u1ee3ng tr\u00ean s\u00e0ng 150\u03bcm, %\u2264<\/td>\n<td width=\"114\">0.10<\/td>\n<td width=\"213\">0.10<\/td>\n<td width=\"213\">\/<\/td>\n<\/tr>\n<tr>\n<td width=\"311\">D\u01b0 l\u01b0\u1ee3ng tr\u00ean 63\u03bcm), %\u2264<\/td>\n<td width=\"114\">0.50<\/td>\n<td width=\"213\">0.50<\/td>\n<td width=\"213\">\/<\/td>\n<\/tr>\n<tr>\n<td width=\"311\">H\u00e0m l\u01b0\u1ee3ng k\u1ebdm h\u00f2a tan, %\u2264<\/td>\n<td width=\"114\">0.01<\/td>\n<td width=\"213\">0.01<\/td>\n<td width=\"213\">0.01<\/td>\n<\/tr>\n<tr>\n<td width=\"311\">Ph\u1ee5 gia, %<\/td>\n<td width=\"114\">\/<\/td>\n<td width=\"213\">0.1-2.0<\/td>\n<td width=\"213\">\/<\/td>\n<\/tr>\n<tr>\n<td width=\"311\">\u0110\u01b0\u1eddng k\u00ednh h\u1ea1t, mm<\/td>\n<td width=\"114\">\/<\/td>\n<td width=\"213\">\/<\/td>\n<td width=\"213\">1.0-3.0<\/td>\n<\/tr>\n<\/tbody>\n<\/table>\n<p>&nbsp;<\/p>\n<p><strong>C\u1ee7a c\u1ea3i: <\/strong>B\u1ed9t m\u00e0u tr\u1eafng (h\u1ea1t). T\u1ef7 tr\u1ecdng l\u00e0 1,41. Tan trong dung d\u1ecbch NaOH 1%, CS2, benzen, clorofom, tan \u00edt trong c\u1ed3n, kh\u00f4ng tan trong x\u0103ng<\/p>\n<p><strong>\u1ee8ng d\u1ee5ng: <\/strong>\u0110\u01b0\u1ee3c s\u1eed d\u1ee5ng cho NR, IR, SR, SBR, NBR, EPDM v\u00e0 c\u00e1c lo\u1ea1i m\u1ee7 cao su c\u1ee7a ch\u00fang. M\u1ed9t ch\u1ea5t t\u0103ng t\u1ed1c si\u00eau t\u1ed1c hi\u1ec7u qu\u1ea3 s\u01a1 c\u1ea5p ho\u1eb7c th\u1ee9 c\u1ea5p \u0111\u00f3ng r\u1eafn nhanh cho c\u00e1c h\u1ee3p ch\u1ea5t t\u1ea1o th\u00e0nh m\u1ee7 cao su t\u1ef1 nhi\u00ean v\u00e0 t\u1ed5ng h\u1ee3p. C\u00f3 th\u1ec3 \u0111\u01b0\u1ee3c s\u1eed d\u1ee5ng c\u00f3 l\u1ee3i cho c\u00e1c s\u1ea3n ph\u1ea9m nh\u00fang, tr\u1ea3i v\u00e0 \u0111\u00fac. T\u00ednh ch\u1ea5t t\u01b0\u01a1ng t\u1ef1 nh\u01b0 c\u1ee7a PZ. Kh\u1ea3 n\u0103ng ch\u1ed1ng ch\u00e1y k\u00e9m h\u01a1n PZ v\u00e0 c\u00f3 xu h\u01b0\u1edbng l\u01b0u h\u00f3a s\u1edbm nh\u1eb9. Ch\u1ea5t ch\u1ed1ng oxy h\u00f3a trong c\u00e1c h\u1ec7 th\u1ed1ng keo d\u00e1n<\/p>\n<p><strong>Bao b\u00ec:<\/strong>Bao d\u1ec7t nh\u1ef1a 25kg, bao gi\u1ea5y c\u00f3 m\u00e0ng nh\u1ef1a, bao gi\u1ea5y kraft<\/p>\n<p><strong>Kho: <\/strong>S\u1ea3n ph\u1ea9m n\u00ean \u0111\u01b0\u1ee3c b\u1ea3o qu\u1ea3n \u1edf n\u01a1i kh\u00f4 r\u00e1o, tho\u00e1ng m\u00e1t, th\u00f4ng gi\u00f3 t\u1ed1t, tr\u00e1nh \u0111\u1ec3 s\u1ea3n ph\u1ea9m \u0111\u00f3ng g\u00f3i ti\u1ebfp x\u00fac tr\u1ef1c ti\u1ebfp v\u1edbi \u00e1nh n\u1eafng m\u1eb7t tr\u1eddi. Th\u1eddi h\u1ea1n s\u1eed d\u1ee5ng l\u00e0 2 n\u0103m<\/p>","protected":false},"excerpt":{"rendered":"<p>T\u00ean s\u1ea3n ph\u1ea9m: Ch\u1ea5t t\u0103ng t\u1ed1c cao su ZDEC (EZ)<\/p>\n<p>S\u1ed1 CAS: 14324-55-1<\/p>\n<p>Ch\u1ea5t: C10H20N2S4Zn<\/p>\n<p>S\u1ed1 EINECS: 238-270-9<\/p>\n<p>Ngo\u1ea1i quan: B\u1ed9t m\u00e0u tr\u1eafng (h\u1ea1t)<\/p>","protected":false},"featured_media":2103,"template":"","meta":{"_acf_changed":false,"_gspb_post_css":""},"product_brand":[],"product_cat":[62,72],"product_tag":[],"class_list":{"0":"post-3089","1":"product","2":"type-product","3":"status-publish","4":"has-post-thumbnail","6":"product_cat-rubberplastic-ingredients","7":"product_cat-rubber-accelerator","9":"first","10":"instock","11":"shipping-taxable","12":"product-type-simple"},"acf":[],"_links":{"self":[{"href":"https:\/\/wpachem.com\/vi\/wp-json\/wp\/v2\/product\/3089","targetHints":{"allow":["GET"]}}],"collection":[{"href":"https:\/\/wpachem.com\/vi\/wp-json\/wp\/v2\/product"}],"about":[{"href":"https:\/\/wpachem.com\/vi\/wp-json\/wp\/v2\/types\/product"}],"version-history":[{"count":0,"href":"https:\/\/wpachem.com\/vi\/wp-json\/wp\/v2\/product\/3089\/revisions"}],"wp:featuredmedia":[{"embeddable":true,"href":"https:\/\/wpachem.com\/vi\/wp-json\/wp\/v2\/media\/2103"}],"wp:attachment":[{"href":"https:\/\/wpachem.com\/vi\/wp-json\/wp\/v2\/media?parent=3089"}],"wp:term":[{"taxonomy":"product_brand","embeddable":true,"href":"https:\/\/wpachem.com\/vi\/wp-json\/wp\/v2\/product_brand?post=3089"},{"taxonomy":"product_cat","embeddable":true,"href":"https:\/\/wpachem.com\/vi\/wp-json\/wp\/v2\/product_cat?post=3089"},{"taxonomy":"product_tag","embeddable":true,"href":"https:\/\/wpachem.com\/vi\/wp-json\/wp\/v2\/product_tag?post=3089"}],"curies":[{"name":"wp","href":"https:\/\/api.w.org\/{rel}","templated":true}]}}