{"id":3092,"date":"2022-09-14T06:20:03","date_gmt":"2022-09-14T06:20:03","guid":{"rendered":"http:\/\/site2.easyceotech.com\/?post_type=product&#038;p=3092"},"modified":"2024-03-12T08:07:47","modified_gmt":"2024-03-12T08:07:47","slug":"rubber-accelerator-dpg","status":"publish","type":"product","link":"https:\/\/wpachem.com\/vi\/product\/rubber-accelerator-dpg\/","title":{"rendered":"M\u00e1y gia t\u1ed1c cao su DPG"},"content":{"rendered":"<p><strong>T\u00ean h\u00f3a h\u1ecdc: <\/strong>Diphenyl guanidin<\/p>\n<p><strong>C\u00f4ng th\u1ee9c ph\u00e2n t\u1eed:<\/strong>\u00a0C<sub>13<\/sub>H<sub>13<\/sub>N<sub>3<\/sub><\/p>\n<p><strong>Tr\u1ecdng l\u01b0\u1ee3ng ph\u00e2n t\u1eed: <\/strong>211.27<\/p>\n<p><strong>Ti\u00eau chu\u1ea9n ch\u1ea5t l\u01b0\u1ee3ng: <\/strong>HG\/T2342-92<\/p>\n<p><strong>S\u1ed0 CAS: <\/strong>102-06-7<\/p>\n<p>&nbsp;<\/p>\n<p><strong>\u0110\u1eb7c \u0111i\u1ec3m k\u1ef9 thu\u1eadt:\u00a0<\/strong><\/p>\n<table>\n<tbody>\n<tr>\n<td width=\"277\">M\u1ee5c<\/td>\n<td width=\"195\">B\u1ed9t<\/td>\n<td width=\"165\">B\u1ed9t d\u1ea7u<\/td>\n<td width=\"134\">H\u1ea1t<\/td>\n<\/tr>\n<tr>\n<td width=\"277\">M\u1ee5c<\/td>\n<td colspan=\"3\" width=\"494\">B\u1ed9t m\u00e0u tr\u1eafng x\u00e1m (h\u1ea1t)<\/td>\n<\/tr>\n<tr>\n<td width=\"277\">MP ban \u0111\u1ea7u \u2103 \u2265<\/td>\n<td width=\"195\">145.0<\/td>\n<td width=\"165\">145.0<\/td>\n<td width=\"134\">145.0<\/td>\n<\/tr>\n<tr>\n<td width=\"277\">T\u1ed5n th\u1ea5t khi s\u1ea5y % \u2264<\/td>\n<td width=\"195\">0.30<\/td>\n<td width=\"165\">0.50<\/td>\n<td width=\"134\">0.30<\/td>\n<\/tr>\n<tr>\n<td width=\"277\">Tro % \u2264<\/td>\n<td width=\"195\">0.30<\/td>\n<td width=\"165\">0.30<\/td>\n<td width=\"134\">0.30<\/td>\n<\/tr>\n<tr>\n<td width=\"277\">D\u01b0 l\u01b0\u1ee3ng tr\u00ean s\u00e0ng 150\u03bcm % \u2264<\/td>\n<td width=\"195\">0.10<\/td>\n<td width=\"165\">0.10<\/td>\n<td width=\"134\">\\<\/td>\n<\/tr>\n<tr>\n<td width=\"277\">D\u01b0 l\u01b0\u1ee3ng tr\u00ean s\u00e0ng 63\u03bcm % \u2264<\/td>\n<td width=\"195\">0.50<\/td>\n<td width=\"165\">0.50<\/td>\n<td width=\"134\">\\<\/td>\n<\/tr>\n<tr>\n<td width=\"277\">Ph\u1ee5 gia %<\/td>\n<td width=\"195\">\\<\/td>\n<td width=\"165\">0.1-2.0<\/td>\n<td width=\"134\">\\<\/td>\n<\/tr>\n<tr>\n<td width=\"277\">\u0110\u01b0\u1eddng k\u00ednh h\u1ea1t mm<\/td>\n<td width=\"195\">\\<\/td>\n<td width=\"165\">\\<\/td>\n<td width=\"134\">1.50<\/td>\n<\/tr>\n<\/tbody>\n<\/table>\n<p>&nbsp;<\/p>\n<p><strong>C\u1ee7a c\u1ea3i:<\/strong> B\u1ed9t m\u00e0u tr\u1eafng x\u00e1m (h\u1ea1t) Kh\u00f4ng m\u00f9i v\u1ecb, kh\u00f4ng \u0111\u1ed9c. T\u1ef7 tr\u1ecdng 1,08\u20131,19. Tan trong axeton, etyl axetat, benzen, c\u1ed3n, tan \u00edt trong CCl4; Kh\u00f4ng tan trong n\u01b0\u1edbc v\u00e0 x\u0103ng.<\/p>\n<p><strong>\u1ee8ng d\u1ee5ng:<\/strong>\u00a0\u0110\u01b0\u1ee3c s\u1eed d\u1ee5ng nh\u01b0 m\u1ed9t ch\u1ea5t t\u0103ng t\u1ed1c th\u1ee9 c\u1ea5p v\u1edbi thiazole v\u00e0 sulphenamides trong c\u00e1c h\u1ee3p ch\u1ea5t NR v\u00e0 SBR. Th\u1ec3 hi\u1ec7n \u0111\u1ed9 \u1ed5n \u0111\u1ecbnh l\u01b0u tr\u1eef t\u1ed1t h\u01a1n so v\u1edbi thiuram v\u00e0 dithiocarbamates nh\u01b0ng kh\u00f4ng ho\u1ea1t \u0111\u1ed9ng nh\u01b0 v\u1eady. DPG c\u00f3 th\u1ec3 \u0111\u01b0\u1ee3c s\u1eed d\u1ee5ng trong latex nh\u01b0 ch\u1ea5t t\u1ea1o gel th\u1ee9 c\u1ea5p (ch\u1ea5t \u1ed5n \u0111\u1ecbnh b\u1ecdt) trong qu\u00e1 tr\u00ecnh t\u1ea1o b\u1ecdt silico-florua.<\/p>\n<p><strong>Bao b\u00ec:<\/strong>\u00a0Bao d\u1ec7t b\u1eb1ng nh\u1ef1a 25kg, bao gi\u1ea5y c\u00f3 m\u00e0ng nh\u1ef1a, bao gi\u1ea5y kraft ho\u1eb7c bao jumbo.<\/p>\n<p><strong>Kho: <\/strong>Gi\u1eef h\u1ed9p \u0111\u1ef1ng \u0111\u00f3ng ch\u1eb7t \u1edf n\u01a1i tho\u00e1ng m\u00e1t, th\u00f4ng gi\u00f3 t\u1ed1t. Th\u1eddi h\u1ea1n b\u1ea3o qu\u1ea3n t\u1ed1i \u0111a \u0111\u01b0\u1ee3c khuy\u1ebfn ngh\u1ecb l\u00e0 2 n\u0103m khi b\u1ea3o qu\u1ea3n trong \u0111i\u1ec1u ki\u1ec7n b\u00ecnh th\u01b0\u1eddng.<\/p>","protected":false},"excerpt":{"rendered":"<p>T\u00ean s\u1ea3n ph\u1ea9m: M\u00e1y gia t\u1ed1c cao su DPG<\/p>\n<p>S\u1ed1 CAS: 102-06-7<\/p>\n<p>Nguy\u00ean t\u1eed: C13H13N3<\/p>\n<p>S\u1ed1 EINECS: 203-002-1<\/p>\n<p>Ngo\u1ea1i quan: B\u1ed9t m\u00e0u tr\u1eafng x\u00e1m (d\u1ea1ng h\u1ea1t)<\/p>","protected":false},"featured_media":2218,"template":"","meta":{"_acf_changed":false,"_gspb_post_css":""},"product_brand":[],"product_cat":[62,72],"product_tag":[],"class_list":{"0":"post-3092","1":"product","2":"type-product","3":"status-publish","4":"has-post-thumbnail","6":"product_cat-rubberplastic-ingredients","7":"product_cat-rubber-accelerator","9":"first","10":"instock","11":"shipping-taxable","12":"product-type-simple"},"acf":[],"_links":{"self":[{"href":"https:\/\/wpachem.com\/vi\/wp-json\/wp\/v2\/product\/3092","targetHints":{"allow":["GET"]}}],"collection":[{"href":"https:\/\/wpachem.com\/vi\/wp-json\/wp\/v2\/product"}],"about":[{"href":"https:\/\/wpachem.com\/vi\/wp-json\/wp\/v2\/types\/product"}],"version-history":[{"count":0,"href":"https:\/\/wpachem.com\/vi\/wp-json\/wp\/v2\/product\/3092\/revisions"}],"wp:featuredmedia":[{"embeddable":true,"href":"https:\/\/wpachem.com\/vi\/wp-json\/wp\/v2\/media\/2218"}],"wp:attachment":[{"href":"https:\/\/wpachem.com\/vi\/wp-json\/wp\/v2\/media?parent=3092"}],"wp:term":[{"taxonomy":"product_brand","embeddable":true,"href":"https:\/\/wpachem.com\/vi\/wp-json\/wp\/v2\/product_brand?post=3092"},{"taxonomy":"product_cat","embeddable":true,"href":"https:\/\/wpachem.com\/vi\/wp-json\/wp\/v2\/product_cat?post=3092"},{"taxonomy":"product_tag","embeddable":true,"href":"https:\/\/wpachem.com\/vi\/wp-json\/wp\/v2\/product_tag?post=3092"}],"curies":[{"name":"wp","href":"https:\/\/api.w.org\/{rel}","templated":true}]}}