{"id":3094,"date":"2022-09-14T06:32:34","date_gmt":"2022-09-14T06:32:34","guid":{"rendered":"http:\/\/site2.easyceotech.com\/?post_type=product&#038;p=3094"},"modified":"2024-03-12T08:07:41","modified_gmt":"2024-03-12T08:07:41","slug":"rubber-accelerator-tbbsns","status":"publish","type":"product","link":"https:\/\/wpachem.com\/vi\/product\/rubber-accelerator-tbbsns\/","title":{"rendered":"M\u00e1y gia t\u1ed1c cao su TBBS(NS)"},"content":{"rendered":"<p><strong>T\u00ean h\u00f3a h\u1ecdc:\u00a0<\/strong>N-Tertiarybutyl-2-benzothiazol sulfenamide<\/p>\n<p><strong>C\u00f4ng th\u1ee9c ph\u00e2n t\u1eed:<\/strong>C<sub>11<\/sub>H<sub>14<\/sub>N<sub>2<\/sub>S<sub>2<\/sub><\/p>\n<p><strong>Tr\u1ecdng l\u01b0\u1ee3ng ph\u00e2n t\u1eed:<\/strong>238.37<\/p>\n<p><strong>Ti\u00eau chu\u1ea9n ch\u1ea5t l\u01b0\u1ee3ng: <\/strong>HG\/T2744-96<\/p>\n<p><strong>S\u1ed0 CAS:<\/strong>95-31-8<\/p>\n<p>&nbsp;<\/p>\n<p><strong>\u0110\u1eb7c \u0111i\u1ec3m k\u1ef9 thu\u1eadt:<\/strong><\/p>\n<table>\n<tbody>\n<tr>\n<td width=\"298\">M\u1ee5c<\/td>\n<td width=\"136\">B\u1ed9t<\/td>\n<td width=\"150\">B\u1ed9t d\u1ea7u<\/td>\n<td width=\"155\">H\u1ea1t<\/td>\n<\/tr>\n<tr>\n<td width=\"298\">V\u1ebb b\u1ec1 ngo\u00e0i<\/td>\n<td colspan=\"3\" width=\"442\">B\u1ed9t m\u00e0u tr\u1eafng x\u00e1m (h\u1ea1t)<\/td>\n<\/tr>\n<tr>\n<td width=\"298\">MP ban \u0111\u1ea7u \u2103 \u2265<\/td>\n<td width=\"136\">105.0<\/td>\n<td width=\"150\">105.0<\/td>\n<td width=\"155\">105.0<\/td>\n<\/tr>\n<tr>\n<td width=\"298\">T\u1ed5n th\u1ea5t khi s\u1ea5y % \u2264<\/td>\n<td width=\"136\">0.30<\/td>\n<td width=\"150\">0.50<\/td>\n<td width=\"155\">0.30<\/td>\n<\/tr>\n<tr>\n<td width=\"298\">Tro % \u2264<\/td>\n<td width=\"136\">0.30<\/td>\n<td width=\"150\">0.30<\/td>\n<td width=\"155\">0.30<\/td>\n<\/tr>\n<tr>\n<td width=\"298\">D\u01b0 l\u01b0\u1ee3ng tr\u00ean s\u00e0ng 150\u03bcm % \u2264<\/td>\n<td width=\"136\">0.10<\/td>\n<td width=\"150\">0.10<\/td>\n<td width=\"155\">\\<\/td>\n<\/tr>\n<tr>\n<td width=\"298\">D\u01b0 l\u01b0\u1ee3ng tr\u00ean s\u00e0ng 63\u03bcm % \u2264<\/td>\n<td width=\"136\">0.50<\/td>\n<td width=\"150\">0.50<\/td>\n<td width=\"155\">\\<\/td>\n<\/tr>\n<tr>\n<td width=\"298\">Ph\u1ee5 gia %<\/td>\n<td width=\"136\">\\<\/td>\n<td width=\"150\">0.1-2.0<\/td>\n<td width=\"155\">\\<\/td>\n<\/tr>\n<tr>\n<td width=\"298\">\u0110\u01b0\u1eddng k\u00ednh h\u1ea1t mm<\/td>\n<td width=\"136\">\\<\/td>\n<td width=\"150\">\\<\/td>\n<td width=\"155\">1.0-3.0<\/td>\n<\/tr>\n<\/tbody>\n<\/table>\n<p>&nbsp;<\/p>\n<p><strong>C\u1ee7a c\u1ea3i: <\/strong>B\u1ed9t m\u00e0u tr\u1eafng x\u00e1m (h\u1ea1t). T\u1ef7 tr\u1ecdng 1,26-1,32. tan trong benzen, CS2, metyl ancol, axeton. clorofom, ancol, kh\u00f4ng tan trong x\u0103ng, n\u01b0\u1edbc, axit v\u00e0 ki\u1ec1m c\u00f3 n\u1ed3ng \u0111\u1ed9 th\u1ea5p h\u01a1n<\/p>\n<p><strong>\u1ee8ng d\u1ee5ng: <\/strong>Cung c\u1ea5p t\u1ed1c \u0111\u1ed9 \u0111\u00f3ng r\u1eafn nhanh v\u00e0 ph\u00e1t tri\u1ec3n m\u00f4 \u0111un cao trong NR, SBR, BR v\u00e0 h\u1ed7n h\u1ee3p. Th\u01b0\u1eddng \u0111\u01b0\u1ee3c s\u1eed d\u1ee5ng ri\u00eang l\u1ebb ho\u1eb7c v\u1edbi m\u1ed9t l\u01b0\u1ee3ng nh\u1ecf ch\u1ea5t t\u0103ng t\u1ed1c c\u1ef1c nhanh trong h\u1ee3p ch\u1ea5t l\u1ed1p xe ho\u1eb7c c\u00e1c s\u1ea3n ph\u1ea9m cao su c\u00f4ng nghi\u1ec7p, \u00edt \u0111\u1ed9c v\u00e0 hi\u1ec7u qu\u1ea3 cao. L\u00e0 ch\u1ea5t d\u1ef1 ph\u00f2ng t\u1ed1t cho NOBS. \u0110\u01b0\u1ee3c coi l\u00e0 ch\u1ea5t t\u0103ng t\u1ed1c ti\u00eau chu\u1ea9n<\/p>\n<p><strong>Bao b\u00ec: <\/strong>Bao d\u1ec7t b\u1eb1ng nh\u1ef1a 25kg, bao gi\u1ea5y c\u00f3 m\u00e0ng nh\u1ef1a, bao gi\u1ea5y kraft ho\u1eb7c bao jumbo<\/p>\n<p><strong>Kho:<\/strong> S\u1ea3n ph\u1ea9m n\u00ean \u0111\u01b0\u1ee3c b\u1ea3o qu\u1ea3n \u1edf n\u01a1i kh\u00f4 r\u00e1o, tho\u00e1ng m\u00e1t, th\u00f4ng gi\u00f3 t\u1ed1t, tr\u00e1nh \u0111\u1ec3 s\u1ea3n ph\u1ea9m \u0111\u00f3ng g\u00f3i ti\u1ebfp x\u00fac tr\u1ef1c ti\u1ebfp v\u1edbi \u00e1nh n\u1eafng m\u1eb7t tr\u1eddi. Th\u1eddi h\u1ea1n s\u1eed d\u1ee5ng l\u00e0 1 n\u0103m.<\/p>","protected":false},"excerpt":{"rendered":"<p>T\u00ean s\u1ea3n ph\u1ea9m: Ch\u1ea5t t\u0103ng t\u1ed1c cao su TBBS(NS)<\/p>\n<p>S\u1ed1 CAS: 95-31-8<\/p>\n<p>M\u1ea0NG L\u01af\u1ee2NG: C11H14N2S2<\/p>\n<p>S\u1ed1 EINECS: 202-409-1<\/p>\n<p>Ngo\u1ea1i quan: B\u1ed9t m\u00e0u tr\u1eafng x\u00e1m (d\u1ea1ng h\u1ea1t)<\/p>","protected":false},"featured_media":2217,"template":"","meta":{"_acf_changed":false,"_gspb_post_css":""},"product_brand":[],"product_cat":[62,72],"product_tag":[],"class_list":{"0":"post-3094","1":"product","2":"type-product","3":"status-publish","4":"has-post-thumbnail","6":"product_cat-rubberplastic-ingredients","7":"product_cat-rubber-accelerator","9":"first","10":"instock","11":"shipping-taxable","12":"product-type-simple"},"acf":[],"_links":{"self":[{"href":"https:\/\/wpachem.com\/vi\/wp-json\/wp\/v2\/product\/3094","targetHints":{"allow":["GET"]}}],"collection":[{"href":"https:\/\/wpachem.com\/vi\/wp-json\/wp\/v2\/product"}],"about":[{"href":"https:\/\/wpachem.com\/vi\/wp-json\/wp\/v2\/types\/product"}],"version-history":[{"count":0,"href":"https:\/\/wpachem.com\/vi\/wp-json\/wp\/v2\/product\/3094\/revisions"}],"wp:featuredmedia":[{"embeddable":true,"href":"https:\/\/wpachem.com\/vi\/wp-json\/wp\/v2\/media\/2217"}],"wp:attachment":[{"href":"https:\/\/wpachem.com\/vi\/wp-json\/wp\/v2\/media?parent=3094"}],"wp:term":[{"taxonomy":"product_brand","embeddable":true,"href":"https:\/\/wpachem.com\/vi\/wp-json\/wp\/v2\/product_brand?post=3094"},{"taxonomy":"product_cat","embeddable":true,"href":"https:\/\/wpachem.com\/vi\/wp-json\/wp\/v2\/product_cat?post=3094"},{"taxonomy":"product_tag","embeddable":true,"href":"https:\/\/wpachem.com\/vi\/wp-json\/wp\/v2\/product_tag?post=3094"}],"curies":[{"name":"wp","href":"https:\/\/api.w.org\/{rel}","templated":true}]}}