{"id":3096,"date":"2022-09-14T06:38:53","date_gmt":"2022-09-14T06:38:53","guid":{"rendered":"http:\/\/site2.easyceotech.com\/?post_type=product&#038;p=3096"},"modified":"2024-03-12T08:07:37","modified_gmt":"2024-03-12T08:07:37","slug":"rubber-antioxidant-ippd","status":"publish","type":"product","link":"https:\/\/wpachem.com\/vi\/product\/rubber-antioxidant-ippd\/","title":{"rendered":"Ch\u1ea5t ch\u1ed1ng oxy h\u00f3a cao su IPPD"},"content":{"rendered":"<p><strong>T\u00ean h\u00f3a h\u1ecdc:<\/strong>\u00a0N-isopropyl-N&#039;-phenyl-p-phenylenediamine<\/p>\n<p><strong>C\u00f4ng th\u1ee9c ph\u00e2n t\u1eed:<\/strong>C<sub>15<\/sub>H<sub>18<\/sub>N<sub>2<\/sub><\/p>\n<p><strong>Tr\u1ecdng l\u01b0\u1ee3ng ph\u00e2n t\u1eed:<\/strong>\u00a0226.31<\/p>\n<p><strong>S\u1ed1 CAS:<\/strong>\u00a0101-72-4<\/p>\n<p>&nbsp;<\/p>\n<p><strong>\u0110\u1eb7c \u0111i\u1ec3m k\u1ef9 thu\u1eadt:<\/strong><\/p>\n<table>\n<tbody>\n<tr>\n<td width=\"371\">M\u1ee5c<\/td>\n<td width=\"348\">\u0110i\u1ec3m \u0111\u1ee7 ti\u00eau chu\u1ea9n<\/td>\n<\/tr>\n<tr>\n<td width=\"371\">Ngo\u1ea1i h\u00ecnh (Ki\u1ec3m tra tr\u1ef1c quan)<\/td>\n<td width=\"348\">H\u1ea1t m\u00e0u t\u00edm x\u00e1m \u0111\u1ebfn n\u00e2u t\u00edm<\/td>\n<\/tr>\n<tr>\n<td width=\"371\">\u0110\u00e1nh gi\u00e1 (GC) %\u2265<\/td>\n<td width=\"348\">95.0<\/td>\n<\/tr>\n<tr>\n<td width=\"371\">MP ban \u0111\u1ea7u \u2103\u2265<\/td>\n<td width=\"348\">70.0<\/td>\n<\/tr>\n<tr>\n<td width=\"371\">T\u1ed5n th\u1ea5t nhi\u1ec7t %\u2264<\/td>\n<td width=\"348\">0.50<\/td>\n<\/tr>\n<tr>\n<td width=\"371\">Tro %\u2264<\/td>\n<td width=\"348\">0.30<\/td>\n<\/tr>\n<\/tbody>\n<\/table>\n<p>&nbsp;<\/p>\n<p><strong>C\u1ee7a c\u1ea3i:<\/strong> Ch\u1ea5t ch\u1ed1ng oxy h\u00f3a ho\u1ea1t t\u00ednh cao cho cao su t\u1ef1 nhi\u00ean v\u00e0 t\u1ed5ng h\u1ee3p cung c\u1ea5p c\u00e1c \u0111\u1eb7c t\u00ednh ch\u1ed1ng oxy h\u00f3a v\u00e0 ch\u1ed1ng ozon m\u1ea1nh m\u1ebd v\u1edbi kh\u1ea3 n\u0103ng ch\u1ecbu nhi\u1ec7t \u0111\u1ed9 cao, ch\u1ed1ng m\u1ecfi v\u00e0 ch\u1ed1ng u\u1ed1n tuy\u1ec7t v\u1eddi \u0111\u1ed1i v\u1edbi c\u00e1c h\u1ee3p ch\u1ea5t cao su. M\u1eb7c d\u00f9 \u0111\u01b0\u1ee3c s\u1eed d\u1ee5ng ch\u1ee7 y\u1ebfu \u0111\u1ec3 ch\u1ed1ng ozon, nh\u01b0ng \u0111\u00e2y l\u00e0 ch\u1ea5t ch\u1ed1ng oxy h\u00f3a ho\u1ea1t t\u00ednh h\u01a1n so v\u1edbi ch\u1ea5t ch\u1ed1ng oxy h\u00f3a g\u1ed1c quinoline ho\u1eb7c diphenylamine. S\u1ea3n ph\u1ea9m (\u0111\u01a1n l\u1ebb ho\u1eb7c k\u1ebft h\u1ee3p v\u1edbi TMQ) cung c\u1ea5p kh\u1ea3 n\u0103ng b\u1ea3o v\u1ec7 h\u1ee3p ch\u1ea5t ch\u1ed1ng l\u1ea1i s\u1ef1 ph\u00e2n h\u1ee7y x\u00fac t\u00e1c c\u1ee7a \u0111\u1ed3ng v\u00e0 c\u00e1c kim lo\u1ea1i n\u1eb7ng kh\u00e1c. S\u1ea3n ph\u1ea9m kh\u00f4ng c\u00f3 t\u00e1c \u0111\u1ed9ng ti\u00eau c\u1ef1c \u0111\u1ebfn \u0111\u1ed9 b\u00e1m d\u00ednh c\u1ee7a h\u1ee3p ch\u1ea5t v\u00e0o h\u00e0ng d\u1ec7t may ho\u1eb7c d\u00e2y th\u00e9p l\u00ean \u0111\u1ebfn m\u1ee9c 2 phr. Tr\u00ean n\u1ed3ng \u0111\u1ed9 n\u00e0y, n\u00f3 c\u00f3 th\u1ec3 n\u1edf ra v\u00e0 c\u1ea3n tr\u1edf \u0111\u1ed9 b\u00e1m d\u00ednh c\u1ee7a l\u1edbp n\u00e0y v\u1edbi l\u1edbp kia v\u00e0 l\u1edbp kia v\u1edbi d\u00e2y. N\u00f3 s\u1ebd l\u00e0m m\u1ea5t m\u00e0u c\u00e1c h\u1ee3p ch\u1ea5t v\u00e0 g\u00e2y ra v\u1ebft b\u1ea9n do ti\u1ebfp x\u00fac v\u00e0 di chuy\u1ec3n nghi\u00eam tr\u1ecdng.<\/p>\n<p><strong>\u1ee8ng d\u1ee5ng:<\/strong>\u00a0\u00a0\u0110\u01b0\u1ee3c s\u1eed d\u1ee5ng trong t\u1ea5t c\u1ea3 c\u00e1c lo\u1ea1i s\u1ea3n ph\u1ea9m l\u1ed1p xe v\u00e0 cao su, l\u1ed1p xe \u0111\u1eb7c, d\u00e2y \u0111ai, \u1ed1ng m\u1ec1m, c\u00e1p, gi\u00e1 \u0111\u1ee1 \u00f4 t\u00f4, \u1ed1ng l\u00f3t v\u00e0 c\u00e1c s\u1ea3n ph\u1ea9m c\u01a1 kh\u00ed n\u00f3i chung ti\u1ebfp x\u00fac v\u1edbi \u0111i\u1ec1u ki\u1ec7n v\u1eadn h\u00e0nh \u0111\u1ed9ng li\u00ean t\u1ee5c v\u00e0 kh\u00f4ng li\u00ean t\u1ee5c v\u00e0 c\u1ea7n \u0111\u01b0\u1ee3c b\u1ea3o v\u1ec7 kh\u1ecfi qu\u00e1 tr\u00ecnh \u00f4z\u00f4n.<\/p>\n<p><strong>B\u01b0u ki\u1ec7n: <\/strong>Bao d\u1ec7t b\u1eb1ng nh\u1ef1a 25kg, bao gi\u1ea5y c\u00f3 m\u00e0ng nh\u1ef1a, bao gi\u1ea5y kraft.<\/p>\n<p><strong>Kho:<\/strong> B\u1ea3o qu\u1ea3n h\u1ed9p k\u00edn \u1edf n\u01a1i kh\u00f4 r\u00e1o, tho\u00e1ng m\u00e1t, tr\u00e1nh xa v\u1eadt li\u1ec7u oxy h\u00f3a m\u1ea1nh. Tr\u00e1nh ti\u1ebfp x\u00fac tr\u1ef1c ti\u1ebfp v\u1edbi \u00e1nh n\u1eafng m\u1eb7t tr\u1eddi. Kh\u00f4ng x\u1ebfp ch\u1ed3ng hai l\u1edbp.<\/p>","protected":false},"excerpt":{"rendered":"<p>T\u00ean s\u1ea3n ph\u1ea9m: Ch\u1ea5t ch\u1ed1ng oxy h\u00f3a cao su IPPD<\/p>\n<p>S\u1ed1 CAS: 101-72-4<\/p>\n<p>MF: C15H18N2<\/p>\n<p>S\u1ed1 EINECS: 202-969-7<\/p>\n<p>Ngo\u1ea1i quan: H\u1ea1t m\u00e0u t\u00edm x\u00e1m \u0111\u1ebfn n\u00e2u t\u00edm<\/p>","protected":false},"featured_media":3075,"template":"","meta":{"_acf_changed":false,"_gspb_post_css":""},"product_brand":[],"product_cat":[62,73],"product_tag":[],"class_list":{"0":"post-3096","1":"product","2":"type-product","3":"status-publish","4":"has-post-thumbnail","6":"product_cat-rubberplastic-ingredients","7":"product_cat-rubber-antioxidant","9":"first","10":"instock","11":"shipping-taxable","12":"product-type-simple"},"acf":[],"_links":{"self":[{"href":"https:\/\/wpachem.com\/vi\/wp-json\/wp\/v2\/product\/3096","targetHints":{"allow":["GET"]}}],"collection":[{"href":"https:\/\/wpachem.com\/vi\/wp-json\/wp\/v2\/product"}],"about":[{"href":"https:\/\/wpachem.com\/vi\/wp-json\/wp\/v2\/types\/product"}],"version-history":[{"count":0,"href":"https:\/\/wpachem.com\/vi\/wp-json\/wp\/v2\/product\/3096\/revisions"}],"wp:featuredmedia":[{"embeddable":true,"href":"https:\/\/wpachem.com\/vi\/wp-json\/wp\/v2\/media\/3075"}],"wp:attachment":[{"href":"https:\/\/wpachem.com\/vi\/wp-json\/wp\/v2\/media?parent=3096"}],"wp:term":[{"taxonomy":"product_brand","embeddable":true,"href":"https:\/\/wpachem.com\/vi\/wp-json\/wp\/v2\/product_brand?post=3096"},{"taxonomy":"product_cat","embeddable":true,"href":"https:\/\/wpachem.com\/vi\/wp-json\/wp\/v2\/product_cat?post=3096"},{"taxonomy":"product_tag","embeddable":true,"href":"https:\/\/wpachem.com\/vi\/wp-json\/wp\/v2\/product_tag?post=3096"}],"curies":[{"name":"wp","href":"https:\/\/api.w.org\/{rel}","templated":true}]}}