{"id":3098,"date":"2022-09-14T06:41:55","date_gmt":"2022-09-14T06:41:55","guid":{"rendered":"http:\/\/site2.easyceotech.com\/?post_type=product&#038;p=3098"},"modified":"2024-03-12T08:04:57","modified_gmt":"2024-03-12T08:04:57","slug":"rubber-antioxidant-6ppd","status":"publish","type":"product","link":"https:\/\/wpachem.com\/vi\/product\/rubber-antioxidant-6ppd\/","title":{"rendered":"Ch\u1ea5t ch\u1ed1ng oxy h\u00f3a cao su 6PPD"},"content":{"rendered":"<p><strong>T\u00ean h\u00f3a h\u1ecdc:\u00a0 <\/strong>N-(1,3-dimethylbutyl)-N&#039;-phenyl-p-phenylenediamine<\/p>\n<p><strong>C\u00f4ng th\u1ee9c ph\u00e2n t\u1eed:<\/strong>C<sub>18<\/sub>H<sub>24<\/sub>N<sub>2<\/sub><\/p>\n<p><strong>Tr\u1ecdng l\u01b0\u1ee3ng ph\u00e2n t\u1eed:<\/strong>\u00a0268.40<\/p>\n<p><strong>S\u1ed0 CAS:<\/strong>\u00a0793-24-8<\/p>\n<p><strong>Th\u00f4ng s\u1ed1 k\u1ef9 thu\u1eadt:<\/strong>\u00a0GB\/T21841-2008<\/p>\n<table>\n<tbody>\n<tr>\n<td width=\"422\">M\u1ee5c<\/td>\n<td width=\"368\">\u0110i\u1ec3m \u0111\u1ee7 ti\u00eau chu\u1ea9n<\/td>\n<\/tr>\n<tr>\n<td width=\"422\">Ngo\u1ea1i h\u00ecnh (Ki\u1ec3m tra tr\u1ef1c quan)<\/td>\n<td width=\"368\">H\u1ea1t m\u00e0u t\u00edm \u0111\u1eadm<\/td>\n<\/tr>\n<tr>\n<td width=\"422\">\u0110\u00e1nh gi\u00e1 (GC) %\u2265<\/td>\n<td width=\"368\">96.0<\/td>\n<\/tr>\n<tr>\n<td width=\"422\">\u0110i\u1ec3m \u0111\u00f4ng \u0111\u1eb7c \u2103\u2265<\/td>\n<td width=\"368\">45.0<\/td>\n<\/tr>\n<tr>\n<td width=\"422\">T\u1ed5n th\u1ea5t khi s\u1ea5y % \u2264<\/td>\n<td width=\"368\">0.50<\/td>\n<\/tr>\n<tr>\n<td width=\"422\">H\u00e0m l\u01b0\u1ee3ng tro % \u2264<\/td>\n<td width=\"368\">0.10<\/td>\n<\/tr>\n<\/tbody>\n<\/table>\n<p>&nbsp;<\/p>\n<p><strong>C\u1ee7a c\u1ea3i:<\/strong> \u00a0H\u1ea1t m\u00e0u t\u00edm s\u1eabm v\u00e0 s\u1ebd \u0111\u00f3ng c\u1ee5c ch\u1eadm khi nhi\u1ec7t \u0111\u1ed9 v\u01b0\u1ee3t qu\u00e1 35-40\u2103. H\u00f2a tan trong \u0111\u01b0\u1eddng \u1ed1ng d\u1eabn kh\u00ed, benzen, axeton, etyl axetat, dichloroethane, cacbon tetraclorua, metylbenzen, etylalcohol v\u00e0 c\u00e1c dung m\u00f4i h\u1eefu c\u01a1 kh\u00e1c, kh\u00f4ng h\u00f2a tan trong n\u01b0\u1edbc.<\/p>\n<p>&nbsp;<\/p>\n<p><strong>\u1ee8ng d\u1ee5ng:<\/strong> L\u00e0 m\u1ed9t lo\u1ea1i ch\u1ea5t ch\u1ed1ng oxy h\u00f3a cao su ursol, 6PPD c\u00f3 kh\u1ea3 n\u0103ng t\u01b0\u01a1ng th\u00edch t\u1ed1t h\u01a1n v\u1edbi cao su, \u00edt n\u1edf hoa, \u00edt bay h\u01a1i, \u00edt \u0111\u1ed9c t\u00ednh, c\u00f3 kh\u1ea3 n\u0103ng ch\u1ed1ng oxy h\u00f3a tuy\u1ec7t v\u1eddi, ch\u1ed1ng \u00f4z\u00f4n, ch\u1ed1ng n\u1ee9t u\u1ed1n cong, ch\u1ed1ng n\u1ee9t c\u00e1ch \u0111i\u1ec7n, \u1ee9c ch\u1ebf m\u1ea1nh \u0111\u1ed1i v\u1edbi \u0111\u1ed3ng ho\u1eb7c mangan v\u00e0 c\u00e1c kim lo\u1ea1i \u0111\u1ed9c h\u1ea1i kh\u00e1c, c\u00f3 th\u1ec3 \u00e1p d\u1ee5ng cho t\u1ea5t c\u1ea3 c\u00e1c lo\u1ea1i cao su t\u1ed5ng h\u1ee3p v\u00e0 cao su thi\u00ean nhi\u00ean. V\u1edbi kh\u1ea3 n\u0103ng ph\u00e2n t\u00e1n t\u1ed1t trong v\u1eadt li\u1ec7u \u0111\u1ecbnh h\u00ecnh v\u00e0 \u00edt \u1ea3nh h\u01b0\u1edfng \u0111\u1ebfn qu\u00e1 tr\u00ecnh l\u01b0u h\u00f3a, n\u00f3 c\u00f3 th\u1ec3 l\u00e0m m\u1ec1m v\u1eadt li\u1ec7u \u0111\u1ecbnh h\u00ecnh, do \u0111\u00f3 c\u00f3 th\u1ec3 s\u1eed d\u1ee5ng cho l\u1ed1p xe v\u00e0 c\u00e1c lo\u1ea1i s\u1ea3n ph\u1ea9m cao su kh\u00e1c, c\u0169ng c\u00f3 th\u1ec3 \u0111\u01b0\u1ee3c s\u1eed d\u1ee5ng l\u00e0m ch\u1ea5t \u1ed5n \u0111\u1ecbnh oxy nhi\u1ec7t cho polyethylene, polypropylene v\u00e0 nh\u1ef1a acrylic.<\/p>\n<p>&nbsp;<\/p>\n<p><strong>B\u01b0u ki\u1ec7n:<\/strong>\u00a0Bao d\u1ec7t b\u1eb1ng nh\u1ef1a 25kg, bao gi\u1ea5y c\u00f3 m\u00e0ng nh\u1ef1a, bao gi\u1ea5y kraft.<\/p>\n<p><strong>\u00a0<\/strong><\/p>","protected":false},"excerpt":{"rendered":"<p>T\u00ean s\u1ea3n ph\u1ea9m: Ch\u1ea5t ch\u1ed1ng oxy h\u00f3a cao su 6PPD<\/p>\n<p>S\u1ed1 CAS: 793-24-8<\/p>\n<p>MF: C18H24N2<\/p>\n<p>S\u1ed1 EINECS: 212-344-0<\/p>\n<p>Ngo\u1ea1i quan: H\u1ea1t m\u00e0u t\u00edm s\u1eabm<\/p>","protected":false},"featured_media":3076,"template":"","meta":{"_acf_changed":false,"_gspb_post_css":""},"product_brand":[],"product_cat":[62,73],"product_tag":[],"class_list":{"0":"post-3098","1":"product","2":"type-product","3":"status-publish","4":"has-post-thumbnail","6":"product_cat-rubberplastic-ingredients","7":"product_cat-rubber-antioxidant","9":"first","10":"instock","11":"shipping-taxable","12":"product-type-simple"},"acf":[],"_links":{"self":[{"href":"https:\/\/wpachem.com\/vi\/wp-json\/wp\/v2\/product\/3098","targetHints":{"allow":["GET"]}}],"collection":[{"href":"https:\/\/wpachem.com\/vi\/wp-json\/wp\/v2\/product"}],"about":[{"href":"https:\/\/wpachem.com\/vi\/wp-json\/wp\/v2\/types\/product"}],"version-history":[{"count":0,"href":"https:\/\/wpachem.com\/vi\/wp-json\/wp\/v2\/product\/3098\/revisions"}],"wp:featuredmedia":[{"embeddable":true,"href":"https:\/\/wpachem.com\/vi\/wp-json\/wp\/v2\/media\/3076"}],"wp:attachment":[{"href":"https:\/\/wpachem.com\/vi\/wp-json\/wp\/v2\/media?parent=3098"}],"wp:term":[{"taxonomy":"product_brand","embeddable":true,"href":"https:\/\/wpachem.com\/vi\/wp-json\/wp\/v2\/product_brand?post=3098"},{"taxonomy":"product_cat","embeddable":true,"href":"https:\/\/wpachem.com\/vi\/wp-json\/wp\/v2\/product_cat?post=3098"},{"taxonomy":"product_tag","embeddable":true,"href":"https:\/\/wpachem.com\/vi\/wp-json\/wp\/v2\/product_tag?post=3098"}],"curies":[{"name":"wp","href":"https:\/\/api.w.org\/{rel}","templated":true}]}}