{"id":3100,"date":"2022-09-14T06:47:37","date_gmt":"2022-09-14T06:47:37","guid":{"rendered":"http:\/\/site2.easyceotech.com\/?post_type=product&#038;p=3100"},"modified":"2024-03-12T08:05:44","modified_gmt":"2024-03-12T08:05:44","slug":"rubber-antioxidant-tmq","status":"publish","type":"product","link":"https:\/\/wpachem.com\/vi\/product\/rubber-antioxidant-tmq\/","title":{"rendered":"Ch\u1ea5t ch\u1ed1ng oxy h\u00f3a cao su TMQ"},"content":{"rendered":"<p><strong>T\u00ean h\u00f3a h\u1ecdc:<\/strong>\u00a0Tr\u00f9ng h\u1ee3p-2,2,4-trimethyl-1,2-dihydroquinoline<\/p>\n<p><strong>C\u00f4ng th\u1ee9c ph\u00e2n t\u1eed:<\/strong>(C<sub>12<\/sub>H<sub>15<\/sub>N)nn=2-4<\/p>\n<p><strong>Tr\u1ecdng l\u01b0\u1ee3ng ph\u00e2n t\u1eed:<\/strong>\u00a0(173.26)n<\/p>\n<p><strong>S\u1ed0 CAS: <\/strong>26780-96-1<\/p>\n<p><strong>Th\u00f4ng s\u1ed1 k\u1ef9 thu\u1eadt:<\/strong>\u00a0Ti\u00eau chu\u1ea9n GB\/T 8826-2003<\/p>\n<table>\n<tbody>\n<tr>\n<td width=\"277\"><strong>M\u1ee5c<\/strong><\/td>\n<td width=\"275\"><strong>L\u1edbp m\u1ed9t<\/strong><\/td>\n<td width=\"299\"><strong>\u0110i\u1ec3m \u0111\u1ee7 ti\u00eau chu\u1ea9n<\/strong><\/td>\n<\/tr>\n<tr>\n<td width=\"277\"><strong>V\u1ebb b\u1ec1 ngo\u00e0i<\/strong><\/td>\n<td colspan=\"2\" width=\"574\">M\u00e0u h\u1ed5 ph\u00e1ch \u0111\u1ebfn n\u00e2u v\u1ea3y ho\u1eb7c d\u1ea1ng h\u1ea1t<\/td>\n<\/tr>\n<tr>\n<td width=\"277\"><strong>\u0110i\u1ec3m l\u00e0m m\u1ec1m <\/strong><strong>\u2103<\/strong><strong>\u2265<\/strong><\/td>\n<td width=\"275\">80-100<\/td>\n<td width=\"299\">80-100<\/td>\n<\/tr>\n<tr>\n<td width=\"277\"><strong>T\u1ed5n th\u1ea5t nhi\u1ec7t % \u2264<\/strong><\/td>\n<td width=\"275\">0.30<\/td>\n<td width=\"299\">0.50<\/td>\n<\/tr>\n<tr>\n<td width=\"277\"><strong>H\u00e0m l\u01b0\u1ee3ng tro %<\/strong><strong>\u2264<\/strong><\/td>\n<td width=\"275\">0.30<\/td>\n<td width=\"299\">0.50<\/td>\n<\/tr>\n<\/tbody>\n<\/table>\n<p>&nbsp;<\/p>\n<p><strong>C\u1ee7a c\u1ea3i:<\/strong>\u00a0D\u1ea1ng v\u1ea3y ho\u1eb7c d\u1ea1ng h\u1ea1t m\u00e0u h\u1ed5 ph\u00e1ch \u0111\u1ebfn n\u00e2u. M\u1eadt \u0111\u1ed9: 1,05g\/cm3. Tan trong benzen, clorofom, cacbon disulfua v\u00e0 axeton, nh\u01b0ng kh\u00f4ng tan trong n\u01b0\u1edbc. Dung d\u1ecbch m\u1ecbn v\u1edbi cao su. S\u1ea3n ph\u1ea9m n\u00e0y d\u1ec5 ch\u00e1y, khi l\u01b0u tr\u1eef v\u00e0 v\u1eadn chuy\u1ec3n, lu\u00f4n ch\u00fa \u00fd ch\u1ed1ng ch\u00e1y v\u00e0 ch\u1ed1ng \u1ea9m.<\/p>\n<p>&nbsp;<\/p>\n<p><strong>\u1ee8ng d\u1ee5ng: <\/strong>\u0111\u01b0\u1ee3c s\u1eed d\u1ee5ng r\u1ed9ng r\u00e3i trong s\u1ea3n xu\u1ea5t l\u1ed1p xe, xe m\u00e1y, xe \u0111\u1ea1p, cao su, nh\u1ef1a, b\u0103ng d\u00ednh, d\u00e2y \u0111i\u1ec7n, c\u00e1p v\u00e0 c\u00e1c s\u1ea3n ph\u1ea9m cao su kh\u00e1c.<\/p>\n<p>&nbsp;<\/p>\n<p><strong>B\u01b0u ki\u1ec7n: <\/strong>Bao d\u1ec7t b\u1eb1ng nh\u1ef1a 25kg, bao gi\u1ea5y c\u00f3 m\u00e0ng nh\u1ef1a, bao gi\u1ea5y kraft.<\/p>\n<p>&nbsp;<\/p>","protected":false},"excerpt":{"rendered":"<p>T\u00ean s\u1ea3n ph\u1ea9m: Ch\u1ea5t ch\u1ed1ng oxy h\u00f3a cao su TMQ<\/p>\n<p>S\u1ed1 CAS: 26780-96-1<\/p>\n<p>MF: C12H15N<\/p>\n<p>S\u1ed1 EINECS: C12H15N<\/p>\n<p>Ngo\u1ea1i h\u00ecnh: D\u1ea1ng v\u1ea3y ho\u1eb7c d\u1ea1ng h\u1ea1t m\u00e0u h\u1ed5 ph\u00e1ch \u0111\u1ebfn n\u00e2u<\/p>","protected":false},"featured_media":3081,"template":"","meta":{"_acf_changed":false,"_gspb_post_css":""},"product_brand":[],"product_cat":[62,73],"product_tag":[],"class_list":{"0":"post-3100","1":"product","2":"type-product","3":"status-publish","4":"has-post-thumbnail","6":"product_cat-rubberplastic-ingredients","7":"product_cat-rubber-antioxidant","9":"first","10":"instock","11":"shipping-taxable","12":"product-type-simple"},"acf":[],"_links":{"self":[{"href":"https:\/\/wpachem.com\/vi\/wp-json\/wp\/v2\/product\/3100","targetHints":{"allow":["GET"]}}],"collection":[{"href":"https:\/\/wpachem.com\/vi\/wp-json\/wp\/v2\/product"}],"about":[{"href":"https:\/\/wpachem.com\/vi\/wp-json\/wp\/v2\/types\/product"}],"version-history":[{"count":0,"href":"https:\/\/wpachem.com\/vi\/wp-json\/wp\/v2\/product\/3100\/revisions"}],"wp:featuredmedia":[{"embeddable":true,"href":"https:\/\/wpachem.com\/vi\/wp-json\/wp\/v2\/media\/3081"}],"wp:attachment":[{"href":"https:\/\/wpachem.com\/vi\/wp-json\/wp\/v2\/media?parent=3100"}],"wp:term":[{"taxonomy":"product_brand","embeddable":true,"href":"https:\/\/wpachem.com\/vi\/wp-json\/wp\/v2\/product_brand?post=3100"},{"taxonomy":"product_cat","embeddable":true,"href":"https:\/\/wpachem.com\/vi\/wp-json\/wp\/v2\/product_cat?post=3100"},{"taxonomy":"product_tag","embeddable":true,"href":"https:\/\/wpachem.com\/vi\/wp-json\/wp\/v2\/product_tag?post=3100"}],"curies":[{"name":"wp","href":"https:\/\/api.w.org\/{rel}","templated":true}]}}