{"id":3102,"date":"2022-09-14T06:53:14","date_gmt":"2022-09-14T06:53:14","guid":{"rendered":"http:\/\/site2.easyceotech.com\/?post_type=product&#038;p=3102"},"modified":"2024-03-12T08:05:40","modified_gmt":"2024-03-12T08:05:40","slug":"rubber-vulcanizing-agent-dtdm","status":"publish","type":"product","link":"https:\/\/wpachem.com\/vi\/product\/rubber-vulcanizing-agent-dtdm\/","title":{"rendered":"Ch\u1ea5t l\u01b0u h\u00f3a cao su DTDM"},"content":{"rendered":"<p><strong><b>T\u00ean h\u00f3a h\u1ecdc: <\/b><\/strong>4\u2032,4\u2032-dithiodimorpholine<\/p>\n<p><strong><b>C\u00f4ng th\u1ee9c: <\/b><\/strong>C8H16N2O2S2<b><\/b><\/p>\n<p><strong><b>S\u1ed0 CAS: <\/b><\/strong>103-34-4<\/p>\n<p><strong>S\u1ef1 mi\u00eau t\u1ea3:<\/strong><strong><b>\u00a0<\/b><\/strong>Tinh th\u1ec3 ho\u1eb7c b\u1ed9t m\u00e0u tr\u1eafng. T\u1ef7 tr\u1ecdng ri\u00eang: 1,28-1,32. Kh\u00f4ng \u0111\u1ed9c. Tan trong benzen, c\u1ed3n v\u00e0 axeton; kh\u00f4ng tan trong n\u01b0\u1edbc.<\/p>\n<table>\n<tbody>\n<tr>\n<td width=\"466\"><strong><b>Th\u00f4ng s\u1ed1 k\u1ef9 thu\u1eadt<\/b><\/strong><\/td>\n<td width=\"335\"><\/td>\n<\/tr>\n<tr>\n<td width=\"466\">V\u1ebb b\u1ec1 ngo\u00e0i<\/td>\n<td width=\"335\">B\u1ed9t tr\u1eafng<\/td>\n<\/tr>\n<tr>\n<td width=\"466\">M\u1ea5t m\u00e1t khi s\u1ea5y kh\u00f4<\/td>\n<td width=\"335\">T\u1ed1i \u0111a 0,3%<\/td>\n<\/tr>\n<tr>\n<td width=\"466\">Tro<\/td>\n<td width=\"335\">T\u1ed1i \u0111a 0,3%<\/td>\n<\/tr>\n<tr>\n<td width=\"466\">\u0110i\u1ec3m n\u00f3ng ch\u1ea3y ban \u0111\u1ea7u:<\/td>\n<td width=\"335\">120oC<\/td>\n<\/tr>\n<\/tbody>\n<\/table>\n<p>&nbsp;<\/p>\n<p><strong><b>S\u1eed d\u1ee5ng<\/b><\/strong><strong><b>: <\/b><\/strong>L\u00e0 v\u1eadt li\u1ec7u li\u00ean k\u1ebft cao su thi\u00ean nhi\u00ean v\u1edbi t\u1ea5t c\u1ea3 c\u00e1c lo\u1ea1i cao su t\u1ed5ng h\u1ee3p. N\u00f3 \u0111\u01b0\u1ee3c s\u1eed d\u1ee5ng trong nhi\u1ec1u s\u1ea3n ph\u1ea9m \u0111\u1ed9ng, s\u1ea3n ph\u1ea9m ch\u1ecbu nhi\u1ec7t, l\u1ed1p xe meridian, l\u1ed1p xe k\u1ef9 thu\u1eadt v\u00e0 ch\u1ea5t b\u1ecbt k\u00edn d\u1ea1ng l\u1ecfng, v.v.<\/p>\n<p>&nbsp;<\/p>\n<p><strong>B\u01b0u ki\u1ec7n:<\/strong><strong>\u00a0<\/strong>Bao b\u00ec gi\u1ea5y-nh\u1ef1a, 25KG\/bao. (12MT\/20&#039;FCL\uff09<\/p>","protected":false},"excerpt":{"rendered":"<p>T\u00ean s\u1ea3n ph\u1ea9m: Ch\u1ea5t l\u01b0u h\u00f3a cao su DTDM<\/p>\n<p>S\u1ed1 CAS: 103-34-4<\/p>\n<p>Ch\u1ea5t trung gian: C8H16N2O2S2<\/p>\n<p>S\u1ed1 EINECS: 203-103-0<\/p>\n<p>Ngo\u1ea1i quan: B\u1ed9t m\u00e0u tr\u1eafng<\/p>","protected":false},"featured_media":2621,"template":"","meta":{"_acf_changed":false,"_gspb_post_css":""},"product_brand":[],"product_cat":[62,74],"product_tag":[],"class_list":{"0":"post-3102","1":"product","2":"type-product","3":"status-publish","4":"has-post-thumbnail","6":"product_cat-rubberplastic-ingredients","7":"product_cat-vulcanizing-agent","9":"first","10":"instock","11":"shipping-taxable","12":"product-type-simple"},"acf":[],"_links":{"self":[{"href":"https:\/\/wpachem.com\/vi\/wp-json\/wp\/v2\/product\/3102","targetHints":{"allow":["GET"]}}],"collection":[{"href":"https:\/\/wpachem.com\/vi\/wp-json\/wp\/v2\/product"}],"about":[{"href":"https:\/\/wpachem.com\/vi\/wp-json\/wp\/v2\/types\/product"}],"version-history":[{"count":0,"href":"https:\/\/wpachem.com\/vi\/wp-json\/wp\/v2\/product\/3102\/revisions"}],"wp:featuredmedia":[{"embeddable":true,"href":"https:\/\/wpachem.com\/vi\/wp-json\/wp\/v2\/media\/2621"}],"wp:attachment":[{"href":"https:\/\/wpachem.com\/vi\/wp-json\/wp\/v2\/media?parent=3102"}],"wp:term":[{"taxonomy":"product_brand","embeddable":true,"href":"https:\/\/wpachem.com\/vi\/wp-json\/wp\/v2\/product_brand?post=3102"},{"taxonomy":"product_cat","embeddable":true,"href":"https:\/\/wpachem.com\/vi\/wp-json\/wp\/v2\/product_cat?post=3102"},{"taxonomy":"product_tag","embeddable":true,"href":"https:\/\/wpachem.com\/vi\/wp-json\/wp\/v2\/product_tag?post=3102"}],"curies":[{"name":"wp","href":"https:\/\/api.w.org\/{rel}","templated":true}]}}