{"id":3104,"date":"2022-09-14T07:26:31","date_gmt":"2022-09-14T07:26:31","guid":{"rendered":"http:\/\/site2.easyceotech.com\/?post_type=product&#038;p=3104"},"modified":"2024-03-12T08:05:36","modified_gmt":"2024-03-12T08:05:36","slug":"rubber-antiscorching-agent-pvi-ctp","status":"publish","type":"product","link":"https:\/\/wpachem.com\/vi\/product\/rubber-antiscorching-agent-pvi-ctp\/","title":{"rendered":"Ch\u1ea5t ch\u1ed1ng ch\u00e1y cao su PVI (CTP)"},"content":{"rendered":"<p><strong>T\u00ean h\u00f3a h\u1ecdc:<\/strong> N-Cyclohexyl (thio) phthalimide<\/p>\n<p><strong>S\u1ed1 CAS:<\/strong> 17796-82-6<\/p>\n<p><strong>M\u1ee5c l\u1ee5c:<\/strong>\u00a0 C14H15NO2S<\/p>\n<p><strong>\u0110\u1eb7c \u0111i\u1ec3m k\u1ef9 thu\u1eadt:<\/strong><\/p>\n<table>\n<tbody>\n<tr>\n<td width=\"212\"><strong>M\u1ee5c<\/strong><\/td>\n<td width=\"213\"><strong>Pha l\u00ea<\/strong><\/td>\n<td width=\"213\"><strong>Tinh th\u1ec3 d\u1ea7u<\/strong><\/td>\n<td width=\"213\"><strong>d\u1ea1ng h\u1ea1t<\/strong><\/td>\n<\/tr>\n<tr>\n<td width=\"212\">V\u1ebb b\u1ec1 ngo\u00e0i<\/td>\n<td colspan=\"3\" width=\"639\">Tinh th\u1ec3 m\u00e0u tr\u1eafng (h\u1ea1t)<\/td>\n<\/tr>\n<tr>\n<td width=\"212\">\u0110i\u1ec3m n\u00f3ng ch\u1ea3y ban \u0111\u1ea7u, \u2103 \u2265<\/td>\n<td width=\"213\">90.0<\/td>\n<td width=\"213\">90.0<\/td>\n<td width=\"213\">90.0<\/td>\n<\/tr>\n<tr>\n<td width=\"212\">T\u1ed5n th\u1ea5t khi s\u1ea5y, %, \u2264<\/td>\n<td width=\"213\">0.30<\/td>\n<td width=\"213\">0.50<\/td>\n<td width=\"213\">0.30<\/td>\n<\/tr>\n<tr>\n<td width=\"212\">Tro, %, \u2264<\/td>\n<td width=\"213\">0.30<\/td>\n<td width=\"213\">0.30<\/td>\n<td width=\"213\">0.30<\/td>\n<\/tr>\n<tr>\n<td width=\"212\">Ph\u1ee5 gia, %<\/td>\n<td width=\"213\">\/<\/td>\n<td width=\"213\">0.1-2.0<\/td>\n<td width=\"213\">\/<\/td>\n<\/tr>\n<tr>\n<td width=\"212\">\u0110\u01b0\u1eddng k\u00ednh h\u1ea1t, mm<\/td>\n<td width=\"213\">\/<\/td>\n<td width=\"213\">\/<\/td>\n<td width=\"213\">2.5<\/td>\n<\/tr>\n<\/tbody>\n<\/table>\n<p>&nbsp;<\/p>\n<p><strong>C\u1ee7a c\u1ea3i:<\/strong> Tinh th\u1ec3 m\u00e0u tr\u1eafng (h\u1ea1t). T\u1ef7 tr\u1ecdng 1,25-1,35. Tan trong axeton, benzen, toluol, diethyl ether, etyl axetat, CCl4 n\u00f3ng v\u00e0 r\u01b0\u1ee3u n\u00f3ng, tan \u00edt trong x\u0103ng, kh\u00f4ng tan trong d\u1ea7u h\u1ecfa v\u00e0 n\u01b0\u1edbc.<\/p>\n<p>&nbsp;<\/p>\n<p><strong>\u1ee8ng d\u1ee5ng:<\/strong> Ch\u1ea5t \u1ee9c ch\u1ebf ti\u1ec1n l\u01b0u h\u00f3a. Cung c\u1ea5p kh\u1ea3 n\u0103ng ki\u1ec3m so\u00e1t ch\u00e1y x\u00e9m c\u00f3 th\u1ec3 d\u1ef1 \u0111o\u00e1n \u0111\u01b0\u1ee3c trong h\u1ea7u h\u1ebft qu\u00e1 tr\u00ecnh l\u01b0u h\u00f3a l\u01b0u hu\u1ef3nh. C\u1ea3i thi\u1ec7n hi\u1ec7u su\u1ea5t chi ph\u00ed th\u00f4ng qua vi\u1ec7c thu h\u1ed3i l\u01b0\u1ee3ng d\u1ef1 tr\u1eef bi\u00ean, tr\u1ed9n m\u1ed9t giai \u0111o\u1ea1n, nhi\u1ec7t \u0111\u1ed9 x\u1eed l\u00fd v\u00e0\/ho\u1eb7c l\u01b0u h\u00f3a cao h\u01a1n. Ho\u1ea1t \u0111\u1ed9ng tuy\u1ebfn t\u00ednh v\u00e0 cao h\u01a1n h\u1ea7u h\u1ebft c\u00e1c ch\u1ea5t l\u00e0m ch\u1eadm. C\u00f3 th\u1ec3 g\u00e2y ra hi\u1ec7n t\u01b0\u1ee3ng n\u1edf hoa tr\u00ean 0,5 phr. \u0110\u00e2y l\u00e0 ch\u1ea5t ch\u1ed1ng ch\u00e1y x\u00e9m cho c\u1ea3 cao su t\u1ef1 nhi\u00ean v\u00e0 t\u1ed5ng h\u1ee3p.<\/p>\n<p>&nbsp;<\/p>\n<p><strong>B\u01b0u ki\u1ec7n:<\/strong> Bao d\u1ec7t b\u1eb1ng nh\u1ef1a 25kg, bao gi\u1ea5y c\u00f3 m\u00e0ng nh\u1ef1a, bao gi\u1ea5y kraft.<\/p>\n<p>&nbsp;<\/p>\n<p><strong>Kho:<\/strong> S\u1ea3n ph\u1ea9m n\u00ean \u0111\u01b0\u1ee3c b\u1ea3o qu\u1ea3n \u1edf n\u01a1i kh\u00f4 r\u00e1o, tho\u00e1ng m\u00e1t, th\u00f4ng gi\u00f3 t\u1ed1t, tr\u00e1nh \u0111\u1ec3 s\u1ea3n ph\u1ea9m \u0111\u00f3ng g\u00f3i ti\u1ebfp x\u00fac tr\u1ef1c ti\u1ebfp v\u1edbi \u00e1nh n\u1eafng m\u1eb7t tr\u1eddi. Th\u1eddi h\u1ea1n s\u1eed d\u1ee5ng l\u00e0 1 n\u0103m.<\/p>","protected":false},"excerpt":{"rendered":"<p>T\u00ean h\u00f3a h\u1ecdc: Ch\u1ea5t ch\u1ed1ng ch\u00e1y cao su PVI (CTP)<\/p>\n<p>S\u1ed1 CAS: 17796-82-6<\/p>\n<p>Ch\u1ea5t: C14H15NO2S<\/p>\n<p>S\u1ed1 EINECS: 241-774-1<\/p>\n<p>Ngo\u1ea1i quan: Tinh th\u1ec3 m\u00e0u tr\u1eafng (h\u1ea1t)<\/p>","protected":false},"featured_media":2183,"template":"","meta":{"_acf_changed":false,"_gspb_post_css":""},"product_brand":[],"product_cat":[62,75],"product_tag":[],"class_list":{"0":"post-3104","1":"product","2":"type-product","3":"status-publish","4":"has-post-thumbnail","6":"product_cat-rubberplastic-ingredients","7":"product_cat-antiscorching-agent","9":"first","10":"instock","11":"shipping-taxable","12":"product-type-simple"},"acf":[],"_links":{"self":[{"href":"https:\/\/wpachem.com\/vi\/wp-json\/wp\/v2\/product\/3104","targetHints":{"allow":["GET"]}}],"collection":[{"href":"https:\/\/wpachem.com\/vi\/wp-json\/wp\/v2\/product"}],"about":[{"href":"https:\/\/wpachem.com\/vi\/wp-json\/wp\/v2\/types\/product"}],"version-history":[{"count":0,"href":"https:\/\/wpachem.com\/vi\/wp-json\/wp\/v2\/product\/3104\/revisions"}],"wp:featuredmedia":[{"embeddable":true,"href":"https:\/\/wpachem.com\/vi\/wp-json\/wp\/v2\/media\/2183"}],"wp:attachment":[{"href":"https:\/\/wpachem.com\/vi\/wp-json\/wp\/v2\/media?parent=3104"}],"wp:term":[{"taxonomy":"product_brand","embeddable":true,"href":"https:\/\/wpachem.com\/vi\/wp-json\/wp\/v2\/product_brand?post=3104"},{"taxonomy":"product_cat","embeddable":true,"href":"https:\/\/wpachem.com\/vi\/wp-json\/wp\/v2\/product_cat?post=3104"},{"taxonomy":"product_tag","embeddable":true,"href":"https:\/\/wpachem.com\/vi\/wp-json\/wp\/v2\/product_tag?post=3104"}],"curies":[{"name":"wp","href":"https:\/\/api.w.org\/{rel}","templated":true}]}}