{"id":3114,"date":"2022-09-21T07:35:24","date_gmt":"2022-09-21T07:35:24","guid":{"rendered":"http:\/\/site2.easyceotech.com\/?post_type=product&#038;p=3114"},"modified":"2024-06-12T05:31:33","modified_gmt":"2024-06-12T05:31:33","slug":"titanium-dioxide-cosmetic-grade","status":"publish","type":"product","link":"https:\/\/wpachem.com\/vi\/product\/titanium-dioxide-cosmetic-grade\/","title":{"rendered":"Titanium Dioxide c\u1ea5p m\u1ef9 ph\u1ea9m"},"content":{"rendered":"<p><strong>\u0110\u1eb7c \u0111i\u1ec3m:<\/strong><\/p>\n<p>S\u1ea3n ph\u1ea9m n\u00e0y \u0111\u01b0\u1ee3c ch\u1ebf bi\u1ebfn t\u1eeb nguy\u00ean li\u1ec7u th\u00f4 l\u00e0 titanium dioxide anatase chuy\u00ean d\u00f9ng cho th\u1ef1c ph\u1ea9m. S\u1ea3n ph\u1ea9m n\u00e0y c\u00f3 t\u00ednh ch\u1ea5t h\u00f3a h\u1ecdc \u1ed5n \u0111\u1ecbnh, kh\u00f4ng \u0111\u1ed9c h\u1ea1i, kh\u00f4ng m\u00f9i v\u00e0 d\u1ea1ng b\u1ed9t nguy\u00ean ch\u1ea5t. N\u00f3 c\u00f3 th\u1ec3 che ph\u1ee7 c\u00e1c \u0111\u1ed1m da v\u00e0 t\u0103ng hi\u1ec7u qu\u1ea3 l\u00e0m tr\u1eafng da. Ngo\u00e0i ra, n\u00f3 c\u00f3 th\u1ec3 b\u1ea3o v\u1ec7 da kh\u1ecfi tia UV, tr\u00e1nh t\u00e1c h\u1ea1i c\u1ee7a vi\u1ec7c b\u1ed5 sung c\u00e1c s\u1eafc t\u1ed1 kh\u00e1c v\u1edbi s\u1ed1 l\u01b0\u1ee3ng l\u1edbn v\u00e0 s\u1ef1 h\u00ecnh th\u00e0nh s\u1eafc t\u1ed1 sau khi m\u1ef9 ph\u1ea9m \u0111\u01b0\u1ee3c gi\u1ea3i ph\u00f3ng trong th\u1eddi gian d\u00e0i.<\/p>\n<p>&nbsp;<\/p>\n<p><strong>\u0110\u1eb7c \u0111i\u1ec3m k\u1ef9 thu\u1eadt:<\/strong><\/p>\n<table>\n<tbody>\n<tr>\n<td width=\"426\">M\u1ee5c<\/td>\n<td width=\"426\">M\u1ee5c l\u1ee5c<\/td>\n<\/tr>\n<tr>\n<td width=\"426\">H\u00e0m l\u01b0\u1ee3ng Tio2 (%) \u2265<\/td>\n<td width=\"426\">98.0<\/td>\n<\/tr>\n<tr>\n<td width=\"426\">\u0110\u1ed9 tr\u1eafng (%) \u2265<\/td>\n<td width=\"426\">90<\/td>\n<\/tr>\n<tr>\n<td width=\"426\">Gi\u00e1 tr\u1ecb L (%)<\/td>\n<td width=\"426\">95<\/td>\n<\/tr>\n<tr>\n<td width=\"426\">\u0111\u1ed9 pH<\/td>\n<td width=\"426\">6.5-7.5<\/td>\n<\/tr>\n<tr>\n<td width=\"426\">H\u00e0m l\u01b0\u1ee3ng kim lo\u1ea1i n\u1eb7ng (Pb,ppm) \u2264<\/td>\n<td width=\"426\">20<\/td>\n<\/tr>\n<tr>\n<td width=\"426\">H\u00e0m l\u01b0\u1ee3ng Sb (ppm) \u2264<\/td>\n<td width=\"426\">2<\/td>\n<\/tr>\n<tr>\n<td width=\"426\">H\u00e0m l\u01b0\u1ee3ng (ppm) \u2264<\/td>\n<td width=\"426\">5<\/td>\n<\/tr>\n<tr>\n<td width=\"426\">H\u00e0m l\u01b0\u1ee3ng Hg (ppm) \u2264<\/td>\n<td width=\"426\">1<\/td>\n<\/tr>\n<tr>\n<td width=\"426\">Mu\u1ed1i tan trong n\u01b0\u1edbc (%) \u2264<\/td>\n<td width=\"426\">0.5<\/td>\n<\/tr>\n<\/tbody>\n<\/table>\n<p>&nbsp;<\/p>\n<p><strong>\u1ee8ng d\u1ee5ng:\u00a0<\/strong><\/p>\n<p>S\u1ea3n ph\u1ea9m n\u00e0y \u0111\u01b0\u1ee3c s\u1eed d\u1ee5ng r\u1ed9ng r\u00e3i nh\u01b0 m\u1ed9t ch\u1ea5t ch\u1ed1ng n\u1eafng, ch\u1ed1ng tia c\u1ef1c t\u00edm, ch\u1ea5t t\u1ea1o m\u00e0u, ch\u1ea5t m\u00e0i m\u00f2n, v.v., trong c\u00e1c lo\u1ea1i m\u1ef9 ph\u1ea9m nh\u01b0 kem, kem d\u01b0\u1ee1ng da, ph\u1ea5n n\u00e9n, kem n\u1ec1n, son m\u00f4i, v.v.<\/p>\n<p>&nbsp;<\/p>\n<p><strong>B\u01b0u ki\u1ec7n:<\/strong> Bao 25kg, 500kg, 1000kg.<\/p>","protected":false},"excerpt":{"rendered":"<p>T\u00ean s\u1ea3n ph\u1ea9m: Titanium Dioxide c\u1ea5p m\u1ef9 ph\u1ea9m<\/p>\n<p>S\u1ed1 CAS: 1317-80-2<\/p>\n<p>MF: Tio2<\/p>\n<p>S\u1ed1 EINECS: 215-282-2<\/p>\n<p>Ngo\u1ea1i quan: B\u1ed9t m\u00e0u tr\u1eafng<\/p>","protected":false},"featured_media":2103,"template":"","meta":{"_acf_changed":false,"_gspb_post_css":""},"product_brand":[],"product_cat":[67,54,66],"product_tag":[],"class_list":{"0":"post-3114","1":"product","2":"type-product","3":"status-publish","4":"has-post-thumbnail","6":"product_cat-sulfate-process","7":"product_cat-inorganic-pigments","8":"product_cat-titanium-dioxide","10":"first","11":"instock","12":"shipping-taxable","13":"product-type-simple"},"acf":[],"_links":{"self":[{"href":"https:\/\/wpachem.com\/vi\/wp-json\/wp\/v2\/product\/3114","targetHints":{"allow":["GET"]}}],"collection":[{"href":"https:\/\/wpachem.com\/vi\/wp-json\/wp\/v2\/product"}],"about":[{"href":"https:\/\/wpachem.com\/vi\/wp-json\/wp\/v2\/types\/product"}],"version-history":[{"count":0,"href":"https:\/\/wpachem.com\/vi\/wp-json\/wp\/v2\/product\/3114\/revisions"}],"wp:featuredmedia":[{"embeddable":true,"href":"https:\/\/wpachem.com\/vi\/wp-json\/wp\/v2\/media\/2103"}],"wp:attachment":[{"href":"https:\/\/wpachem.com\/vi\/wp-json\/wp\/v2\/media?parent=3114"}],"wp:term":[{"taxonomy":"product_brand","embeddable":true,"href":"https:\/\/wpachem.com\/vi\/wp-json\/wp\/v2\/product_brand?post=3114"},{"taxonomy":"product_cat","embeddable":true,"href":"https:\/\/wpachem.com\/vi\/wp-json\/wp\/v2\/product_cat?post=3114"},{"taxonomy":"product_tag","embeddable":true,"href":"https:\/\/wpachem.com\/vi\/wp-json\/wp\/v2\/product_tag?post=3114"}],"curies":[{"name":"wp","href":"https:\/\/api.w.org\/{rel}","templated":true}]}}