{"id":3142,"date":"2022-09-30T07:04:36","date_gmt":"2022-09-30T07:04:36","guid":{"rendered":"http:\/\/site2.easyceotech.com\/?post_type=product&#038;p=3142"},"modified":"2024-03-12T08:05:24","modified_gmt":"2024-03-12T08:05:24","slug":"alpha-arbutin","status":"publish","type":"product","link":"https:\/\/wpachem.com\/vi\/product\/alpha-arbutin\/","title":{"rendered":"Alpha-arbutin"},"content":{"rendered":"<p><strong>\u0110\u1eb7c tr\u01b0ng:<\/strong><\/p>\n<p>\u03b1-arbutin t\u01b0\u01a1ng t\u1ef1 nh\u01b0 \u03b2-arbutin, c\u00f3 th\u1ec3 \u1ee9c ch\u1ebf s\u1ea3n xu\u1ea5t v\u00e0 l\u1eafng \u0111\u1ecdng melanin v\u00e0 lo\u1ea1i b\u1ecf v\u1ebft th\u00e2m v\u00e0 t\u00e0n nhang. K\u1ebft qu\u1ea3 cho th\u1ea5y \u03b1-arbutin c\u00f3 th\u1ec3 \u1ee9c ch\u1ebf ho\u1ea1t \u0111\u1ed9ng c\u1ee7a tyrosinase \u1edf n\u1ed3ng \u0111\u1ed9 t\u01b0\u01a1ng \u0111\u1ed1i th\u1ea5p v\u00e0 t\u00e1c d\u1ee5ng \u1ee9c ch\u1ebf tyrosinase c\u1ee7a n\u00f3 t\u1ed1t h\u01a1n \u03b2-arbutin<\/p>\n<p>&nbsp;<\/p>\n<p><strong>\u0110\u1eb7c \u0111i\u1ec3m k\u1ef9 thu\u1eadt<\/strong><\/p>\n<table>\n<tbody>\n<tr>\n<td width=\"281\">M\u1eb7t h\u00e0ng<\/td>\n<td width=\"334\">Th\u00f4ng s\u1ed1 k\u1ef9 thu\u1eadt<\/td>\n<td width=\"233\">K\u1ebft qu\u1ea3<\/td>\n<\/tr>\n<tr>\n<td width=\"281\">V\u1ebb b\u1ec1 ngo\u00e0i<\/td>\n<td width=\"334\">B\u1ed9t tinh th\u1ec3 m\u00e0u tr\u1eafng<\/td>\n<td width=\"233\">Tinh th\u1ec3 m\u00e0u tr\u1eafng<\/td>\n<\/tr>\n<tr>\n<td width=\"281\">X\u00e9t nghi\u1ec7m<\/td>\n<td width=\"334\">99.0%Mph\u00fat<\/td>\n<td width=\"233\">99.8%<\/td>\n<\/tr>\n<tr>\n<td width=\"281\">\u0110i\u1ec3m n\u00f3ng ch\u1ea3y<\/td>\n<td width=\"334\">203~206\u00b1l\u00b0C<\/td>\n<td width=\"233\">203.5-205.5<\/td>\n<\/tr>\n<tr>\n<td width=\"281\">\u0110\u1ed9 trong c\u1ee7a dung d\u1ecbch n\u01b0\u1edbc<\/td>\n<td width=\"334\">Trong su\u1ed1t, kh\u00f4ng m\u00e0u, kh\u00f4ng c\u00f3 v\u1eadt ch\u1ea5t l\u01a1 l\u1eedng<\/td>\n<td width=\"233\">v\u01b0\u1ee3t qua<\/td>\n<\/tr>\n<tr>\n<td width=\"281\">Gi\u00e1 tr\u1ecb pH c\u1ee7a dung d\u1ecbch 1%<\/td>\n<td rowspan=\"2\" width=\"334\">5.0\u20147.0<\/td>\n<td rowspan=\"2\" width=\"233\">6.0<\/td>\n<\/tr>\n<tr>\n<td width=\"281\">gi\u1ea3i ph\u00e1p<\/td>\n<\/tr>\n<tr>\n<td width=\"281\">T\u1ef7 l\u1ec7 quang h\u1ecdc c\u1ee5 th\u1ec3<\/td>\n<td width=\"334\">[a] D20=+l76-184\u00b0<\/td>\n<td width=\"233\">+179,9\u00b0<\/td>\n<\/tr>\n<tr>\n<td width=\"281\">Asen<\/td>\n<td width=\"334\">&lt;2 ph\u1ea7n tri\u1ec7u<\/td>\n<td width=\"233\">v\u01b0\u1ee3t qua<\/td>\n<\/tr>\n<tr>\n<td width=\"281\">Hydroquinone<\/td>\n<td width=\"334\">&lt;10 ph\u1ea7n tri\u1ec7u<\/td>\n<td width=\"233\">v\u01b0\u1ee3t qua<\/td>\n<\/tr>\n<tr>\n<td width=\"281\">Kim lo\u1ea1i n\u1eb7ng<\/td>\n<td width=\"334\">&lt;10 ph\u1ea7n tri\u1ec7u<\/td>\n<td width=\"233\">v\u01b0\u1ee3t qua<\/td>\n<\/tr>\n<tr>\n<td width=\"281\">M\u1ea5t m\u00e1t khi s\u1ea5y kh\u00f4<\/td>\n<td width=\"334\">&lt;0,5%<\/td>\n<td width=\"233\">0.02%<\/td>\n<\/tr>\n<tr>\n<td width=\"281\">C\u1eb7n \u0111\u00e1nh l\u1eeda<\/td>\n<td width=\"334\">&lt;0,5%<\/td>\n<td width=\"233\">0.05%<\/td>\n<\/tr>\n<tr>\n<td rowspan=\"2\" width=\"281\">T\u00e1c nh\u00e2n g\u00e2y b\u1ec7nh<\/td>\n<td width=\"334\">Vi khu\u1ea9n: &lt;300cfu\/g<\/td>\n<td width=\"233\">&lt;20<\/td>\n<\/tr>\n<tr>\n<td width=\"334\">N\u1ea5m: &lt;100cfu\/g<\/td>\n<td width=\"233\">&lt;20<\/td>\n<\/tr>\n<tr>\n<td colspan=\"2\" width=\"616\">K\u1ebft lu\u1eadn: \u0110\u1ea1t ti\u00eau chu\u1ea9n<\/td>\n<td width=\"233\"><\/td>\n<\/tr>\n<\/tbody>\n<\/table>\n<p>&nbsp;<\/p>\n<p><strong>\u1ee8ng d\u1ee5ng:<\/strong> Alpha-arbutin c\u00f3 th\u1ec3 \u0111\u01b0\u1ee3c s\u1eed d\u1ee5ng nh\u01b0 m\u1ed9t ch\u1ea5t l\u00e0m tr\u1eafng trong m\u1ef9 ph\u1ea9m<\/p>","protected":false},"excerpt":{"rendered":"<p>T\u00ean s\u1ea3n ph\u1ea9m: Alpha-arbutin<\/p>\n<p>S\u1ed1 CAS: 84380-01-8<\/p>\n<p>Nguy\u00ean t\u1eed: C12H16O7<\/p>\n<p>Ngo\u1ea1i quan: B\u1ed9t tinh th\u1ec3 m\u00e0u tr\u1eafng<\/p>","protected":false},"featured_media":2159,"template":"","meta":{"_acf_changed":false,"_gspb_post_css":""},"product_brand":[],"product_cat":[60],"product_tag":[],"class_list":{"0":"post-3142","1":"product","2":"type-product","3":"status-publish","4":"has-post-thumbnail","6":"product_cat-cosmetic-ingredients","8":"first","9":"instock","10":"shipping-taxable","11":"product-type-simple"},"acf":[],"_links":{"self":[{"href":"https:\/\/wpachem.com\/vi\/wp-json\/wp\/v2\/product\/3142","targetHints":{"allow":["GET"]}}],"collection":[{"href":"https:\/\/wpachem.com\/vi\/wp-json\/wp\/v2\/product"}],"about":[{"href":"https:\/\/wpachem.com\/vi\/wp-json\/wp\/v2\/types\/product"}],"version-history":[{"count":0,"href":"https:\/\/wpachem.com\/vi\/wp-json\/wp\/v2\/product\/3142\/revisions"}],"wp:featuredmedia":[{"embeddable":true,"href":"https:\/\/wpachem.com\/vi\/wp-json\/wp\/v2\/media\/2159"}],"wp:attachment":[{"href":"https:\/\/wpachem.com\/vi\/wp-json\/wp\/v2\/media?parent=3142"}],"wp:term":[{"taxonomy":"product_brand","embeddable":true,"href":"https:\/\/wpachem.com\/vi\/wp-json\/wp\/v2\/product_brand?post=3142"},{"taxonomy":"product_cat","embeddable":true,"href":"https:\/\/wpachem.com\/vi\/wp-json\/wp\/v2\/product_cat?post=3142"},{"taxonomy":"product_tag","embeddable":true,"href":"https:\/\/wpachem.com\/vi\/wp-json\/wp\/v2\/product_tag?post=3142"}],"curies":[{"name":"wp","href":"https:\/\/api.w.org\/{rel}","templated":true}]}}