{"id":3144,"date":"2022-09-30T07:22:41","date_gmt":"2022-09-30T07:22:41","guid":{"rendered":"http:\/\/site2.easyceotech.com\/?post_type=product&#038;p=3144"},"modified":"2024-03-12T08:05:19","modified_gmt":"2024-03-12T08:05:19","slug":"behentrimonium-methosulfate-btms","status":"publish","type":"product","link":"https:\/\/wpachem.com\/vi\/product\/behentrimonium-methosulfate-btms\/","title":{"rendered":"Behentrimonium Methosulfate BTMS"},"content":{"rendered":"<p>&nbsp;<\/p>\n<p>M01-01: Behentrimonium Methosulfate (v\u00e0) Cetearyl Alcohol<\/p>\n<p>M01-02: Behentrimonium Methosulfate (v\u00e0) Cetearyl Alcohol (v\u00e0) Butylene Glycol<\/p>\n<p>M01-03: Behentrimonium Methosulfate (v\u00e0) Propylene Glycol<\/p>\n<p>M01-04: BTMS25Behentrimonium Methosulfate (v\u00e0) Cetearyl Alcohol<\/p>\n<p>M01-05: Behentrimonium Methosulfate (v\u00e0) Cetyl Alcohol<\/p>\n<p>M01-06: Behentrimonium Methosulfate (v\u00e0) Cetyl Alcohol (v\u00e0) Butylene Glycol<\/p>\n<p>&nbsp;<\/p>\n<p><b><\/b><strong><b>1: K\u1ef9 thu\u1eadt<\/b><\/strong><strong><b>TRONG<\/b><\/strong><strong><b>dex<\/b><\/strong><\/p>\n<table>\n<tbody>\n<tr>\n<td width=\"109\">T\u00ean s\u1ea3n ph\u1ea9m<\/td>\n<td width=\"196\">Ngo\u1ea1i h\u00ecnh (25\u2103)<\/td>\n<td width=\"188\">Behentrimonium Methosulfate (%)<\/td>\n<td width=\"220\">pH (dung d\u1ecbch c\u1ed3n isopropyl 1%)<\/td>\n<td width=\"143\">C\u1ed3n Cetearyl (%)<\/td>\n<td width=\"78\">kh\u00e1c<\/td>\n<\/tr>\n<tr>\n<td width=\"109\">M01-01<\/td>\n<td width=\"196\">V\u1ea3y m\u00e0u tr\u1eafng \u0111\u1ebfn tr\u1eafng ng\u00e0<\/td>\n<td width=\"188\">&gt;50<\/td>\n<td width=\"220\">5.0-8.0<\/td>\n<td width=\"143\">47~48<\/td>\n<td width=\"78\">&lt;1<\/td>\n<\/tr>\n<tr>\n<td width=\"109\">M01-02<\/td>\n<td width=\"196\">V\u1ea3y m\u00e0u tr\u1eafng \u0111\u1ebfn tr\u1eafng ng\u00e0<\/td>\n<td width=\"188\">&gt;50<\/td>\n<td width=\"220\">5.0-8.0<\/td>\n<td width=\"143\">39~40<\/td>\n<td width=\"78\">10~11<\/td>\n<\/tr>\n<tr>\n<td width=\"109\">M01-03<\/td>\n<td width=\"196\">V\u1ea3y m\u00e0u tr\u1eafng \u0111\u1ebfn tr\u1eafng ng\u00e0<\/td>\n<td width=\"188\">&gt;50<\/td>\n<td width=\"220\">5.0-8.0<\/td>\n<td width=\"143\">30~35<\/td>\n<td width=\"78\">19~20<\/td>\n<\/tr>\n<tr>\n<td width=\"109\">M01-04<\/td>\n<td width=\"196\">V\u1ea3y m\u00e0u tr\u1eafng \u0111\u1ebfn tr\u1eafng ng\u00e0<\/td>\n<td width=\"188\">&gt;25<\/td>\n<td width=\"220\">5.0-8.0<\/td>\n<td width=\"143\">74~75<\/td>\n<td width=\"78\">&lt;1<\/td>\n<\/tr>\n<tr>\n<td width=\"109\">M01-05<\/td>\n<td width=\"196\">V\u1ea3y m\u00e0u tr\u1eafng \u0111\u1ebfn tr\u1eafng ng\u00e0<\/td>\n<td width=\"188\">&gt;50<\/td>\n<td width=\"220\">5.0-8.0<\/td>\n<td width=\"143\">47~48<\/td>\n<td width=\"78\">&lt;1<\/td>\n<\/tr>\n<tr>\n<td width=\"109\">M01-06<\/td>\n<td width=\"196\">V\u1ea3y m\u00e0u tr\u1eafng \u0111\u1ebfn tr\u1eafng ng\u00e0<\/td>\n<td width=\"188\">&gt;50<\/td>\n<td width=\"220\">5.0-8.0<\/td>\n<td width=\"143\">43~44<\/td>\n<td width=\"78\">5~6<\/td>\n<\/tr>\n<\/tbody>\n<\/table>\n<p>&nbsp;<\/p>\n<p><strong><b>2. Nh\u00e2n v\u1eadt<\/b><\/strong><strong><b>khoa h\u1ecdc<\/b><\/strong><\/p>\n<p>1. C\u00f3 ngu\u1ed3n g\u1ed1c t\u1eeb th\u1ef1c v\u1eadt, th\u00e2n thi\u1ec7n v\u1edbi m\u00f4i tr\u01b0\u1eddng v\u00e0 c\u1ef1c k\u1ef3 nh\u1eb9 d\u1ecbu<\/p>\n<p>2. C\u00f3 th\u1ec3 h\u00f2a tan trong n\u01b0\u1edbc ho\u1eb7c ethanol.<\/p>\n<p>3. T\u01b0\u01a1ng th\u00edch v\u1edbi c\u1ea3 ch\u1ea5t ho\u1ea1t \u0111\u1ed9ng b\u1ec1 m\u1eb7t cation v\u00e0 kh\u00f4ng ion.<\/p>\n<p>4. \u1ed4n \u0111\u1ecbnh \u1edf nhi\u1ec7t \u0111\u1ed9 d\u01b0\u1edbi 100C.<\/p>\n<p>5. \u0110\u1ed9 \u1ed5n \u0111\u1ecbnh h\u00f3a h\u1ecdc t\u1ed5ng th\u1ec3 t\u1ed1t, kh\u1ea3 n\u0103ng ch\u1ecbu nhi\u1ec7t, \u00e1nh s\u00e1ng v\u00e0 \u00e1p su\u1ea5t tuy\u1ec7t v\u1eddi, c\u00f3 kh\u1ea3 n\u0103ng ch\u1ed1ng l\u1ea1i c\u1ea3 ch\u1ea5t axit v\u00e0 ki\u1ec1m.<\/p>\n<p>6. Ch\u1ea5t l\u00e0m \u0111\u1eb7c v\u00e0 nh\u0169 h\u00f3a tuy\u1ec7t v\u1eddi v\u1edbi \u0111\u1eb7c t\u00ednh kh\u00e1ng khu\u1ea9n t\u1ed1t.<\/p>\n<p><strong><b>3.\u1ee8ng d\u1ee5ng<\/b><\/strong><strong><b>S<\/b><\/strong><\/p>\n<p>Behentrimonium Methosulfate (BTMS) l\u00e0 mu\u1ed1i amoni b\u1eadc b\u1ed1n \u0111\u01b0\u1ee3c s\u1eed d\u1ee5ng ch\u1ee7 y\u1ebfu l\u00e0m ch\u1ea5t d\u01b0\u1ee1ng t\u00f3c v\u00e0 ch\u1ed1ng t\u0129nh \u0111i\u1ec7n.<\/p>\n<p>1. \u0110\u01b0\u1ee3c s\u1eed d\u1ee5ng trong c\u00e1c c\u00f4ng th\u1ee9c d\u1ea7u g\u1ed9i v\u00e0 ch\u0103m s\u00f3c t\u00f3c, nh\u01b0 m\u1ed9t ch\u1ea5t l\u00e0m m\u01b0\u1ee3t cho d\u1ea7u x\u1ea3, gel t\u1ea1o ki\u1ec3u t\u00f3c, d\u1ea7u g\u1ed9i v\u00e0 c\u00e1c s\u1ea3n ph\u1ea9m ch\u0103m s\u00f3c t\u00f3c kh\u00e1c, m\u1ed9t lo\u1ea1i v\u1eadt li\u1ec7u ch\u1ed1ng r\u1ed1i.<\/p>\n<p>2. \u0110\u01b0\u1ee3c s\u1eed d\u1ee5ng trong n\u01b0\u1edbc x\u1ea3 v\u1ea3i, ch\u1ea5t ch\u1ed1ng t\u0129nh \u0111i\u1ec7n c\u1ee7a s\u1ee3i t\u1ed5ng h\u1ee3p, ch\u1ea5t l\u00e0m \u01b0\u1edbt ho\u1eb7c l\u00e0m ch\u1ea5t l\u00e0m \u0111\u1eb7c c\u1ee7a h\u00f3a ch\u1ea5t h\u00e0ng ng\u00e0y.<\/p>\n<p><strong><b>4. L\u00e0m<\/b><\/strong><strong><b>c\u00e2y x\u00f4 th\u01a1m<\/b><\/strong><\/p>\n<p>D\u1ea7u x\u1ea3 t\u00f3c: 1~2%<\/p>\n<p>Gel vu\u1ed1t t\u00f3c: 4~5%<\/p>\n<p><strong><b>5.P<\/b><\/strong><strong><b>\u0111\u00f3ng g\u00f3i<\/b><\/strong>\u00a0<strong><b>V\u00e0<\/b><\/strong>\u00a0<strong><b>Kho<\/b><\/strong><\/p>\n<p>Th\u00f9ng carton + t\u00fai nh\u1ef1a b\u00ean trong<\/p>\n<p>\u0110\u00f3ng g\u00f3i k\u00edn c\u00f3 th\u1eddi h\u1ea1n s\u1eed d\u1ee5ng hai n\u0103m<\/p>\n<p>&nbsp;<\/p>\n<p><strong><b>6.\u1ee8ng d\u1ee5ng<\/b><\/strong><\/p>\n<p>C\u00f3 t\u00e1c d\u1ee5ng \u0111\u00e1ng k\u1ec3 \u0111\u1ed1i v\u1edbi c\u1ea3 da v\u00e0 t\u00f3c. Mang l\u1ea1i \u0111\u1eb7c t\u00ednh g\u1ee1 r\u1ed1i v\u00e0 ch\u1ea3i \u01b0\u1edbt tuy\u1ec7t v\u1eddi cho t\u00f3c. T\u1ea1o th\u00e0nh nh\u0169 t\u01b0\u01a1ng ch\u0103m s\u00f3c da cation thanh l\u1ecbch mang l\u1ea1i l\u1ee3i \u00edch d\u01b0\u1ee1ng \u1ea9m l\u00e2u d\u00e0i, kh\u00f4ng b\u1ecb r\u1eeda tr\u00f4i v\u00e0 c\u1ea3m gi\u00e1c da m\u1ec1m m\u1ea1i, m\u1ecbn m\u00e0ng. \u1ee8ng d\u1ee5ng bao g\u1ed3m d\u1ea7u x\u1ea3 \u0111\u1ec3 l\u1ea1i v\u00e0 g\u1ed9i s\u1ea1ch, thu\u1ed1c g\u1ee1 r\u1ed1i t\u00f3c, kem du\u1ed7i t\u00f3c, ch\u0103m s\u00f3c t\u00f3c d\u00e2n t\u1ed9c, thu\u1ed1c nhu\u1ed9m t\u00f3c, kem d\u01b0\u1ee1ng da v\u00e0 kem d\u01b0\u1ee1ng da v\u00e0 ch\u1ebf ph\u1ea9m c\u1ea1o r\u00e2u.<\/p>","protected":false},"excerpt":{"rendered":"<p>T\u00ean s\u1ea3n ph\u1ea9m: Behentrimonium Methosulfate BTMS<\/p>\n<p>S\u1ed1 CAS: 81646-13-1<\/p>\n<p>S\u1ed1 \u0111i\u1ec7n tho\u1ea1i: 279-791-1<\/p>\n<p>S\u1ed1 EINECS: C26H57NO4S<\/p>\n<p>Ngo\u1ea1i quan: D\u1ea1ng v\u1ea3y m\u00e0u tr\u1eafng \u0111\u1ebfn tr\u1eafng ng\u00e0<\/p>","protected":false},"featured_media":3147,"template":"","meta":{"_acf_changed":false,"_gspb_post_css":""},"product_brand":[],"product_cat":[60],"product_tag":[],"class_list":{"0":"post-3144","1":"product","2":"type-product","3":"status-publish","4":"has-post-thumbnail","6":"product_cat-cosmetic-ingredients","8":"first","9":"instock","10":"shipping-taxable","11":"product-type-simple"},"acf":[],"_links":{"self":[{"href":"https:\/\/wpachem.com\/vi\/wp-json\/wp\/v2\/product\/3144","targetHints":{"allow":["GET"]}}],"collection":[{"href":"https:\/\/wpachem.com\/vi\/wp-json\/wp\/v2\/product"}],"about":[{"href":"https:\/\/wpachem.com\/vi\/wp-json\/wp\/v2\/types\/product"}],"version-history":[{"count":0,"href":"https:\/\/wpachem.com\/vi\/wp-json\/wp\/v2\/product\/3144\/revisions"}],"wp:featuredmedia":[{"embeddable":true,"href":"https:\/\/wpachem.com\/vi\/wp-json\/wp\/v2\/media\/3147"}],"wp:attachment":[{"href":"https:\/\/wpachem.com\/vi\/wp-json\/wp\/v2\/media?parent=3144"}],"wp:term":[{"taxonomy":"product_brand","embeddable":true,"href":"https:\/\/wpachem.com\/vi\/wp-json\/wp\/v2\/product_brand?post=3144"},{"taxonomy":"product_cat","embeddable":true,"href":"https:\/\/wpachem.com\/vi\/wp-json\/wp\/v2\/product_cat?post=3144"},{"taxonomy":"product_tag","embeddable":true,"href":"https:\/\/wpachem.com\/vi\/wp-json\/wp\/v2\/product_tag?post=3144"}],"curies":[{"name":"wp","href":"https:\/\/api.w.org\/{rel}","templated":true}]}}