{"id":3150,"date":"2022-09-30T07:59:04","date_gmt":"2022-09-30T07:59:04","guid":{"rendered":"http:\/\/site2.easyceotech.com\/?post_type=product&#038;p=3150"},"modified":"2024-03-12T08:05:13","modified_gmt":"2024-03-12T08:05:13","slug":"propylene-glycol-alginate-pga","status":"publish","type":"product","link":"https:\/\/wpachem.com\/vi\/product\/propylene-glycol-alginate-pga\/","title":{"rendered":"Propylene Glycol Alginate PGA"},"content":{"rendered":"<p>Propylene Glycol Alginate (PGA), c\u00f2n \u0111\u01b0\u1ee3c g\u1ecdi l\u00e0 este Propylene Glycol Alginate, l\u00e0 m\u1ed9t ch\u1ea5t nh\u0169 h\u00f3a m\u1edbi, \u0111\u01b0\u1ee3c chi\u1ebft xu\u1ea5t t\u1eeb Alginate t\u1eeb t\u1ea3o n\u00e2u th\u00f4ng qua ph\u1ea3n \u1ee9ng este h\u00f3a t\u1ed5ng h\u1ee3p polyme sinh h\u1ecdc polysaccharide, th\u01b0\u1eddng c\u00f3 d\u1ea1ng b\u1ed9t m\u1ecbn m\u00e0u tr\u1eafng ho\u1eb7c tr\u1eafng h\u01a1i v\u00e0ng, kh\u00f4ng m\u00f9i ho\u1eb7c c\u00f3 m\u00f9i hydrocarbon th\u01a1m nh\u1eb9.<\/p>\n<p>&nbsp;<\/p>\n<p><strong>\u0110\u1eb7c \u0111i\u1ec3m k\u1ef9 thu\u1eadt<\/strong><\/p>\n<table>\n<tbody>\n<tr>\n<td width=\"423\"><strong><b>M\u1ee5c<\/b><\/strong><\/td>\n<td width=\"423\"><strong><b>Ti\u00eau chu\u1ea9n<\/b><\/strong><\/td>\n<\/tr>\n<tr>\n<td width=\"423\">M\u1ee9c \u0111\u1ed9 este h\u00f3a, %<\/td>\n<td width=\"423\">\u226540.0<\/td>\n<\/tr>\n<tr>\n<td width=\"423\">Tro kh\u00f4ng h\u00f2a tan, %<\/td>\n<td width=\"423\">\u22641.0<\/td>\n<\/tr>\n<tr>\n<td width=\"423\">T\u1ed5n th\u1ea5t khi s\u1ea5y, %<\/td>\n<td width=\"423\">\u226420.0<\/td>\n<\/tr>\n<tr>\n<td width=\"423\">Theo mg\/kg, %<\/td>\n<td width=\"423\">\u22642.0<\/td>\n<\/tr>\n<tr>\n<td width=\"423\">Kim lo\u1ea1i n\u1eb7ng, %<\/td>\n<td width=\"423\">\u22640,002<\/td>\n<\/tr>\n<tr>\n<td width=\"423\">Ch\u00ec mg\/kg, %<\/td>\n<td width=\"423\">\u22645.0<\/td>\n<\/tr>\n<\/tbody>\n<\/table>\n<p><strong>\u1ee8ng d\u1ee5ng:<\/strong> Propylene glycol alginate l\u00e0 m\u1ed9t lo\u1ea1i ph\u1ee5 gia th\u1ef1c ph\u1ea9m bi\u1ec3n c\u00f3 \u0111\u1eb7c t\u00ednh t\u1ed1t, ch\u1eb3ng h\u1ea1n nh\u01b0 l\u00e0m \u0111\u1eb7c, tr\u01b0\u01a1ng n\u1edf, kh\u00e1ng axit v\u00e0 \u1ed5n \u0111\u1ecbnh b\u1ecdt. N\u00f3 \u0111\u01b0\u1ee3c s\u1eed d\u1ee5ng r\u1ed9ng r\u00e3i trong ch\u1ebf bi\u1ebfn th\u1ef1c ph\u1ea9m, s\u1ea3n ph\u1ea9m s\u1eefa chua, thu\u1ed1c, c\u00f4ng nghi\u1ec7p h\u00f3a ch\u1ea5t h\u00e0ng ng\u00e0y, h\u01b0\u01a1ng li\u1ec7u v\u00e0 bia, v.v. Propylene glycol alginate l\u00e0 m\u1ed9t lo\u1ea1i ph\u1ee5 gia th\u1ef1c ph\u1ea9m bi\u1ec3n c\u00f3 hi\u1ec7u su\u1ea5t t\u1ed1t, c\u00f3 th\u1ec3 \u0111\u01b0\u1ee3c s\u1eed d\u1ee5ng trong s\u1ea3n xu\u1ea5t ch\u1ea5t l\u00e0m \u0111\u1eb7c, ch\u1ea5t \u1ed5n \u0111\u1ecbnh, ch\u1ea5t t\u1ea1o gel, ch\u1ea5t nh\u0169 h\u00f3a v\u00e0 ch\u1ea5t gi\u1eef n\u01b0\u1edbc.<\/p>","protected":false},"excerpt":{"rendered":"<p>T\u00ean s\u1ea3n ph\u1ea9m: Propylene glycol alginate PGA<\/p>\n<p>S\u1ed1 CAS: 9005-37-2<\/p>\n<p>Ch\u1ea5t: (C9H14O70n<\/p>\n<p>Ngo\u1ea1i quan: b\u1ed9t m\u00e0u tr\u1eafng ho\u1eb7c v\u00e0ng nh\u1ea1t<\/p>","protected":false},"featured_media":2180,"template":"","meta":{"_acf_changed":false,"_gspb_post_css":""},"product_brand":[],"product_cat":[55,58],"product_tag":[],"class_list":{"0":"post-3150","1":"product","2":"type-product","3":"status-publish","4":"has-post-thumbnail","6":"product_cat-food-additives","7":"product_cat-thicknerstablizer","9":"first","10":"instock","11":"shipping-taxable","12":"product-type-simple"},"acf":[],"_links":{"self":[{"href":"https:\/\/wpachem.com\/vi\/wp-json\/wp\/v2\/product\/3150","targetHints":{"allow":["GET"]}}],"collection":[{"href":"https:\/\/wpachem.com\/vi\/wp-json\/wp\/v2\/product"}],"about":[{"href":"https:\/\/wpachem.com\/vi\/wp-json\/wp\/v2\/types\/product"}],"version-history":[{"count":0,"href":"https:\/\/wpachem.com\/vi\/wp-json\/wp\/v2\/product\/3150\/revisions"}],"wp:featuredmedia":[{"embeddable":true,"href":"https:\/\/wpachem.com\/vi\/wp-json\/wp\/v2\/media\/2180"}],"wp:attachment":[{"href":"https:\/\/wpachem.com\/vi\/wp-json\/wp\/v2\/media?parent=3150"}],"wp:term":[{"taxonomy":"product_brand","embeddable":true,"href":"https:\/\/wpachem.com\/vi\/wp-json\/wp\/v2\/product_brand?post=3150"},{"taxonomy":"product_cat","embeddable":true,"href":"https:\/\/wpachem.com\/vi\/wp-json\/wp\/v2\/product_cat?post=3150"},{"taxonomy":"product_tag","embeddable":true,"href":"https:\/\/wpachem.com\/vi\/wp-json\/wp\/v2\/product_tag?post=3150"}],"curies":[{"name":"wp","href":"https:\/\/api.w.org\/{rel}","templated":true}]}}