{"id":3157,"date":"2024-03-12T08:05:08","date_gmt":"2024-03-12T08:05:08","guid":{"rendered":"http:\/\/site2.easyceotech.com\/?post_type=product&#038;p=3157"},"modified":"2024-03-12T08:05:08","modified_gmt":"2024-03-12T08:05:08","slug":"polyquaternium-51-cell-phospholipid","status":"publish","type":"product","link":"https:\/\/wpachem.com\/vi\/product\/polyquaternium-51-cell-phospholipid\/","title":{"rendered":"Polyquaternium-51 (Phospholipid t\u1ebf b\u00e0o)"},"content":{"rendered":"<p><strong>\u0110\u1eb7c \u0111i\u1ec3m:<\/strong><\/p>\n<p>Polyquaternium-51 (Cell Phospholipid) l\u00e0 m\u1ed9t y\u1ebfu t\u1ed1 gi\u1eef \u1ea9m hi\u1ec7u qu\u1ea3 v\u00e0 nh\u1eb9 nh\u00e0ng v\u1edbi \u0111\u1eb7c t\u00ednh kh\u00f3a n\u01b0\u1edbc v\u00e0 gi\u1eef \u1ea9m tuy\u1ec7t v\u1eddi. N\u00f3 c\u00f3 th\u1ec3 kh\u00f3a \u0111\u1ed9 \u1ea9m c\u1ee7a da v\u00e0 t\u00f3c m\u1ed9t c\u00e1ch hi\u1ec7u qu\u1ea3, v\u00e0 c\u00e1c \u0111\u1eb7c t\u00ednh gi\u1eef \u1ea9m c\u1ee7a n\u00f3 s\u1ebd kh\u00f4ng b\u1ecb gi\u1ea3m sau nhi\u1ec1u l\u1ea7n gi\u1eb7t. C\u00e1c s\u1ea3n ph\u1ea9m c\u00f3 ch\u1ee9a Polyquaternium-51 sau khi thoa, n\u00f3 c\u00f3 th\u1ec3 ch\u1ec9 v\u00e0o b\u1ec1 m\u1eb7t da \u0111\u1ec3 t\u1ea1o th\u00e0nh m\u1ed9t l\u1edbp m\u00e0ng sinh h\u1ecdc c\u00f3 th\u1ec3 th\u1edf, m\u00f4 ph\u1ecfng l\u1edbp s\u1eebng \u0111\u1ec3 cung c\u1ea5p cho da m\u1ed9t l\u1edbp b\u1ea3o v\u1ec7 b\u1ed5 sung, c\u00f3 hi\u1ec7u qu\u1ea3 ki\u1ec1m ch\u1ebf ch\u1ea5t ho\u1ea1t \u0111\u1ed9ng b\u1ec1 m\u1eb7t \u0111\u1ec3 k\u00edch th\u00edch da, v\u00e0 c\u00f3 th\u1ec3 c\u1ea3i thi\u1ec7n \u0111\u1ed9 nh\u00e1m c\u1ee7a da, l\u00e0m m\u1ecbn l\u00e0n da m\u1ecfng manh v\u00e0 c\u00f3 th\u1ec3 t\u0103ng c\u01b0\u1eddng kh\u1ea3 n\u0103ng h\u1ea5p th\u1ee5 th\u00e0nh ph\u1ea7n ho\u1ea1t t\u00ednh c\u1ee7a da. Polyquaternium-51 l\u00e0 m\u1ed9t y\u1ebfu t\u1ed1 gi\u1eef \u1ea9m hi\u1ec7u qu\u1ea3 v\u00e0 nh\u1eb9 nh\u00e0ng v\u1edbi \u0111\u1eb7c t\u00ednh kh\u00f3a n\u01b0\u1edbc v\u00e0 gi\u1eef \u1ea9m tuy\u1ec7t v\u1eddi. N\u00f3 c\u00f3 th\u1ec3 kh\u00f3a \u0111\u1ed9 \u1ea9m c\u1ee7a da v\u00e0 t\u00f3c m\u1ed9t c\u00e1ch hi\u1ec7u qu\u1ea3, v\u00e0 c\u00e1c \u0111\u1eb7c t\u00ednh gi\u1eef \u1ea9m c\u1ee7a n\u00f3 s\u1ebd kh\u00f4ng b\u1ecb gi\u1ea3m sau nhi\u1ec1u l\u1ea7n gi\u1eb7t. S\u1ea3n ph\u1ea9m c\u00f3 ch\u1ee9a mu\u1ed1i poly quaternary amoni \u2013 51 daub sau \u0111\u00f3, n\u00f3 c\u00f3 th\u1ec3 \u0111i\u1ec3m tr\u00ean b\u1ec1 m\u1eb7t da \u0111\u1ec3 h\u00ecnh th\u00e0nh m\u1ed9t l\u1edbp m\u00e0ng sinh h\u1ecdc c\u00f3 th\u1ec3 th\u1edf, m\u00f4 ph\u1ecfng l\u1edbp s\u1eebng \u0111\u1ec3 cung c\u1ea5p cho da m\u1ed9t l\u1edbp b\u1ea3o v\u1ec7 b\u1ed5 sung, c\u00f3 hi\u1ec7u qu\u1ea3 h\u1ea1n ch\u1ebf ch\u1ea5t ho\u1ea1t \u0111\u1ed9ng b\u1ec1 m\u1eb7t \u0111\u1ec3 k\u00edch th\u00edch da, v\u00e0 c\u00f3 th\u1ec3 c\u1ea3i thi\u1ec7n t\u00ecnh tr\u1ea1ng th\u00f4 r\u00e1p c\u1ee7a da, l\u00e0m m\u1ecbn l\u00e0n da m\u1ecfng manh, v\u00e0 c\u00f3 th\u1ec3 t\u0103ng c\u01b0\u1eddng s\u1ef1 h\u1ea5p th\u1ee5 c\u1ee7a da \u0111\u1ed1i v\u1edbi c\u00e1c th\u00e0nh ph\u1ea7n ho\u1ea1t t\u00ednh.<\/p>\n<p>&nbsp;<\/p>\n<p><strong>C\u00e1c t\u00ednh n\u0103ng ch\u00ednh:<\/strong><\/p>\n<ol>\n<li>Kh\u1ea3 n\u0103ng t\u01b0\u01a1ng th\u00edch tuy\u1ec7t v\u1eddi v\u1edbi m\u00f4 v\u00e0 m\u00e1u<\/li>\n<li>\u0110\u01b0\u1ee3c s\u1eed d\u1ee5ng trong l\u0129nh v\u1ef1c y sinh nh\u01b0 c\u1ea5y gh\u00e9p n\u1ed9i t\u1ea1ng, v.v.<\/li>\n<li>\u1ee8ng d\u1ee5ng phospholipid t\u1ebf b\u00e0o trong m\u1ef9 ph\u1ea9m \u0111\u01b0\u1ee3c h\u01b0\u1edfng l\u1ee3i t\u1eeb s\u1ef1 \u0111\u1ed5i m\u1edbi c\u1ee7a c\u00f4ng ngh\u1ec7 OLI<\/li>\n<\/ol>\n<p>&nbsp;<\/p>\n<p><strong>\u1ee8ng d\u1ee5ng:\u00a0<\/strong><\/p>\n<ol>\n<li>V\u1eadt li\u1ec7u k\u00ednh \u00e1p tr\u00f2ng<\/li>\n<li>Nguy\u00ean li\u1ec7u m\u1ef9 ph\u1ea9m<\/li>\n<li>Nguy\u00ean li\u1ec7u l\u00e0m thu\u1ed1c nh\u1ecf m\u1eaft<\/li>\n<li>Nguy\u00ean li\u1ec7u cho ch\u0103m s\u00f3c r\u0103ng mi\u1ec7ng<\/li>\n<li>Thu\u1ed1c th\u1eed ch\u1ea9n \u0111o\u00e1n y t\u1ebf<\/li>\n<li>V\u1eadt li\u1ec7u y sinh<\/li>\n<\/ol>\n<p>&nbsp;<\/p>\n<p><strong>\u0110\u1eb7c \u0111i\u1ec3m \u1ee9ng d\u1ee5ng c\u1ee7a Cell Phospholipid trong m\u1ef9 ph\u1ea9m<\/strong><\/p>\n<p>1: Hi\u1ec7u qu\u1ea3 d\u01b0\u1ee1ng \u1ea9m tuy\u1ec7t v\u1eddi<\/p>\n<ul>\n<li>\u00a0 D\u01b0\u1ee1ng \u1ea9m th\u00f4ng minh<\/li>\n<li>\u00a0 T\u1ed1t h\u01a1n nhi\u1ec1u so v\u1edbi axit hyaluronic<\/li>\n<li>\u00a0 \u0110\u01b0\u1ee3c s\u1eed d\u1ee5ng trong th\u1ebf h\u1ec7 s\u1ea3n ph\u1ea9m d\u01b0\u1ee1ng \u1ea9m m\u1ea1nh m\u1ebd m\u1edbi<\/li>\n<\/ul>\n<p>2: Gi\u1ea3m k\u00edch \u1ee9ng da<\/p>\n<ul>\n<li>\u00a0Gi\u1ea3m k\u00edch \u1ee9ng da do SDS v\u00e0 axit, v.v.<\/li>\n<li>\u00a0\u0110\u01b0\u1ee3c s\u1eed d\u1ee5ng trong c\u00e1c s\u1ea3n ph\u1ea9m ch\u0103m s\u00f3c da nh\u1eb9<\/li>\n<\/ul>\n<p>3: Ch\u1ed1ng t\u0129nh \u0111i\u1ec7n v\u00e0 ch\u1ed1ng \u00f4 nhi\u1ec5m<\/p>\n<ul>\n<li>Ng\u0103n ng\u1eeba t\u0129nh \u0111i\u1ec7n<\/li>\n<li>Gi\u1ea3m s\u1ef1 h\u1ea5p th\u1ee5 PM<\/li>\n<li>Kh\u1ea3 n\u0103ng ch\u1ed1ng n\u01b0\u1edbc tr\u00ean da<\/li>\n<li>\u0110\u01b0\u1ee3c s\u1eed d\u1ee5ng trong c\u00e1c s\u1ea3n ph\u1ea9m nh\u1eb9 v\u00e0 kh\u00e1ng vi-r\u00fat<\/li>\n<\/ul>\n<p>&nbsp;<\/p>","protected":false},"excerpt":{"rendered":"<p><strong>T\u00ean s\u1ea3n ph\u1ea9m:<\/strong> Polyquaternium-51 (Phospholipid t\u1ebf b\u00e0o)<\/p>\n<p><strong>S\u1ed0 CAS:<\/strong> 125275-25-4<\/p>\n<p><strong>M\u1ee5c l\u1ee5c:<\/strong> C19H36NO8P<\/p>\n<p><strong>V\u1ebb b\u1ec1 ngo\u00e0i:\u00a0<\/strong><\/p>","protected":false},"featured_media":0,"template":"","meta":{"_acf_changed":false,"_gspb_post_css":""},"product_brand":[],"product_cat":[60],"product_tag":[],"class_list":{"0":"post-3157","1":"product","2":"type-product","3":"status-publish","5":"product_cat-cosmetic-ingredients","7":"first","8":"instock","9":"shipping-taxable","10":"product-type-simple"},"acf":[],"_links":{"self":[{"href":"https:\/\/wpachem.com\/vi\/wp-json\/wp\/v2\/product\/3157","targetHints":{"allow":["GET"]}}],"collection":[{"href":"https:\/\/wpachem.com\/vi\/wp-json\/wp\/v2\/product"}],"about":[{"href":"https:\/\/wpachem.com\/vi\/wp-json\/wp\/v2\/types\/product"}],"version-history":[{"count":0,"href":"https:\/\/wpachem.com\/vi\/wp-json\/wp\/v2\/product\/3157\/revisions"}],"wp:attachment":[{"href":"https:\/\/wpachem.com\/vi\/wp-json\/wp\/v2\/media?parent=3157"}],"wp:term":[{"taxonomy":"product_brand","embeddable":true,"href":"https:\/\/wpachem.com\/vi\/wp-json\/wp\/v2\/product_brand?post=3157"},{"taxonomy":"product_cat","embeddable":true,"href":"https:\/\/wpachem.com\/vi\/wp-json\/wp\/v2\/product_cat?post=3157"},{"taxonomy":"product_tag","embeddable":true,"href":"https:\/\/wpachem.com\/vi\/wp-json\/wp\/v2\/product_tag?post=3157"}],"curies":[{"name":"wp","href":"https:\/\/api.w.org\/{rel}","templated":true}]}}