{"id":3166,"date":"2022-11-16T09:23:04","date_gmt":"2022-11-16T09:23:04","guid":{"rendered":"http:\/\/site2.easyceotech.com\/?post_type=product&#038;p=3166"},"modified":"2024-03-12T08:01:41","modified_gmt":"2024-03-12T08:01:41","slug":"quaternium-73%ef%bc%88pionine%ef%bc%89","status":"publish","type":"product","link":"https:\/\/wpachem.com\/vi\/product\/quaternium-73%ef%bc%88pionine%ef%bc%89\/","title":{"rendered":"Quaternium-73 (Pionine)"},"content":{"rendered":"<p><strong>Gi\u1edbi thi\u1ec7u<\/strong><\/p>\n<p>M\u1ed9t lo\u1ea1i thu\u1ed1c tr\u1ecb m\u1ee5n di\u1ec7t n\u1ea5m m\u1ea1nh, \u0111\u1eb7c \u0111i\u1ec3m quan tr\u1ecdng nh\u1ea5t c\u1ee7a Pionin l\u00e0 lo\u1ea1i b\u1ecf m\u1ee5n, \u0111\u1eb7c bi\u1ec7t l\u00e0 k\u1ebb th\u00f9 c\u1ee7a m\u1ee5n b\u1ecdc. \u0110\u00e2y l\u00e0 thu\u1ed1c di\u1ec7t n\u1ea5m an to\u00e0n, l\u00e2u d\u00e0i, ti\u00eau di\u1ec7t vi khu\u1ea9n v\u00e0 nhi\u1ec1u lo\u1ea1i n\u1ea5m \u1edf n\u1ed3ng \u0111\u1ed9 th\u1ea5p (2 trong 100.000) v\u00e0 c\u1ea3i thi\u1ec7n c\u00e1c tri\u1ec7u ch\u1ee9ng c\u1ee7a m\u1ee5n tr\u1ee9ng c\u00e1 v\u00e0 m\u1ee5n tr\u1ee9ng c\u00e1 \u0111a nang.<\/p>\n<p><strong>C\u01a1 ch\u1ebf ho\u1ea1t \u0111\u1ed9ng<\/strong><\/p>\n<p>Ph\u00e1 h\u1ee7y m\u00e0ng t\u1ebf b\u00e0o n\u1ea5m c\u1ee7a vi khu\u1ea9n v\u00e0 c\u1ef1c k\u1ef3 hi\u1ec7u qu\u1ea3 \u0111\u1ed1i v\u1edbi Acinetobacter propionicus.<br \/>\nTh\u00fac \u0111\u1ea9y qu\u00e1 tr\u00ecnh tho\u00e1i h\u00f3a gi\u1eefa c\u00e1c t\u1ebf b\u00e0o c\u1ee7a vi khu\u1ea9n v\u00e0 \u0111\u1ea9y nhanh qu\u00e1 tr\u00ecnh tr\u01b0\u1edfng th\u00e0nh.<br \/>\nC\u01a1 ch\u1ebf ho\u1ea1t \u0111\u1ed9ng ch\u1ee7 y\u1ebfu l\u00e0 ph\u00e1 h\u1ee7y m\u00e0ng t\u1ebf b\u00e0o c\u1ee7a vi khu\u1ea9n, th\u00fac \u0111\u1ea9y qu\u00e1 tr\u00ecnh tho\u00e1i h\u00f3a c\u1ee7a t\u1ebf b\u00e0o vi khu\u1ea9n, lo\u1ea1i b\u1ecf l\u1edbp da c\u1ee7a ch\u00fang, \u0111\u1ea9y nhanh qu\u00e1 tr\u00ecnh tr\u01b0\u1edfng th\u00e0nh c\u1ee7a m\u1ee5n, th\u00fac \u0111\u1ea9y qu\u00e1 tr\u00ecnh ti\u1ebft d\u1ecbch, m\u1ee5n s\u1ebd nhanh ch\u00f3ng bi\u1ebfn m\u1ea5t.<\/p>\n<p><strong>Hi\u1ec7u qu\u1ea3 c\u1ee7a s\u1ea3n ph\u1ea9m<\/strong><\/p>\n<p>k\u00ecm khu\u1ea9n<br \/>\nVi\u00eam m\u1ee5n<br \/>\n\u1ee8c ch\u1ebf s\u1ea3n xu\u1ea5t melanin<br \/>\nMu\u1ed1i blain \u0111\u1ec3 in d\u1ea5u<br \/>\nCh\u1ed1ng \u0103n m\u00f2n<\/p>\n<p><strong>\u1ee8ng d\u1ee5ng s\u1ea3n ph\u1ea9m<\/strong><br \/>\nPh\u00f9 h\u1ee3p v\u1edbi m\u1ecdi lo\u1ea1i s\u1ea3n ph\u1ea9m ch\u0103m s\u00f3c da, \u0111\u01b0\u1ee3c khuy\u00ean d\u00f9ng \u0111\u1ec3 ki\u1ec3m so\u00e1t d\u1ea7u, tr\u1ecb m\u1ee5n, l\u00e0m tr\u1eafng t\u00e0n nhang v\u00e0 c\u00e1c s\u1ea3n ph\u1ea9m ch\u0103m s\u00f3c da d\u00e0nh cho nam gi\u1edbi.<\/p>\n<p><strong>Li\u1ec1u d\u00f9ng khuy\u1ebfn c\u00e1o:<\/strong> 0,001-0,005%. M\u1ee9c cao nh\u1ea5t m\u1ecdi th\u1eddi \u0111\u1ea1i cho danh m\u1ee5c n\u0103m 2021 l\u00e0 0,05%<\/p>","protected":false},"excerpt":{"rendered":"<p>T\u00ean INCI: Quaternium-73<\/p>\n<p>C\u00f4ng th\u1ee9c ph\u00e2n t\u1eed: C23H39IN2S2<\/p>\n<p>S\u1ed1 CAS: 15763-48-1<\/p>\n<p>S\u1ed1 EINECS: 239-852-5<\/p>\n<p>Ngo\u1ea1i quan: b\u1ed9t tinh th\u1ec3 m\u00e0u v\u00e0ng nh\u1ea1t \u0111\u1ebfn v\u00e0ng<\/p>\n<p>\u0110\u1ed9 tinh khi\u1ebft: \u226599%<\/p>","protected":false},"featured_media":1883,"template":"","meta":{"_acf_changed":false,"_gspb_post_css":""},"product_brand":[],"product_cat":[60],"product_tag":[],"class_list":{"0":"post-3166","1":"product","2":"type-product","3":"status-publish","4":"has-post-thumbnail","6":"product_cat-cosmetic-ingredients","8":"first","9":"instock","10":"shipping-taxable","11":"product-type-simple"},"acf":[],"_links":{"self":[{"href":"https:\/\/wpachem.com\/vi\/wp-json\/wp\/v2\/product\/3166","targetHints":{"allow":["GET"]}}],"collection":[{"href":"https:\/\/wpachem.com\/vi\/wp-json\/wp\/v2\/product"}],"about":[{"href":"https:\/\/wpachem.com\/vi\/wp-json\/wp\/v2\/types\/product"}],"version-history":[{"count":0,"href":"https:\/\/wpachem.com\/vi\/wp-json\/wp\/v2\/product\/3166\/revisions"}],"wp:featuredmedia":[{"embeddable":true,"href":"https:\/\/wpachem.com\/vi\/wp-json\/wp\/v2\/media\/1883"}],"wp:attachment":[{"href":"https:\/\/wpachem.com\/vi\/wp-json\/wp\/v2\/media?parent=3166"}],"wp:term":[{"taxonomy":"product_brand","embeddable":true,"href":"https:\/\/wpachem.com\/vi\/wp-json\/wp\/v2\/product_brand?post=3166"},{"taxonomy":"product_cat","embeddable":true,"href":"https:\/\/wpachem.com\/vi\/wp-json\/wp\/v2\/product_cat?post=3166"},{"taxonomy":"product_tag","embeddable":true,"href":"https:\/\/wpachem.com\/vi\/wp-json\/wp\/v2\/product_tag?post=3166"}],"curies":[{"name":"wp","href":"https:\/\/api.w.org\/{rel}","templated":true}]}}