{"id":3169,"date":"2022-11-16T09:22:40","date_gmt":"2022-11-16T09:22:40","guid":{"rendered":"http:\/\/site2.easyceotech.com\/?post_type=product&#038;p=3169"},"modified":"2024-03-12T08:01:45","modified_gmt":"2024-03-12T08:01:45","slug":"ascorbyl-tetraisopalmitate%ef%bc%88vc-ip%ef%bc%89","status":"publish","type":"product","link":"https:\/\/wpachem.com\/vi\/product\/ascorbyl-tetraisopalmitate%ef%bc%88vc-ip%ef%bc%89\/","title":{"rendered":"Ascorbyl Tetraisopalmitate (VC-IP)"},"content":{"rendered":"<p><strong>Gi\u1edbi thi\u1ec7u<\/strong><\/p>\n<p>Ascorbyl tetraisopalmitate (VC-IP), m\u1ed9t d\u1eabn xu\u1ea5t Vitamin C este h\u00f3a, c\u0169ng l\u00e0 m\u1ed9t th\u1ebf h\u1ec7 d\u1eabn xu\u1ea5t m\u1edbi. T\u00ean kh\u00e1c: tetrahexyldecyl ascorbate, VC este h\u00f3a, vitamin C tan trong ch\u1ea5t b\u00e9o.<\/p>\n<p>Ascorbyl tetraisopalmitate \u0111\u00e3 \u0111\u01b0\u1ee3c B\u1ed9 Y t\u1ebf, Lao \u0111\u1ed9ng v\u00e0 Ph\u00fac l\u1ee3i Nh\u1eadt B\u1ea3n ch\u1ea5p thu\u1eadn l\u00e0 \u201cHo\u1ea1t ch\u1ea5t b\u00e1n d\u01b0\u1ee3c ph\u1ea9m\u201d v\u00e0o n\u0103m 2006 v\u00e0 l\u00e0 ch\u1ea5t l\u00e0m tr\u1eafng ch\u1ee9c n\u0103ng \u0111\u01b0\u1ee3c ch\u1ea5p thu\u1eadn ch\u00ednh th\u1ee9c t\u1ea1i H\u00e0n Qu\u1ed1c, c\u0169ng nh\u01b0 l\u00e0 th\u00e0nh ph\u1ea7n l\u00e0m tr\u1eafng duy nh\u1ea5t trong s\u1ed1 13 th\u00e0nh ph\u1ea7n l\u00e0m tr\u1eafng \u0111\u01b0\u1ee3c B\u1ed9 Y t\u1ebf v\u00e0 Ph\u00fac l\u1ee3i c\u1ee7a t\u1ec9nh \u0110\u00e0i Loan ch\u1ea5p thu\u1eadn l\u00e0 \u201cM\u1ef9 ph\u1ea9m c\u00f3 ch\u1ee9a d\u01b0\u1ee3c ph\u1ea9m\u201d.<\/p>\n<p><strong>\u0110\u1eb7c \u0111i\u1ec3m hi\u1ec7u qu\u1ea3.<\/strong><\/p>\n<p>\u1ed4n \u0111\u1ecbnh, tan trong d\u1ea7u, th\u00e2n thi\u1ec7n v\u1edbi da v\u00e0 \u01b0a m\u1ee1, c\u00f3 kh\u1ea3 n\u0103ng h\u1ea5p th\u1ee5 qua da tuy\u1ec7t v\u1eddi<\/p>\n<p><strong>Hi\u1ec7u qu\u1ea3<\/strong><\/p>\n<ul>\n<li>L\u00e0m s\u00e1ng da v\u00e0 l\u00e0m m\u1edd v\u1ebft th\u00e2m, \u1ee9c ch\u1ebf s\u1ef1 l\u1eafng \u0111\u1ecdng melanin, l\u00e0m s\u00e1ng melanin \u0111\u01b0\u1ee3c s\u1ea3n sinh<\/li>\n<li>Ch\u1ed1ng vi\u00eam, ph\u1ee5c h\u1ed3i m\u1ee5n<\/li>\n<li>Ch\u1ea5t ch\u1ed1ng oxy h\u00f3a, b\u1ea3o v\u1ec7 ch\u1ed1ng l\u1ea1i t\u00e1c h\u1ea1i c\u1ee7a g\u1ed1c t\u1ef1 do<\/li>\n<li>Th\u00fac \u0111\u1ea9y t\u1ed5ng h\u1ee3p collagen, gi\u1ea3m n\u1ebfp nh\u0103n da, ng\u0103n ng\u1eeba l\u00e3o h\u00f3a da<\/li>\n<\/ul>\n<p>&nbsp;<\/p>\n<p><strong>\u1ee8ng d\u1ee5ng s\u1ea3n ph\u1ea9m:<\/strong><br \/>\nS\u1ea3n ph\u1ea9m ch\u0103m s\u00f3c da; S\u1ea3n ph\u1ea9m trang \u0111i\u1ec3m (son m\u00f4i, son m\u00f4i, v.v.); S\u1ea3n ph\u1ea9m tinh d\u1ea7u; S\u1ea3n ph\u1ea9m ch\u1ed1ng n\u1eafng; M\u1eb7t n\u1ea1<\/p>\n<p><strong>Li\u1ec1u d\u00f9ng khuy\u1ebfn c\u00e1o:<\/strong> 0.1-5%<br \/>\n<strong>\u0110i\u1ec1u ki\u1ec7n b\u1ea3o qu\u1ea3n:<\/strong> B\u1ea3o qu\u1ea3n \u1edf n\u01a1i tho\u00e1ng m\u00e1t, k\u00edn, tr\u00e1nh \u00e1nh s\u00e1ng.<br \/>\n<strong>Quy c\u00e1ch \u0111\u00f3ng g\u00f3i:<\/strong>1KG\/chai, chai nh\u00f4m<\/p>","protected":false},"excerpt":{"rendered":"<p>T\u00ean INCI: Ascorbate Tetraisopalmitate (VC-IP)<\/p>\n<p>C\u00f4ng th\u1ee9c ph\u00e2n t\u1eed: C70H128O10<\/p>\n<p>S\u1ed0 CAS: 183476-82-6<\/p>\n<p>Ngo\u1ea1i quan: ch\u1ea5t l\u1ecfng kh\u00f4ng m\u00e0u \u0111\u1ebfn v\u00e0ng nh\u1ea1t<\/p>\n<p>\u0110\u1ed9 tinh khi\u1ebft: &gt; 98%<\/p>","protected":false},"featured_media":2113,"template":"","meta":{"_acf_changed":false,"_gspb_post_css":""},"product_brand":[],"product_cat":[60],"product_tag":[],"class_list":{"0":"post-3169","1":"product","2":"type-product","3":"status-publish","4":"has-post-thumbnail","6":"product_cat-cosmetic-ingredients","8":"first","9":"instock","10":"shipping-taxable","11":"product-type-simple"},"acf":[],"_links":{"self":[{"href":"https:\/\/wpachem.com\/vi\/wp-json\/wp\/v2\/product\/3169","targetHints":{"allow":["GET"]}}],"collection":[{"href":"https:\/\/wpachem.com\/vi\/wp-json\/wp\/v2\/product"}],"about":[{"href":"https:\/\/wpachem.com\/vi\/wp-json\/wp\/v2\/types\/product"}],"version-history":[{"count":0,"href":"https:\/\/wpachem.com\/vi\/wp-json\/wp\/v2\/product\/3169\/revisions"}],"wp:featuredmedia":[{"embeddable":true,"href":"https:\/\/wpachem.com\/vi\/wp-json\/wp\/v2\/media\/2113"}],"wp:attachment":[{"href":"https:\/\/wpachem.com\/vi\/wp-json\/wp\/v2\/media?parent=3169"}],"wp:term":[{"taxonomy":"product_brand","embeddable":true,"href":"https:\/\/wpachem.com\/vi\/wp-json\/wp\/v2\/product_brand?post=3169"},{"taxonomy":"product_cat","embeddable":true,"href":"https:\/\/wpachem.com\/vi\/wp-json\/wp\/v2\/product_cat?post=3169"},{"taxonomy":"product_tag","embeddable":true,"href":"https:\/\/wpachem.com\/vi\/wp-json\/wp\/v2\/product_tag?post=3169"}],"curies":[{"name":"wp","href":"https:\/\/api.w.org\/{rel}","templated":true}]}}