{"id":3172,"date":"2022-11-16T09:23:24","date_gmt":"2022-11-16T09:23:24","guid":{"rendered":"http:\/\/site2.easyceotech.com\/?post_type=product&#038;p=3172"},"modified":"2024-03-12T08:01:38","modified_gmt":"2024-03-12T08:01:38","slug":"ethyl-ascorbic-acid-vce","status":"publish","type":"product","link":"https:\/\/wpachem.com\/vi\/product\/ethyl-ascorbic-acid-vce\/","title":{"rendered":"Axit Ethyl Ascorbic (VCE)"},"content":{"rendered":"<p><strong>\u0110\u1eb7c \u0111i\u1ec3m hi\u1ec7u qu\u1ea3<\/strong><\/p>\n<ul>\n<li>\u1ee8c ch\u1ebf ho\u1ea1t \u0111\u1ed9ng c\u1ee7a tyrosinase, \u1ee9c ch\u1ebf s\u1ef1 h\u00ecnh th\u00e0nh melanin, ph\u1ee5c h\u1ed3i melanin kh\u00f4ng m\u00e0u, x\u00f3a m\u1edd v\u1ebft th\u00e2m v\u00e0 l\u00e0m tr\u1eafng da hi\u1ec7u qu\u1ea3, c\u1ea3i thi\u1ec7n l\u00e0n da x\u1ec9n m\u00e0u kh\u00f4ng b\u00f3ng nh\u1eddn, t\u0103ng \u0111\u1ed9 \u0111\u00e0n h\u1ed3i cho da.<\/li>\n<li>C\u00f3 t\u00e1c d\u1ee5ng ch\u1ed1ng oxy h\u00f3a tuy\u1ec7t v\u1eddi trong m\u1ef9 ph\u1ea9m, \u0111\u1ea3m b\u1ea3o c\u00f4ng d\u1ee5ng c\u1ee7a vitamin C. So v\u1edbi nguy\u00ean m\u1eabu c\u1ee7a vitamin C, vitamin C etyl ete r\u1ea5t \u1ed5n \u0111\u1ecbnh v\u00e0 kh\u00f4ng \u0111\u1ed5i m\u00e0u.<\/li>\n<li>C\u00f3 t\u00e1c d\u1ee5ng kh\u00e1ng khu\u1ea9n, ch\u1ed1ng vi\u00eam m\u1ea1nh, ch\u1ed1ng vi\u00eam do \u00e1nh n\u1eafng m\u1eb7t tr\u1eddi.<\/li>\n<li>Vitamin C etyl ete th\u1ea9m th\u1ea5u v\u00e0o l\u1edbp h\u1ea1 b\u00ec, tham gia tr\u1ef1c ti\u1ebfp v\u00e0o qu\u00e1 tr\u00ecnh t\u1ed5ng h\u1ee3p collagen \u0111\u1ec3 ph\u1ee5c h\u1ed3i ho\u1ea1t \u0111\u1ed9ng c\u1ee7a t\u1ebf b\u00e0o da v\u00e0 t\u0103ng sinh collagen, gi\u00fap da c\u0103ng m\u1ecbn, \u0111\u00e0n h\u1ed3i, m\u1ec1m m\u1ea1i v\u00e0 m\u1ecbn m\u00e0ng.<\/li>\n<li>V\u1edbi c\u1ea5u tr\u00fac \u01b0a d\u1ea7u v\u00e0 \u01b0a n\u01b0\u1edbc, d\u1ec5 d\u00e0ng \u0111\u01b0\u1ee3c da h\u1ea5p th\u1ee5 v\u00e0 c\u00f3 th\u1ec3 ti\u1ebfp c\u1eadn tr\u1ef1c ti\u1ebfp \u0111\u1ebfn l\u1edbp h\u1ea1 b\u00ec.<br \/>\n\u0110\u1ed9 \u1ed5n \u0111\u1ecbnh t\u1ed1t, ch\u1ed1ng l\u1ea1i \u00e1nh s\u00e1ng, nhi\u1ec7t, axit, ki\u1ec1m, mu\u1ed1i v\u00e0 oxy h\u00f3a trong kh\u00f4ng kh\u00ed.<\/li>\n<\/ul>\n<p>&nbsp;<\/p>\n<p><strong>\u1ee8ng d\u1ee5ng:<\/strong> s\u1ea3n ph\u1ea9m l\u00e0m tr\u1eafng, s\u1ea3n ph\u1ea9m ch\u1ed1ng l\u00e3o h\u00f3a, s\u1ea3n ph\u1ea9m ch\u1ed1ng n\u1eafng, tinh ch\u1ea5t, m\u1eb7t n\u1ea1, kem d\u01b0\u1ee1ng da, v.v.<\/p>\n<p><strong>Li\u1ec1u d\u00f9ng khuy\u1ebfn c\u00e1o:<\/strong> 0.5-3%<\/p>\n<p><strong>\u0110\u00f3ng g\u00f3i:<\/strong> 1KG\/t\u00fai (t\u00fai gi\u1ea5y b\u1ea1c l\u00f3t t\u00fai Ziplock PE), 25KG\/th\u00f9ng<\/p>","protected":false},"excerpt":{"rendered":"<p>T\u00ean INCI: Axit ascorbic 3-o-ethyl<\/p>\n<p>C\u00f4ng th\u1ee9c ph\u00e2n t\u1eed:C8H12O6<\/p>\n<p>S\u1ed1 CAS: 86404-04-8<\/p>\n<p>EINECS: 617-849-3<\/p>\n<p>Ngo\u1ea1i quan: B\u1ed9t m\u00e0u tr\u1eafng \u0111\u1ebfn tr\u1eafng ng\u00e0<\/p>\n<p>\u0110\u1ed9 tinh khi\u1ebft: \u226599%<\/p>","protected":false},"featured_media":2161,"template":"","meta":{"_acf_changed":false,"_gspb_post_css":""},"product_brand":[],"product_cat":[60],"product_tag":[],"class_list":{"0":"post-3172","1":"product","2":"type-product","3":"status-publish","4":"has-post-thumbnail","6":"product_cat-cosmetic-ingredients","8":"first","9":"instock","10":"shipping-taxable","11":"product-type-simple"},"acf":[],"_links":{"self":[{"href":"https:\/\/wpachem.com\/vi\/wp-json\/wp\/v2\/product\/3172","targetHints":{"allow":["GET"]}}],"collection":[{"href":"https:\/\/wpachem.com\/vi\/wp-json\/wp\/v2\/product"}],"about":[{"href":"https:\/\/wpachem.com\/vi\/wp-json\/wp\/v2\/types\/product"}],"version-history":[{"count":0,"href":"https:\/\/wpachem.com\/vi\/wp-json\/wp\/v2\/product\/3172\/revisions"}],"wp:featuredmedia":[{"embeddable":true,"href":"https:\/\/wpachem.com\/vi\/wp-json\/wp\/v2\/media\/2161"}],"wp:attachment":[{"href":"https:\/\/wpachem.com\/vi\/wp-json\/wp\/v2\/media?parent=3172"}],"wp:term":[{"taxonomy":"product_brand","embeddable":true,"href":"https:\/\/wpachem.com\/vi\/wp-json\/wp\/v2\/product_brand?post=3172"},{"taxonomy":"product_cat","embeddable":true,"href":"https:\/\/wpachem.com\/vi\/wp-json\/wp\/v2\/product_cat?post=3172"},{"taxonomy":"product_tag","embeddable":true,"href":"https:\/\/wpachem.com\/vi\/wp-json\/wp\/v2\/product_tag?post=3172"}],"curies":[{"name":"wp","href":"https:\/\/api.w.org\/{rel}","templated":true}]}}