{"id":3175,"date":"2022-11-16T09:22:17","date_gmt":"2022-11-16T09:22:17","guid":{"rendered":"http:\/\/site2.easyceotech.com\/?post_type=product&#038;p=3175"},"modified":"2024-03-12T08:01:50","modified_gmt":"2024-03-12T08:01:50","slug":"phenylethyl-resorcinol%ef%bc%88377%ef%bc%89","status":"publish","type":"product","link":"https:\/\/wpachem.com\/vi\/product\/phenylethyl-resorcinol%ef%bc%88377%ef%bc%89\/","title":{"rendered":"Phenylethyl Resorcinol (377)"},"content":{"rendered":"<p><strong>Gi\u1edbi thi\u1ec7u<\/strong><\/p>\n<ul>\n<li>C\u1ea5u tr\u00fac \u0111\u1ed9c \u0111\u00e1o quy\u1ebft \u0111\u1ecbnh hi\u1ec7u su\u1ea5t l\u00e0m tr\u1eafng v\u00e0 x\u00f3a th\u00e2m v\u01b0\u1ee3t tr\u1ed9i, c\u00f3 t\u00e1c d\u1ee5ng \u1ee9c ch\u1ebf hi\u1ec7u qu\u1ea3 qu\u00e1 tr\u00ecnh t\u1ed5ng h\u1ee3p melanin b\u1eb1ng c\u00e1ch t\u00e1c \u0111\u1ed9ng v\u00e0o nhi\u1ec1u m\u1ee5c ti\u00eau c\u1ee7a con \u0111\u01b0\u1eddng t\u1ed5ng h\u1ee3p melanin, do \u0111\u00f3 \u0111\u1ea1t \u0111\u01b0\u1ee3c hi\u1ec7u qu\u1ea3 l\u00e0m tr\u1eafng gia t\u0103ng.<\/li>\n<li>C\u1ea5u tr\u00fac c\u1ee7a bisphenol, t\u01b0\u01a1ng t\u1ef1 nh\u01b0 hydroquinone, v\u1eabn gi\u1eef nguy\u00ean ho\u1ea1t \u0111\u1ed9ng c\u1ee7a bisphenol, trong khi vi\u1ec7c \u0111\u01b0a phenethyl v\u00e0o c\u00f3 th\u1ec3 l\u00e0m t\u0103ng kh\u1ea3 n\u0103ng \u1ee9c ch\u1ebf c\u1ea1nh tranh c\u1ee7a tyrosinase, v\u1edbi nhi\u1ec1u c\u01a1 ch\u1ebf ho\u1ea1t \u0111\u1ed9ng \u0111\u1ed3ng th\u1eddi nh\u01b0 m\u1ed9t nguy\u00ean li\u1ec7u l\u00e0m tr\u1eafng v\u00e0 t\u1ea9y v\u1ebft th\u00e2m.<\/li>\n<li>T\u00ednh ch\u1ea5t ch\u1ed1ng oxy h\u00f3a m\u1ea1nh h\u01a1n c\u00f3 l\u1ee3i cho vi\u1ec7c l\u00e0m m\u1edd melanin (qu\u00e1 tr\u00ecnh h\u00ecnh th\u00e0nh melanin t\u1ea1o n\u00ean qu\u00e1 tr\u00ecnh oxy h\u00f3a), t\u00ednh ch\u1ea5t ch\u1ed1ng oxy h\u00f3a c\u1ee7a phenethylresorcinol cao h\u01a1n kho\u1ea3ng 40% so v\u1edbi c\u00f9ng n\u1ed3ng \u0111\u1ed9 VE v\u00e0 BHT.<\/li>\n<li>C\u1ea5u tr\u00fac \u0111\u1ed9c \u0111\u00e1o v\u00e0 tr\u1ecdng l\u01b0\u1ee3ng ph\u00e2n t\u1eed th\u1ea5p (d\u1ec5 h\u00f2a tan trong h\u1ec7 d\u1ea7u ph\u00e2n c\u1ef1c) gi\u00fap d\u1ec5 d\u00e0ng th\u1ea9m th\u1ea5u v\u00e0o l\u1edbp s\u1eebng v\u00e0 ph\u00e1t huy t\u00e1c d\u1ee5ng l\u00e0m tr\u1eafng v\u00e0 lo\u1ea1i b\u1ecf v\u1ebft th\u00e2m.<\/li>\n<\/ul>\n<p>N\u00f3 c\u00f3 kh\u1ea3 n\u0103ng ch\u1ed1ng g\u1ed1c t\u1ef1 do v\u00e0 ch\u1ed1ng oxy h\u00f3a v\u01b0\u1ee3t tr\u1ed9i, v\u00e0 ho\u1ea1t \u0111\u1ed9ng ch\u1ed1ng oxy h\u00f3a c\u1ee7a n\u00f3 t\u1ed1t h\u01a1n nhi\u1ec1u so v\u1edbi VE, BHA, BHT, v.v. N\u00f3 c\u00f3 hi\u1ec7u qu\u1ea3 lo\u1ea1i b\u1ecf c\u00e1c g\u1ed1c t\u1ef1 do c\u00f3 h\u1ea1i trong da. Ch\u1ed1ng l\u00e3o h\u00f3a v\u00e0 n\u1ebfp nh\u0103n do c\u00e1c g\u1ed1c t\u1ef1 do g\u00e2y ra, v.v.<\/p>\n<p><strong>T\u00ednh n\u0103ng hi\u1ec7u qu\u1ea3<\/strong><\/p>\n<ul>\n<li>L\u00e0m s\u00e1ng v\u00e0 \u0111\u1ec1u m\u00e0u da, c\u1ea3i thi\u1ec7n t\u00ecnh tr\u1ea1ng da kh\u00f4ng \u0111\u1ec1u m\u00e0u, gi\u1ea3m t\u00ecnh tr\u1ea1ng da \u0111\u1ed5i m\u00e0u do tia UV g\u00e2y ra.<br \/>\nCh\u1ea5t ch\u1ed1ng oxy h\u00f3a tuy\u1ec7t v\u1eddi.<\/li>\n<li>\u0110\u1ed9 \u1ed5n \u0111\u1ecbnh v\u00e0 an to\u00e0n t\u1ed1t, kh\u00f4ng g\u00e2y k\u00edch \u1ee9ng v\u00e0 nh\u1ea1y c\u1ea3m.<\/li>\n<\/ul>\n<p>&nbsp;<\/p>\n<p><strong>\u1ee8ng d\u1ee5ng s\u1ea3n ph\u1ea9m: <\/strong>N\u01b0\u1edbc hoa h\u1ed3ng, tinh ch\u1ea5t, kem d\u01b0\u1ee1ng, m\u1eb7t n\u1ea1, v.v.<\/p>\n<p><strong>L\u01b0\u1ee3ng b\u1ed5 sung khuy\u1ebfn ngh\u1ecb:: <\/strong>0,1 \u0111\u1ebfn 0,5%<\/p>","protected":false},"excerpt":{"rendered":"<p>T\u00ean INCI: Phenethyl Resorcinol<\/p>\n<p>Bi\u1ec7t danh: 377<\/p>\n<p>T\u00ean h\u00f3a h\u1ecdc: 4-(1-phenylethyl)-1,3-benzenediol<\/p>\n<p>C\u00f4ng th\u1ee9c ph\u00e2n t\u1eed: C14H14O2<\/p>\n<p>S\u1ed1 CAS: 85-27-8<\/p>\n<p>Ngo\u1ea1i quan: b\u1ed9t m\u00e0u tr\u1eafng \u0111\u1ebfn tr\u1eafng ng\u00e0<\/p>\n<p>\u0110\u1ed9 tinh khi\u1ebft: \u226599%<\/p>","protected":false},"featured_media":2103,"template":"","meta":{"_acf_changed":false,"_gspb_post_css":""},"product_brand":[],"product_cat":[60],"product_tag":[],"class_list":{"0":"post-3175","1":"product","2":"type-product","3":"status-publish","4":"has-post-thumbnail","6":"product_cat-cosmetic-ingredients","8":"first","9":"instock","10":"shipping-taxable","11":"product-type-simple"},"acf":[],"_links":{"self":[{"href":"https:\/\/wpachem.com\/vi\/wp-json\/wp\/v2\/product\/3175","targetHints":{"allow":["GET"]}}],"collection":[{"href":"https:\/\/wpachem.com\/vi\/wp-json\/wp\/v2\/product"}],"about":[{"href":"https:\/\/wpachem.com\/vi\/wp-json\/wp\/v2\/types\/product"}],"version-history":[{"count":0,"href":"https:\/\/wpachem.com\/vi\/wp-json\/wp\/v2\/product\/3175\/revisions"}],"wp:featuredmedia":[{"embeddable":true,"href":"https:\/\/wpachem.com\/vi\/wp-json\/wp\/v2\/media\/2103"}],"wp:attachment":[{"href":"https:\/\/wpachem.com\/vi\/wp-json\/wp\/v2\/media?parent=3175"}],"wp:term":[{"taxonomy":"product_brand","embeddable":true,"href":"https:\/\/wpachem.com\/vi\/wp-json\/wp\/v2\/product_brand?post=3175"},{"taxonomy":"product_cat","embeddable":true,"href":"https:\/\/wpachem.com\/vi\/wp-json\/wp\/v2\/product_cat?post=3175"},{"taxonomy":"product_tag","embeddable":true,"href":"https:\/\/wpachem.com\/vi\/wp-json\/wp\/v2\/product_tag?post=3175"}],"curies":[{"name":"wp","href":"https:\/\/api.w.org\/{rel}","templated":true}]}}