{"id":3178,"date":"2022-11-16T09:21:58","date_gmt":"2022-11-16T09:21:58","guid":{"rendered":"http:\/\/site2.easyceotech.com\/?post_type=product&#038;p=3178"},"modified":"2024-03-12T08:01:54","modified_gmt":"2024-03-12T08:01:54","slug":"4-butylresorcinol","status":"publish","type":"product","link":"https:\/\/wpachem.com\/vi\/product\/4-butylresorcinol\/","title":{"rendered":"4-Butylresorcinol"},"content":{"rendered":"<p><strong>Gi\u1edbi thi\u1ec7u<\/strong><\/p>\n<p>Tyrosinase \u0111\u00f3ng vai tr\u00f2 quan tr\u1ecdng trong qu\u00e1 tr\u00ecnh h\u00ecnh th\u00e0nh melanogenesis, v\u00ec n\u00f3 ki\u1ec3m so\u00e1t t\u1ed1c \u0111\u1ed9 l\u1eafng \u0111\u1ecdng melanin. 4-Butylresorcinol c\u00f3 t\u00e1c d\u1ee5ng \u1ee9c ch\u1ebf qu\u00e1 tr\u00ecnh h\u00ecnh th\u00e0nh melanogenesis, b\u1eb1ng c\u00e1ch \u1ee9c ch\u1ebf tr\u1ef1c ti\u1ebfp ho\u1ea1t \u0111\u1ed9ng c\u1ee7a tyrosinase, c\u0169ng nh\u01b0 \u1ee9c ch\u1ebf qu\u00e1 tr\u00ecnh t\u1ed5ng h\u1ee3p tyrosinase trong t\u1ebf b\u00e0o u h\u1eafc t\u1ed1 B16, m\u00e0 kh\u00f4ng g\u00e2y ra b\u1ea5t k\u1ef3 \u0111\u1ed9c t\u00ednh t\u1ebf b\u00e0o n\u00e0o. Trong m\u1ed9t s\u1ed1 nghi\u00ean c\u1ee9u trong \u1ed1ng nghi\u1ec7m, 4-butylresorcinol \u0111\u00e3 \u0111\u01b0\u1ee3c ch\u1ee9ng minh l\u00e0 \u1ee9c ch\u1ebf qu\u00e1 tr\u00ecnh h\u00ecnh th\u00e0nh melanogenesis, c\u0169ng nh\u01b0 ho\u1ea1t \u0111\u1ed9ng c\u1ee7a tyrosinase v\u00e0 TRP-1.<\/p>\n<p><strong>C\u01a1 ch\u1ebf ho\u1ea1t \u0111\u1ed9ng<\/strong><\/p>\n<ul>\n<li>Can thi\u1ec7p v\u00e0o qu\u00e1 tr\u00ecnh t\u1ed5ng h\u1ee3p tyrosinase v\u00e0 glycosyl h\u00f3a tr\u01b0\u1edbc khi t\u1ed5ng h\u1ee3p melanin, ng\u0103n ch\u1eb7n s\u1ef1 h\u1ea5p th\u1ee5 enzyme c\u1ee7a melanosome<\/li>\n<li>Trong qu\u00e1 tr\u00ecnh t\u1ed5ng h\u1ee3p melanin, \u1ee9c ch\u1ebf ho\u1ea1t \u0111\u1ed9ng c\u1ee7a enzyme, ho\u1ea1t \u0111\u1ed9ng nh\u01b0 ch\u1ea5t \u1ee9c ch\u1ebf c\u1ea1nh tranh c\u1ee7a enzyme tyrosinase v\u00e0 TRP1, \u0111\u1ed3ng th\u1eddi l\u00e0m gi\u1ea3m s\u1ef1 h\u00ecnh th\u00e0nh c\u00e1c s\u1ea3n ph\u1ea9m ph\u1ee5 th\u00fac \u0111\u1ea9y qu\u00e1 tr\u00ecnh h\u00ecnh th\u00e0nh melanin.<\/li>\n<li>Sau khi t\u1ed5ng h\u1ee3p melanin, t\u0103ng c\u01b0\u1eddng s\u1ef1 ph\u00e2n h\u1ee7y tyrosinase, \u1ee9c ch\u1ebf s\u1ef1 v\u1eadn chuy\u1ec3n melanosome \u0111\u1ebfn t\u1ebf b\u00e0o s\u1eebng v\u00e0 c\u00f3 t\u00e1c d\u1ee5ng t\u1ea9y t\u1ebf b\u00e0o ch\u1ebft b\u1eb1ng \u00e1nh s\u00e1ng do axit b\u00e9o, ch\u1ee9c n\u0103ng n\u00e0y \u0111\u01b0\u1ee3c t\u0103ng c\u01b0\u1eddng nh\u1edd s\u1ef1 hi\u1ec7n di\u1ec7n c\u1ee7a axit b\u00e9o v\u00e0 \u0111i\u1ec1u ch\u1ec9nh s\u1ef1 ph\u00e2n h\u1ee7y tyrosinase.<\/li>\n<\/ul>\n<p><strong>T\u00ednh n\u0103ng hi\u1ec7u qu\u1ea3<\/strong><\/p>\n<ul>\n<li>Hi\u1ec7u qu\u1ea3 l\u00e0m tr\u1eafng: c\u1ea3i thi\u1ec7n t\u00f4ng m\u00e0u da kh\u00f4ng \u0111\u1ed3ng \u0111\u1ec1u v\u00e0 l\u00e0m gi\u1ea3m t\u00ecnh tr\u1ea1ng \u0111\u1ed5i m\u00e0u da do ti\u1ebfp x\u00fac v\u1edbi tia UV<\/li>\n<li>Ch\u1ea5t ch\u1ed1ng oxy h\u00f3a tuy\u1ec7t v\u1eddi<\/li>\n<li>\u0110\u1ed9 \u1ed5n \u0111\u1ecbnh v\u00e0 an to\u00e0n t\u1ed1t, kh\u00f4ng c\u00f3 kh\u1ea3 n\u0103ng g\u00e2y k\u00edch \u1ee9ng v\u00e0 nh\u1ea1y c\u1ea3m<\/li>\n<\/ul>\n<p><strong>\u1ee8ng d\u1ee5ng s\u1ea3n ph\u1ea9m: <\/strong><\/p>\n<p>S\u1ea3n ph\u1ea9m l\u00e0m tr\u1eafng v\u00e0 s\u00e1ng da, s\u1ea3n ph\u1ea9m lo\u1ea1i b\u1ecf t\u00e0n nhang nh\u1eb9, s\u1ea3n ph\u1ea9m ch\u1ed1ng n\u1eafng v\u00e0 ph\u1ee5c h\u1ed3i sau khi \u0111i n\u1eafng, s\u1ea3n ph\u1ea9m ch\u1ed1ng l\u00e3o h\u00f3a tr\u1ebb h\u00f3a da, v.v.<\/p>\n<p><strong>Li\u1ec1u d\u00f9ng khuy\u1ebfn c\u00e1o:<\/strong> Theo s\u1ed1 l\u01b0\u1ee3ng k\u1ef7 l\u1ee5c c\u1ee7a v\u1eadt li\u1ec7u n\u00e0y trong Danh m\u1ee5c Nguy\u00ean li\u1ec7u M\u1ef9 ph\u1ea9m \u0110\u00e3 qua s\u1eed d\u1ee5ng (Phi\u00ean b\u1ea3n 2021), li\u1ec1u l\u01b0\u1ee3ng khuy\u1ebfn c\u00e1o l\u00e0 0,3~2%<\/p>\n<p><strong>G\u1ee3i \u00fd c\u00f4ng th\u1ee9c:<\/strong> <span class=\"transSent\" data-group=\"2-0\">Gi\u00e1 tr\u1ecb pH \u0111\u01b0\u1ee3c khuy\u1ebfn ngh\u1ecb ki\u1ec3m so\u00e1t t\u1eeb 4,0 \u0111\u1ebfn 5,5;<\/span><span class=\"transSent highlight\" data-group=\"2-1\"> N\u00f3 \u00edt tan trong n\u01b0\u1edbc v\u00e0 c\u1ea7n \u0111\u01b0\u1ee3c ph\u00e2n t\u00e1n b\u1eb1ng polyol ho\u1eb7c h\u00f2a tan b\u1eb1ng d\u1ea7u ph\u00e2n c\u1ef1c tr\u01b0\u1edbc khi th\u00eam v\u00e0o h\u1ec7 th\u1ed1ng \u0111\u1ec3 tr\u00e1nh nhi\u1ec7t \u0111\u1ed9 cao.<\/span><\/p>\n<p><strong>Quy c\u00e1ch \u0111\u00f3ng g\u00f3i:<\/strong> 1KG\/t\u00fai (t\u00fai gi\u1ea5y b\u1ea1c l\u00f3t t\u00fai Ziplock PE), 25KG\/th\u00f9ng<\/p>","protected":false},"excerpt":{"rendered":"<p>T\u00ean h\u00f3a h\u1ecdc: 1,3-Dihydroxy-4-n-butyl benzen<\/p>\n<p>T\u00ean INCI: 4-Butylresorcinol<\/p>\n<p>C\u00f4ng th\u1ee9c ph\u00e2n t\u1eed: C10H14O2<\/p>\n<p>S\u1ed1 CAS: 18979-61-8<\/p>\n<p>Ngo\u1ea1i quan: B\u1ed9t m\u00e0u tr\u1eafng \u0111\u1ebfn tr\u1eafng ng\u00e0<\/p>\n<p>\u0110\u1ed9 tinh khi\u1ebft: \u226599%<\/p>","protected":false},"featured_media":2116,"template":"","meta":{"_acf_changed":false,"_gspb_post_css":""},"product_brand":[],"product_cat":[60],"product_tag":[],"class_list":{"0":"post-3178","1":"product","2":"type-product","3":"status-publish","4":"has-post-thumbnail","6":"product_cat-cosmetic-ingredients","8":"first","9":"instock","10":"shipping-taxable","11":"product-type-simple"},"acf":[],"_links":{"self":[{"href":"https:\/\/wpachem.com\/vi\/wp-json\/wp\/v2\/product\/3178","targetHints":{"allow":["GET"]}}],"collection":[{"href":"https:\/\/wpachem.com\/vi\/wp-json\/wp\/v2\/product"}],"about":[{"href":"https:\/\/wpachem.com\/vi\/wp-json\/wp\/v2\/types\/product"}],"version-history":[{"count":0,"href":"https:\/\/wpachem.com\/vi\/wp-json\/wp\/v2\/product\/3178\/revisions"}],"wp:featuredmedia":[{"embeddable":true,"href":"https:\/\/wpachem.com\/vi\/wp-json\/wp\/v2\/media\/2116"}],"wp:attachment":[{"href":"https:\/\/wpachem.com\/vi\/wp-json\/wp\/v2\/media?parent=3178"}],"wp:term":[{"taxonomy":"product_brand","embeddable":true,"href":"https:\/\/wpachem.com\/vi\/wp-json\/wp\/v2\/product_brand?post=3178"},{"taxonomy":"product_cat","embeddable":true,"href":"https:\/\/wpachem.com\/vi\/wp-json\/wp\/v2\/product_cat?post=3178"},{"taxonomy":"product_tag","embeddable":true,"href":"https:\/\/wpachem.com\/vi\/wp-json\/wp\/v2\/product_tag?post=3178"}],"curies":[{"name":"wp","href":"https:\/\/api.w.org\/{rel}","templated":true}]}}