{"id":3181,"date":"2022-11-16T09:21:37","date_gmt":"2022-11-16T09:21:37","guid":{"rendered":"http:\/\/site2.easyceotech.com\/?post_type=product&#038;p=3181"},"modified":"2024-03-12T08:01:57","modified_gmt":"2024-03-12T08:01:57","slug":"glutathione-gsh","status":"publish","type":"product","link":"https:\/\/wpachem.com\/vi\/product\/glutathione-gsh\/","title":{"rendered":"Glutathione (GSH)"},"content":{"rendered":"<p><strong>Gi\u1edbi thi\u1ec7u<\/strong><\/p>\n<p>Glutathione (GSH) l\u00e0 m\u1ed9t h\u1ee3p ch\u1ea5t tripeptit \u0111\u01b0\u1ee3c h\u00ecnh th\u00e0nh do s\u1ef1 ng\u01b0ng t\u1ee5 c\u1ee7a glutamic cysteine v\u00e0 glycine th\u00f4ng qua li\u00ean k\u1ebft peptide. \u0110\u00e2y l\u00e0 m\u1ed9t lo\u1ea1i peptide ng\u1eafn ho\u1ea1t \u0111\u1ed9ng v\u1edbi nhi\u1ec1u \u1ee9ng d\u1ee5ng. N\u00f3 bao g\u1ed3m axit glutamic, cysteine v\u00e0 glycine v\u00e0 \u0111\u01b0\u1ee3c ph\u00e2n b\u1ed1 r\u1ed9ng r\u00e3i trong c\u00e1c t\u1ebf b\u00e0o c\u1ee7a \u0111\u1ed9ng v\u1eadt c\u00f3 v\u00fa, th\u1ef1c v\u1eadt v\u00e0 vi sinh v\u1eadt. N\u00f3 tham gia v\u00e0o h\u1ea7u h\u1ebft c\u00e1c ph\u1ea3n \u1ee9ng ch\u1ed1ng oxy h\u00f3a trong c\u01a1 th\u1ec3 con ng\u01b0\u1eddi v\u00e0 c\u00f3 \u0111\u1eb7c t\u00ednh ch\u1ed1ng oxy h\u00f3a c\u1ef1c m\u1ea1nh, \u0111\u01b0\u1ee3c g\u1ecdi l\u00e0 &quot;m\u1eb9 c\u1ee7a c\u00e1c ch\u1ea5t ch\u1ed1ng oxy h\u00f3a&quot;. C\u00f3 m\u1ed9t lo\u1ea1i h\u1ed7n h\u1ee3p c\u1ee7a Glutathione (Glutathione kh\u1eed (GSH)) v\u00e0 Glutathione oxy h\u00f3a (GSSG), m\u1ed9t trong s\u1ed1 \u0111\u00f3 \u0111\u01b0\u1ee3c s\u1eed d\u1ee5ng r\u1ed9ng r\u00e3i trong s\u1ea3n xu\u1ea5t v\u00e0 cu\u1ed9c s\u1ed1ng: GSH.<\/p>\n<p><strong>\u0110\u1eb7c \u0111i\u1ec3m hi\u1ec7u qu\u1ea3<\/strong><\/p>\n<ul>\n<li>Glutathione l\u00e0 m\u1ed9t h\u1ee3p ch\u1ea5t tripeptit \u0111\u01b0\u1ee3c h\u00ecnh th\u00e0nh t\u1eeb qu\u00e1 tr\u00ecnh ng\u01b0ng t\u1ee5 c\u1ee7a glutamate cysteine v\u00e0 glycine th\u00f4ng qua li\u00ean k\u1ebft peptide v\u00e0 l\u00e0 m\u1ed9t peptide ng\u1eafn ho\u1ea1t \u0111\u1ed9ng \u0111\u01b0\u1ee3c s\u1eed d\u1ee5ng r\u1ed9ng r\u00e3i.<\/li>\n<li>Glutathione c\u00f3 nh\u1eefng ho\u1ea1t \u0111\u1ed9ng sinh l\u00fd quan tr\u1ecdng trong c\u01a1 th\u1ec3 con ng\u01b0\u1eddi nh\u01b0 k\u00edch ho\u1ea1t h\u1ec7 th\u1ed1ng oxy h\u00f3a kh\u1eed, k\u00edch ho\u1ea1t enzyme sulfhydryl v\u00e0 gi\u1ea3i \u0111\u1ed9c.<\/li>\n<li>C\u00e1c nghi\u00ean c\u1ee9u m\u1edbi nh\u1ea5t c\u00f2n ch\u1ec9 ra r\u1eb1ng glutathione c\u00f3 th\u1ec3 \u0111i\u1ec1u ch\u1ec9nh s\u1ef1 m\u1ea5t c\u00e2n b\u1eb1ng c\u1ee7a acetylcholine v\u00e0 cholinesterase, c\u00f3 t\u00e1c d\u1ee5ng ch\u1ed1ng d\u1ecb \u1ee9ng, ng\u0103n ng\u1eeba l\u00e3o h\u00f3a v\u00e0 s\u1eafc t\u1ed1 da, gi\u1ea3m s\u1ef1 h\u00ecnh th\u00e0nh melanin, c\u1ea3i thi\u1ec7n kh\u1ea3 n\u0103ng ch\u1ed1ng oxy h\u00f3a c\u1ee7a da v\u00e0 l\u00e0m cho da s\u00e1ng b\u00f3ng.<\/li>\n<\/ul>\n<p>&nbsp;<\/p>\n<p><strong>\u1ee8ng d\u1ee5ng s\u1ea3n ph\u1ea9m:<\/strong><br \/>\n<span class=\"transSent\" data-group=\"1-0\">Glutathione ch\u1ee7 y\u1ebfu \u0111\u01b0\u1ee3c s\u1eed d\u1ee5ng trong m\u1ef9 ph\u1ea9m, d\u01b0\u1ee3c ph\u1ea9m, s\u1ea3n ph\u1ea9m ch\u0103m s\u00f3c s\u1ee9c kh\u1ecfe v\u00e0 th\u1ef1c ph\u1ea9m ch\u1ee9c n\u0103ng.<\/span><span class=\"transSent\" data-group=\"1-1\"> Trong l\u0129nh v\u1ef1c m\u1ef9 ph\u1ea9m, th\u00edch h\u1ee3p cho c\u00e1c s\u1ea3n ph\u1ea9m ch\u1ed1ng l\u00e3o h\u00f3a, ch\u1ed1ng n\u1eafng, ph\u1ee5c h\u1ed3i sau khi \u0111i n\u1eafng, l\u00e0m tr\u1eafng, ch\u1ed1ng vi\u00eam v\u00e0 ch\u1ed1ng nh\u1ea1y c\u1ea3m.<\/span><\/p>\n<p><strong>Li\u1ec1u d\u00f9ng khuy\u1ebfn c\u00e1o:\u00a0<\/strong> Trong m\u1ef9 ph\u1ea9m: 0,5~3,0%<\/p>\n<p><strong>Quy c\u00e1ch \u0111\u00f3ng g\u00f3i: <\/strong>1KG\/t\u00fai (t\u00fai gi\u1ea5y b\u1ea1c l\u00f3t t\u00fai Ziplock PE), 25KG\/th\u00f9ng<\/p>","protected":false},"excerpt":{"rendered":"<p>T\u00ean INCI: Glutathione<\/p>\n<p>Bi\u1ec7t danh: GSH, GSSG<\/p>\n<p>T\u00ean h\u00f3a h\u1ecdc: 5-L-glutamyl-L-cysteinylglycine<\/p>\n<p>C\u00f4ng th\u1ee9c ph\u00e2n t\u1eed: C10H17N3O6S<\/p>\n<p>S\u1ed1 CAS: 70-18-8<\/p>\n<p>EINECS: 200-725-4<\/p>\n<p>Ngo\u1ea1i quan: B\u1ed9t tinh th\u1ec3 m\u00e0u tr\u1eafng \u0111\u1ebfn tr\u1eafng ng\u00e0<\/p>\n<p>\u0110\u1ed9 tinh khi\u1ebft: \u226598%<\/p>","protected":false},"featured_media":1998,"template":"","meta":{"_acf_changed":false,"_gspb_post_css":""},"product_brand":[],"product_cat":[60],"product_tag":[],"class_list":{"0":"post-3181","1":"product","2":"type-product","3":"status-publish","4":"has-post-thumbnail","6":"product_cat-cosmetic-ingredients","8":"first","9":"instock","10":"shipping-taxable","11":"product-type-simple"},"acf":[],"_links":{"self":[{"href":"https:\/\/wpachem.com\/vi\/wp-json\/wp\/v2\/product\/3181","targetHints":{"allow":["GET"]}}],"collection":[{"href":"https:\/\/wpachem.com\/vi\/wp-json\/wp\/v2\/product"}],"about":[{"href":"https:\/\/wpachem.com\/vi\/wp-json\/wp\/v2\/types\/product"}],"version-history":[{"count":0,"href":"https:\/\/wpachem.com\/vi\/wp-json\/wp\/v2\/product\/3181\/revisions"}],"wp:featuredmedia":[{"embeddable":true,"href":"https:\/\/wpachem.com\/vi\/wp-json\/wp\/v2\/media\/1998"}],"wp:attachment":[{"href":"https:\/\/wpachem.com\/vi\/wp-json\/wp\/v2\/media?parent=3181"}],"wp:term":[{"taxonomy":"product_brand","embeddable":true,"href":"https:\/\/wpachem.com\/vi\/wp-json\/wp\/v2\/product_brand?post=3181"},{"taxonomy":"product_cat","embeddable":true,"href":"https:\/\/wpachem.com\/vi\/wp-json\/wp\/v2\/product_cat?post=3181"},{"taxonomy":"product_tag","embeddable":true,"href":"https:\/\/wpachem.com\/vi\/wp-json\/wp\/v2\/product_tag?post=3181"}],"curies":[{"name":"wp","href":"https:\/\/api.w.org\/{rel}","templated":true}]}}