{"id":3184,"date":"2022-11-16T09:21:19","date_gmt":"2022-11-16T09:21:19","guid":{"rendered":"http:\/\/site2.easyceotech.com\/?post_type=product&#038;p=3184"},"modified":"2024-03-12T08:02:00","modified_gmt":"2024-03-12T08:02:00","slug":"ferulic-acid","status":"publish","type":"product","link":"https:\/\/wpachem.com\/vi\/product\/ferulic-acid\/","title":{"rendered":"Axit ferulic"},"content":{"rendered":"<p><strong>Gi\u1edbi thi\u1ec7u<\/strong><\/p>\n<p>Axit ferulic l\u00e0 m\u1ed9t d\u1eabn xu\u1ea5t c\u1ee7a axit cinnamic (axit cinnamic), \u0111\u01b0\u1ee3c bi\u1ebft \u0111\u1ebfn v\u1ec1 m\u1eb7t h\u00f3a h\u1ecdc l\u00e0 axit 4-hydroxy-methoxy cinnamic. Axit ferulic l\u00e0 m\u1ed9t lo\u1ea1i axit phenolic t\u1ed3n t\u1ea1i r\u1ed9ng r\u00e3i trong v\u01b0\u01a1ng qu\u1ed1c th\u1ef1c v\u1eadt. N\u00f3 c\u00f3 nhi\u1ec1u ch\u1ee9c n\u0103ng s\u1ee9c kh\u1ecfe, ch\u1eb3ng h\u1ea1n nh\u01b0 d\u1ecdn s\u1ea1ch c\u00e1c g\u1ed1c t\u1ef1 do, ch\u1ed1ng huy\u1ebft kh\u1ed1i, kh\u00e1ng khu\u1ea9n v\u00e0 ch\u1ed1ng vi\u00eam, \u1ee9c ch\u1ebf kh\u1ed1i u, ng\u0103n ng\u1eeba t\u0103ng huy\u1ebft \u00e1p, b\u1ec7nh tim, t\u0103ng c\u01b0\u1eddng kh\u1ea3 n\u0103ng v\u1eadn \u0111\u1ed9ng c\u1ee7a tinh tr\u00f9ng, v.v. Axit ferulic c\u00f3 ho\u1ea1t t\u00ednh ch\u1ed1ng oxy h\u00f3a t\u1ed1t, c\u00f3 t\u00e1c d\u1ee5ng d\u1ecdn s\u1ea1ch m\u1ea1nh \u0111\u1ed1i v\u1edbi hydrogen peroxide, g\u1ed1c t\u1ef1 do superoxide, g\u1ed1c t\u1ef1 do hydroxyl v\u00e0 nitroso peroxyat. N\u00f3 c\u00f3 th\u1ec3 \u0111i\u1ec1u ch\u1ec9nh c\u00e1c ch\u1ee9c n\u0103ng sinh l\u00fd, \u1ee9c ch\u1ebf s\u1ea3n xu\u1ea5t c\u00e1c enzyme baz\u01a1 t\u1ef1 do v\u00e0 t\u0103ng ho\u1ea1t \u0111\u1ed9ng c\u1ee7a c\u00e1c enzyme d\u1ecdn s\u1ea1ch g\u1ed1c t\u1ef1 do. N\u00f3 c\u0169ng ho\u1ea1t \u0111\u1ed9ng ph\u1ed1i h\u1ee3p v\u1edbi c\u00e1c ch\u1ea5t ch\u1ed1ng oxy h\u00f3a kh\u00e1c \u0111\u1ec3 t\u0103ng hi\u1ec7u qu\u1ea3 c\u1ee7a n\u00f3. Ho\u1ea1t \u0111\u1ed9ng ch\u1ed1ng oxy h\u00f3a c\u1ee7a axit ferulic \u0111\u01b0\u1ee3c t\u0103ng c\u01b0\u1eddng khi ti\u1ebfp x\u00fac v\u1edbi tia c\u1ef1c t\u00edm, cho th\u1ea5y n\u00f3 c\u00f3 th\u1ec3 gi\u00fap b\u1ea3o v\u1ec7 da kh\u1ecfi t\u00e1c h\u1ea1i c\u1ee7a \u00e1nh n\u1eafng m\u1eb7t tr\u1eddi.<\/p>\n<p>&nbsp;<\/p>\n<p><strong>\u0110\u1eb7c \u0111i\u1ec3m hi\u1ec7u qu\u1ea3<\/strong><br \/>\nL\u00e0m tr\u1eafng, ch\u1ed1ng l\u00e3o h\u00f3a, ch\u1ed1ng oxy h\u00f3a, ch\u1ed1ng tia UV, kh\u00e1ng khu\u1ea9n, ch\u1ed1ng vi\u00eam, ch\u1ed1ng kh\u1ed1i u<\/p>\n<p><strong>Kh\u1ea3 n\u0103ng ch\u1ed1ng oxy h\u00f3a.<\/strong><br \/>\nNhi\u1ec1u nghi\u00ean c\u1ee9u \u0111\u00e3 ch\u1ec9 ra r\u1eb1ng: axit ferulic c\u00f3 ho\u1ea1t t\u00ednh ch\u1ed1ng oxy h\u00f3a t\u1ed1t. N\u00f3 c\u00f3 t\u00e1c d\u1ee5ng d\u1ecdn d\u1eb9p m\u1ea1nh \u0111\u1ed1i v\u1edbi hydrogen peroxide, g\u1ed1c superoxide, g\u1ed1c hydroxyl v\u00e0 peroxynitrite, v\u00e0 c\u00f3 th\u1ec3 \u1ee9c ch\u1ebf v\u00e0 d\u1ecdn d\u1eb9p c\u00e1c enzyme s\u1ea3n xu\u1ea5t g\u1ed1c t\u1ef1 do, lo\u1ea1i b\u1ecf t\u1ed5n th\u01b0\u01a1ng oxy h\u00f3a c\u1ee7a c\u00e1c g\u1ed1c t\u1ef1 do tr\u00ean m\u00e0ng t\u1ebf b\u00e0o v\u00e0 DNA, v\u00e0 b\u1ea3o v\u1ec7 c\u01a1 th\u1ec3 kh\u1ecfi t\u00e1c h\u1ea1i c\u1ee7a c\u00e1c g\u1ed1c t\u1ef1 do.<\/p>\n<p><strong>\u1ee8ng d\u1ee5ng s\u1ea3n ph\u1ea9m<\/strong><br \/>\nS\u1ea3n ph\u1ea9m l\u00e0m tr\u1eafng, s\u1ea3n ph\u1ea9m ch\u1ed1ng l\u00e3o h\u00f3a, s\u1ea3n ph\u1ea9m ch\u1ed1ng n\u1eafng, tinh ch\u1ea5t, m\u1eb7t n\u1ea1, kem d\u01b0\u1ee1ng da, v.v.<\/p>\n<p><strong>Li\u1ec1u l\u01b0\u1ee3ng khuy\u1ebfn c\u00e1o:<\/strong>0,5 \u0111\u1ebfn 1,0%<\/p>\n<p><strong>\u0110\u00f3ng g\u00f3i\uff1a<\/strong>1KG\/t\u00fai (t\u00fai gi\u1ea5y b\u1ea1c l\u00f3t t\u00fai kh\u00f3a k\u00e9o PE), 25KG\/th\u00f9ng<\/p>","protected":false},"excerpt":{"rendered":"<p>T\u00ean INCI: Axit ferulic<\/p>\n<p>C\u00f4ng th\u1ee9c ph\u00e2n t\u1eed: C10H10O4<\/p>\n<p>S\u1ed1 CAS: 1135-24-6<\/p>\n<p>EINECS: 214-490-0<\/p>\n<p>Ngo\u1ea1i quan: B\u1ed9t m\u00e0u tr\u1eafng \u0111\u1ebfn tr\u1eafng ng\u00e0<\/p>\n<p>\u0110\u1ed9 tinh khi\u1ebft: \u226599%<\/p>","protected":false},"featured_media":2154,"template":"","meta":{"_acf_changed":false,"_gspb_post_css":""},"product_brand":[],"product_cat":[60],"product_tag":[],"class_list":{"0":"post-3184","1":"product","2":"type-product","3":"status-publish","4":"has-post-thumbnail","6":"product_cat-cosmetic-ingredients","8":"first","9":"instock","10":"shipping-taxable","11":"product-type-simple"},"acf":[],"_links":{"self":[{"href":"https:\/\/wpachem.com\/vi\/wp-json\/wp\/v2\/product\/3184","targetHints":{"allow":["GET"]}}],"collection":[{"href":"https:\/\/wpachem.com\/vi\/wp-json\/wp\/v2\/product"}],"about":[{"href":"https:\/\/wpachem.com\/vi\/wp-json\/wp\/v2\/types\/product"}],"version-history":[{"count":0,"href":"https:\/\/wpachem.com\/vi\/wp-json\/wp\/v2\/product\/3184\/revisions"}],"wp:featuredmedia":[{"embeddable":true,"href":"https:\/\/wpachem.com\/vi\/wp-json\/wp\/v2\/media\/2154"}],"wp:attachment":[{"href":"https:\/\/wpachem.com\/vi\/wp-json\/wp\/v2\/media?parent=3184"}],"wp:term":[{"taxonomy":"product_brand","embeddable":true,"href":"https:\/\/wpachem.com\/vi\/wp-json\/wp\/v2\/product_brand?post=3184"},{"taxonomy":"product_cat","embeddable":true,"href":"https:\/\/wpachem.com\/vi\/wp-json\/wp\/v2\/product_cat?post=3184"},{"taxonomy":"product_tag","embeddable":true,"href":"https:\/\/wpachem.com\/vi\/wp-json\/wp\/v2\/product_tag?post=3184"}],"curies":[{"name":"wp","href":"https:\/\/api.w.org\/{rel}","templated":true}]}}