{"id":3187,"date":"2022-11-16T09:20:40","date_gmt":"2022-11-16T09:20:40","guid":{"rendered":"http:\/\/site2.easyceotech.com\/?post_type=product&#038;p=3187"},"modified":"2024-03-12T08:02:07","modified_gmt":"2024-03-12T08:02:07","slug":"pterostilbene","status":"publish","type":"product","link":"https:\/\/wpachem.com\/vi\/product\/pterostilbene\/","title":{"rendered":"Pterostilben"},"content":{"rendered":"<p><strong>Gi\u1edbi thi\u1ec7u<\/strong><\/p>\n<p>Th\u00e0nh ph\u1ea7n Astragalus purpureus l\u00e0 m\u1ed9t trong nh\u1eefng ch\u1ea5t ch\u1ed1ng l\u00e3o h\u00f3a th\u1ef1c v\u1eadt t\u1ef1 nhi\u00ean t\u1ed1t nh\u1ea5t \u0111\u01b0\u1ee3c ph\u00e1t hi\u1ec7n trong th\u1ebf k\u1ef7 n\u00e0y. Astragalus purpureus l\u00e0 b\u1ed9t tinh th\u1ec3 m\u00e0u tr\u1eafng ho\u1eb7c tr\u1eafng ng\u00e0 c\u00f3 gi\u00e1 tr\u1ecb d\u01b0\u1ee3c li\u1ec7u phong ph\u00fa v\u00e0 thu\u1ed9c v\u1ec1 c\u00e1c th\u00e0nh ph\u1ea7n ho\u1ea1t t\u00ednh ch\u1ed1ng n\u1ea5m trong c\u00e1c s\u1ea3n ph\u1ea9m s\u1ea5y kh\u00f4 m\u00e1u. L\u00e0 m\u1ed9t h\u1ee3p ch\u1ea5t trans-stilbene, Astragalus purpureus l\u00e0 m\u1ed9t d\u1eabn xu\u1ea5t methyl h\u00f3a c\u1ee7a resveratrol, c\u00f3 nhi\u1ec1u ho\u1ea1t t\u00ednh sinh h\u1ecdc nh\u01b0 ch\u1ed1ng oxy h\u00f3a, ch\u1ed1ng kh\u1ed1i u, h\u1ea1 lipid m\u00e1u v\u00e0 kh\u00e1ng khu\u1ea9n.<\/p>\n<p>N\u00f3 c\u00f3 c\u01a1 ch\u1ebf t\u01b0\u01a1ng t\u1ef1 nh\u01b0 resveratrol, trong khi l\u00e0 m\u1ed9t d\u1eabn xu\u1ea5t dimethyl h\u00f3a c\u00f3 hi\u1ec7u qu\u1ea3 t\u1ed1t h\u01a1n, h\u1ea5p th\u1ee5 t\u1ed1t h\u01a1n v\u00e0 kh\u1ea3 d\u1ee5ng sinh h\u1ecdc cao h\u01a1n v\u00e0 \u1ed5n \u0111\u1ecbnh h\u01a1n resveratrol. C\u00f3 c\u1ea5u tr\u00fac ph\u00e2n t\u1eed t\u01b0\u01a1ng t\u1ef1 nh\u01b0 resveratrol, v\u1edbi \u0111i\u1ec3m kh\u00e1c bi\u1ec7t duy nh\u1ea5t l\u00e0 nh\u00f3m hydroxyl \u0111\u01b0\u1ee3c thay th\u1ebf b\u1eb1ng methoxy, c\u00f3 hai nh\u00f3m methoxy v\u00e0 \u1ed5n \u0111\u1ecbnh h\u01a1n so v\u1edbi resveratrol, khi\u1ebfn n\u00f3 tr\u1edf th\u00e0nh th\u00e0nh ph\u1ea7n ch\u1ed1ng oxy h\u00f3a hi\u1ec7u qu\u1ea3 h\u01a1n. G\u1ed7 h\u1ed3ng s\u1eafc c\u00f3 th\u1ec3 h\u1ed7 tr\u1ee3 s\u1ee9c kh\u1ecfe c\u1ee7a m\u00f4 li\u00ean k\u1ebft b\u1eb1ng c\u00e1ch \u0111i\u1ec1u ch\u1ec9nh gi\u1ea3m bi\u1ec3u hi\u1ec7n gen iNOS v\u00e0 COX-2, m\u00e0 resveratrol kh\u00f4ng c\u00f3.<\/p>\n<p>Do c\u1ea5u tr\u00fac \u0111\u1ed9c \u0111\u00e1o c\u1ee7a n\u00f3, n\u00f3 c\u00f3 ho\u1ea1t t\u00ednh kh\u00e1ng n\u1ea5m m\u1ea1nh h\u01a1n resveratrol (ho\u1ea1t t\u00ednh kh\u00e1ng n\u1ea5m m\u1ea1nh h\u01a1n resveratrol g\u1ea5p 5 l\u1ea7n).<\/p>\n<p><strong>\u0110\u1eb7c \u0111i\u1ec3m hi\u1ec7u qu\u1ea3.<\/strong><\/p>\n<p>Cao c\u1ea5p, l\u00e0m tr\u1eafng, ch\u1ed1ng l\u00e3o h\u00f3a<\/p>\n<p>Ho\u00e0ng k\u1ef3 g\u1ed7 h\u1ed3ng s\u1eafc c\u00f3 t\u00e1c d\u1ee5ng t\u00edch c\u1ef1c \u0111\u1ed1i v\u1edbi s\u1ee9c kh\u1ecfe con ng\u01b0\u1eddi v\u00e0 \u0111\u01b0\u1ee3c s\u1eed d\u1ee5ng r\u1ed9ng r\u00e3i trong nhi\u1ec1u l\u0129nh v\u1ef1c y h\u1ecdc, th\u1ef1c ph\u1ea9m v\u00e0 m\u1ef9 ph\u1ea9m.<br \/>\nTrong \u0111i\u1ec1u tr\u1ecb b\u1ec7nh \u1edf ng\u01b0\u1eddi, Ho\u00e0ng k\u1ef3 c\u00f3 t\u00e1c d\u1ee5ng ch\u1ed1ng vi\u00eam, ch\u1ed1ng co th\u1eaft v\u00e0 ch\u1ed1ng lo\u00e9t, t\u0103ng c\u01b0\u1eddng kh\u1ea3 n\u0103ng b\u1ea3o v\u1ec7 da, gi\u1ea3m c\u0103ng th\u1eb3ng cho da v\u00e0 c\u00f3 hi\u1ec7u qu\u1ea3 d\u01b0\u1ee3c l\u00fd \u0111\u00e1ng k\u1ec3 trong \u0111i\u1ec1u tr\u1ecb ung th\u01b0.<br \/>\nTrong y h\u1ecdc l\u00e0m \u0111\u1eb9p, Ho\u00e0ng k\u1ef3 c\u00f3 th\u1ec3 d\u00f9ng ngo\u00e0i da \u0111\u1ec3 \u1ee9c ch\u1ebf melanin, ch\u1ed1ng vi\u00eam, ch\u1ed1ng n\u1eafng, u da, v.v. N\u00f3 \u0111\u01b0\u1ee3c ca ng\u1ee3i r\u1ed9ng r\u00e3i trong v\u00e0 ngo\u00e0i n\u01b0\u1edbc l\u00e0 ch\u1ea5t ch\u1ed1ng oxy h\u00f3a t\u1ef1 nhi\u00ean hi\u1ec7u qu\u1ea3, \u0111\u1eb7c bi\u1ec7t l\u00e0 trong l\u0129nh v\u1ef1c ch\u1ed1ng oxy h\u00f3a.<br \/>\nTrong ch\u0103m s\u00f3c s\u1ee9c kh\u1ecfe h\u00e0ng ng\u00e0y, Ho\u00e0ng k\u1ef3 c\u00f3 th\u1ec3 d\u00f9ng u\u1ed1ng, c\u00f3 t\u00e1c d\u1ee5ng an th\u1ea7n, an th\u1ea7n, k\u00edch ho\u1ea1t qu\u00e1 tr\u00ecnh gi\u1ea3i \u0111\u1ed9c m\u00e1u.<\/p>","protected":false},"excerpt":{"rendered":"<p>T\u00ean INCI: Chi\u1ebft xu\u1ea5t v\u1ecf c\u00e2y PTEROCARPUS MARSUPIUM ho\u1eb7c CHI\u1ebeT XU\u1ea4T G\u1ed6 PTEROCARPUS SANTALINUS<\/p>\n<p>Kh\u1ed1i l\u01b0\u1ee3ng ph\u00e2n t\u1eed: 256.3<\/p>\n<p>C\u00f4ng th\u1ee9c ph\u00e2n t\u1eed: C16H16O3<\/p>\n<p>S\u1ed1 CAS: 537-42-8<\/p>\n<p>S\u1ed1 EINECS: 611-041-4<\/p>\n<p>Ngo\u1ea1i quan: B\u1ed9t tinh th\u1ec3 m\u00e0u tr\u1eafng<\/p>\n<p>\u0110\u1ed9 tinh khi\u1ebft: \u226599%<\/p>","protected":false},"featured_media":1974,"template":"","meta":{"_acf_changed":false,"_gspb_post_css":""},"product_brand":[],"product_cat":[60],"product_tag":[],"class_list":{"0":"post-3187","1":"product","2":"type-product","3":"status-publish","4":"has-post-thumbnail","6":"product_cat-cosmetic-ingredients","8":"first","9":"instock","10":"shipping-taxable","11":"product-type-simple"},"acf":[],"_links":{"self":[{"href":"https:\/\/wpachem.com\/vi\/wp-json\/wp\/v2\/product\/3187","targetHints":{"allow":["GET"]}}],"collection":[{"href":"https:\/\/wpachem.com\/vi\/wp-json\/wp\/v2\/product"}],"about":[{"href":"https:\/\/wpachem.com\/vi\/wp-json\/wp\/v2\/types\/product"}],"version-history":[{"count":0,"href":"https:\/\/wpachem.com\/vi\/wp-json\/wp\/v2\/product\/3187\/revisions"}],"wp:featuredmedia":[{"embeddable":true,"href":"https:\/\/wpachem.com\/vi\/wp-json\/wp\/v2\/media\/1974"}],"wp:attachment":[{"href":"https:\/\/wpachem.com\/vi\/wp-json\/wp\/v2\/media?parent=3187"}],"wp:term":[{"taxonomy":"product_brand","embeddable":true,"href":"https:\/\/wpachem.com\/vi\/wp-json\/wp\/v2\/product_brand?post=3187"},{"taxonomy":"product_cat","embeddable":true,"href":"https:\/\/wpachem.com\/vi\/wp-json\/wp\/v2\/product_cat?post=3187"},{"taxonomy":"product_tag","embeddable":true,"href":"https:\/\/wpachem.com\/vi\/wp-json\/wp\/v2\/product_tag?post=3187"}],"curies":[{"name":"wp","href":"https:\/\/api.w.org\/{rel}","templated":true}]}}