{"id":3190,"date":"2022-11-16T09:20:59","date_gmt":"2022-11-16T09:20:59","guid":{"rendered":"http:\/\/site2.easyceotech.com\/?post_type=product&#038;p=3190"},"modified":"2024-03-12T08:02:05","modified_gmt":"2024-03-12T08:02:05","slug":"glycerol-glucoside","status":"publish","type":"product","link":"https:\/\/wpachem.com\/vi\/product\/glycerol-glucoside\/","title":{"rendered":"Glycerol Glucoside"},"content":{"rendered":"<p><strong>Gi\u1edbi thi\u1ec7u<\/strong><\/p>\n<p>Glycerol glucoside l\u00e0 m\u1ed9t lo\u1ea1i glycoside \u0111\u01b0\u1ee3c h\u00ecnh th\u00e0nh b\u1edfi c\u00e1c ph\u00e2n t\u1eed glycerol v\u00e0 ph\u00e2n t\u1eed glucose \u0111\u01b0\u1ee3c li\u00ean k\u1ebft v\u1edbi nhau b\u1eb1ng li\u00ean k\u1ebft glycoside, c\u00f3 ch\u1ee9c n\u0103ng d\u01b0\u1ee1ng \u1ea9m cho da, th\u00fac \u0111\u1ea9y qu\u00e1 tr\u00ecnh t\u1ed5ng h\u1ee3p collagen trong t\u1ebf b\u00e0o da v\u00e0 t\u0103ng t\u1ed1c \u0111\u1ed9 trao \u0111\u1ed5i ch\u1ea5t c\u1ee7a t\u1ebf b\u00e0o l\u00e3o h\u00f3a. Trong th\u1eadp k\u1ef7 qua, s\u1ef1 xu\u1ea5t s\u1eafc c\u1ee7a n\u00f3 \u0111\u00e3 \u0111\u01b0\u1ee3c nh\u1ea5n m\u1ea1nh trong ng\u00e0nh m\u1ef9 ph\u1ea9m v\u00e0 s\u1ed1 l\u01b0\u1ee3ng s\u1ea3n ph\u1ea9m \u1ee9ng d\u1ee5ng v\u00e0 ti\u00eau th\u1ee5 \u1edf th\u1ecb tr\u01b0\u1eddng n\u01b0\u1edbc ngo\u00e0i \u0111ang t\u0103ng nhanh.<\/p>\n<p><strong>\u0110\u1eb7c \u0111i\u1ec3m hi\u1ec7u qu\u1ea3<\/strong><\/p>\n<ul>\n<li>Ch\u1ee9c n\u0103ng gi\u1eef \u1ea9m v\u00e0 kh\u00f3a n\u01b0\u1edbc m\u1ea1nh m\u1ebd v\u00e0 l\u00e2u d\u00e0i<\/li>\n<li>T\u0103ng c\u01b0\u1eddng bi\u1ec3u hi\u1ec7n protein k\u00eanh n\u01b0\u1edbc, b\u1ea3o v\u1ec7 m\u00e0ng t\u1ebf b\u00e0o v\u00e0 ng\u0103n ng\u1eeba m\u1ea5t n\u01b0\u1edbc<\/li>\n<li>K\u00edch ho\u1ea1t s\u1ee9c s\u1ed1ng t\u1ebf b\u00e0o v\u00e0 t\u0103ng t\u1ed1c qu\u00e1 tr\u00ecnh trao \u0111\u1ed5i ch\u1ea5t c\u1ee7a t\u1ebf b\u00e0o da<\/li>\n<li>T\u0103ng c\u01b0\u1eddng \u0111\u1eb7c t\u00ednh ch\u1ed1ng oxy h\u00f3a c\u1ee7a t\u1ebf b\u00e0o da<\/li>\n<li>Th\u00fac \u0111\u1ea9y qu\u00e1 tr\u00ecnh t\u1ed5ng h\u1ee3p ti\u1ec1n ch\u1ea5t collagen lo\u1ea1i I<\/li>\n<li>Gi\u1ea3m m\u1ea9n \u0111\u1ecf tr\u00ean da v\u00e0 ch\u1ed1ng ph\u00e1t ban<\/li>\n<li>T\u0103ng t\u1ed1c \u0111\u1ed9 ch\u1eefa l\u00e0nh v\u1ebft th\u01b0\u01a1ng v\u00e0 ph\u1ee5c h\u1ed3i m\u00f4<\/li>\n<\/ul>\n<p><strong>\u1ee8ng d\u1ee5ng s\u1ea3n ph\u1ea9m<\/strong><br \/>\nPh\u00f9 h\u1ee3p v\u1edbi m\u1ecdi lo\u1ea1i m\u1eb7t n\u1ea1, s\u1ea3n ph\u1ea9m ch\u0103m s\u00f3c da, l\u00e0m s\u1ea1ch, t\u00f3c, trang \u0111i\u1ec3m v\u00e0 c\u00e1c s\u1ea3n ph\u1ea9m kh\u00e1c.<\/p>\n<p><strong>L\u01b0\u1ee3ng b\u1ed5 sung \u0111\u01b0\u1ee3c khuy\u1ebfn ngh\u1ecb<\/strong><\/p>\n<ul>\n<li>S\u1ea3n ph\u1ea9m chung: 0,05 ~ 2,0%<\/li>\n<li>S\u1ea3n ph\u1ea9m oxy h\u00f3a: 1.0%<\/li>\n<li>S\u1ea3n ph\u1ea9m ch\u0103m s\u00f3c t\u00f3c n\u00e2ng cao: 0,5 \u0111\u1ebfn 1,0%<\/li>\n<\/ul>\n<p><strong>\u0110\u00f3ng g\u00f3i: <\/strong>1KG\/t\u00fai (t\u00fai gi\u1ea5y b\u1ea1c l\u00f3t t\u00fai kh\u00f3a k\u00e9o PE), 25KG\/th\u00f9ng<\/p>","protected":false},"excerpt":{"rendered":"<p>T\u00ean INCI: Glyceryl Glucoside<\/p>\n<p>C\u00f4ng th\u1ee9c ph\u00e2n t\u1eed: C9H18O8<\/p>\n<p>S\u1ed1 CAS: 22160-26-5<\/p>\n<p>Ngo\u1ea1i quan: B\u1ed9t m\u00e0u tr\u1eafng \u0111\u1ebfn tr\u1eafng ng\u00e0<\/p>\n<p>\u0110\u1ed9 tinh khi\u1ebft: \u226599%<\/p>","protected":false},"featured_media":2180,"template":"","meta":{"_acf_changed":false,"_gspb_post_css":""},"product_brand":[],"product_cat":[60],"product_tag":[],"class_list":{"0":"post-3190","1":"product","2":"type-product","3":"status-publish","4":"has-post-thumbnail","6":"product_cat-cosmetic-ingredients","8":"first","9":"instock","10":"shipping-taxable","11":"product-type-simple"},"acf":[],"_links":{"self":[{"href":"https:\/\/wpachem.com\/vi\/wp-json\/wp\/v2\/product\/3190","targetHints":{"allow":["GET"]}}],"collection":[{"href":"https:\/\/wpachem.com\/vi\/wp-json\/wp\/v2\/product"}],"about":[{"href":"https:\/\/wpachem.com\/vi\/wp-json\/wp\/v2\/types\/product"}],"version-history":[{"count":0,"href":"https:\/\/wpachem.com\/vi\/wp-json\/wp\/v2\/product\/3190\/revisions"}],"wp:featuredmedia":[{"embeddable":true,"href":"https:\/\/wpachem.com\/vi\/wp-json\/wp\/v2\/media\/2180"}],"wp:attachment":[{"href":"https:\/\/wpachem.com\/vi\/wp-json\/wp\/v2\/media?parent=3190"}],"wp:term":[{"taxonomy":"product_brand","embeddable":true,"href":"https:\/\/wpachem.com\/vi\/wp-json\/wp\/v2\/product_brand?post=3190"},{"taxonomy":"product_cat","embeddable":true,"href":"https:\/\/wpachem.com\/vi\/wp-json\/wp\/v2\/product_cat?post=3190"},{"taxonomy":"product_tag","embeddable":true,"href":"https:\/\/wpachem.com\/vi\/wp-json\/wp\/v2\/product_tag?post=3190"}],"curies":[{"name":"wp","href":"https:\/\/api.w.org\/{rel}","templated":true}]}}