{"id":3193,"date":"2022-11-16T09:20:18","date_gmt":"2022-11-16T09:20:18","guid":{"rendered":"http:\/\/site2.easyceotech.com\/?post_type=product&#038;p=3193"},"modified":"2024-03-12T08:02:13","modified_gmt":"2024-03-12T08:02:13","slug":"hydroxypinacolone-retinoate-hpr","status":"publish","type":"product","link":"https:\/\/wpachem.com\/vi\/product\/hydroxypinacolone-retinoate-hpr\/","title":{"rendered":"Hydroxypinacolone Retinoate (HPR)"},"content":{"rendered":"<p><strong>Gi\u1edbi thi\u1ec7u<\/strong><\/p>\n<p>Hydroxypinacol Retinoid (HPR) l\u00e0 m\u1ed9t retinoid m\u1edbi mang t\u00ednh c\u00e1ch m\u1ea1ng m\u00e0 c\u00e1c nghi\u00ean c\u1ee9u \u0111\u00e3 ch\u1ec9 ra r\u1eb1ng ho\u1ea1t \u0111\u1ed9ng tr\u1ef1c ti\u1ebfp th\u00f4ng qua c\u00e1c ch\u1ea5t ch\u1ee7 v\u1eadn m\u00e0 kh\u00f4ng c\u1ea7n chuy\u1ec3n \u0111\u1ed5i trao \u0111\u1ed5i ch\u1ea5t (retinoid th\u01b0\u1eddng y\u00eau c\u1ea7u hai b\u01b0\u1edbc chuy\u1ec3n \u0111\u1ed5i trong da) so v\u1edbi c\u00e1c s\u1ea3n ph\u1ea9m retinoid kh\u00e1c, \u00edt g\u00e2y k\u00edch \u1ee9ng h\u01a1n nh\u01b0ng l\u1ea1i r\u1ea5t m\u1ea1nh, \u1ed5n \u0111\u1ecbnh h\u01a1n v\u00e0 \u00edt b\u1ecb oxy h\u00f3a h\u01a1n. \u0110\u00e2y l\u00e0 m\u1ed9t th\u00e0nh ph\u1ea7n ch\u1ed1ng l\u00e3o h\u00f3a an to\u00e0n, hi\u1ec7u qu\u1ea3 (hi\u1ec7u qu\u1ea3 trong vi\u1ec7c l\u00e0m gi\u1ea3m n\u1ebfp nh\u0103n v\u00e0 v\u1ebft ch\u00e2n chim, l\u00e0m m\u1edd s\u1eafc t\u1ed1) v\u00e0 ch\u1ed1ng m\u1ee5n.<\/p>\n<p><strong>\u0110\u1eb7c \u0111i\u1ec3m hi\u1ec7u qu\u1ea3<\/strong><\/p>\n<ul>\n<li>C\u1ea3i thi\u1ec7n n\u1ebfp nh\u0103n v\u00e0 v\u1ebft ch\u00e2n chim<\/li>\n<li>Ch\u1ed1ng oxy h\u00f3a<\/li>\n<li>L\u00e0m s\u00e1ng s\u1eafc t\u1ed1 bi\u1ec3u b\u00ec v\u00e0 gi\u1ea3m \u0111\u1ed9 nh\u00e1m c\u1ee7a da<\/li>\n<li>Gi\u1ea3m \u0111\u1ed1m \u0111\u1ed3i m\u1ed3i v\u00e0 bong tr\u00f3c da<\/li>\n<li>Tr\u1ecb m\u1ee5n tr\u1ee9ng c\u00e1<\/li>\n<li>Ki\u1ec3m so\u00e1t d\u1ea7u \u0111\u1ec3 \u1ee9c ch\u1ebf s\u1ea3n xu\u1ea5t b\u00e3 nh\u1eddn<\/li>\n<li>Th\u00fac \u0111\u1ea9y s\u1ea3n xu\u1ea5t collagen<\/li>\n<li>\u0110\u1ed9 \u1ed5n \u0111\u1ecbnh cao h\u01a1n v\u00e0 k\u00edch th\u00edch th\u1ea5p h\u01a1n so v\u1edbi retinol<\/li>\n<\/ul>\n<p><strong>\u1ee8ng d\u1ee5ng s\u1ea3n ph\u1ea9m:<\/strong><br \/>\nTh\u00edch h\u1ee3p cho m\u1eb7t n\u1ea1, tinh ch\u1ea5t, kem d\u01b0\u1ee1ng da ban \u0111\u00eam v\u00e0 c\u00e1c s\u1ea3n ph\u1ea9m ch\u0103m s\u00f3c da kh\u00e1c, \u0111\u1eb7c bi\u1ec7t \u0111\u01b0\u1ee3c khuy\u00ean d\u00f9ng cho c\u00e1c s\u1ea3n ph\u1ea9m ch\u1ed1ng l\u00e3o h\u00f3a, x\u00f3a n\u1ebfp nh\u0103n.<\/p>\n<p><strong>Li\u1ec1u d\u00f9ng khuy\u1ebfn c\u00e1o:<\/strong> 0.001~0.3%<\/p>\n<p><strong>Bao b\u00ec:<\/strong> T\u00fai gi\u1ea5y b\u1ea1c l\u00f3t t\u00fai Ziplock PE<\/p>","protected":false},"excerpt":{"rendered":"<p>T\u00ean INCI: Hydroxypinacolone Retinoate<\/p>\n<p>C\u00f4ng th\u1ee9c ph\u00e2n t\u1eed: C26H38O3<\/p>\n<p>S\u1ed1 CAS: 893412-73-2<\/p>\n<p>Ngo\u1ea1i quan: B\u1ed9t m\u00e0u v\u00e0ng (Ch\u1ea5t l\u1ecfng chu\u1ea9n: ch\u1ea5t l\u1ecfng m\u00e0u v\u00e0ng nh\u1ea1t \u0111\u1ebfn v\u00e0ng)<\/p>\n<p>\u0110\u1ed9 tinh khi\u1ebft: \u226598% (Ch\u1ea5t chu\u1ea9n l\u1ecfng: \u226510% (h\u00f2a tan trong DMI))<\/p>","protected":false},"featured_media":2096,"template":"","meta":{"_acf_changed":false,"_gspb_post_css":""},"product_brand":[],"product_cat":[60],"product_tag":[],"class_list":{"0":"post-3193","1":"product","2":"type-product","3":"status-publish","4":"has-post-thumbnail","6":"product_cat-cosmetic-ingredients","8":"first","9":"instock","10":"shipping-taxable","11":"product-type-simple"},"acf":[],"_links":{"self":[{"href":"https:\/\/wpachem.com\/vi\/wp-json\/wp\/v2\/product\/3193","targetHints":{"allow":["GET"]}}],"collection":[{"href":"https:\/\/wpachem.com\/vi\/wp-json\/wp\/v2\/product"}],"about":[{"href":"https:\/\/wpachem.com\/vi\/wp-json\/wp\/v2\/types\/product"}],"version-history":[{"count":0,"href":"https:\/\/wpachem.com\/vi\/wp-json\/wp\/v2\/product\/3193\/revisions"}],"wp:featuredmedia":[{"embeddable":true,"href":"https:\/\/wpachem.com\/vi\/wp-json\/wp\/v2\/media\/2096"}],"wp:attachment":[{"href":"https:\/\/wpachem.com\/vi\/wp-json\/wp\/v2\/media?parent=3193"}],"wp:term":[{"taxonomy":"product_brand","embeddable":true,"href":"https:\/\/wpachem.com\/vi\/wp-json\/wp\/v2\/product_brand?post=3193"},{"taxonomy":"product_cat","embeddable":true,"href":"https:\/\/wpachem.com\/vi\/wp-json\/wp\/v2\/product_cat?post=3193"},{"taxonomy":"product_tag","embeddable":true,"href":"https:\/\/wpachem.com\/vi\/wp-json\/wp\/v2\/product_tag?post=3193"}],"curies":[{"name":"wp","href":"https:\/\/api.w.org\/{rel}","templated":true}]}}