{"id":3196,"date":"2022-11-16T09:19:57","date_gmt":"2022-11-16T09:19:57","guid":{"rendered":"http:\/\/site2.easyceotech.com\/?post_type=product&#038;p=3196"},"modified":"2024-03-12T08:02:54","modified_gmt":"2024-03-12T08:02:54","slug":"dimethylmethoxy-chromanol","status":"publish","type":"product","link":"https:\/\/wpachem.com\/vi\/product\/dimethylmethoxy-chromanol\/","title":{"rendered":"Dimethylmethoxy Chromanol"},"content":{"rendered":"<p><strong>Gi\u1edbi thi\u1ec7u<\/strong><\/p>\n<p>\u201cChuy\u00ean nghi\u1ec7p\u201d lo\u1ea1i b\u1ecf g\u1ed1c t\u1ef1 do, c\u00f3 t\u00e1c d\u1ee5ng lo\u1ea1i b\u1ecf k\u00e9p RNS v\u00e0 RCS, v\u00e0 lo\u1ea1i b\u1ecf hi\u1ec7u qu\u1ea3 ho\u1ea1t \u0111\u1ed9ng c\u1ee7a oxy \u0111\u01a1n, l\u00e0m gi\u1ea3m qu\u00e1 tr\u00ecnh peroxy h\u00f3a lipid trong t\u1ebf b\u00e0o ng\u01b0\u1eddi, ch\u1ed1ng l\u1ea1i qu\u00e1 tr\u00ecnh oxy h\u00f3a do \u00e1nh s\u00e1ng, b\u1ea3o v\u1ec7 DNA, c\u1ea3i thi\u1ec7n kh\u1ea3 n\u0103ng s\u1ed1ng c\u1ee7a t\u1ebf b\u00e0o, gi\u1ea3m stress oxy h\u00f3a, \u0111\u1eb7c bi\u1ec7t th\u00edch h\u1ee3p cho c\u00e1c s\u1ea3n ph\u1ea9m ch\u1ed1ng l\u00e3o h\u00f3a, ch\u1ed1ng l\u00e3o h\u00f3a s\u1edbm.<\/p>\n<p><strong>T\u00ednh n\u0103ng hi\u1ec7u qu\u1ea3<\/strong><\/p>\n<ul>\n<li>Hi\u1ec7u \u1ee9ng thu gom k\u00e9p c\u1ee7a RNS v\u00e0 RCS<\/li>\n<li>Hi\u1ec7u qu\u1ea3 lo\u1ea1i b\u1ecf ho\u1ea1t \u0111\u1ed9ng oxy \u0111\u01a1n<\/li>\n<li>C\u00f3 hi\u1ec7u qu\u1ea3 \u1ee9c ch\u1ebf qu\u00e1 tr\u00ecnh peroxy h\u00f3a d\u1ea7u g\u00e2y ra b\u1edfi anion peroxynitrit<\/li>\n<li>Ng\u0103n ng\u1eeba t\u1ed5n th\u01b0\u01a1ng da do anion peroxynitrite v\u00e0 s\u1ef1 t\u1ea1o th\u00e0nh c\u00f3 ch\u1ee9a nit\u01a1 oxit<\/li>\n<li>B\u1ea3o v\u1ec7 ch\u1ed1ng l\u1ea1i t\u00e1c h\u1ea1i c\u1ee7a tia UVA b\u1eb1ng c\u00e1ch \u1ee9c ch\u1ebf s\u1ea3n xu\u1ea5t c\u00e1c g\u1ed1c oxy<\/li>\n<li>\u1ee8c ch\u1ebf qu\u00e1 tr\u00ecnh peroxy h\u00f3a d\u1ea7u \u1edf n\u1ed3ng \u0111\u1ed9 th\u1ea5p<\/li>\n<li>Ng\u0103n ng\u1eeba qu\u00e1 tr\u00ecnh peroxy h\u00f3a c\u1ee7a d\u1ea7u trong tinh d\u1ea7u<\/li>\n<li>B\u1ea3o v\u1ec7 nguy\u00ean b\u00e0o s\u1ee3i c\u1ee7a con ng\u01b0\u1eddi ch\u1ed1ng l\u1ea1i stress oxy h\u00f3a<\/li>\n<\/ul>\n<p><strong>\u1ee8ng d\u1ee5ng s\u1ea3n ph\u1ea9m<\/strong><br \/>\nTh\u00edch h\u1ee3p cho m\u1eb7t n\u1ea1, tinh ch\u1ea5t, kem d\u01b0\u1ee1ng \u0111\u00eam, son d\u01b0\u1ee1ng m\u00f4i, tinh d\u1ea7u v\u00e0 c\u00e1c s\u1ea3n ph\u1ea9m ch\u0103m s\u00f3c da kh\u00e1c, \u0111\u1eb7c bi\u1ec7t \u0111\u01b0\u1ee3c khuy\u00ean d\u00f9ng \u0111\u1ec3 ch\u1ed1ng l\u00e3o h\u00f3a, ng\u0103n ng\u1eeba l\u00e3o h\u00f3a s\u1edbm v\u00e0 c\u00e1c s\u1ea3n ph\u1ea9m kh\u00e1c.<\/p>\n<p>&nbsp;<\/p>\n<p><strong>\u0110\u00f3ng g\u00f3i:<\/strong> 1KG\/t\u00fai (t\u00fai gi\u1ea5y b\u1ea1c l\u00f3t t\u00fai Ziplock PE), 25KG\/th\u00f9ng<\/p>","protected":false},"excerpt":{"rendered":"<p>T\u00ean h\u00f3a h\u1ecdc: 7-methoxy-2,2-dimethyl-6-chromanol<\/p>\n<p>T\u00ean INCI: Dimethylmethoxychromanol<\/p>\n<p>C\u00f4ng th\u1ee9c ph\u00e2n t\u1eed: C12H16O3<\/p>\n<p>S\u1ed1 CAS: 83923-51-7<\/p>\n<p>Ngo\u1ea1i quan: B\u1ed9t m\u00e0u tr\u1eafng \u0111\u1ebfn tr\u1eafng ng\u00e0<\/p>\n<p>\u0110\u1ed9 tinh khi\u1ebft: \u226599%<\/p>","protected":false},"featured_media":2138,"template":"","meta":{"_acf_changed":false,"_gspb_post_css":""},"product_brand":[],"product_cat":[60],"product_tag":[],"class_list":{"0":"post-3196","1":"product","2":"type-product","3":"status-publish","4":"has-post-thumbnail","6":"product_cat-cosmetic-ingredients","8":"first","9":"instock","10":"shipping-taxable","11":"product-type-simple"},"acf":[],"_links":{"self":[{"href":"https:\/\/wpachem.com\/vi\/wp-json\/wp\/v2\/product\/3196","targetHints":{"allow":["GET"]}}],"collection":[{"href":"https:\/\/wpachem.com\/vi\/wp-json\/wp\/v2\/product"}],"about":[{"href":"https:\/\/wpachem.com\/vi\/wp-json\/wp\/v2\/types\/product"}],"version-history":[{"count":0,"href":"https:\/\/wpachem.com\/vi\/wp-json\/wp\/v2\/product\/3196\/revisions"}],"wp:featuredmedia":[{"embeddable":true,"href":"https:\/\/wpachem.com\/vi\/wp-json\/wp\/v2\/media\/2138"}],"wp:attachment":[{"href":"https:\/\/wpachem.com\/vi\/wp-json\/wp\/v2\/media?parent=3196"}],"wp:term":[{"taxonomy":"product_brand","embeddable":true,"href":"https:\/\/wpachem.com\/vi\/wp-json\/wp\/v2\/product_brand?post=3196"},{"taxonomy":"product_cat","embeddable":true,"href":"https:\/\/wpachem.com\/vi\/wp-json\/wp\/v2\/product_cat?post=3196"},{"taxonomy":"product_tag","embeddable":true,"href":"https:\/\/wpachem.com\/vi\/wp-json\/wp\/v2\/product_tag?post=3196"}],"curies":[{"name":"wp","href":"https:\/\/api.w.org\/{rel}","templated":true}]}}