{"id":3199,"date":"2022-11-16T09:19:40","date_gmt":"2022-11-16T09:19:40","guid":{"rendered":"http:\/\/site2.easyceotech.com\/?post_type=product&#038;p=3199"},"modified":"2024-03-12T08:02:57","modified_gmt":"2024-03-12T08:02:57","slug":"piroctone-olamine-po-oct","status":"publish","type":"product","link":"https:\/\/wpachem.com\/vi\/product\/piroctone-olamine-po-oct\/","title":{"rendered":"Piroctone Olamine (PO; OCT)"},"content":{"rendered":"<p><strong>Gi\u1edbi thi\u1ec7u<\/strong><\/p>\n<p>Mu\u1ed1i ethanolamine Piroctone l\u00e0 ch\u1ea5t ch\u1ed1ng g\u00e0u v\u00e0 ch\u1ed1ng ng\u1ee9a duy nh\u1ea5t c\u00f3 th\u1ec3 \u0111\u01b0\u1ee3c s\u1eed d\u1ee5ng trong c\u00e1c s\u1ea3n ph\u1ea9m ch\u0103m s\u00f3c t\u00f3c kh\u00f4ng c\u1ea7n x\u1ea3 cho \u0111\u1ebfn nay. Mu\u1ed1i ethanolamine Piroctone c\u00f3 t\u00e1c d\u1ee5ng di\u1ec7t n\u1ea5m ph\u1ed5 r\u1ed9ng v\u00e0 c\u00f3 t\u00e1c d\u1ee5ng \u0111i\u1ec1u tr\u1ecb t\u1ed1t \u0111\u1ed1i v\u1edbi b\u1ec7nh h\u1eafc l\u00e0o \u1edf b\u00e0n ch\u00e2n v\u00e0 b\u00e0n tay. N\u00f3 c\u00f3 th\u1ec3 \u0111\u01b0\u1ee3c s\u1eed d\u1ee5ng nh\u01b0 m\u1ed9t ch\u1ea5t b\u1ea3o qu\u1ea3n trong m\u1ef9 ph\u1ea9m v\u00e0 m\u1ed9t ch\u1ea5t di\u1ec7t n\u1ea5m trong x\u00e0 ph\u00f2ng v\u00e0 c\u00f3 \u0111\u1eb7c t\u00ednh l\u00e0m \u0111\u1eb7c. Do \u0111\u00f3, mu\u1ed1i ethanolamine Piroctone l\u00e0 m\u1ed9t ch\u1ea5t kh\u1eed tr\u00f9ng ch\u1ed1ng g\u00e0u v\u00e0 ch\u1ed1ng ng\u1ee9a \u0111a ch\u1ee9c n\u0103ng, \u0111\u01b0\u1ee3c s\u1eed d\u1ee5ng r\u1ed9ng r\u00e3i trong d\u1ea7u g\u1ed9i, s\u1eefa t\u1eafm, m\u1ef9 ph\u1ea9m v\u00e0 ch\u1ea5t t\u1ea9y r\u1eeda.<\/p>\n<p><strong>\u0110\u1eb7c \u0111i\u1ec3m hi\u1ec7u qu\u1ea3.<\/strong><\/p>\n<ul>\n<li>Kh\u00e1ng khu\u1ea9n ph\u1ed5 r\u1ed9ng v\u00e0 kh\u00f4ng ch\u1ee9a este nipagin, kh\u00f4ng gi\u1ea3i ph\u00f3ng formaldehyde<\/li>\n<li>\u1ee8c ch\u1ebf hi\u1ec7u qu\u1ea3 Malassezia, ch\u1ed1ng g\u00e0u v\u00e0 ch\u1ed1ng ng\u1ee9a, l\u00e0m d\u1ecbu t\u00ecnh tr\u1ea1ng vi\u00eam da \u0111\u1ea7u<\/li>\n<li>An to\u00e0n, nh\u1eb9, \u00edt g\u00e2y k\u00edch \u1ee9ng, kh\u00f4ng g\u00e2y r\u1ee5ng t\u00f3c, g\u00e3y t\u00f3c<\/li>\n<li>Do vi\u1ec7c s\u1eed d\u1ee5ng ZPT b\u1ecb h\u1ea1n ch\u1ebf n\u00ean OCT l\u00e0 s\u1ea3n ph\u1ea9m thay th\u1ebf c\u1ef1c k\u1ef3 ph\u00f9 h\u1ee3p, \u0111\u1ed3ng th\u1eddi s\u1eed d\u1ee5ng ch\u1ea5t d\u1ebbo trong c\u00f4ng th\u1ee9c, th\u00edch h\u1ee3p cho c\u00e1c c\u00f4ng th\u1ee9c trong su\u1ed1t, kh\u00f4ng c\u00f3 ch\u1ea5t \u1ed5n \u0111\u1ecbnh huy\u1ec1n ph\u00f9; ngo\u00e0i ra, trong c\u00f4ng th\u1ee9c sulfat, c\u00f3 th\u1ec3 \u0111\u00f3ng vai tr\u00f2 l\u00e0 ch\u1ea5t l\u00e0m \u0111\u1eb7c.<\/li>\n<li>C\u00f3 th\u1ec3 l\u00e0m gi\u1ea3m ti\u1ebft b\u00e3 nh\u1eddn tr\u00ean b\u1ec1 m\u1eb7t da, th\u00edch h\u1ee3p cho da \u0111\u1ea7u v\u00e0 da d\u1ea7u, c\u00f4ng th\u1ee9c d\u00e0nh cho nam gi\u1edbi, \u0111\u1ed3ng th\u1eddi c\u00f3 t\u00e1c d\u1ee5ng ch\u1ed1ng m\u1ee5n, l\u00e0m d\u1ecbu da m\u1ee5n<\/li>\n<\/ul>\n<p>&nbsp;<\/p>\n<p><strong>\u1ee8ng d\u1ee5ng s\u1ea3n ph\u1ea9m:<\/strong><br \/>\nTh\u00edch h\u1ee3p cho d\u1ea7u g\u1ed9i tr\u1ecb g\u00e0u, d\u1ea7u x\u1ea3 kh\u00f4ng c\u1ea7n x\u1ea3, x\u1ecbt kh\u1eed m\u00f9i di\u1ec7t khu\u1ea9n, t\u1eafm cho th\u00fa c\u01b0ng v\u00e0 c\u00e1c s\u1ea3n ph\u1ea9m kh\u00e1c<\/p>\n<p><strong>\u0110\u00f3ng g\u00f3i: <\/strong>1KG\/t\u00fai (t\u00fai gi\u1ea5y b\u1ea1c l\u00f3t t\u00fai kh\u00f3a k\u00e9o PE), 25KG\/th\u00f9ng<\/p>","protected":false},"excerpt":{"rendered":"<p>T\u00ean h\u00f3a h\u1ecdc: 1-Hydroxy-4-methyl-6-(2,4,4-trimethylpentyl)-2(IH)-pyridone<\/p>\n<p>T\u00ean INCI: Mu\u1ed1i ethanolamine Piroctone<\/p>\n<p>C\u00f4ng th\u1ee9c ph\u00e2n t\u1eed: C16H30N2O3<\/p>\n<p>S\u1ed1 CAS: 68890-66-4<\/p>\n<p>Ngo\u1ea1i quan: B\u1ed9t m\u00e0u tr\u1eafng ho\u1eb7c tr\u1eafng ng\u00e0<\/p>\n<p>\u0110\u1ed9 tinh khi\u1ebft: \u226599%<\/p>","protected":false},"featured_media":2181,"template":"","meta":{"_acf_changed":false,"_gspb_post_css":""},"product_brand":[],"product_cat":[60],"product_tag":[],"class_list":{"0":"post-3199","1":"product","2":"type-product","3":"status-publish","4":"has-post-thumbnail","6":"product_cat-cosmetic-ingredients","8":"first","9":"instock","10":"shipping-taxable","11":"product-type-simple"},"acf":[],"_links":{"self":[{"href":"https:\/\/wpachem.com\/vi\/wp-json\/wp\/v2\/product\/3199","targetHints":{"allow":["GET"]}}],"collection":[{"href":"https:\/\/wpachem.com\/vi\/wp-json\/wp\/v2\/product"}],"about":[{"href":"https:\/\/wpachem.com\/vi\/wp-json\/wp\/v2\/types\/product"}],"version-history":[{"count":0,"href":"https:\/\/wpachem.com\/vi\/wp-json\/wp\/v2\/product\/3199\/revisions"}],"wp:featuredmedia":[{"embeddable":true,"href":"https:\/\/wpachem.com\/vi\/wp-json\/wp\/v2\/media\/2181"}],"wp:attachment":[{"href":"https:\/\/wpachem.com\/vi\/wp-json\/wp\/v2\/media?parent=3199"}],"wp:term":[{"taxonomy":"product_brand","embeddable":true,"href":"https:\/\/wpachem.com\/vi\/wp-json\/wp\/v2\/product_brand?post=3199"},{"taxonomy":"product_cat","embeddable":true,"href":"https:\/\/wpachem.com\/vi\/wp-json\/wp\/v2\/product_cat?post=3199"},{"taxonomy":"product_tag","embeddable":true,"href":"https:\/\/wpachem.com\/vi\/wp-json\/wp\/v2\/product_tag?post=3199"}],"curies":[{"name":"wp","href":"https:\/\/api.w.org\/{rel}","templated":true}]}}