{"id":3202,"date":"2022-11-16T09:19:22","date_gmt":"2022-11-16T09:19:22","guid":{"rendered":"http:\/\/site2.easyceotech.com\/?post_type=product&#038;p=3202"},"modified":"2024-03-12T08:03:02","modified_gmt":"2024-03-12T08:03:02","slug":"pyridoxine-tripalmitate","status":"publish","type":"product","link":"https:\/\/wpachem.com\/vi\/product\/pyridoxine-tripalmitate\/","title":{"rendered":"Pyridoxine tripalmitate"},"content":{"rendered":"<p><strong>Gi\u1edbi thi\u1ec7u<\/strong><\/p>\n<p>Pyridoxine tripalmitate l\u00e0 d\u1eabn xu\u1ea5t vitamin B6, gi\u1eef nguy\u00ean ho\u1ea1t t\u00ednh v\u00e0 t\u00e1c d\u1ee5ng t\u01b0\u01a1ng \u1ee9ng c\u1ee7a vitamin B6. V\u00ed d\u1ee5, n\u00f3 \u0111i\u1ec1u ch\u1ec9nh s\u1ee9c s\u1ed1ng c\u1ee7a b\u00e3 nh\u1eddn, b\u00ecnh th\u01b0\u1eddng h\u00f3a qu\u00e1 tr\u00ecnh chuy\u1ec3n h\u00f3a protein v\u00e0 axit amin trong da, ng\u0103n ng\u1eeba da th\u00f4 r\u00e1p, m\u1ee5n tr\u1ee9ng c\u00e1 v\u00e0 ch\u00e1y n\u1eafng, c\u00f3 th\u1ec3 t\u0103ng c\u01b0\u1eddng qu\u00e1 tr\u00ecnh chuy\u1ec3n h\u00f3a ni\u00eam m\u1ea1c da v\u00e0 c\u00f3 hi\u1ec7u qu\u1ea3 ch\u1ed1ng vi\u00eam da, ch\u00e0m v\u00e0 m\u1ee5n tr\u1ee9ng c\u00e1. Gi\u1ed1ng nh\u01b0 VB5, VB6 c\u00f3 th\u1ec3 l\u00e0m t\u0103ng h\u00e0m l\u01b0\u1ee3ng axit hyaluronic trong l\u1edbp bi\u1ec3u b\u00ec, c\u00f3 t\u00e1c d\u1ee5ng ch\u1ed1ng l\u00e3o h\u00f3a da.<\/p>\n<p><strong>\u01afu \u0111i\u1ec3m \u0111\u1eb7c tr\u01b0ng<\/strong><br \/>\nPyridoxine Tripalmitate so v\u1edbi Vitamin B6<br \/>\nPyridoxine tri-palmitate l\u00e0 s\u1ef1 k\u1ebft h\u1ee3p c\u1ee7a ba lo\u1ea1i palmitate tr\u00ean c\u1ea5u tr\u00fac c\u01a1 b\u1ea3n c\u1ee7a VB6, gi\u00fap thay \u0111\u1ed5i t\u00ednh ch\u1ea5t ban \u0111\u1ea7u tan trong n\u01b0\u1edbc th\u00e0nh t\u00ednh ch\u1ea5t tan trong este v\u00e0 d\u1ea7u, \u0111\u1ed3ng th\u1eddi c\u1ea3i thi\u1ec7n kh\u1ea3 n\u0103ng h\u1ea5p th\u1ee5 v\u00e0 \u0111\u1ed9 \u1ed5n \u0111\u1ecbnh.<br \/>\nPyridoxine tri-palmitate \u2013 \u1ed5n \u0111\u1ecbnh h\u01a1n, pro-ester v\u00e0 pro-skin, kh\u1ea3 n\u0103ng h\u1ea5p th\u1ee5 t\u1ed1t h\u01a1n.<\/p>\n<p><strong>T\u00ednh n\u0103ng hi\u1ec7u qu\u1ea3<\/strong><\/p>\n<ul>\n<li>S\u1eeda ch\u1eefa: ng\u0103n ng\u1eeba da th\u00f4 r\u00e1p, m\u1ee5n tr\u1ee9ng c\u00e1, ch\u00e1y n\u1eafng<\/li>\n<li>\u0110i\u1ec1u h\u00f2a: b\u00ecnh th\u01b0\u1eddng h\u00f3a qu\u00e1 tr\u00ecnh chuy\u1ec3n h\u00f3a protein v\u00e0 axit amin c\u1ee7a da \u0111\u1ea7u<\/li>\n<li>Ki\u1ec3m so\u00e1t d\u1ea7u: \u0111i\u1ec1u ch\u1ec9nh ho\u1ea1t \u0111\u1ed9ng c\u1ee7a tuy\u1ebfn b\u00e3 nh\u1eddn v\u00e0 c\u00f3 th\u1ec3 \u0111\u01b0\u1ee3c s\u1eed d\u1ee5ng nh\u01b0 m\u1ed9t s\u1ea3n ph\u1ea9m ki\u1ec3m so\u00e1t d\u1ea7u cho da v\u00e0 t\u00f3c<\/li>\n<li>Ch\u0103m s\u00f3c t\u00f3c: duy tr\u00ec nang t\u00f3c v\u00e0 s\u1ee9c kh\u1ecfe c\u1ee7a t\u00f3c, \u0111i\u1ec1u tr\u1ecb r\u1ee5ng t\u00f3c<\/li>\n<\/ul>\n<p><strong>C\u01a1 ch\u1ebf ho\u1ea1t \u0111\u1ed9ng<\/strong><\/p>\n<p>N\u00f3 \u0111\u01b0\u1ee3c s\u1eed d\u1ee5ng \u0111\u1ec3 ch\u0103m s\u00f3c da \u0111\u1ea7u nh\u1eb1m ki\u1ec3m so\u00e1t hi\u1ec7u qu\u1ea3 d\u1ea7u v\u00e0 gi\u1ea3m s\u1ea3n xu\u1ea5t g\u00e0u. M\u1ed9t trong nh\u1eefng ch\u1ee9c n\u0103ng n\u1ed5i b\u1eadt c\u1ee7a vitamin B6 l\u00e0 t\u00e1c d\u1ee5ng c\u1ee7a n\u00f3 \u0111\u1ed1i v\u1edbi t\u00f3c. Khi thi\u1ebfu vitamin B6, v\u1ea5n \u0111\u1ec1 v\u1ec1 da n\u1ed5i b\u1eadt nh\u1ea5t l\u00e0 vi\u00eam da ti\u1ebft b\u00e3 nh\u1eddn, c\u00f3 xu h\u01b0\u1edbng g\u00e2y r\u1ee5ng t\u00f3c.<br \/>\nNgo\u00e0i ra, vitamin B6 \u0111\u00f3ng vai tr\u00f2 quy\u1ebft \u0111\u1ecbnh trong qu\u00e1 tr\u00ecnh s\u1ea3n xu\u1ea5t t\u00f3c c\u1ee7a t\u1ebf b\u00e0o m\u1eb9 t\u00f3c th\u00f4ng qua c\u00e1c axit amin ch\u1ee9a l\u01b0u hu\u1ef3nh. N\u1ebfu thi\u1ebfu vitamin B6, kh\u1ea3 n\u0103ng m\u1ecdc t\u00f3c c\u1ee7a t\u1ebf b\u00e0o m\u1eb9 t\u00f3c m\u1edbi b\u1ecb c\u1ea3n tr\u1edf, t\u00f3c trong th\u1eddi k\u1ef3 sinh tr\u01b0\u1edfng s\u1ebd c\u00f3 tu\u1ed5i th\u1ecd ng\u1eafn h\u01a1n v\u00e0 r\u1ee5ng do vi\u00eam da ti\u1ebft b\u00e3 nh\u1eddn.<\/p>","protected":false},"excerpt":{"rendered":"<p>T\u00ean INCI: Pyridoxine tripalmitate<\/p>\n<p>C\u00f4ng th\u1ee9c ph\u00e2n t\u1eed: C56H101NO6<\/p>\n<p>S\u1ed1 CAS: 4372-46-7<\/p>\n<p>S\u1ed1 EINECS: 224-470-3<\/p>\n<p>Ngo\u1ea1i quan: B\u1ed9t tinh th\u1ec3 m\u00e0u tr\u1eafng<\/p>\n<p>\u0110\u1ed9 tinh khi\u1ebft: \u226599%<\/p>","protected":false},"featured_media":2150,"template":"","meta":{"_acf_changed":false,"_gspb_post_css":""},"product_brand":[],"product_cat":[60],"product_tag":[],"class_list":{"0":"post-3202","1":"product","2":"type-product","3":"status-publish","4":"has-post-thumbnail","6":"product_cat-cosmetic-ingredients","8":"first","9":"instock","10":"shipping-taxable","11":"product-type-simple"},"acf":[],"_links":{"self":[{"href":"https:\/\/wpachem.com\/vi\/wp-json\/wp\/v2\/product\/3202","targetHints":{"allow":["GET"]}}],"collection":[{"href":"https:\/\/wpachem.com\/vi\/wp-json\/wp\/v2\/product"}],"about":[{"href":"https:\/\/wpachem.com\/vi\/wp-json\/wp\/v2\/types\/product"}],"version-history":[{"count":0,"href":"https:\/\/wpachem.com\/vi\/wp-json\/wp\/v2\/product\/3202\/revisions"}],"wp:featuredmedia":[{"embeddable":true,"href":"https:\/\/wpachem.com\/vi\/wp-json\/wp\/v2\/media\/2150"}],"wp:attachment":[{"href":"https:\/\/wpachem.com\/vi\/wp-json\/wp\/v2\/media?parent=3202"}],"wp:term":[{"taxonomy":"product_brand","embeddable":true,"href":"https:\/\/wpachem.com\/vi\/wp-json\/wp\/v2\/product_brand?post=3202"},{"taxonomy":"product_cat","embeddable":true,"href":"https:\/\/wpachem.com\/vi\/wp-json\/wp\/v2\/product_cat?post=3202"},{"taxonomy":"product_tag","embeddable":true,"href":"https:\/\/wpachem.com\/vi\/wp-json\/wp\/v2\/product_tag?post=3202"}],"curies":[{"name":"wp","href":"https:\/\/api.w.org\/{rel}","templated":true}]}}