{"id":3205,"date":"2022-11-16T09:18:20","date_gmt":"2022-11-16T09:18:20","guid":{"rendered":"http:\/\/site2.easyceotech.com\/?post_type=product&#038;p=3205"},"modified":"2024-03-12T08:03:11","modified_gmt":"2024-03-12T08:03:11","slug":"avobenzone","status":"publish","type":"product","link":"https:\/\/wpachem.com\/vi\/product\/avobenzone\/","title":{"rendered":"Avobenzone"},"content":{"rendered":"<p><strong>Th\u00f4ng tin \u1ee9ng d\u1ee5ng:<\/strong> Avobenzone l\u00e0 ch\u1ea5t h\u1ea5p th\u1ee5 tia UVA hi\u1ec7u qu\u1ea3, tan trong d\u1ea7u. \u0110\u1ed9 h\u00f2a tan th\u00edch h\u1ee3p trong c\u00f4ng th\u1ee9c ph\u1ea3i \u0111\u01b0\u1ee3c \u0111\u1ea3m b\u1ea3o \u0111\u1ec3 tr\u00e1nh k\u1ebft tinh l\u1ea1i trong qu\u00e1 tr\u00ecnh l\u01b0u tr\u1eef. \u0110\u1ec3 t\u1ed1i \u0111a h\u00f3a vi\u1ec7c s\u1eed d\u1ee5ng v\u00e0 hi\u1ec7u su\u1ea5t cao, Avobenzone ph\u1ea3i \u0111\u01b0\u1ee3c \u1ed5n \u0111\u1ecbnh quang h\u1ecdc \u0111\u00fang c\u00e1ch. V\u1eadt li\u1ec7u tuy\u1ec7t v\u1eddi \u0111\u1ec3 \u1ed5n \u0111\u1ecbnh l\u00e0 Octocrylene. C\u00e1c l\u1ef1a ch\u1ecdn b\u1ed5 sung kh\u00e1c l\u00e0 3-(4-Methylbenzyliden) Camphor ho\u1eb7c BP-3; S\u1eed d\u1ee5ng ch\u1ea5t t\u1ea1o ph\u1ee9c nh\u01b0 EDTA.<\/p>\n<p><strong>Nh\u1eefng \u0111i\u1ec3m kh\u00f4ng t\u01b0\u01a1ng th\u00edch \u0111\u00e3 bi\u1ebft:<\/strong> N\u00ean tr\u00e1nh c\u00e1c cation kim lo\u1ea1i \u0111a h\u00f3a tr\u1ecb v\u00ec ch\u00fang c\u00f3 th\u1ec3 t\u1ea1o th\u00e0nh s\u1ef1 \u0111\u1ed5i m\u00e0u (v\u00ed d\u1ee5 Fe) ho\u1eb7c tinh th\u1ec3 do \u0111\u1ed9 h\u00f2a tan c\u1ee7a c\u00e1c ph\u1ee9c h\u1ee3p th\u1ea5p h\u01a1n (v\u00ed d\u1ee5 Al v\u00e0 Mg). Titan dioxit ph\u1ee7 Al c\u00f3 th\u1ec3 t\u1ea1o th\u00e0nh tinh th\u1ec3. S\u1ef1 k\u1ebft h\u1ee3p c\u1ee7a Avobenzone v\u00e0 K\u1ebdm oxit c\u00f3 th\u1ec3 t\u01b0\u01a1ng t\u00e1c \u0111\u1ec3 t\u1ea1o th\u00e0nh ph\u1ee9c h\u1ee3p c\u00f3 th\u1ec3 k\u1ebft t\u1ee7a.<\/p>\n<p>Avobenzone kh\u00f4ng t\u01b0\u01a1ng th\u00edch v\u1edbi c\u00e1c ch\u1ea5t cho Formaldehyde, ch\u1ee7 y\u1ebfu \u0111\u01b0\u1ee3c d\u00f9ng l\u00e0m ch\u1ea5t b\u1ea3o qu\u1ea3n.<\/p>\n<p><strong>\u0110\u1ed9 h\u00f2a tan:<\/strong> h\u00f2a tan trong d\u1ea7u<\/p>\n<p><strong>Th\u00eam v\u00e0o pha:<\/strong> pha d\u1ea7u<\/p>\n<p><strong>C\u00e1ch s\u1eed d\u1ee5ng:<\/strong> \u1ee8ng d\u1ee5ng s\u1ea3n ph\u1ea9m l\u1ecdc UVA: s\u1ea3n ph\u1ea9m ch\u1ed1ng n\u1eafng<\/p>\n<p><strong>\u0110i\u1ec1u ki\u1ec7n l\u01b0u tr\u1eef:<\/strong> nhi\u1ec7t \u0111\u1ed9 ph\u00f2ng, tr\u00e1nh xa \u00e1nh s\u00e1ng<\/p>\n<p><strong>B\u01b0u ki\u1ec7n:<\/strong> Th\u00f9ng carton 25kg<\/p>","protected":false},"excerpt":{"rendered":"<div class=\"pro_ph\">\n<p><strong>T\u00ean INCI:<\/strong>Avobenzone<\/p>\n<\/div>\n<div class=\"pro_ph\"><strong>C\u00f4ng th\u1ee9c ph\u00e2n t\u1eed<\/strong>\uff1aC20H22O3<\/div>\n<div class=\"pro_ph\"><strong>S\u1ed1 CAS:<\/strong>70356-09-1<\/div>\n<div><strong>V\u1ebb b\u1ec1 ngo\u00e0i:<\/strong> B\u1ed9t m\u00e0u tr\u1eafng ho\u1eb7c v\u00e0ng nh\u1ea1t<\/div>\n<div>\n<p><strong>B\u01b0\u1edbc s\u00f3ng h\u1ea5p th\u1ee5:<\/strong> tia c\u1ef1c t\u00edm<\/p>\n<p><strong>H\u1ea5p th\u1ee5 t\u1ed1i \u0111a:<\/strong> 357nm<\/p>\n<\/div>","protected":false},"featured_media":2176,"template":"","meta":{"_acf_changed":false,"_gspb_post_css":""},"product_brand":[],"product_cat":[60],"product_tag":[],"class_list":{"0":"post-3205","1":"product","2":"type-product","3":"status-publish","4":"has-post-thumbnail","6":"product_cat-cosmetic-ingredients","8":"first","9":"instock","10":"shipping-taxable","11":"product-type-simple"},"acf":[],"_links":{"self":[{"href":"https:\/\/wpachem.com\/vi\/wp-json\/wp\/v2\/product\/3205","targetHints":{"allow":["GET"]}}],"collection":[{"href":"https:\/\/wpachem.com\/vi\/wp-json\/wp\/v2\/product"}],"about":[{"href":"https:\/\/wpachem.com\/vi\/wp-json\/wp\/v2\/types\/product"}],"version-history":[{"count":0,"href":"https:\/\/wpachem.com\/vi\/wp-json\/wp\/v2\/product\/3205\/revisions"}],"wp:featuredmedia":[{"embeddable":true,"href":"https:\/\/wpachem.com\/vi\/wp-json\/wp\/v2\/media\/2176"}],"wp:attachment":[{"href":"https:\/\/wpachem.com\/vi\/wp-json\/wp\/v2\/media?parent=3205"}],"wp:term":[{"taxonomy":"product_brand","embeddable":true,"href":"https:\/\/wpachem.com\/vi\/wp-json\/wp\/v2\/product_brand?post=3205"},{"taxonomy":"product_cat","embeddable":true,"href":"https:\/\/wpachem.com\/vi\/wp-json\/wp\/v2\/product_cat?post=3205"},{"taxonomy":"product_tag","embeddable":true,"href":"https:\/\/wpachem.com\/vi\/wp-json\/wp\/v2\/product_tag?post=3205"}],"curies":[{"name":"wp","href":"https:\/\/api.w.org\/{rel}","templated":true}]}}