{"id":3208,"date":"2022-11-16T09:18:40","date_gmt":"2022-11-16T09:18:40","guid":{"rendered":"http:\/\/site2.easyceotech.com\/?post_type=product&#038;p=3208"},"modified":"2024-03-12T08:03:08","modified_gmt":"2024-03-12T08:03:08","slug":"octocrylene","status":"publish","type":"product","link":"https:\/\/wpachem.com\/vi\/product\/octocrylene\/","title":{"rendered":"Octocrylene"},"content":{"rendered":"<p><strong>S\u1ef1 mi\u00eau t\u1ea3:<\/strong><\/p>\n<p>Octocrylene l\u00e0 ch\u1ea5t h\u1ea5p th\u1ee5 tia UVB hi\u1ec7u qu\u1ea3, d\u1ec5 d\u00e0ng t\u00edch h\u1ee3p v\u1edbi pha d\u1ea7u c\u1ee7a c\u00e1c c\u00f4ng th\u1ee9c kem ch\u1ed1ng n\u1eafng. \u0110\u00e2y l\u00e0 ch\u1ea5t h\u00f2a tan tuy\u1ec7t v\u1eddi cho c\u00e1c ch\u1ea5t h\u1ea5p th\u1ee5 tia UV d\u1ea1ng r\u1eafn, d\u1ea1ng tinh th\u1ec3 kh\u00e1c. V\u1edbi \u0111\u1eb7c \u0111i\u1ec3m l\u00e0 t\u1ef7 l\u1ec7 h\u1ea5p th\u1ee5 cao, kh\u00f4ng \u0111\u1ed9c h\u1ea1i, kh\u00f4ng g\u00e2y qu\u00e1i thai v\u00e0 \u0111\u1ed9 \u1ed5n \u0111\u1ecbnh t\u1ed1t, n\u00f3 c\u00f3 th\u1ec3 h\u1ea5p th\u1ee5 tia UVB v\u00e0 m\u1ed9t l\u01b0\u1ee3ng nh\u1ecf tia UVA. \u0110\u01b0\u1ee3c FDA Hoa K\u1ef3 ch\u1ea5p thu\u1eadn l\u00e0 th\u00e0nh ph\u1ea7n ch\u1ed1ng n\u1eafng ho\u1ea1t t\u00ednh lo\u1ea1i I v\u00e0 \u0111\u01b0\u1ee3c s\u1eed d\u1ee5ng r\u1ed9ng r\u00e3i t\u1ea1i Hoa K\u1ef3 v\u00e0 c\u00e1c n\u01b0\u1edbc Ch\u00e2u \u00c2u<\/p>\n<p>&nbsp;<\/p>\n<p><strong>\u0110\u1ed9 h\u00f2a tan:<\/strong> h\u00f2a tan trong d\u1ea7u<\/p>\n<p><strong>Th\u00eam v\u00e0o pha:<\/strong> pha d\u1ea7u<\/p>\n<p><strong>C\u00e1ch s\u1eed d\u1ee5ng:<\/strong> \u1ee8ng d\u1ee5ng s\u1ea3n ph\u1ea9m l\u1ecdc UVB: s\u1ea3n ph\u1ea9m ch\u1ed1ng n\u1eafng<\/p>\n<p><strong>\u0110i\u1ec1u ki\u1ec7n l\u01b0u tr\u1eef:<\/strong> nhi\u1ec7t \u0111\u1ed9 ph\u00f2ng, tr\u00e1nh xa \u00e1nh s\u00e1ng<\/p>\n<p><strong>B\u01b0u ki\u1ec7n:<\/strong> tr\u1ed1ng 200kg<\/p>","protected":false},"excerpt":{"rendered":"<div class=\"pro_ph\">\n<p><strong>T\u00ean INCI:<\/strong>OCTOCRYLENE<\/p>\n<\/div>\n<div class=\"pro_ph\"><strong>C\u00f4ng th\u1ee9c ph\u00e2n t\u1eed:<\/strong>C24H27NO2<\/div>\n<div class=\"pro_ph\"><strong>S\u1ed1 CAS:<\/strong>6197-30-4<\/div>\n<div>\n<p><strong>Th\u1eed nghi\u1ec7m:<\/strong> 99%<\/p>\n<p><strong>V\u1ebb b\u1ec1 ngo\u00e0i:<\/strong> ch\u1ea5t l\u1ecfng trong su\u1ed1t, m\u00e0u v\u00e0ng, nh\u1edbt<\/p>\n<p><strong>B\u01b0\u1edbc s\u00f3ng h\u1ea5p th\u1ee5:<\/strong> tia c\u1ef1c t\u00edm UVB<\/p>\n<p><strong>H\u1ea5p th\u1ee5 t\u1ed1i \u0111a:<\/strong> 303nm<\/p>\n<\/div>","protected":false},"featured_media":2111,"template":"","meta":{"_acf_changed":false,"_gspb_post_css":""},"product_brand":[],"product_cat":[60],"product_tag":[],"class_list":{"0":"post-3208","1":"product","2":"type-product","3":"status-publish","4":"has-post-thumbnail","6":"product_cat-cosmetic-ingredients","8":"first","9":"instock","10":"shipping-taxable","11":"product-type-simple"},"acf":[],"_links":{"self":[{"href":"https:\/\/wpachem.com\/vi\/wp-json\/wp\/v2\/product\/3208","targetHints":{"allow":["GET"]}}],"collection":[{"href":"https:\/\/wpachem.com\/vi\/wp-json\/wp\/v2\/product"}],"about":[{"href":"https:\/\/wpachem.com\/vi\/wp-json\/wp\/v2\/types\/product"}],"version-history":[{"count":0,"href":"https:\/\/wpachem.com\/vi\/wp-json\/wp\/v2\/product\/3208\/revisions"}],"wp:featuredmedia":[{"embeddable":true,"href":"https:\/\/wpachem.com\/vi\/wp-json\/wp\/v2\/media\/2111"}],"wp:attachment":[{"href":"https:\/\/wpachem.com\/vi\/wp-json\/wp\/v2\/media?parent=3208"}],"wp:term":[{"taxonomy":"product_brand","embeddable":true,"href":"https:\/\/wpachem.com\/vi\/wp-json\/wp\/v2\/product_brand?post=3208"},{"taxonomy":"product_cat","embeddable":true,"href":"https:\/\/wpachem.com\/vi\/wp-json\/wp\/v2\/product_cat?post=3208"},{"taxonomy":"product_tag","embeddable":true,"href":"https:\/\/wpachem.com\/vi\/wp-json\/wp\/v2\/product_tag?post=3208"}],"curies":[{"name":"wp","href":"https:\/\/api.w.org\/{rel}","templated":true}]}}