{"id":3211,"date":"2022-11-16T09:18:58","date_gmt":"2022-11-16T09:18:58","guid":{"rendered":"http:\/\/site2.easyceotech.com\/?post_type=product&#038;p=3211"},"modified":"2024-03-12T08:04:04","modified_gmt":"2024-03-12T08:04:04","slug":"homosalate","status":"publish","type":"product","link":"https:\/\/wpachem.com\/vi\/product\/homosalate\/","title":{"rendered":"\u0110\u1ed3ng nh\u1ea5t"},"content":{"rendered":"<p><strong>S\u1ef1 mi\u00eau t\u1ea3:<\/strong><\/p>\n<p>Homosalate l\u00e0 ch\u1ea5t h\u1ea5p th\u1ee5 UVB hi\u1ec7u qu\u1ea3 v\u1edbi b\u01b0\u1edbc s\u00f3ng h\u1ea5p th\u1ee5 t\u1eeb 295~315nm, c\u00f3 th\u1ec3 b\u1ea3o v\u1ec7 da kh\u1ecfi t\u00e1c h\u1ea1i c\u1ee7a b\u1ee9c x\u1ea1 UVB v\u00e0 gi\u1ea3m t\u00e1c h\u1ea1i l\u00e2u d\u00e0i do ti\u1ebfp x\u00fac v\u1edbi \u00e1nh n\u1eafng m\u1eb7t tr\u1eddi. \u0110\u00e2y l\u00e0 ch\u1ea5t l\u1ecfng kh\u00f4ng m\u00e0u, tan trong d\u1ea7u v\u00e0 c\u00f3 th\u1ec3 d\u1ec5 d\u00e0ng k\u1ebft h\u1ee3p v\u00e0o pha d\u1ea7u c\u1ee7a c\u00f4ng th\u1ee9c kem ch\u1ed1ng n\u1eafng<\/p>\n<p><strong>\u0110\u1ed9 h\u00f2a tan:<\/strong> h\u00f2a tan trong d\u1ea7u<\/p>\n<p><strong>Th\u00eam v\u00e0o pha:<\/strong> pha d\u1ea7u<\/p>\n<p><strong>C\u00e1ch s\u1eed d\u1ee5ng:<\/strong> B\u1ed9 l\u1ecdc UVB<\/p>\n<p><strong>\u1ee8ng d\u1ee5ng s\u1ea3n ph\u1ea9m:<\/strong> s\u1ea3n ph\u1ea9m ch\u1ed1ng n\u1eafng<\/p>\n<p><strong>\u0110i\u1ec1u ki\u1ec7n l\u01b0u tr\u1eef:<\/strong> nhi\u1ec7t \u0111\u1ed9 ph\u00f2ng, tr\u00e1nh xa \u00e1nh s\u00e1ng<\/p>\n<p><strong>B\u01b0u ki\u1ec7n:<\/strong> tr\u1ed1ng 200kg<\/p>","protected":false},"excerpt":{"rendered":"<div class=\"pro_ph\">\n<p><strong>T\u00ean INCI:<\/strong>\u0110\u1ed3ng nh\u1ea5t<\/p>\n<\/div>\n<div class=\"pro_ph\"><strong>C\u00f4ng th\u1ee9c ph\u00e2n t\u1eed:<\/strong>C16H22O3<\/div>\n<div class=\"pro_ph\"><strong>S\u1ed1 CAS:<\/strong>118-56-9<\/div>\n<div>\n<p><strong>Th\u1eed nghi\u1ec7m\uff1a<\/strong>99%<\/p>\n<p><strong>V\u1ebb b\u1ec1 ngo\u00e0i:<\/strong>ch\u1ea5t l\u1ecfng kh\u00f4ng m\u00e0u \u0111\u1ebfn h\u01a1i v\u00e0ng<\/p>\n<p><strong>B\u01b0\u1edbc s\u00f3ng h\u1ea5p th\u1ee5:<\/strong>tia c\u1ef1c t\u00edm UVB<\/p>\n<p><strong>H\u1ea5p th\u1ee5 t\u1ed1i \u0111a:<\/strong>306nm<\/p>\n<\/div>","protected":false},"featured_media":2212,"template":"","meta":{"_acf_changed":false,"_gspb_post_css":""},"product_brand":[],"product_cat":[60],"product_tag":[],"class_list":{"0":"post-3211","1":"product","2":"type-product","3":"status-publish","4":"has-post-thumbnail","6":"product_cat-cosmetic-ingredients","8":"first","9":"instock","10":"shipping-taxable","11":"product-type-simple"},"acf":[],"_links":{"self":[{"href":"https:\/\/wpachem.com\/vi\/wp-json\/wp\/v2\/product\/3211","targetHints":{"allow":["GET"]}}],"collection":[{"href":"https:\/\/wpachem.com\/vi\/wp-json\/wp\/v2\/product"}],"about":[{"href":"https:\/\/wpachem.com\/vi\/wp-json\/wp\/v2\/types\/product"}],"version-history":[{"count":0,"href":"https:\/\/wpachem.com\/vi\/wp-json\/wp\/v2\/product\/3211\/revisions"}],"wp:featuredmedia":[{"embeddable":true,"href":"https:\/\/wpachem.com\/vi\/wp-json\/wp\/v2\/media\/2212"}],"wp:attachment":[{"href":"https:\/\/wpachem.com\/vi\/wp-json\/wp\/v2\/media?parent=3211"}],"wp:term":[{"taxonomy":"product_brand","embeddable":true,"href":"https:\/\/wpachem.com\/vi\/wp-json\/wp\/v2\/product_brand?post=3211"},{"taxonomy":"product_cat","embeddable":true,"href":"https:\/\/wpachem.com\/vi\/wp-json\/wp\/v2\/product_cat?post=3211"},{"taxonomy":"product_tag","embeddable":true,"href":"https:\/\/wpachem.com\/vi\/wp-json\/wp\/v2\/product_tag?post=3211"}],"curies":[{"name":"wp","href":"https:\/\/api.w.org\/{rel}","templated":true}]}}