{"id":3214,"date":"2022-11-16T09:17:58","date_gmt":"2022-11-16T09:17:58","guid":{"rendered":"http:\/\/site2.easyceotech.com\/?post_type=product&#038;p=3214"},"modified":"2024-03-12T08:03:19","modified_gmt":"2024-03-12T08:03:19","slug":"ethylhexyl-salicylate","status":"publish","type":"product","link":"https:\/\/wpachem.com\/vi\/product\/ethylhexyl-salicylate\/","title":{"rendered":"Ethylhexyl salicylat"},"content":{"rendered":"<p><strong>S\u1ef1 mi\u00eau t\u1ea3:<\/strong><\/p>\n<p>Ethylhexyl Salicylate c\u00f3 th\u1ec3 h\u1ea5p th\u1ee5 tia UVB t\u1eeb 280~300nm. So v\u1edbi c\u00e1c b\u1ed9 l\u1ecdc UV kh\u00e1c, n\u00f3 an to\u00e0n h\u01a1n, \u00edt \u0111\u1ed9c h\u1ea1i v\u00e0 kinh t\u1ebf h\u01a1n, v\u00ec v\u1eady n\u00f3 \u0111\u01b0\u1ee3c s\u1eed d\u1ee5ng r\u1ed9ng r\u00e3i tr\u00ean to\u00e0n c\u1ea7u.<\/p>\n<p><strong>\u0110\u1ed9 h\u00f2a tan:<\/strong> h\u00f2a tan trong d\u1ea7u<\/p>\n<p><strong>Th\u00eam v\u00e0o pha:<\/strong> pha d\u1ea7u<\/p>\n<p><strong>C\u00e1ch s\u1eed d\u1ee5ng:<\/strong> B\u1ed9 l\u1ecdc UVB<\/p>\n<p><strong>\u1ee8ng d\u1ee5ng s\u1ea3n ph\u1ea9m:<\/strong> s\u1ea3n ph\u1ea9m ch\u1ed1ng n\u1eafng<\/p>\n<p><strong>\u0110i\u1ec1u ki\u1ec7n l\u01b0u tr\u1eef:<\/strong> nhi\u1ec7t \u0111\u1ed9 ph\u00f2ng, tr\u00e1nh xa \u00e1nh s\u00e1ng<\/p>\n<p><strong>B\u01b0u ki\u1ec7n:<\/strong> tr\u1ed1ng 200kg<\/p>","protected":false},"excerpt":{"rendered":"<div class=\"pro_ph\">\n<p><strong>T\u00ean INCI:<\/strong>Ethylhexyl salicylat<\/p>\n<\/div>\n<div class=\"pro_ph\"><strong>C\u00f4ng th\u1ee9c ph\u00e2n t\u1eed:<\/strong>C15H22O3<\/div>\n<div class=\"pro_ph\"><strong>S\u1ed1 CAS:<\/strong>118-60-5<\/div>\n<div>\n<p><strong>Th\u1eed nghi\u1ec7m\uff1a<\/strong>99%<\/p>\n<p><strong>V\u1ebb b\u1ec1 ngo\u00e0i:<\/strong>ch\u1ea5t l\u1ecfng kh\u00f4ng m\u00e0u \u0111\u1ebfn h\u01a1i v\u00e0ng<\/p>\n<p><strong>B\u01b0\u1edbc s\u00f3ng h\u1ea5p th\u1ee5:<\/strong>tia c\u1ef1c t\u00edm UVB<\/p>\n<p><strong>H\u1ea5p th\u1ee5 t\u1ed1i \u0111a:<\/strong>305nm<\/p>\n<\/div>","protected":false},"featured_media":1899,"template":"","meta":{"_acf_changed":false,"_gspb_post_css":""},"product_brand":[],"product_cat":[60],"product_tag":[],"class_list":{"0":"post-3214","1":"product","2":"type-product","3":"status-publish","4":"has-post-thumbnail","6":"product_cat-cosmetic-ingredients","8":"first","9":"instock","10":"shipping-taxable","11":"product-type-simple"},"acf":[],"_links":{"self":[{"href":"https:\/\/wpachem.com\/vi\/wp-json\/wp\/v2\/product\/3214","targetHints":{"allow":["GET"]}}],"collection":[{"href":"https:\/\/wpachem.com\/vi\/wp-json\/wp\/v2\/product"}],"about":[{"href":"https:\/\/wpachem.com\/vi\/wp-json\/wp\/v2\/types\/product"}],"version-history":[{"count":0,"href":"https:\/\/wpachem.com\/vi\/wp-json\/wp\/v2\/product\/3214\/revisions"}],"wp:featuredmedia":[{"embeddable":true,"href":"https:\/\/wpachem.com\/vi\/wp-json\/wp\/v2\/media\/1899"}],"wp:attachment":[{"href":"https:\/\/wpachem.com\/vi\/wp-json\/wp\/v2\/media?parent=3214"}],"wp:term":[{"taxonomy":"product_brand","embeddable":true,"href":"https:\/\/wpachem.com\/vi\/wp-json\/wp\/v2\/product_brand?post=3214"},{"taxonomy":"product_cat","embeddable":true,"href":"https:\/\/wpachem.com\/vi\/wp-json\/wp\/v2\/product_cat?post=3214"},{"taxonomy":"product_tag","embeddable":true,"href":"https:\/\/wpachem.com\/vi\/wp-json\/wp\/v2\/product_tag?post=3214"}],"curies":[{"name":"wp","href":"https:\/\/api.w.org\/{rel}","templated":true}]}}