{"id":3217,"date":"2022-11-16T09:17:35","date_gmt":"2022-11-16T09:17:35","guid":{"rendered":"http:\/\/site2.easyceotech.com\/?post_type=product&#038;p=3217"},"modified":"2024-03-12T08:03:22","modified_gmt":"2024-03-12T08:03:22","slug":"ethylhexyl-methoxycinnamate","status":"publish","type":"product","link":"https:\/\/wpachem.com\/vi\/product\/ethylhexyl-methoxycinnamate\/","title":{"rendered":"Ethylhexyl Methoxycinnamate"},"content":{"rendered":"<p><strong>S\u1ef1 mi\u00eau t\u1ea3:<\/strong><\/p>\n<p>Ethylhexyl Methoxycinnamate c\u00f3 kh\u1ea3 n\u0103ng h\u1ea5p th\u1ee5 tia UV tuy\u1ec7t v\u1eddi \u1edf b\u01b0\u1edbc s\u00f3ng 280~310 nm. V\u1edbi t\u1ef7 l\u1ec7 h\u1ea5p th\u1ee5 cao, an to\u00e0n, \u0111\u1ed9c t\u00ednh t\u1ed1i thi\u1ec3u v\u00e0 kh\u1ea3 n\u0103ng h\u00f2a tan t\u1ed1t trong d\u1ea7u, n\u00f3 \u0111\u01b0\u1ee3c s\u1eed d\u1ee5ng r\u1ed9ng r\u00e3i trong c\u00e1c c\u00f4ng th\u1ee9c kem ch\u1ed1ng n\u1eafng. Kh\u1ea3 n\u0103ng h\u1ea5p th\u1ee5 hi\u1ec7u qu\u1ea3 c\u1ee7a n\u00f3 gi\u00fap da ch\u00fang ta kh\u00f4ng b\u1ecb ch\u00e1y n\u1eafng. N\u00f3 c\u0169ng \u0111\u01b0\u1ee3c s\u1eed d\u1ee5ng trong \u0111i\u1ec1u tr\u1ecb vi\u00eam da nh\u1ea1y c\u1ea3m v\u1edbi \u00e1nh s\u00e1ng.<\/p>\n<p>&nbsp;<\/p>\n<p><strong>\u0110\u1ed9 h\u00f2a tan:<\/strong> h\u00f2a tan trong d\u1ea7u Th\u00eam v\u00e0o pha: pha d\u1ea7u<\/p>\n<p>&nbsp;<\/p>\n<p><strong>C\u00e1ch s\u1eed d\u1ee5ng:<\/strong> B\u1ed9 l\u1ecdc UVB<\/p>\n<p><strong>\u1ee8ng d\u1ee5ng s\u1ea3n ph\u1ea9m:<\/strong> s\u1ea3n ph\u1ea9m ch\u1ed1ng n\u1eafng<\/p>\n<p><strong>\u0110i\u1ec1u ki\u1ec7n l\u01b0u tr\u1eef:<\/strong> nhi\u1ec7t \u0111\u1ed9 ph\u00f2ng, tr\u00e1nh xa \u00e1nh s\u00e1ng<\/p>\n<p><strong>B\u01b0u ki\u1ec7n:<\/strong> tr\u1ed1ng 200kg<\/p>","protected":false},"excerpt":{"rendered":"<p><strong>T\u00ean INCI:<\/strong>Ethylhexyl Methoxycinnamate<\/p>\n<p><strong>C\u00f4ng th\u1ee9c ph\u00e2n t\u1eed:<\/strong>C18H26O3<\/p>\n<p><strong>S\u1ed0 CAS\/S\u1ed1 EC:<\/strong>5466-77-3<\/p>\n<p><strong>Th\u1eed nghi\u1ec7m\uff1a<\/strong>99%<\/p>\n<p><strong>V\u1ebb b\u1ec1 ngo\u00e0i:<\/strong>ch\u1ea5t l\u1ecfng kh\u00f4ng m\u00e0u \u0111\u1ebfn h\u01a1i v\u00e0ng<\/p>\n<p><strong>B\u01b0\u1edbc s\u00f3ng h\u1ea5p th\u1ee5:<\/strong>tia c\u1ef1c t\u00edm UVB<\/p>\n<p><strong>H\u1ea5p th\u1ee5 t\u1ed1i \u0111a:<\/strong>311nm<\/p>","protected":false},"featured_media":2208,"template":"","meta":{"_acf_changed":false,"_gspb_post_css":""},"product_brand":[],"product_cat":[60],"product_tag":[],"class_list":{"0":"post-3217","1":"product","2":"type-product","3":"status-publish","4":"has-post-thumbnail","6":"product_cat-cosmetic-ingredients","8":"first","9":"instock","10":"shipping-taxable","11":"product-type-simple"},"acf":[],"_links":{"self":[{"href":"https:\/\/wpachem.com\/vi\/wp-json\/wp\/v2\/product\/3217","targetHints":{"allow":["GET"]}}],"collection":[{"href":"https:\/\/wpachem.com\/vi\/wp-json\/wp\/v2\/product"}],"about":[{"href":"https:\/\/wpachem.com\/vi\/wp-json\/wp\/v2\/types\/product"}],"version-history":[{"count":0,"href":"https:\/\/wpachem.com\/vi\/wp-json\/wp\/v2\/product\/3217\/revisions"}],"wp:featuredmedia":[{"embeddable":true,"href":"https:\/\/wpachem.com\/vi\/wp-json\/wp\/v2\/media\/2208"}],"wp:attachment":[{"href":"https:\/\/wpachem.com\/vi\/wp-json\/wp\/v2\/media?parent=3217"}],"wp:term":[{"taxonomy":"product_brand","embeddable":true,"href":"https:\/\/wpachem.com\/vi\/wp-json\/wp\/v2\/product_brand?post=3217"},{"taxonomy":"product_cat","embeddable":true,"href":"https:\/\/wpachem.com\/vi\/wp-json\/wp\/v2\/product_cat?post=3217"},{"taxonomy":"product_tag","embeddable":true,"href":"https:\/\/wpachem.com\/vi\/wp-json\/wp\/v2\/product_tag?post=3217"}],"curies":[{"name":"wp","href":"https:\/\/api.w.org\/{rel}","templated":true}]}}