{"id":3223,"date":"2022-11-16T09:16:09","date_gmt":"2022-11-16T09:16:09","guid":{"rendered":"http:\/\/site2.easyceotech.com\/?post_type=product&#038;p=3223"},"modified":"2024-03-12T08:05:03","modified_gmt":"2024-03-12T08:05:03","slug":"13-dihydroxyacetone-dha-2","status":"publish","type":"product","link":"https:\/\/wpachem.com\/vi\/product\/13-dihydroxyacetone-dha-2\/","title":{"rendered":"1,3-Dihydroxyaceton (DHA)"},"content":{"rendered":"<p><strong>Gi\u1edbi thi\u1ec7u:<\/strong><\/p>\n<p>1,3-Dihydroxyacetone (DHA), c\u00f3 c\u00f4ng th\u1ee9c h\u00f3a h\u1ecdc l\u00e0 1, 3-dihydroxy-2-acetone, l\u00e0 m\u1ed9t th\u00e0nh ph\u1ea7n m\u1ef9 ph\u1ea9m ph\u1ed5 bi\u1ebfn c\u00f3 t\u00e1c d\u1ee5ng d\u01b0\u1ee1ng \u1ea9m cho da, l\u00e0m r\u00e1m n\u1eafng v\u00e0 nhu\u1ed9m t\u00f3c.<\/p>\n<p><strong>\u1ee8ng d\u1ee5ng:<\/strong><\/p>\n<p>Dihydroxyacetone ch\u1ee7 y\u1ebfu \u0111\u01b0\u1ee3c s\u1eed d\u1ee5ng l\u00e0m nguy\u00ean li\u1ec7u c\u00f4ng th\u1ee9c m\u1ef9 ph\u1ea9m, \u0111\u1eb7c bi\u1ec7t l\u00e0 kem ch\u1ed1ng n\u1eafng c\u00f3 t\u00e1c d\u1ee5ng \u0111\u1eb7c bi\u1ec7t, c\u00f3 th\u1ec3 ng\u0103n ng\u1eeba s\u1ef1 b\u1ed1c h\u01a1i qu\u00e1 m\u1ee9c c\u1ee7a \u0111\u1ed9 \u1ea9m tr\u00ean da, \u0111\u00f3ng vai tr\u00f2 d\u01b0\u1ee1ng \u1ea9m, ch\u1ed1ng n\u1eafng v\u00e0 tia c\u1ef1c t\u00edm. Ngo\u00e0i ra, nh\u00f3m ch\u1ee9c ketone trong DHA c\u00f3 th\u1ec3 ph\u1ea3n \u1ee9ng v\u1edbi axit amin v\u00e0 nh\u00f3m amino c\u1ee7a keratin da \u0111\u1ec3 t\u1ea1o th\u00e0nh polyme m\u00e0u n\u00e2u, t\u1ea1o ra m\u00e0u n\u00e2u nh\u00e2n t\u1ea1o tr\u00ean da ng\u01b0\u1eddi, do \u0111\u00f3 c\u0169ng c\u00f3 th\u1ec3 \u0111\u01b0\u1ee3c s\u1eed d\u1ee5ng l\u00e0m ch\u1ea5t l\u00e0m r\u00e1m n\u1eafng, t\u1ea1o ra l\u00e0n da n\u00e2u ho\u1eb7c r\u00e1m n\u1eafng tr\u00f4ng gi\u1ed1ng nh\u01b0 k\u1ebft qu\u1ea3 c\u1ee7a vi\u1ec7c ti\u1ebfp x\u00fac l\u00e2u d\u00e0i v\u1edbi \u00e1nh n\u1eafng m\u1eb7t tr\u1eddi, khi\u1ebfn n\u00f3 tr\u00f4ng r\u1ea5t \u0111\u1eb9p.<\/p>\n<p>&nbsp;<\/p>\n<p><strong>\u0110\u1eb7c \u0111i\u1ec3m k\u1ef9 thu\u1eadt:<\/strong><\/p>\n<table>\n<tbody>\n<tr>\n<td width=\"288\"><strong>Ki\u1ec3m tra<\/strong><\/td>\n<td width=\"372\"><strong>Ti\u00eau chu\u1ea9n ki\u1ec3m tra<\/strong><\/td>\n<\/tr>\n<tr>\n<td width=\"288\">V\u1ebb b\u1ec1 ngo\u00e0i<\/td>\n<td width=\"372\">B\u1ed9t m\u00e0u tr\u1eafng \u0111\u1ebfn tr\u1eafng ng\u00e0<\/td>\n<\/tr>\n<tr>\n<td width=\"288\">N\u01b0\u1edbc<\/td>\n<td width=\"372\">\u22640,4%<\/td>\n<\/tr>\n<tr>\n<td width=\"288\">C\u1eb7n b\u00e1m tr\u00ean l\u1eeda<\/td>\n<td width=\"372\">\u22640,4%<\/td>\n<\/tr>\n<tr>\n<td width=\"288\">PH<\/td>\n<td width=\"372\">4.0-6.0<\/td>\n<\/tr>\n<tr>\n<td width=\"288\">X\u00e9t nghi\u1ec7m<\/td>\n<td width=\"372\">\u226598,0%<\/td>\n<\/tr>\n<tr>\n<td width=\"288\">Kim lo\u1ea1i n\u1eb7ng (Pb)<\/td>\n<td width=\"372\">\u226410ppm<\/td>\n<\/tr>\n<tr>\n<td width=\"288\">S\u1eaft(Fe)<\/td>\n<td width=\"372\">\u226425ppm<\/td>\n<\/tr>\n<tr>\n<td width=\"288\">Asen(AS2O3)<\/td>\n<td width=\"372\">\u22643ppm<\/td>\n<\/tr>\n<\/tbody>\n<\/table>\n<p>&nbsp;<\/p>\n<p><strong>B\u01b0u ki\u1ec7n:<\/strong> T\u00fai m\u1eabu 1kg\/th\u00f9ng 25kg<\/p>","protected":false},"excerpt":{"rendered":"<p>T\u00ean s\u1ea3n ph\u1ea9m: 1,3-Dihydroxyacetone (DHA)<\/p>\n<p>S\u1ed1 CAS: 96-26-4<\/p>\n<p>Ch\u1ea5t trung gian: C3H6O3<\/p>\n<p>S\u1ed1 EINECS: 202-494-5<\/p>\n<p>Ngo\u1ea1i quan: B\u1ed9t m\u00e0u tr\u1eafng<\/p>","protected":false},"featured_media":1974,"template":"","meta":{"_acf_changed":false,"_gspb_post_css":""},"product_brand":[],"product_cat":[60],"product_tag":[],"class_list":{"0":"post-3223","1":"product","2":"type-product","3":"status-publish","4":"has-post-thumbnail","6":"product_cat-cosmetic-ingredients","8":"first","9":"instock","10":"shipping-taxable","11":"product-type-simple"},"acf":[],"_links":{"self":[{"href":"https:\/\/wpachem.com\/vi\/wp-json\/wp\/v2\/product\/3223","targetHints":{"allow":["GET"]}}],"collection":[{"href":"https:\/\/wpachem.com\/vi\/wp-json\/wp\/v2\/product"}],"about":[{"href":"https:\/\/wpachem.com\/vi\/wp-json\/wp\/v2\/types\/product"}],"version-history":[{"count":0,"href":"https:\/\/wpachem.com\/vi\/wp-json\/wp\/v2\/product\/3223\/revisions"}],"wp:featuredmedia":[{"embeddable":true,"href":"https:\/\/wpachem.com\/vi\/wp-json\/wp\/v2\/media\/1974"}],"wp:attachment":[{"href":"https:\/\/wpachem.com\/vi\/wp-json\/wp\/v2\/media?parent=3223"}],"wp:term":[{"taxonomy":"product_brand","embeddable":true,"href":"https:\/\/wpachem.com\/vi\/wp-json\/wp\/v2\/product_brand?post=3223"},{"taxonomy":"product_cat","embeddable":true,"href":"https:\/\/wpachem.com\/vi\/wp-json\/wp\/v2\/product_cat?post=3223"},{"taxonomy":"product_tag","embeddable":true,"href":"https:\/\/wpachem.com\/vi\/wp-json\/wp\/v2\/product_tag?post=3223"}],"curies":[{"name":"wp","href":"https:\/\/api.w.org\/{rel}","templated":true}]}}