{"id":3275,"date":"2022-11-17T02:35:35","date_gmt":"2022-11-17T02:35:35","guid":{"rendered":"http:\/\/site2.easyceotech.com\/?post_type=product&#038;p=3275"},"modified":"2024-03-12T08:00:12","modified_gmt":"2024-03-12T08:00:12","slug":"sodium-hyaluronate","status":"publish","type":"product","link":"https:\/\/wpachem.com\/vi\/product\/sodium-hyaluronate\/","title":{"rendered":"Natri Hyaluronate"},"content":{"rendered":"<p>Natri hyaluronate c\u00f3 c\u00f9ng \u0111\u1ed9 h\u00fat \u1ea9m cao, t\u1ef1 \u0111i\u1ec1u ch\u1ec9nh v\u00e0 duy tr\u00ec \u0111\u1ed9 \u1ea9m cho da b\u1ea5t k\u1ec3 trong \u0111i\u1ec1u ki\u1ec7n \u0111\u1ed9 \u1ea9m th\u1ea5p hay cao, \u0111\u01b0\u1ee3c g\u1ecdi l\u00e0 &quot;Ch\u00eca kh\u00f3a cho ngu\u1ed3n su\u1ed1i tu\u1ed5i tr\u1ebb&quot; (c\u1eeda ng\u00f5 \u0111\u1ebfn tu\u1ed5i tr\u1ebb kh\u00f4ng l\u00e3o h\u00f3a). Do \u0111\u00f3, n\u00f3 \u0111\u01b0\u1ee3c s\u1eed d\u1ee5ng r\u1ed9ng r\u00e3i trong m\u1ef9 ph\u1ea9m nh\u01b0 m\u1ed9t y\u1ebfu t\u1ed1 gi\u1eef \u1ea9m t\u1ef1 nhi\u00ean l\u00fd t\u01b0\u1edfng \u0111\u1ec3 t\u1ea1o ra c\u00e1c s\u1ea3n ph\u1ea9m ph\u00f9 h\u1ee3p v\u1edbi c\u00e1c lo\u1ea1i da, kh\u00ed h\u1eadu v\u00e0 m\u00f4i tr\u01b0\u1eddng kh\u00e1c nhau. Natri hyaluronate \u0111\u1ea1i ph\u00e2n t\u1eed c\u00f3 th\u1ec3 t\u1ea1o th\u00e0nh m\u1ed9t l\u1edbp m\u00e0ng tho\u00e1ng kh\u00ed tr\u00ean b\u1ec1 m\u1eb7t da, gi\u00fap da kh\u00f3a \u0111\u1ed9 \u1ea9m v\u00e0 ng\u0103n ch\u1eb7n s\u1ef1 x\u00e2m nh\u1eadp c\u1ee7a vi khu\u1ea9n l\u1ea1, b\u1ee5i b\u1ea9n v\u00e0 tia c\u1ef1c t\u00edm, \u0111\u1ed3ng th\u1eddi b\u1ea3o v\u1ec7 da kh\u1ecfi b\u1ecb t\u1ed5n th\u01b0\u01a1ng. Natri hyaluronate ph\u00e2n t\u1eed nh\u1ecf c\u00f3 th\u1ec3 nhanh ch\u00f3ng th\u1ea9m th\u1ea5u v\u00e0o l\u1edbp h\u1ea1 b\u00ec, l\u00e0m gi\u00e3n mao m\u1ea1ch m\u1ed9t ch\u00fat, th\u00fac \u0111\u1ea9y l\u01b0u th\u00f4ng m\u00e1u, c\u1ea3i thi\u1ec7n qu\u00e1 tr\u00ecnh trao \u0111\u1ed5i ch\u1ea5t v\u00e0 th\u00fac \u0111\u1ea9y qu\u00e1 tr\u00ecnh h\u1ea5p th\u1ee5 ch\u1ea5t dinh d\u01b0\u1ee1ng c\u1ee7a t\u1ebf b\u00e0o da. N\u00f3 c\u00f3 ch\u1ee9c n\u0103ng x\u00f3a n\u1ebfp nh\u0103n, t\u0103ng c\u01b0\u1eddng \u0111\u1ed9 \u0111\u00e0n h\u1ed3i c\u1ee7a da v\u00e0 l\u00e0m ch\u1eadm qu\u00e1 tr\u00ecnh l\u00e3o h\u00f3a da.<\/p>\n<p>&nbsp;<\/p>\n<p><strong>T\u00e1c \u0111\u1ed9ng c\u1ee7a c\u00e1c ph\u00e2n \u0111o\u1ea1n c\u00f3 tr\u1ecdng l\u01b0\u1ee3ng ph\u00e2n t\u1eed kh\u00e1c nhau<\/strong><\/p>\n<ul>\n<li><strong>Natri hyaluronate polyme\u00a0<\/strong>\u00a0\uff1e1,6 tri\u1ec7u Da<br \/>\nH\u00ecnh th\u00e0nh l\u1edbp m\u00e0ng d\u01b0\u1ee1ng \u1ea9m sinh h\u1ecdc d\u00e0y \u0111\u1eb7c tr\u00ean b\u1ec1 m\u1eb7t da, c\u00f3 t\u00e1c d\u1ee5ng d\u01b0\u1ee1ng \u1ea9m l\u00e2u d\u00e0i v\u00e0 ch\u1ed1ng PM2.5.<\/li>\n<li><strong>Natri hyaluronate c\u00f3 tr\u1ecdng l\u01b0\u1ee3ng ph\u00e2n t\u1eed th\u1ea5p<\/strong>\u00a0 10.000~200.000 ng\u00e0y<br \/>\nPh\u1ee5c h\u1ed3i l\u00e0n da b\u1ecb t\u1ed5n th\u01b0\u01a1ng v\u00e0 l\u00e3o h\u00f3a s\u1edbm; c\u1ea5p n\u01b0\u1edbc v\u00e0 l\u00e0m m\u1ec1m l\u1edbp s\u1eebng, d\u01b0\u1ee1ng \u1ea9m l\u00e2u d\u00e0i, l\u00e0m m\u1ec1m da;<br \/>\nT\u0103ng \u0111\u1ed9 \u0111\u00e0n h\u1ed3i cho da v\u00e0 l\u00e0m ch\u1eadm qu\u00e1 tr\u00ecnh l\u00e3o h\u00f3a da;<br \/>\nTh\u00fac \u0111\u1ea9y s\u1ef1 t\u0103ng sinh v\u00e0 bi\u1ec7t h\u00f3a c\u1ee7a t\u1ebf b\u00e0o bi\u1ec3u b\u00ec, lo\u1ea1i b\u1ecf c\u00e1c g\u1ed1c oxy t\u1ef1 do.<\/li>\n<li><strong>Axit hyaluronic c\u00f3 tr\u1ecdng l\u01b0\u1ee3ng ph\u00e2n t\u1eed c\u1ef1c th\u1ea5p\u00a0<\/strong>\u00a0\uff1c10000Da<br \/>\nTh\u1ea9m th\u1ea5u qua da, d\u01b0\u1ee1ng \u1ea9m s\u00e2u. Ch\u1ed1ng l\u00e3o h\u00f3a, ph\u1ee5c h\u1ed3i sau khi \u0111i n\u1eafng.<\/li>\n<\/ul>\n<p>&nbsp;<\/p>\n<p><strong>L\u1ee3i \u00edch c\u1ee7a s\u1ea3n ph\u1ea9m:<\/strong><\/p>\n<ul>\n<li>D\u01b0\u1ee1ng \u1ea9m l\u00e2u d\u00e0i<br \/>\nNatri hyaluronate c\u1ea5p m\u1ef9 ph\u1ea9m c\u00f3 kh\u1ea3 n\u0103ng th\u1ea9m th\u1ea5u m\u1ea1nh, c\u1ea5p \u1ea9m nhanh ch\u00f3ng v\u1edbi c\u00e1c t\u1ebf b\u00e0o bi\u1ec3u b\u00ec, kh\u00f3a n\u01b0\u1edbc s\u00e2u, b\u1ed5 sung n\u01b0\u1edbc v\u00e0 t\u0103ng \u0111\u1ed9 \u1ea9m cho da.<\/li>\n<li>Da m\u1ec1m<br \/>\nNatri hyaluronate c\u1ea5p m\u1ef9 ph\u1ea9m sau khi thoa l\u00ean b\u1ec1 m\u1eb7t da s\u1ebd t\u1ea1o th\u00e0nh m\u1ed9t l\u1edbp m\u00e0ng tho\u00e1ng kh\u00ed, c\u00f3 th\u1ec3 l\u00e0m gi\u1ea3m \u0111\u1ed9 nh\u00e1m c\u1ee7a b\u1ec1 m\u1eb7t da, gi\u00fap da c\u00f3 c\u1ea3m gi\u00e1c m\u1ec1m m\u1ea1i d\u1ec5 ch\u1ecbu, ng\u0103n ng\u1eeba s\u1ef1 b\u1ed1c h\u01a1i \u0111\u1ed9 \u1ea9m b\u00ean trong da, duy tr\u00ec \u0111\u1ed9 b\u00f3ng v\u00e0 m\u1ec1m m\u1ea1i c\u1ee7a da trong th\u1eddi gian d\u00e0i.<\/li>\n<\/ul>\n<p>&nbsp;<\/p>\n<p><strong>\u1ee8ng d\u1ee5ng s\u1ea3n ph\u1ea9m<\/strong><\/p>\n<ul>\n<li>S\u1ea3n ph\u1ea9m ch\u0103m s\u00f3c da: kem, s\u1eefa d\u01b0\u1ee1ng, tinh ch\u1ea5t, gel, m\u1eb7t n\u1ea1, v.v.<\/li>\n<li>S\u1ea3n ph\u1ea9m v\u1ec7 sinh: s\u1eefa r\u1eeda m\u1eb7t, s\u1eefa t\u1eafm, v.v.<\/li>\n<li>S\u1ea3n ph\u1ea9m ch\u0103m s\u00f3c t\u00f3c: d\u1ea7u g\u1ed9i, d\u1ea7u x\u1ea3, kem ph\u1ee5c h\u1ed3i t\u00f3c, keo x\u1ecbt t\u00f3c, v.v.<\/li>\n<\/ul>\n<p>&nbsp;<\/p>","protected":false},"excerpt":{"rendered":"<p><strong>T\u00ean s\u1ea3n ph\u1ea9m:<\/strong> Natri Hyaluronate<\/p>\n<p><strong>S\u1ed1 CAS:<\/strong> 9067-32-7<\/p>\n<p><strong>S\u1ed1 EINECS:<\/strong>232-678-0<\/p>\n<p><strong>V\u1ebb b\u1ec1 ngo\u00e0i:<\/strong> B\u1ed9t m\u00e0u tr\u1eafng ho\u1eb7c tr\u1eafng ng\u00e0<\/p>\n<p>&nbsp;<\/p>","protected":false},"featured_media":2183,"template":"","meta":{"_acf_changed":false,"_gspb_post_css":""},"product_brand":[],"product_cat":[60],"product_tag":[],"class_list":{"0":"post-3275","1":"product","2":"type-product","3":"status-publish","4":"has-post-thumbnail","6":"product_cat-cosmetic-ingredients","8":"first","9":"instock","10":"shipping-taxable","11":"product-type-simple"},"acf":[],"_links":{"self":[{"href":"https:\/\/wpachem.com\/vi\/wp-json\/wp\/v2\/product\/3275","targetHints":{"allow":["GET"]}}],"collection":[{"href":"https:\/\/wpachem.com\/vi\/wp-json\/wp\/v2\/product"}],"about":[{"href":"https:\/\/wpachem.com\/vi\/wp-json\/wp\/v2\/types\/product"}],"version-history":[{"count":0,"href":"https:\/\/wpachem.com\/vi\/wp-json\/wp\/v2\/product\/3275\/revisions"}],"wp:featuredmedia":[{"embeddable":true,"href":"https:\/\/wpachem.com\/vi\/wp-json\/wp\/v2\/media\/2183"}],"wp:attachment":[{"href":"https:\/\/wpachem.com\/vi\/wp-json\/wp\/v2\/media?parent=3275"}],"wp:term":[{"taxonomy":"product_brand","embeddable":true,"href":"https:\/\/wpachem.com\/vi\/wp-json\/wp\/v2\/product_brand?post=3275"},{"taxonomy":"product_cat","embeddable":true,"href":"https:\/\/wpachem.com\/vi\/wp-json\/wp\/v2\/product_cat?post=3275"},{"taxonomy":"product_tag","embeddable":true,"href":"https:\/\/wpachem.com\/vi\/wp-json\/wp\/v2\/product_tag?post=3275"}],"curies":[{"name":"wp","href":"https:\/\/api.w.org\/{rel}","templated":true}]}}